{"id":9214,"date":"2023-09-20T13:56:33","date_gmt":"2023-09-20T13:56:33","guid":{"rendered":"https:\/\/fkoafterschool.org\/?page_id=9214"},"modified":"2026-04-02T16:10:38","modified_gmt":"2026-04-02T16:10:38","slug":"rise-and-shine","status":"publish","type":"page","link":"https:\/\/fkoafterschool.org\/vi\/rise-and-shine\/","title":{"rendered":"Nh\u00e0 tr\u1ebb Rise &amp; Shine"},"content":{"rendered":"<div class=\"de-inner hero-wrap wavey-bottom default\">\n\t<div class=\"hero   coverit\" style=\"background-image: url('https:\/\/i0.wp.com\/fkoafterschool.org\/wp-content\/uploads\/2023\/09\/Community-playgroup-scaled.jpg?resize=1200%2C800&#038;ssl=1');\">\n\n\t\t\t\t\t\t\t\t\t<div class=\"image-wrap wavey-bottom  coverit\" style=\"background-image: url('https:\/\/i0.wp.com\/fkoafterschool.org\/wp-content\/uploads\/2023\/09\/Community-playgroup-scaled.jpg?resize=1200%2C800&#038;ssl=1');\">\n\t\t\t\t\t<img decoding=\"async\" loading=\"lazy\" src=\"https:\/\/i0.wp.com\/fkoafterschool.org\/wp-content\/uploads\/2023\/09\/Community-playgroup-scaled.jpg?resize=1200%2C800&#038;ssl=1\" alt=\"\" \/>\n\t\t\t\t<\/div>\t\n\t\t\t\t\n\t\t\t\t\n\t\t<div class=\"inner-wrap\">\n\t\t\t\t\t\t<div class=\"grid\">\n\t\t\t\t<div class=\"grid__cell unit-8-12 tablet__100\">\n\t\t\t\t\t<h2 class=\"screenreader\">Nh\u00e0 tr\u1ebb Rise &amp; Shine<\/h2>\t\n\t\t\t\t<\/div>\n\t\t\t\t\n\t\t\t\t<div class=\"grid__cell unit-6-12 tablet__100 desktop__75\">\t\n\n\t\t\t\t    \t\t\t\t\t\t\t\n\t\t\t\t\t\t\t<p class=\"subhead\"><\/p>\n\n\t\t\t        \t\n\t\t\t\t<\/div>\n\n\t\t\t\t\t\t\t<\/div>\t\t\n\t\t<\/div>\n\n\t<\/div>\n<\/div>\n\n<div class=\"wp-block-image\">\n<figure class=\"aligncenter size-full is-resized\"><img data-recalc-dims=\"1\" decoding=\"async\" width=\"863\" height=\"671\" loading=\"lazy\" src=\"https:\/\/i0.wp.com\/fkoafterschool.org\/wp-content\/uploads\/2024\/05\/RiseShine-PNG-Transparent-1.png?resize=863%2C671&#038;ssl=1\" alt=\"\" class=\"wp-image-10865\" style=\"width:516px;height:auto\" srcset=\"https:\/\/i0.wp.com\/fkoafterschool.org\/wp-content\/uploads\/2024\/05\/RiseShine-PNG-Transparent-1.png?w=863&amp;ssl=1 863w, https:\/\/i0.wp.com\/fkoafterschool.org\/wp-content\/uploads\/2024\/05\/RiseShine-PNG-Transparent-1.png?resize=300%2C233&amp;ssl=1 300w, https:\/\/i0.wp.com\/fkoafterschool.org\/wp-content\/uploads\/2024\/05\/RiseShine-PNG-Transparent-1.png?resize=768%2C597&amp;ssl=1 768w\" sizes=\"auto, (max-width: 863px) 100vw, 863px\" \/><\/figure>\n<\/div>\n\n\n<div class=\"wp-block-group alignfull\"><div class=\"wp-block-group__inner-container is-layout-flow wp-block-group-is-layout-flow\">\n<p class=\"has-text-align-center\" style=\"font-size:16px\">Th\u00f4ng qua nh\u00f3m ch\u01a1i t\u1ef1 do n\u00e0y, b\u1ea1n v\u00e0 con b\u1ea1n s\u1ebd c\u00f3 th\u1ec3 tham gia v\u00e0o m\u1ed9t m\u00f4i tr\u01b0\u1eddng x\u00e3 h\u1ed9i v\u00e0 t\u01b0\u01a1ng t\u00e1c \u0111\u01b0\u1ee3c t\u1ea1o ra \u0111\u1ec3 h\u1ed7 tr\u1ee3 tr\u1ebb s\u01a1 sinh v\u00e0 tr\u1ebb m\u1edbi bi\u1ebft \u0111i. Nh\u1eefng ng\u01b0\u1eddi tham gia s\u1ebd c\u00f3 quy\u1ec1n s\u1eed d\u1ee5ng ph\u00f2ng h\u1ecdc t\u1ef1 nhi\u00ean ngo\u00e0i tr\u1eddi, ph\u00f2ng h\u1ecdc \u0111a n\u0103ng v\u00e0 kh\u00f4ng gian th\u1ec3 d\u1ee5c d\u1ee5ng c\u1ee5 c\u1ee7a ch\u00fang t\u00f4i, t\u1ea5t c\u1ea3 \u0111\u1ec1u \u0111\u01b0\u1ee3c trang b\u1ecb c\u00e1c t\u00e0i li\u1ec7u v\u00e0 ho\u1ea1t \u0111\u1ed9ng nh\u1eb1m th\u00fac \u0111\u1ea9y s\u1ef1 kh\u00e1m ph\u00e1, s\u00e1ng t\u1ea1o v\u00e0 ph\u00e1t tri\u1ec3n nh\u1eadn th\u1ee9c trong m\u1ed9t m\u00f4i tr\u01b0\u1eddng vui v\u1ebb v\u00e0 h\u1ed7 tr\u1ee3, \u0111\u1ed3ng th\u1eddi mang \u0111\u1ebfn c\u01a1 h\u1ed9i giao l\u01b0u c\u1ea7n thi\u1ebft cho tr\u1ebb em v\u00e0 ng\u01b0\u1eddi ch\u0103m s\u00f3c c\u1ee7a ch\u00fang.<\/p>\n<\/div><\/div>\n\n\n\n\n<div class=\"whyy feature-wrap\">\n\n\n    \t\n\t\t\t\t\n\t\t\t\t\t\t\t\t\t\t\t\n\t\t\t\n\t\t\t\t\t\t\t\t\t\t\t\t\t\t\t\t\n\t\t\t\t\t\t\t\t\t\t\t\t\t\t\t\t\n\t\t\t\t\t\t\t\t\t\t\t\t\t\n\t\t\t\t\t\t\t\t\t\t\t\t\t\t\t\t\t\t\t\t\t\t\t\t\t\t\t\n\t\t\t\t\t\t\t\t\t\t\t\t\t\t\t\t\t\t\t\t\t\t\t\t\t\t\n\t\t\t\t\t\t\t\t\t\t\t\t\t\t\t\t\t\t\t\t\t\t\t\t\t\t\t\t\t\t\t\t\t\t\t\n\t\n\t<div class=\"feature verticenter-ib\" data-layout=\"image-left\">\n\t\t\t\t\n\t\t<div class=\"grid\">\n\n\t\t\t\t\t\t\t\t\t\n\t\t\t\t<div class=\"grid__cell tablet__100 unit-5-12\">\n\t\t\t\t\t<figure class=\"fancy-border\">\n\t\t\t\t\t\t<img decoding=\"async\" loading=\"lazy\" src=\"https:\/\/i0.wp.com\/fkoafterschool.org\/wp-content\/uploads\/2023\/09\/Community-playgroup1.jpg?resize=800%2C800&#038;ssl=1\" alt=\"\">\n\t\t\t\t\t<\/figure>\n\t\t\t\t<\/div>\t\n\n\t\t\t\t\t\t\t\t\t\n\t\t\t<div class=\"grid__cell tablet__100 unit-6-12\">\n\n\t\t\t\t<div class=\"main-content\">\n\t\t\t\t\t\n\t\t\t\t\t\t\t\n\t\t\t\t\t\n\t\t\t\t\t<span class=\"pretitle\">L\u1ecbch th\u00e1ng<\/span>\t\t\t\t\t\t\t\t\t\t\t\t\t\t\t\t\t\t<a href=\"https:\/\/fkoafterschool.org\/wp-content\/uploads\/2026\/04\/April-2026-rise-Shine-scaled.png\" target=\"\">\n\t\t\t\t\t\t\t\t\t\t\t\t\n\t\t\t\t\t\t<h3>H\u00e3y \u0111\u1ebfn tham gia ni\u1ec1m vui!<\/h3>\n\n\t\t\t\t\t\t\t\t\t\t\t\t\t<\/a>\n\t\t\t\t\t\t\n\t\t\t\t\t\t\t\t\t\t\n\t\t\t\t\t\t\t\n\t\t\t\t\t\n\t\t\t\t\t<p>C\u00e2u l\u1ea1c b\u1ed9 C\u1ed9ng \u0111\u1ed3ng s\u1ebd cung c\u1ea5p nhi\u1ec1u ho\u1ea1t \u0111\u1ed9ng chuy\u00ean bi\u1ec7t, bao g\u1ed3m \u00c2m nh\u1ea1c v\u00e0 V\u1eadn \u0111\u1ed9ng, Ngh\u1ec7 thu\u1eadt v\u00e0 Tr\u00f2 ch\u01a1i C\u1ea3m gi\u00e1c, c\u00e1c bu\u1ed5i g\u1eb7p m\u1eb7t ph\u1ee5 huynh m\u1edbi, v\u00e0 r\u1ea5t nhi\u1ec1u th\u1eddi gian \u0111\u1ec3 t\u1ef1 kh\u00e1m ph\u00e1 v\u00e0 vui ch\u01a1i!<\/p>\n\n\t\t\t\t\t\t\t\t\t\t\t\n\t\t\t\t\t\t\n\t\t\t\t\t\t\t\t\t\t\t\n\t\t\t\t\t\t\n\t\t\t\t\t\t\t\t\t\t\t<a class=\"button\" href=\"https:\/\/fkoafterschool.org\/wp-content\/uploads\/2026\/04\/April-2026-rise-Shine-scaled.png\" target=\"\">TH\u00c1NG 4 N\u0102M 2026<\/a>\n\t\t\t\t\t\n\t\t\t\t\t\t\t\n\t\t\t\t<\/div>\t\n\n\t\t\t<\/div>\t\n\n\t\t\t\n\t\t<\/div>\n\n\t<\/div>\n\n\t    \n    \n    \t\n\t\t\t\t\n\t\t\t\t\t\t\t\t\t\t\t\n\t\t\t\n\t\t\t\t\t\t\t\t\t\t\t\t\t\t\t\t\n\t\t\t\t\t\t\t\t\t\t\t\t\t\t\t\t\n\t\t\t\t\t\t\t\t\t\t\t\t\t\n\t\t\t\t\t\t\t\t\t\t\t\t\t\t\t\t\t\t\t\t\t\t\t\t\t\t\t\n\t\t\t\t\t\t\t\t\t\t\t\t\t\t\t\t\t\t\t\t\t\t\t\t\t\t\n\t\t\t\t\t\t\t\t\t\t\t\t\t\t\t\t\t\t\t\t\t\t\t\t\t\t\t\t\t\t\t\t\t\t\t\n\t\n\t<div class=\"feature verticenter-ib\" data-layout=\"image-right\">\n\t\t\t\t\n\t\t<div class=\"grid\">\n\n\t\t\t\t\t\t\t\t\t\n\t\t\t\t<div class=\"grid__cell tablet__100 unit-5-12 push-7\">\n\t\t\t\t\t<figure class=\"fancy-border\">\n\t\t\t\t\t\t<img decoding=\"async\" loading=\"lazy\" src=\"https:\/\/i0.wp.com\/fkoafterschool.org\/wp-content\/uploads\/2023\/09\/Community-playgroup2-scaled.jpg?resize=800%2C800&#038;ssl=1\" alt=\"\">\n\t\t\t\t\t<\/figure>\n\t\t\t\t<\/div>\t\n\n\t\t\t\t\t\t\t\t\t\n\t\t\t<div class=\"grid__cell tablet__100 unit-6-12 pull-5\">\n\n\t\t\t\t<div class=\"main-content\">\n\t\t\t\t\t\n\t\t\t\t\t\t\t\n\t\t\t\t\t\n\t\t\t\t\t<span class=\"pretitle\">\u0110\u0103ng k\u00fd<\/span>\t\t\t\t\t\t\t\t\t\t\t\t\t\t\t\t\t\t<a href=\"https:\/\/fkoplaygroup.as.me\/schedule.php\" target=\"\">\n\t\t\t\t\t\t\t\t\t\t\t\t\n\t\t\t\t\t\t<h3>Ti\u1ebft ki\u1ec7m th\u1eddi gian. \u0110\u0103ng k\u00fd tr\u01b0\u1edbc!<\/h3>\n\n\t\t\t\t\t\t\t\t\t\t\t\t\t<\/a>\n\t\t\t\t\t\t\n\t\t\t\t\t\t\t\t\t\t\n\t\t\t\t\t\t\t\n\t\t\t\t\t\n\t\t\t\t\t<p>Open Play ch\u00e0o \u0111\u00f3n t\u1ea5t c\u1ea3 tr\u1ebb em t\u1eeb 0-5 tu\u1ed5i v\u1edbi ph\u00ed tham gia $5 m\u1ed7i ng\u00e0y cho m\u1ed7i gia \u0111\u00ecnh ho\u1eb7c ph\u00ed th\u00e0nh vi\u00ean gia \u0111\u00ecnh h\u00e0ng th\u00e1ng l\u00e0 $30. L\u1ecbch tr\u00ecnh nh\u00f3m ch\u01a1i di\u1ec5n ra v\u00e0o Th\u1ee9 Hai cho Open Gym t\u1eeb 10:30-11:30 s\u00e1ng v\u00e0 Th\u1ee9 Ba, Th\u1ee9 N\u0103m v\u00e0 Th\u1ee9 S\u00e1u cho Open Play t\u1eeb 9:30-11:30 s\u00e1ng, t\u1ecda l\u1ea1c t\u1ea1i 233 Winthrop Street, Winthrop, MA. Nh\u00f3m ch\u01a1i s\u1ebd tu\u00e2n theo l\u1ecbch c\u1ee7a Tr\u01b0\u1eddng C\u00f4ng l\u1eadp Winthrop, v\u00e0 s\u1ebd kh\u00f4ng \u0111\u01b0\u1ee3c cung c\u1ea5p v\u00e0o c\u00e1c ng\u00e0y ngh\u1ec9 n\u1eeda ng\u00e0y, ng\u00e0y ngh\u1ec9 h\u1ecdc v\u00e0 tu\u1ea7n ngh\u1ec9 l\u1ec5.<\/p>\n\n\t\t\t\t\t\t\t\t\t\t\t\n\t\t\t\t\t\t\n\t\t\t\t\t\t\t\t\t\t\t\n\t\t\t\t\t\t\n\t\t\t\t\t\t\t\t\t\t\t<a class=\"button\" href=\"https:\/\/fkoplaygroup.as.me\/schedule.php\" target=\"\">\u0110\u0103ng k\u00fd!<\/a>\n\t\t\t\t\t\n\t\t\t\t\t\t\t\n\t\t\t\t<\/div>\t\n\n\t\t\t<\/div>\t\n\n\t\t\t\n\t\t<\/div>\n\n\t<\/div>\n\n\t    \n    \n    \t\n\t\t\t\t\n\t\t\t\t\t\t\t\t\t\t\t\n\t\t\t\n\t\t\t\t\t\t\t\t\t\t\t\t\t\t\t\t\n\t\t\t\t\t\t\t\t\t\t\t\t\t\t\t\t\n\t\t\t\t\t\t\t\t\t\t\t\t\t\n\t\t\t\t\t\t\t\t\t\t\t\t\t\t\t\t\t\t\t\t\t\t\t\t\t\t\t\n\t\t\t\t\t\t\t\t\t\t\t\t\t\t\t\t\t\t\t\t\t\t\t\t\t\t\n\t\t\t\t\t\t\t\t\t\t\t\t\t\t\t\t\t\t\t\t\t\t\t\t\t\t\t\t\t\t\t\t\t\t\t\n\t\n\t<div class=\"feature verticenter-ib\" data-layout=\"image-left\">\n\t\t\t\t\n\t\t<div class=\"grid\">\n\n\t\t\t\t\t\t\t\t\t\n\t\t\t\t<div class=\"grid__cell tablet__100 unit-5-12\">\n\t\t\t\t\t<figure class=\"fancy-border\">\n\t\t\t\t\t\t<img decoding=\"async\" loading=\"lazy\" src=\"https:\/\/i0.wp.com\/fkoafterschool.org\/wp-content\/uploads\/2023\/09\/Community-playgroup3-scaled.jpg?resize=800%2C800&#038;ssl=1\" alt=\"\">\n\t\t\t\t\t<\/figure>\n\t\t\t\t<\/div>\t\n\n\t\t\t\t\t\t\t\t\t\n\t\t\t<div class=\"grid__cell tablet__100 unit-6-12\">\n\n\t\t\t\t<div class=\"main-content\">\n\t\t\t\t\t\n\t\t\t\t\t\t\t\n\t\t\t\t\t\n\t\t\t\t\t<span class=\"pretitle\">C\u1ea7n c\u00f3 c\u1ea3 m\u1ed9t ng\u00f4i l\u00e0ng<\/span>\t\t\t\t\t\t\t\t\t\t\t\t\t\t\t\t\t\t<a href=\"https:\/\/fkoafterschool.org\/vi\/team-members\/ashley-asquith\/\" target=\"\">\n\t\t\t\t\t\t\t\t\t\t\t\t\n\t\t\t\t\t\t<h3>H\u1ee3p t\u00e1c v\u1edbi C\u1ed9ng \u0111\u1ed3ng \u0110\u1ecba ph\u01b0\u01a1ng<\/h3>\n\n\t\t\t\t\t\t\t\t\t\t\t\t\t<\/a>\n\t\t\t\t\t\t\n\t\t\t\t\t\t\t\t\t\t\n\t\t\t\t\t\t\t\n\t\t\t\t\t\n\t\t\t\t\t<p>We value the impact of collaboration and working with others within the local community. If you or your organization is interested in hosting a specialized activity or supporting the Community Playgroup initiative, please contact Ashley Asquith at aa&#115;&#113;&#117;&#105;&#x74;&#x68;&#x40;&#x66;&#x6b;oa&#102;&#116;&#101;&#114;&#x73;&#x63;&#x68;&#x6f;&#x6f;l&#46;&#111;&#114;&#103;. <\/p>\n\n\t\t\t\t\t\t\t\t\t\t\t\n\t\t\t\t\t\t\n\t\t\t\t\t\t\t\t\t\t\t\n\t\t\t\t\t\t\n\t\t\t\t\t\t\t\t\t\t\t<a class=\"button\" href=\"https:\/\/fkoafterschool.org\/vi\/team-members\/ashley-asquith\/\" target=\"\">Li\u00ean h\u1ec7 Ashley!<\/a>\n\t\t\t\t\t\n\t\t\t\t\t\t\t\n\t\t\t\t<\/div>\t\n\n\t\t\t<\/div>\t\n\n\t\t\t\n\t\t<\/div>\n\n\t<\/div>\n\n\t    \n    \n<\/div>\n\n\n<p class=\"\"><\/p>\n\n\n\n\n<div class=\"whyy feature-wrap  bright-border de-inner white-bg\">\n\n\n    \t\n\t\t\t\t\n\t\t\t\t\t\t\t\t\t\t\t\n\t\t\t\n\t\t\t\t\t\t\t\t\t\n\t\t\t\t\t\t\t\t\t\t\t\t\t\t\t\t\n\t\t\t\t\t\t\t\t\t\t\t\t\t\n\t\t\t\t\t\t\t\t\t\t\t\t\t\t\t\t\t\t\t\t\t\t\t\t\t\t\t\n\t\t\t\t\t\t\t\t\t\t\t\t\t\t\t\t\t\t\t\t\t\t\t\t\t\t\n\t\t\t\t\t\t\t\t\t\t\t\t\t\t\t\t\t\t\t\t\t\t\t\t\t\t\t\t\t\t\t\t\t\t\t\n\t\n\t<div class=\"feature verticenter-ib\" data-layout=\"image-right\">\n\t\t\t\t\n\t\t<div class=\"grid\">\n\n\t\t\t\t\t\t\t\t\t\n\t\t\t\t<div class=\"grid__cell tablet__100 unit-5-12 push-7\">\n\t\t\t\t\t<figure class=\"centered-horizontal centered-vertical added-padding\">\n\t\t\t\t\t\t<img decoding=\"async\" loading=\"lazy\" src=\"https:\/\/i0.wp.com\/fkoafterschool.org\/wp-content\/uploads\/2019\/09\/icon_contact.png?resize=400%2C386&#038;ssl=1\" alt=\"enrollment icon\">\n\t\t\t\t\t<\/figure>\n\t\t\t\t<\/div>\t\n\n\t\t\t\t\t\t\t\t\t\n\t\t\t<div class=\"grid__cell tablet__100 unit-6-12 pull-5\">\n\n\t\t\t\t<div class=\"main-content\">\n\t\t\t\t\t\n\t\t\t\t\t\t\t\n\t\t\t\t\t\n\t\t\t\t\t\t\t\t\t\t\t\t\t\t\t\t\t\t\t\t\t\t\t<a href=\"http:\/\/fkoafterschool.org\/vi\/registration-financial-support\/\" target=\"_blank\">\n\t\t\t\t\t\t\t\t\t\t\t\t\n\t\t\t\t\t\t<h3>Chi ti\u1ebft \u0111\u0103ng k\u00fd <\/h3>\n\n\t\t\t\t\t\t\t\t\t\t\t\t\t<\/a>\n\t\t\t\t\t\t\n\t\t\t\t\t\t\t\t\t\t\n\t\t\t\t\t\t\t\n\t\t\t\t\t\n\t\t\t\t\t<p>H\u00e3y \u0111\u0103ng k\u00fd cho con b\u1ea1n tham gia m\u1ed9t n\u0103m kh\u00e1m ph\u00e1 s\u00e1ng t\u1ea1o, m\u00f4i tr\u01b0\u1eddng nu\u00f4i d\u01b0\u1ee1ng v\u00e0 h\u01b0\u1edbng d\u1eabn v\u1ec1 vi\u1ec7c \u0111\u01b0a ra l\u1ef1a ch\u1ecdn l\u00e0nh m\u1ea1nh. Ch\u00fang t\u00f4i c\u00f3 th\u1ec3 h\u01b0\u1edbng d\u1eabn qu\u00fd v\u1ecb ho\u00e0n t\u1ea5t th\u1ee7 t\u1ee5c \u0111\u0103ng k\u00fd v\u00e0 c\u00e1c l\u1ef1a ch\u1ecdn t\u00e0i tr\u1ee3 d\u00e0nh cho gia \u0111\u00ecnh m\u00ecnh.<\/p>\n\n\t\t\t\t\t\t\t\t\t\t\t\n\t\t\t\t\t\t\n\t\t\t\t\t\t\t\t\t\t\t\n\t\t\t\t\t\t\n\t\t\t\t\t\t\t\t\t\t\t<a class=\"button\" href=\"http:\/\/fkoafterschool.org\/vi\/registration-financial-support\/\" target=\"_blank\">T\u00ecm hi\u1ec3u th\u00eam<\/a>\n\t\t\t\t\t\n\t\t\t\t\t\t\t\n\t\t\t\t<\/div>\t\n\n\t\t\t<\/div>\t\n\n\t\t\t\n\t\t<\/div>\n\n\t<\/div>\n\n\t    \n    \n<\/div>","protected":false},"excerpt":{"rendered":"<p>Through this drop-in playgroup, you and your child will be able to engage in a social and interactive environment created to support infants and toddlers. Participants will have access to our outdoor nature classroom, multipurpose classroom, and gymnasium space, all equipped with materials and activities promote exploration, creativity, and cognitive development in a fun and [&hellip;]<\/p>\n","protected":false},"author":7,"featured_media":0,"parent":0,"menu_order":9,"comment_status":"closed","ping_status":"closed","template":"","meta":{"_acf_changed":false,"nf_dc_page":"","footnotes":""},"class_list":["post-9214","page","type-page","status-publish","hentry"],"acf":[],"yoast_head":"<!-- This site is optimized with the Yoast SEO plugin v27.4 - https:\/\/yoast.com\/product\/yoast-seo-wordpress\/ -->\n<title>Rise &amp; Shine Playgroup - For Kids Only Afterschool<\/title>\n<meta name=\"description\" content=\"FKO Afterschool offers the structure that kids need to feel secure, with the flexibility to spend their time exploring favorite activities and new passions.\" \/>\n<meta name=\"robots\" content=\"index, follow, max-snippet:-1, max-image-preview:large, max-video-preview:-1\" \/>\n<link rel=\"canonical\" href=\"https:\/\/fkoafterschool.org\/vi\/rise-and-shine\/\" \/>\n<meta property=\"og:locale\" content=\"vi_VN\" \/>\n<meta property=\"og:type\" content=\"article\" \/>\n<meta property=\"og:title\" content=\"Rise &amp; Shine Playgroup - For Kids Only Afterschool\" \/>\n<meta property=\"og:description\" content=\"FKO Afterschool offers the structure that kids need to feel secure, with the flexibility to spend their time exploring favorite activities and new passions.\" \/>\n<meta property=\"og:url\" content=\"https:\/\/fkoafterschool.org\/vi\/rise-and-shine\/\" \/>\n<meta property=\"og:site_name\" content=\"For Kids Only Afterschool\" \/>\n<meta property=\"article:modified_time\" content=\"2026-04-02T16:10:38+00:00\" \/>\n<meta property=\"og:image\" content=\"https:\/\/fkoafterschool.org\/wp-content\/uploads\/2024\/05\/RiseShine-PNG-Transparent-1.png\" \/>\n<meta name=\"twitter:card\" content=\"summary_large_image\" \/>\n<meta name=\"twitter:label1\" content=\"\u01af\u1edbc t\u00ednh th\u1eddi gian \u0111\u1ecdc\" \/>\n\t<meta name=\"twitter:data1\" content=\"1 ph\u00fat\" \/>\n<script type=\"application\/ld+json\" class=\"yoast-schema-graph\">{\"@context\":\"https:\\\/\\\/schema.org\",\"@graph\":[{\"@type\":\"WebPage\",\"@id\":\"https:\\\/\\\/fkoafterschool.org\\\/rise-and-shine\\\/\",\"url\":\"https:\\\/\\\/fkoafterschool.org\\\/rise-and-shine\\\/\",\"name\":\"Rise &amp; Shine Playgroup - For Kids Only Afterschool\",\"isPartOf\":{\"@id\":\"https:\\\/\\\/fkoafterschool.org\\\/#website\"},\"primaryImageOfPage\":{\"@id\":\"https:\\\/\\\/fkoafterschool.org\\\/rise-and-shine\\\/#primaryimage\"},\"image\":{\"@id\":\"https:\\\/\\\/fkoafterschool.org\\\/rise-and-shine\\\/#primaryimage\"},\"thumbnailUrl\":\"https:\\\/\\\/fkoafterschool.org\\\/wp-content\\\/uploads\\\/2024\\\/05\\\/RiseShine-PNG-Transparent-1.png\",\"datePublished\":\"2023-09-20T13:56:33+00:00\",\"dateModified\":\"2026-04-02T16:10:38+00:00\",\"description\":\"FKO Afterschool offers the structure that kids need to feel secure, with the flexibility to spend their time exploring favorite activities and new passions.\",\"breadcrumb\":{\"@id\":\"https:\\\/\\\/fkoafterschool.org\\\/rise-and-shine\\\/#breadcrumb\"},\"inLanguage\":\"vi\",\"potentialAction\":[{\"@type\":\"ReadAction\",\"target\":[\"https:\\\/\\\/fkoafterschool.org\\\/rise-and-shine\\\/\"]}]},{\"@type\":\"ImageObject\",\"inLanguage\":\"vi\",\"@id\":\"https:\\\/\\\/fkoafterschool.org\\\/rise-and-shine\\\/#primaryimage\",\"url\":\"https:\\\/\\\/fkoafterschool.org\\\/wp-content\\\/uploads\\\/2024\\\/05\\\/RiseShine-PNG-Transparent-1.png\",\"contentUrl\":\"https:\\\/\\\/fkoafterschool.org\\\/wp-content\\\/uploads\\\/2024\\\/05\\\/RiseShine-PNG-Transparent-1.png\"},{\"@type\":\"BreadcrumbList\",\"@id\":\"https:\\\/\\\/fkoafterschool.org\\\/rise-and-shine\\\/#breadcrumb\",\"itemListElement\":[{\"@type\":\"ListItem\",\"position\":1,\"name\":\"Home\",\"item\":\"https:\\\/\\\/fkoafterschool.org\\\/\"},{\"@type\":\"ListItem\",\"position\":2,\"name\":\"Rise &amp; Shine Playgroup\"}]},{\"@type\":\"WebSite\",\"@id\":\"https:\\\/\\\/fkoafterschool.org\\\/#website\",\"url\":\"https:\\\/\\\/fkoafterschool.org\\\/\",\"name\":\"For Kids Only Afterschool\",\"description\":\"Just another WordPress site\",\"potentialAction\":[{\"@type\":\"SearchAction\",\"target\":{\"@type\":\"EntryPoint\",\"urlTemplate\":\"https:\\\/\\\/fkoafterschool.org\\\/?s={search_term_string}\"},\"query-input\":{\"@type\":\"PropertyValueSpecification\",\"valueRequired\":true,\"valueName\":\"search_term_string\"}}],\"inLanguage\":\"vi\"}]}<\/script>\n<!-- \/ Yoast SEO plugin. -->","yoast_head_json":{"title":"Rise &amp; Shine Playgroup - For Kids Only Afterschool","description":"FKO Afterschool offers the structure that kids need to feel secure, with the flexibility to spend their time exploring favorite activities and new passions.","robots":{"index":"index","follow":"follow","max-snippet":"max-snippet:-1","max-image-preview":"max-image-preview:large","max-video-preview":"max-video-preview:-1"},"canonical":"https:\/\/fkoafterschool.org\/vi\/rise-and-shine\/","og_locale":"vi_VN","og_type":"article","og_title":"Rise &amp; Shine Playgroup - For Kids Only Afterschool","og_description":"FKO Afterschool offers the structure that kids need to feel secure, with the flexibility to spend their time exploring favorite activities and new passions.","og_url":"https:\/\/fkoafterschool.org\/vi\/rise-and-shine\/","og_site_name":"For Kids Only Afterschool","article_modified_time":"2026-04-02T16:10:38+00:00","og_image":[{"url":"https:\/\/fkoafterschool.org\/wp-content\/uploads\/2024\/05\/RiseShine-PNG-Transparent-1.png","type":"","width":"","height":""}],"twitter_card":"summary_large_image","twitter_misc":{"\u01af\u1edbc t\u00ednh th\u1eddi gian \u0111\u1ecdc":"1 ph\u00fat"},"schema":{"@context":"https:\/\/schema.org","@graph":[{"@type":"WebPage","@id":"https:\/\/fkoafterschool.org\/rise-and-shine\/","url":"https:\/\/fkoafterschool.org\/rise-and-shine\/","name":"Rise &amp; Shine Playgroup - For Kids Only Afterschool","isPartOf":{"@id":"https:\/\/fkoafterschool.org\/#website"},"primaryImageOfPage":{"@id":"https:\/\/fkoafterschool.org\/rise-and-shine\/#primaryimage"},"image":{"@id":"https:\/\/fkoafterschool.org\/rise-and-shine\/#primaryimage"},"thumbnailUrl":"https:\/\/fkoafterschool.org\/wp-content\/uploads\/2024\/05\/RiseShine-PNG-Transparent-1.png","datePublished":"2023-09-20T13:56:33+00:00","dateModified":"2026-04-02T16:10:38+00:00","description":"FKO Afterschool offers the structure that kids need to feel secure, with the flexibility to spend their time exploring favorite activities and new passions.","breadcrumb":{"@id":"https:\/\/fkoafterschool.org\/rise-and-shine\/#breadcrumb"},"inLanguage":"vi","potentialAction":[{"@type":"ReadAction","target":["https:\/\/fkoafterschool.org\/rise-and-shine\/"]}]},{"@type":"ImageObject","inLanguage":"vi","@id":"https:\/\/fkoafterschool.org\/rise-and-shine\/#primaryimage","url":"https:\/\/fkoafterschool.org\/wp-content\/uploads\/2024\/05\/RiseShine-PNG-Transparent-1.png","contentUrl":"https:\/\/fkoafterschool.org\/wp-content\/uploads\/2024\/05\/RiseShine-PNG-Transparent-1.png"},{"@type":"BreadcrumbList","@id":"https:\/\/fkoafterschool.org\/rise-and-shine\/#breadcrumb","itemListElement":[{"@type":"ListItem","position":1,"name":"Home","item":"https:\/\/fkoafterschool.org\/"},{"@type":"ListItem","position":2,"name":"Rise &amp; Shine Playgroup"}]},{"@type":"WebSite","@id":"https:\/\/fkoafterschool.org\/#website","url":"https:\/\/fkoafterschool.org\/","name":"Ch\u1ec9 D\u00e0nh Cho Tr\u1ebb Em Sau Gi\u1edd H\u1ecdc","description":"Just another WordPress site","potentialAction":[{"@type":"SearchAction","target":{"@type":"EntryPoint","urlTemplate":"https:\/\/fkoafterschool.org\/?s={search_term_string}"},"query-input":{"@type":"PropertyValueSpecification","valueRequired":true,"valueName":"search_term_string"}}],"inLanguage":"vi"}]}},"jetpack_sharing_enabled":true,"_links":{"self":[{"href":"https:\/\/fkoafterschool.org\/vi\/wp-json\/wp\/v2\/pages\/9214","targetHints":{"allow":["GET"]}}],"collection":[{"href":"https:\/\/fkoafterschool.org\/vi\/wp-json\/wp\/v2\/pages"}],"about":[{"href":"https:\/\/fkoafterschool.org\/vi\/wp-json\/wp\/v2\/types\/page"}],"author":[{"embeddable":true,"href":"https:\/\/fkoafterschool.org\/vi\/wp-json\/wp\/v2\/users\/7"}],"replies":[{"embeddable":true,"href":"https:\/\/fkoafterschool.org\/vi\/wp-json\/wp\/v2\/comments?post=9214"}],"version-history":[{"count":5,"href":"https:\/\/fkoafterschool.org\/vi\/wp-json\/wp\/v2\/pages\/9214\/revisions"}],"predecessor-version":[{"id":12899,"href":"https:\/\/fkoafterschool.org\/vi\/wp-json\/wp\/v2\/pages\/9214\/revisions\/12899"}],"wp:attachment":[{"href":"https:\/\/fkoafterschool.org\/vi\/wp-json\/wp\/v2\/media?parent=9214"}],"curies":[{"name":"wp","href":"https:\/\/api.w.org\/{rel}","templated":true}]}}