{"id":4361,"date":"2022-02-15T14:11:17","date_gmt":"2022-02-15T14:11:17","guid":{"rendered":"https:\/\/fkoafterschool.org\/?page_id=4361"},"modified":"2023-03-17T13:47:09","modified_gmt":"2023-03-17T13:47:09","slug":"social-and-emotional-learning-page","status":"publish","type":"page","link":"https:\/\/fkoafterschool.org\/vi\/social-and-emotional-learning-page\/","title":{"rendered":"H\u1ecdc t\u1eadp X\u00e3 h\u1ed9i v\u00e0 C\u1ea3m x\u00fac"},"content":{"rendered":"<div class=\"de-inner hero-wrap wavey-bottom stacked\">\n\t<div class=\"hero  top-center coverit\" style=\"background-image: url('https:\/\/i0.wp.com\/fkoafterschool.org\/wp-content\/uploads\/2023\/03\/333947928_772680010878251_8157982123089853358_n-scaled.jpg?resize=1200%2C800&#038;ssl=1');\">\n\n\t\t\t\t\t\t\t\t\t<div class=\"image-wrap wavey-bottom top-center coverit\" style=\"background-image: url('https:\/\/i0.wp.com\/fkoafterschool.org\/wp-content\/uploads\/2023\/03\/333947928_772680010878251_8157982123089853358_n-scaled.jpg?resize=1200%2C800&#038;ssl=1');\">\n\t\t\t\t\t<img decoding=\"async\" loading=\"lazy\" src=\"https:\/\/i0.wp.com\/fkoafterschool.org\/wp-content\/uploads\/2023\/03\/333947928_772680010878251_8157982123089853358_n-scaled.jpg?resize=1200%2C800&#038;ssl=1\" alt=\"\" \/>\n\t\t\t\t<\/div>\t\n\t\t\t\t\n\t\t\t\t\n\t\t<div class=\"inner-wrap\">\n\t\t\t\t\t\t<div class=\"grid aligncenter\">\n\t\t\t\t<div class=\"grid__cell unit-8-12 tablet__100 aligncenter\">\n\t\t\t\t\t<h2 >H\u1ecdc t\u1eadp x\u00e3 h\u1ed9i v\u00e0 c\u1ea3m x\u00fac<\/h2>\t\n\t\t\t\t<\/div>\n\t\t\t\t\n\t\t\t\t<div class=\"grid__cell unit-6-12 tablet__100 desktop__75 aligncenter\">\t\n\n\t\t\t\t    \t\t\t\t\t\t\t\n\t\t\t\t\t\t\t<p class=\"subhead\">M\u1ee5c \u0111\u00edch tri\u1ebft l\u00fd X\u00e3 h\u1ed9i, C\u1ea3m x\u00fac v\u00e0 Ch\u00e1nh ni\u1ec7m c\u1ee7a ch\u00fang t\u00f4i l\u00e0 cung c\u1ea5p cho FKO m\u1ed9t khu\u00f4n kh\u1ed5 \u0111\u1ec3 t\u00edch h\u1ee3p c\u00e1c k\u1ef9 n\u0103ng h\u1ecdc t\u1eadp x\u00e3 h\u1ed9i v\u00e0 c\u1ea3m x\u00fac (SEL) v\u00e0o ch\u01b0\u01a1ng tr\u00ecnh, \u0111\u1ec3 tr\u1ebb em v\u00e0 nh\u00e2n vi\u00ean c\u00f3 th\u1ec3 h\u1ecdc h\u1ecfi, th\u1ef1c h\u00e0nh v\u00e0 l\u00e0m g\u01b0\u01a1ng c\u00e1c k\u1ef9 n\u0103ng s\u1ed1ng thi\u1ebft y\u1ebfu, t\u1eeb \u0111\u00f3 ph\u00e1t tri\u1ec3n th\u00e0nh nh\u1eefng \u0111\u1eb7c \u0111i\u1ec3m t\u00ednh c\u00e1ch t\u00edch c\u1ef1c v\u00e0 l\u00e0nh m\u1ea1nh. <\/p>\n\n\t\t\t        \t\n\t\t\t\t<\/div>\n\n\t\t\t\t\t\t\t<\/div>\t\t\n\t\t<\/div>\n\n\t<\/div>\n<\/div>\n\n\n\n<div class=\"whyy feature-wrap  bright-border de-inner white-bg\">\n\n\n<\/div>\n\n\n<p><\/p>\n\n\n\n\n<div class=\"whyy feature-wrap\">\n\n\n    \t\n\t\t\t\t\n\t\t\t\t\t\t\t\t\t\t\t\n\t\t\t\n\t\t\t\t\t\t\t\t\t\t\t\t\t\t\t\t\n\t\t\t\t\t\t\t\t\t\t\t\t\t\t\t\t\n\t\t\t\t\t\t\t\t\t\t\t\t\t\n\t\t\t\t\t\t\t\t\n\t\t\t\n\t\t\t\t\t\t\t\t\t\t\t\t\t\t\t\t\t\t\t\t\t\t\t\t\t\t\t\t\t\t\t\t\t\t\t\n\t\n\t<div class=\"feature verticenter-ib\" data-layout=\"image-left\">\n\t\t\t\t\n\t\t<div class=\"grid\">\n\n\t\t\t\t\t\t\t\t\t\n\t\t\t\t<div class=\"grid__cell tablet__100 unit-5-12\">\n\t\t\t\t\t<figure class=\"fancy-border\">\n\t\t\t\t\t\t<img decoding=\"async\" loading=\"lazy\" src=\"https:\/\/i0.wp.com\/fkoafterschool.org\/wp-content\/uploads\/2022\/09\/7D8A1512-scaled.jpg?resize=800%2C800&#038;ssl=1\" alt=\"\">\n\t\t\t\t\t<\/figure>\n\t\t\t\t<\/div>\t\n\n\t\t\t\t\t\t\t\t\t\n\t\t\t<div class=\"grid__cell tablet__100 unit-6-12\">\n\n\t\t\t\t<div class=\"main-content\">\n\t\t\t\t\t\n\t\t\t\t\t\t\t\n\t\t\t\t\t\n\t\t\t\t\t<span class=\"pretitle\">SEL l\u00e0 g\u00ec?<\/span>\t\t\t\t\t\t\t\t\t\t\t\t\t\t\t\t\t\n\t\t\t\t\t\t<h3>H\u1ecdc t\u1eadp x\u00e3 h\u1ed9i v\u00e0 c\u1ea3m x\u00fac<\/h3>\n\n\t\t\t\t\t\t\n\t\t\t\t\t\t\t\t\t\t\n\t\t\t\t\t\t\t\n\t\t\t\t\t\n\t\t\t\t\t<p>H\u1ecdc t\u1eadp v\u1ec1 c\u1ea3m x\u00fac v\u00e0 x\u00e3 h\u1ed9i (SEL) l\u00e0 qu\u00e1 tr\u00ecnh m\u00e0 tr\u1ebb em v\u00e0 ng\u01b0\u1eddi l\u1edbn c\u00f3 \u0111\u01b0\u1ee3c v\u00e0 \u00e1p d\u1ee5ng hi\u1ec7u qu\u1ea3 ki\u1ebfn th\u1ee9c, th\u00e1i \u0111\u1ed9 v\u00e0 k\u1ef9 n\u0103ng c\u1ea7n thi\u1ebft \u0111\u1ec3 hi\u1ec3u v\u00e0 qu\u1ea3n l\u00fd c\u1ea3m x\u00fac, \u0111\u1eb7t ra v\u00e0 \u0111\u1ea1t \u0111\u01b0\u1ee3c c\u00e1c m\u1ee5c ti\u00eau t\u00edch c\u1ef1c, c\u1ea3m nh\u1eadn v\u00e0 th\u1ec3 hi\u1ec7n s\u1ef1 \u0111\u1ed3ng c\u1ea3m v\u1edbi ng\u01b0\u1eddi kh\u00e1c, thi\u1ebft l\u1eadp v\u00e0 duy tr\u00ec c\u00e1c m\u1ed1i quan h\u1ec7 t\u00edch c\u1ef1c, v\u00e0 \u0111\u01b0a ra c\u00e1c quy\u1ebft \u0111\u1ecbnh c\u00f3 tr\u00e1ch nhi\u1ec7m. <\/p>\n\n\t\t\t\t\t\t\t\t\t\t\t\n\t\t\t\t\t\t\n\t\t\t\t\t\t\t\t\t\t\t\n\t\t\t\t\t\t\n\t\t\t\t\t\n\t\t\t\t\t\t\t\n\t\t\t\t<\/div>\t\n\n\t\t\t<\/div>\t\n\n\t\t\t\n\t\t<\/div>\n\n\t<\/div>\n\n\t    \n    \n    \t\n\t\t\t\t\n\t\t\t\t\t\t\t\t\t\t\t\n\t\t\t\n\t\t\t\t\t\t\t\t\t\t\t\t\t\t\t\t\n\t\t\t\t\t\t\t\t\t\t\t\t\t\t\t\t\n\t\t\t\t\t\t\t\t\t\t\t\t\t\n\t\t\t\t\t\t\t\t\t\t\t\t\t\t\t\t\t\t\t\t\t\t\t\t\t\t\t\n\t\t\t\t\t\t\t\t\t\t\t\t\t\t\t\t\t\t\t\t\t\t\t\t\t\t\n\t\t\t\t\t\t\t\t\t\t\t\t\t\t\t\t\t\t\t\t\t\t\t\t\t\t\t\t\t\t\t\t\t\t\t\n\t\n\t<div class=\"feature verticenter-ib\" data-layout=\"image-right\">\n\t\t\t\t\n\t\t<div class=\"grid\">\n\n\t\t\t\t\t\t\t\t\t\n\t\t\t\t<div class=\"grid__cell tablet__100 unit-5-12 push-7\">\n\t\t\t\t\t<figure class=\"fancy-border\">\n\t\t\t\t\t\t<img decoding=\"async\" loading=\"lazy\" src=\"https:\/\/i0.wp.com\/fkoafterschool.org\/wp-content\/uploads\/2023\/03\/333719265_2009449099446837_177976296725243935_n-scaled-e1701880683998.jpg?resize=800%2C800&#038;ssl=1\" alt=\"\">\n\t\t\t\t\t<\/figure>\n\t\t\t\t<\/div>\t\n\n\t\t\t\t\t\t\t\t\t\n\t\t\t<div class=\"grid__cell tablet__100 unit-6-12 pull-5\">\n\n\t\t\t\t<div class=\"main-content\">\n\t\t\t\t\t\n\t\t\t\t\t\t\t\n\t\t\t\t\t\n\t\t\t\t\t<span class=\"pretitle\">N\u0103ng l\u1ef1c CASEL<\/span>\t\t\t\t\t\t\t\t\t\t\t\t\t\t\t\t\t\t<a href=\"https:\/\/youtu.be\/ouXhi_CfBVg\" target=\"\">\n\t\t\t\t\t\t\t\t\t\t\t\t\n\t\t\t\t\t\t<h3>M\u1ed9t khu\u00f4n kh\u1ed5 h\u1ec7 th\u1ed1ng<\/h3>\n\n\t\t\t\t\t\t\t\t\t\t\t\t\t<\/a>\n\t\t\t\t\t\t\n\t\t\t\t\t\t\t\t\t\t\n\t\t\t\t\t\t\t\n\t\t\t\t\t\n\t\t\t\t\t<p>T\u1ea1i FKO, ch\u00fang t\u00f4i t\u00edch h\u1ee3p c\u00e1c c\u01a1 h\u1ed9i ph\u00e1t tri\u1ec3n X\u00e3 h\u1ed9i-C\u1ea3m x\u00fac (SEL) v\u00e0o t\u1ea5t c\u1ea3 c\u00e1c ho\u1ea1t \u0111\u1ed9ng c\u1ee7a m\u00ecnh, v\u00e0 ch\u00fang t\u00f4i d\u1ef1a tr\u00ean n\u0103m l\u0129nh v\u1ef1c n\u0103ng l\u1ef1c c\u1ee7a T\u1ed5 ch\u1ee9c H\u1ee3p t\u00e1c H\u1ecdc thu\u1eadt, X\u00e3 h\u1ed9i v\u00e0 Gi\u00e1o d\u1ee5c C\u1ea3m x\u00fac (CASEL) \u0111\u01b0\u1ee3c qu\u1ed1c gia c\u00f4ng nh\u1eadn. \u0110i\u1ec1u n\u00e0y bao g\u1ed3m t\u1ef1 nh\u1eadn th\u1ee9c, t\u1ef1 qu\u1ea3n l\u00fd, nh\u1eadn th\u1ee9c x\u00e3 h\u1ed9i, k\u1ef9 n\u0103ng quan h\u1ec7 v\u00e0 ra quy\u1ebft \u0111\u1ecbnh c\u00f3 tr\u00e1ch nhi\u1ec7m.<\/p>\n\n\t\t\t\t\t\t\t\t\t\t\t\n\t\t\t\t\t\t\n\t\t\t\t\t\t\t\t\t\t\t\n\t\t\t\t\t\t\n\t\t\t\t\t\t\t\t\t\t\t<a class=\"button\" href=\"https:\/\/youtu.be\/ouXhi_CfBVg\" target=\"\">Nh\u1ea5p v\u00e0o \u0111\u00e2y \u0111\u1ec3 t\u00ecm hi\u1ec3u th\u00eam v\u1ec1 CASEL<\/a>\n\t\t\t\t\t\n\t\t\t\t\t\t\t\n\t\t\t\t<\/div>\t\n\n\t\t\t<\/div>\t\n\n\t\t\t\n\t\t<\/div>\n\n\t<\/div>\n\n\t    \n    \n    \t\n\t\t\t\t\n\t\t\t\t\t\t\t\t\t\t\t\n\t\t\t\n\t\t\t\t\t\t\t\t\t\t\t\t\t\t\t\t\n\t\t\t\t\t\t\t\t\t\t\t\t\t\t\t\t\n\t\t\t\t\t\t\t\t\t\t\t\t\t\n\t\t\t\t\t\t\t\t\n\t\t\t\n\t\t\t\t\t\t\t\t\t\t\t\t\t\t\t\t\t\t\t\t\t\t\t\t\t\t\t\t\t\t\t\t\t\t\t\n\t\n\t<div class=\"feature verticenter-ib\" data-layout=\"image-left\">\n\t\t\t\t\n\t\t<div class=\"grid\">\n\n\t\t\t\t\t\t\t\t\t\n\t\t\t\t<div class=\"grid__cell tablet__100 unit-5-12\">\n\t\t\t\t\t<figure class=\"fancy-border\">\n\t\t\t\t\t\t<img decoding=\"async\" loading=\"lazy\" src=\"https:\/\/i0.wp.com\/fkoafterschool.org\/wp-content\/uploads\/2022\/08\/PA-1-scaled-e1701880908496.jpg?resize=800%2C800&#038;ssl=1\" alt=\"\">\n\t\t\t\t\t<\/figure>\n\t\t\t\t<\/div>\t\n\n\t\t\t\t\t\t\t\t\t\n\t\t\t<div class=\"grid__cell tablet__100 unit-6-12\">\n\n\t\t\t\t<div class=\"main-content\">\n\t\t\t\t\t\n\t\t\t\t\t\t\t\n\t\t\t\t\t\n\t\t\t\t\t<span class=\"pretitle\">H\u01b0\u1edbng d\u1eabn h\u00e0nh vi t\u00edch c\u1ef1c<\/span>\t\t\t\t\t\t\t\t\t\t\t\t\t\t\t\t\t\n\t\t\t\t\t\t<h3>H\u01b0\u1edbng d\u1eabn tr\u1ebb m\u1ed9t c\u00e1ch ch\u1ee7 \u0111\u1ed9ng<\/h3>\n\n\t\t\t\t\t\t\n\t\t\t\t\t\t\t\t\t\t\n\t\t\t\t\t\t\t\n\t\t\t\t\t\n\t\t\t\t\t<p>FKO s\u1eed d\u1ee5ng tri\u1ebft l\u00fd H\u01b0\u1edbng d\u1eabn H\u00e0nh vi T\u00edch c\u1ef1c \u0111\u1ec3 t\u1ea1o ra m\u1ed9t m\u00f4i tr\u01b0\u1eddng vui v\u1ebb v\u00e0 ch\u00e0o \u0111\u00f3n, t\u1eadp trung v\u00e0o vi\u1ec7c ng\u0103n ng\u1eeba v\u00e0 gi\u1ea3m thi\u1ec3u h\u00e0nh vi ti\u00eau c\u1ef1c. Nh\u00e2n vi\u00ean c\u1ee7a ch\u00fang t\u00f4i th\u1ea3o lu\u1eadn v\u1ec1 c\u00e1c k\u1ef3 v\u1ecdng v\u1edbi tr\u1ebb em, v\u00e0 trong su\u1ed1t c\u1ea3 ng\u00e0y, cung c\u1ea5p s\u1ef1 c\u1ee7ng c\u1ed1 t\u00edch c\u1ef1c v\u00e0 khen ng\u1ee3i c\u00f9ng v\u1edbi vi\u1ec7c th\u1ef1c h\u00e0nh suy ng\u1eabm, thi\u1ec1n \u0111\u1ecbnh v\u00e0 h\u00edt th\u1edf.<\/p>\n\n\t\t\t\t\t\t\t\t\t\t\t\n\t\t\t\t\t\t\n\t\t\t\t\t\t\t\t\t\t\t\n\t\t\t\t\t\t\n\t\t\t\t\t\n\t\t\t\t\t\t\t\n\t\t\t\t<\/div>\t\n\n\t\t\t<\/div>\t\n\n\t\t\t\n\t\t<\/div>\n\n\t<\/div>\n\n\t    \n    \n    \t\n\t\t\t\t\n\t\t\t\t\t\t\t\t\t\t\t\n\t\t\t\n\t\t\t\t\t\t\t\t\t\t\t\t\t\t\t\t\n\t\t\t\t\t\t\t\t\t\t\t\t\t\t\t\t\n\t\t\t\t\t\t\t\t\t\t\t\t\t\n\t\t\t\t\t\t\t\t\n\t\t\t\n\t\t\t\t\t\t\t\t\t\t\t\t\t\t\t\t\t\t\t\t\t\t\t\t\t\t\t\t\t\t\t\t\t\t\t\n\t\n\t<div class=\"feature verticenter-ib\" data-layout=\"image-right\">\n\t\t\t\t\n\t\t<div class=\"grid\">\n\n\t\t\t\t\t\t\t\t\t\n\t\t\t\t<div class=\"grid__cell tablet__100 unit-5-12 push-7\">\n\t\t\t\t\t<figure class=\"fancy-border\">\n\t\t\t\t\t\t<img decoding=\"async\" loading=\"lazy\" src=\"https:\/\/i0.wp.com\/fkoafterschool.org\/wp-content\/uploads\/2022\/09\/kidslaughing2.jpg?resize=800%2C800&#038;ssl=1\" alt=\"\">\n\t\t\t\t\t<\/figure>\n\t\t\t\t<\/div>\t\n\n\t\t\t\t\t\t\t\t\t\n\t\t\t<div class=\"grid__cell tablet__100 unit-6-12 pull-5\">\n\n\t\t\t\t<div class=\"main-content\">\n\t\t\t\t\t\n\t\t\t\t\t\t\t\n\t\t\t\t\t\n\t\t\t\t\t<span class=\"pretitle\">T\u1ea7m nh\u00ecn<\/span>\t\t\t\t\t\t\t\t\t\t\t\t\t\t\t\t\t\n\t\t\t\t\t\t<h3>Ph\u00e1t tri\u1ec3n c\u00e1c k\u1ef9 n\u0103ng l\u00e0nh m\u1ea1nh<\/h3>\n\n\t\t\t\t\t\t\n\t\t\t\t\t\t\t\t\t\t\n\t\t\t\t\t\t\t\n\t\t\t\t\t\n\t\t\t\t\t<p>T\u1ea7m nh\u00ecn v\u1ec1 KNSX c\u1ee7a ch\u00fang t\u00f4i l\u00e0 t\u1ea5t c\u1ea3 tr\u1ebb em FKO s\u1ebd ph\u00e1t tri\u1ec3n c\u00e1c k\u1ef9 n\u0103ng x\u00e3 h\u1ed9i v\u00e0 c\u1ea3m x\u00fac l\u00e0nh m\u1ea1nh m\u00e0 ch\u00fang c\u1ea7n \u0111\u1ec3 th\u00e0nh c\u00f4ng trong cu\u1ed9c s\u1ed1ng h\u00e0ng ng\u00e0y. S\u1ee9 m\u1ec7nh c\u1ee7a ch\u00fang t\u00f4i l\u00e0 d\u1ea1y c\u00e1c k\u1ef9 n\u0103ng KNSX cho tr\u1ebb em \u0111\u1ec3 gi\u00fap h\u01b0\u1edbng d\u1eabn ch\u00fang trong qu\u00e1 tr\u00ecnh t\u1ef1 kh\u00e1m ph\u00e1, h\u00f2a gi\u1ea3i v\u00e0 c\u00e1c chi\u1ebfn l\u01b0\u1ee3c \u0111\u1ed1i ph\u00f3. C\u00e1c kh\u00e1i ni\u1ec7m ch\u00e1nh ni\u1ec7m c\u0169ng \u0111\u01b0\u1ee3c gi\u1edbi thi\u1ec7u \u0111\u1ec3 gi\u00fap t\u0103ng c\u01b0\u1eddng kh\u1ea3 n\u0103ng t\u1ef1 nh\u1eadn th\u1ee9c, t\u1ef1 \u0111i\u1ec1u ch\u1ec9nh v\u00e0 gi\u1ea3m c\u0103ng th\u1eb3ng cho tr\u1ebb. <\/p>\n\n\t\t\t\t\t\t\t\t\t\t\t\n\t\t\t\t\t\t\n\t\t\t\t\t\t\t\t\t\t\t\n\t\t\t\t\t\t\n\t\t\t\t\t\n\t\t\t\t\t\t\t\n\t\t\t\t<\/div>\t\n\n\t\t\t<\/div>\t\n\n\t\t\t\n\t\t<\/div>\n\n\t<\/div>\n\n\t    \n    \n<\/div>","protected":false},"excerpt":{"rendered":"<p>The purpose of our Social, Emotional and Mindfulness philosophy is to provide FKO with a framework for integrating social emotional learning (SEL) skills into programming so that children and staff will learn, practice and model essential life skills that will develop into positive, healthy character traits.<\/p>","protected":false},"author":6,"featured_media":8215,"parent":0,"menu_order":31,"comment_status":"closed","ping_status":"closed","template":"","meta":{"_acf_changed":false,"nf_dc_page":"","footnotes":""},"class_list":["post-4361","page","type-page","status-publish","has-post-thumbnail","hentry"],"acf":[],"yoast_head":"<!-- This site is optimized with the Yoast SEO plugin v27.4 - https:\/\/yoast.com\/product\/yoast-seo-wordpress\/ -->\n<title>Social and Emotional Learning - For Kids Only Afterschool<\/title>\n<meta name=\"description\" content=\"From the minute your child arrives at our Summer program, our staff engages in activities that keep both their mind and body active.\" \/>\n<meta name=\"robots\" content=\"index, follow, max-snippet:-1, max-image-preview:large, max-video-preview:-1\" \/>\n<link rel=\"canonical\" href=\"https:\/\/fkoafterschool.org\/vi\/social-and-emotional-learning-page\/\" \/>\n<meta property=\"og:locale\" content=\"vi_VN\" \/>\n<meta property=\"og:type\" content=\"article\" \/>\n<meta property=\"og:title\" content=\"Social and Emotional Learning - For Kids Only Afterschool\" \/>\n<meta property=\"og:description\" content=\"From the minute your child arrives at our Summer program, our staff engages in activities that keep both their mind and body active.\" \/>\n<meta property=\"og:url\" content=\"https:\/\/fkoafterschool.org\/vi\/social-and-emotional-learning-page\/\" \/>\n<meta property=\"og:site_name\" content=\"For Kids Only Afterschool\" \/>\n<meta property=\"article:modified_time\" content=\"2023-03-17T13:47:09+00:00\" \/>\n<meta property=\"og:image\" content=\"https:\/\/fkoafterschool.org\/wp-content\/uploads\/2023\/03\/333992125_3507815449452441_5452745485040219067_n-scaled.jpg\" \/>\n\t<meta property=\"og:image:width\" content=\"1600\" \/>\n\t<meta property=\"og:image:height\" content=\"1280\" \/>\n\t<meta property=\"og:image:type\" content=\"image\/jpeg\" \/>\n<meta name=\"twitter:card\" content=\"summary_large_image\" \/>\n<script type=\"application\/ld+json\" class=\"yoast-schema-graph\">{\"@context\":\"https:\\\/\\\/schema.org\",\"@graph\":[{\"@type\":\"WebPage\",\"@id\":\"https:\\\/\\\/fkoafterschool.org\\\/social-and-emotional-learning-page\\\/\",\"url\":\"https:\\\/\\\/fkoafterschool.org\\\/social-and-emotional-learning-page\\\/\",\"name\":\"Social and Emotional Learning - For Kids Only Afterschool\",\"isPartOf\":{\"@id\":\"https:\\\/\\\/fkoafterschool.org\\\/#website\"},\"primaryImageOfPage\":{\"@id\":\"https:\\\/\\\/fkoafterschool.org\\\/social-and-emotional-learning-page\\\/#primaryimage\"},\"image\":{\"@id\":\"https:\\\/\\\/fkoafterschool.org\\\/social-and-emotional-learning-page\\\/#primaryimage\"},\"thumbnailUrl\":\"https:\\\/\\\/i0.wp.com\\\/fkoafterschool.org\\\/wp-content\\\/uploads\\\/2023\\\/03\\\/333992125_3507815449452441_5452745485040219067_n-scaled.jpg?fit=1600%2C1280&ssl=1\",\"datePublished\":\"2022-02-15T14:11:17+00:00\",\"dateModified\":\"2023-03-17T13:47:09+00:00\",\"description\":\"From the minute your child arrives at our Summer program, our staff engages in activities that keep both their mind and body active.\",\"breadcrumb\":{\"@id\":\"https:\\\/\\\/fkoafterschool.org\\\/social-and-emotional-learning-page\\\/#breadcrumb\"},\"inLanguage\":\"vi\",\"potentialAction\":[{\"@type\":\"ReadAction\",\"target\":[\"https:\\\/\\\/fkoafterschool.org\\\/social-and-emotional-learning-page\\\/\"]}]},{\"@type\":\"ImageObject\",\"inLanguage\":\"vi\",\"@id\":\"https:\\\/\\\/fkoafterschool.org\\\/social-and-emotional-learning-page\\\/#primaryimage\",\"url\":\"https:\\\/\\\/i0.wp.com\\\/fkoafterschool.org\\\/wp-content\\\/uploads\\\/2023\\\/03\\\/333992125_3507815449452441_5452745485040219067_n-scaled.jpg?fit=1600%2C1280&ssl=1\",\"contentUrl\":\"https:\\\/\\\/i0.wp.com\\\/fkoafterschool.org\\\/wp-content\\\/uploads\\\/2023\\\/03\\\/333992125_3507815449452441_5452745485040219067_n-scaled.jpg?fit=1600%2C1280&ssl=1\",\"width\":1600,\"height\":1280},{\"@type\":\"BreadcrumbList\",\"@id\":\"https:\\\/\\\/fkoafterschool.org\\\/social-and-emotional-learning-page\\\/#breadcrumb\",\"itemListElement\":[{\"@type\":\"ListItem\",\"position\":1,\"name\":\"Home\",\"item\":\"https:\\\/\\\/fkoafterschool.org\\\/\"},{\"@type\":\"ListItem\",\"position\":2,\"name\":\"Social and Emotional Learning\"}]},{\"@type\":\"WebSite\",\"@id\":\"https:\\\/\\\/fkoafterschool.org\\\/#website\",\"url\":\"https:\\\/\\\/fkoafterschool.org\\\/\",\"name\":\"For Kids Only Afterschool\",\"description\":\"Just another WordPress site\",\"potentialAction\":[{\"@type\":\"SearchAction\",\"target\":{\"@type\":\"EntryPoint\",\"urlTemplate\":\"https:\\\/\\\/fkoafterschool.org\\\/?s={search_term_string}\"},\"query-input\":{\"@type\":\"PropertyValueSpecification\",\"valueRequired\":true,\"valueName\":\"search_term_string\"}}],\"inLanguage\":\"vi\"}]}<\/script>\n<!-- \/ Yoast SEO plugin. -->","yoast_head_json":{"title":"Social and Emotional Learning - For Kids Only Afterschool","description":"From the minute your child arrives at our Summer program, our staff engages in activities that keep both their mind and body active.","robots":{"index":"index","follow":"follow","max-snippet":"max-snippet:-1","max-image-preview":"max-image-preview:large","max-video-preview":"max-video-preview:-1"},"canonical":"https:\/\/fkoafterschool.org\/vi\/social-and-emotional-learning-page\/","og_locale":"vi_VN","og_type":"article","og_title":"Social and Emotional Learning - For Kids Only Afterschool","og_description":"From the minute your child arrives at our Summer program, our staff engages in activities that keep both their mind and body active.","og_url":"https:\/\/fkoafterschool.org\/vi\/social-and-emotional-learning-page\/","og_site_name":"For Kids Only Afterschool","article_modified_time":"2023-03-17T13:47:09+00:00","og_image":[{"width":1600,"height":1280,"url":"https:\/\/fkoafterschool.org\/wp-content\/uploads\/2023\/03\/333992125_3507815449452441_5452745485040219067_n-scaled.jpg","type":"image\/jpeg"}],"twitter_card":"summary_large_image","schema":{"@context":"https:\/\/schema.org","@graph":[{"@type":"WebPage","@id":"https:\/\/fkoafterschool.org\/social-and-emotional-learning-page\/","url":"https:\/\/fkoafterschool.org\/social-and-emotional-learning-page\/","name":"Social and Emotional Learning - For Kids Only Afterschool","isPartOf":{"@id":"https:\/\/fkoafterschool.org\/#website"},"primaryImageOfPage":{"@id":"https:\/\/fkoafterschool.org\/social-and-emotional-learning-page\/#primaryimage"},"image":{"@id":"https:\/\/fkoafterschool.org\/social-and-emotional-learning-page\/#primaryimage"},"thumbnailUrl":"https:\/\/i0.wp.com\/fkoafterschool.org\/wp-content\/uploads\/2023\/03\/333992125_3507815449452441_5452745485040219067_n-scaled.jpg?fit=1600%2C1280&ssl=1","datePublished":"2022-02-15T14:11:17+00:00","dateModified":"2023-03-17T13:47:09+00:00","description":"From the minute your child arrives at our Summer program, our staff engages in activities that keep both their mind and body active.","breadcrumb":{"@id":"https:\/\/fkoafterschool.org\/social-and-emotional-learning-page\/#breadcrumb"},"inLanguage":"vi","potentialAction":[{"@type":"ReadAction","target":["https:\/\/fkoafterschool.org\/social-and-emotional-learning-page\/"]}]},{"@type":"ImageObject","inLanguage":"vi","@id":"https:\/\/fkoafterschool.org\/social-and-emotional-learning-page\/#primaryimage","url":"https:\/\/i0.wp.com\/fkoafterschool.org\/wp-content\/uploads\/2023\/03\/333992125_3507815449452441_5452745485040219067_n-scaled.jpg?fit=1600%2C1280&ssl=1","contentUrl":"https:\/\/i0.wp.com\/fkoafterschool.org\/wp-content\/uploads\/2023\/03\/333992125_3507815449452441_5452745485040219067_n-scaled.jpg?fit=1600%2C1280&ssl=1","width":1600,"height":1280},{"@type":"BreadcrumbList","@id":"https:\/\/fkoafterschool.org\/social-and-emotional-learning-page\/#breadcrumb","itemListElement":[{"@type":"ListItem","position":1,"name":"Home","item":"https:\/\/fkoafterschool.org\/"},{"@type":"ListItem","position":2,"name":"Social and Emotional Learning"}]},{"@type":"WebSite","@id":"https:\/\/fkoafterschool.org\/#website","url":"https:\/\/fkoafterschool.org\/","name":"Ch\u1ec9 D\u00e0nh Cho Tr\u1ebb Em Sau Gi\u1edd H\u1ecdc","description":"Just another WordPress site","potentialAction":[{"@type":"SearchAction","target":{"@type":"EntryPoint","urlTemplate":"https:\/\/fkoafterschool.org\/?s={search_term_string}"},"query-input":{"@type":"PropertyValueSpecification","valueRequired":true,"valueName":"search_term_string"}}],"inLanguage":"vi"}]}},"jetpack_sharing_enabled":true,"_links":{"self":[{"href":"https:\/\/fkoafterschool.org\/vi\/wp-json\/wp\/v2\/pages\/4361","targetHints":{"allow":["GET"]}}],"collection":[{"href":"https:\/\/fkoafterschool.org\/vi\/wp-json\/wp\/v2\/pages"}],"about":[{"href":"https:\/\/fkoafterschool.org\/vi\/wp-json\/wp\/v2\/types\/page"}],"author":[{"embeddable":true,"href":"https:\/\/fkoafterschool.org\/vi\/wp-json\/wp\/v2\/users\/6"}],"replies":[{"embeddable":true,"href":"https:\/\/fkoafterschool.org\/vi\/wp-json\/wp\/v2\/comments?post=4361"}],"version-history":[{"count":4,"href":"https:\/\/fkoafterschool.org\/vi\/wp-json\/wp\/v2\/pages\/4361\/revisions"}],"predecessor-version":[{"id":8397,"href":"https:\/\/fkoafterschool.org\/vi\/wp-json\/wp\/v2\/pages\/4361\/revisions\/8397"}],"wp:featuredmedia":[{"embeddable":true,"href":"https:\/\/fkoafterschool.org\/vi\/wp-json\/wp\/v2\/media\/8215"}],"wp:attachment":[{"href":"https:\/\/fkoafterschool.org\/vi\/wp-json\/wp\/v2\/media?parent=4361"}],"curies":[{"name":"wp","href":"https:\/\/api.w.org\/{rel}","templated":true}]}}