{"id":19,"date":"2019-04-24T18:34:03","date_gmt":"2019-04-24T18:34:03","guid":{"rendered":"http:\/\/dev.local.com\/?page_id=19"},"modified":"2025-03-17T19:38:13","modified_gmt":"2025-03-17T19:38:13","slug":"inclusion-support","status":"publish","type":"page","link":"https:\/\/fkoafterschool.org\/vi\/inclusion-support\/","title":{"rendered":"H\u00f2a nh\u1eadp &amp; H\u1ed7 tr\u1ee3"},"content":{"rendered":"<div class=\"de-inner hero-wrap wavey-bottom stacked\">\n\t<div class=\"hero   coverit\" style=\"background-image: url('https:\/\/i0.wp.com\/fkoafterschool.org\/wp-content\/uploads\/2019\/10\/Inclusion.jpg?resize=1200%2C800&#038;ssl=1');\">\n\n\t\t\t\t\t\t\t\t\t<div class=\"image-wrap wavey-bottom  coverit\" style=\"background-image: url('https:\/\/i0.wp.com\/fkoafterschool.org\/wp-content\/uploads\/2019\/10\/Inclusion.jpg?resize=1200%2C800&#038;ssl=1');\">\n\t\t\t\t\t<img decoding=\"async\" loading=\"lazy\" src=\"https:\/\/i0.wp.com\/fkoafterschool.org\/wp-content\/uploads\/2019\/10\/Inclusion.jpg?resize=1200%2C800&#038;ssl=1\" alt=\"inclusion and support\" \/>\n\t\t\t\t<\/div>\t\n\t\t\t\t\n\t\t\t\t\n\t\t<div class=\"inner-wrap\">\n\t\t\t\t\t\t<div class=\"grid aligncenter\">\n\t\t\t\t<div class=\"grid__cell unit-8-12 tablet__100 aligncenter\">\n\t\t\t\t\t<h2 class=\"screenreader\">H\u00f2a nh\u1eadp &amp; H\u1ed7 tr\u1ee3<\/h2>\t\n\t\t\t\t<\/div>\n\t\t\t\t\n\t\t\t\t<div class=\"grid__cell unit-6-12 tablet__100 desktop__75 aligncenter\">\t\n\n\t\t\t\t    \t\t\t\t\t\t\t\n\t\t\t\t\t\t\t<p class=\"subhead\">T\u1ea1i FKO, m\u1ecdi tr\u1ebb em \u0111\u1ec1u \u0111\u01b0\u1ee3c ch\u00e0o \u0111\u00f3n, h\u00f2a nh\u1eadp v\u00e0 t\u00f4n vinh. Ch\u00fang t\u00f4i t\u1ea1o ra nh\u1eefng tr\u1ea3i nghi\u1ec7m t\u00f9y ch\u1ec9nh cho m\u1ed7i tr\u1ebb c\u00f3 nhu c\u1ea7u \u0111\u1eb7c bi\u1ec7t \u0111\u1ec3 \u0111\u1ea3m b\u1ea3o t\u1ea5t c\u1ea3 tr\u1ebb em trong ch\u01b0\u01a1ng tr\u00ecnh c\u1ee7a ch\u00fang t\u00f4i \u0111\u1ec1u c\u00f3 chung c\u00e1i nh\u00ecn t\u00edch c\u1ef1c v\u00e0 \u00fd th\u1ee9c c\u1ed9ng \u0111\u1ed3ng.<\/p>\n\n\t\t\t        \t\n\t\t\t\t<\/div>\n\n\t\t\t\t\t\t\t<\/div>\t\t\n\t\t<\/div>\n\n\t<\/div>\n<\/div>\n\n\n\n<div class=\"whyy feature-wrap\">\n\n\n    \t\n\t\t\t\t\n\t\t\t\t\t\t\t\t\t\t\t\n\t\t\t\n\t\t\t\t\t\t\t\t\t\t\t\t\t\t\t\t\n\t\t\t\t\t\t\t\t\t\t\t\t\t\t\t\t\n\t\t\t\t\t\t\t\t\t\t\t\t\t\n\t\t\t\t\t\t\t\t\n\t\t\t\n\t\t\t\t\t\t\t\t\t\t\t\t\t\t\t\t\t\t\t\t\t\t\t\t\t\t\t\t\t\t\t\t\t\t\t\n\t\n\t<div class=\"feature verticenter-ib\" data-layout=\"image-left\">\n\t\t\t\t\n\t\t<div class=\"grid\">\n\n\t\t\t\t\t\t\t\t\t\n\t\t\t\t<div class=\"grid__cell tablet__100 unit-5-12\">\n\t\t\t\t\t<figure class=\"fancy-border\">\n\t\t\t\t\t\t<img decoding=\"async\" loading=\"lazy\" src=\"https:\/\/i0.wp.com\/fkoafterschool.org\/wp-content\/uploads\/2019\/09\/image64-2.jpg?resize=761%2C762&#038;ssl=1\" alt=\"inclusion and support\">\n\t\t\t\t\t<\/figure>\n\t\t\t\t<\/div>\t\n\n\t\t\t\t\t\t\t\t\t\n\t\t\t<div class=\"grid__cell tablet__100 unit-6-12\">\n\n\t\t\t\t<div class=\"main-content\">\n\t\t\t\t\t\n\t\t\t\t\t\t\t\n\t\t\t\t\t\n\t\t\t\t\t<span class=\"pretitle\">\u0110\u1ebfm t\u00f4i v\u00e0o!<\/span>\t\t\t\t\t\t\t\t\t\t\t\t\t\t\t\t\t\n\t\t\t\t\t\t<h3>M\u1ed7i tr\u1ebb em m\u1ed9t n\u01a1i<\/h3>\n\n\t\t\t\t\t\t\n\t\t\t\t\t\t\t\t\t\t\n\t\t\t\t\t\t\t\n\t\t\t\t\t\n\t\t\t\t\t<p>Tr\u1ebb em th\u01b0\u1eddng c\u1ea7n s\u1ef1 tr\u1ee3 gi\u00fap th\u00eam \u0111\u1ec3 ph\u00e1t tri\u1ec3n v\u00e0 h\u1ecdc h\u1ecfi. Ch\u00fang t\u00f4i h\u1ee3p t\u00e1c v\u1edbi gi\u00e1o vi\u00ean, gia \u0111\u00ecnh v\u00e0 c\u00e1c em nh\u1ecf, \u0111\u1ec3 ph\u00e1c th\u1ea3o m\u1ed9t k\u1ebf ho\u1ea1ch h\u1ed7 tr\u1ee3 nh\u1eb1m cung c\u1ea5p cho t\u1eebng tr\u1ebb s\u1ef1 h\u01b0\u1edbng d\u1eabn v\u00e0 kh\u00f4ng gian \u0111\u1ec3 \u0111\u1ea1t \u0111\u01b0\u1ee3c m\u1ee5c ti\u00eau. Tr\u1ebb em v\u1edbi nhi\u1ec1u nhu c\u1ea7u kh\u00e1c nhau \u0111\u00e3 th\u00e0nh c\u00f4ng trong ch\u01b0\u01a1ng tr\u00ecnh c\u1ee7a ch\u00fang t\u00f4i, bao g\u1ed3m r\u1ed1i lo\u1ea1n t\u0103ng \u0111\u1ed9ng gi\u1ea3m ch\u00fa \u00fd, r\u1ed1i lo\u1ea1n ph\u1ed5 t\u1ef1 k\u1ef7, khuy\u1ebft t\u1eadt th\u1ec3 ch\u1ea5t, ch\u1ee9ng lo \u00e2u v\u00e0 c\u00e1c th\u00e1ch th\u1ee9c v\u1ec1 c\u1ea3m x\u00fac.<\/p>\n\n\t\t\t\t\t\t\t\t\t\t\t\n\t\t\t\t\t\t\n\t\t\t\t\t\t\t\t\t\t\t\n\t\t\t\t\t\t\n\t\t\t\t\t\n\t\t\t\t\t\t\t\n\t\t\t\t<\/div>\t\n\n\t\t\t<\/div>\t\n\n\t\t\t\n\t\t<\/div>\n\n\t<\/div>\n\n\t    \n    \n    \t\n\t\t\t\t\n\t\t\t\t\t\t\t\t\t\t\t\n\t\t\t\n\t\t\t\t\t\t\t\t\t\t\t\t\t\t\t\t\n\t\t\t\t\t\t\t\t\t\t\t\t\t\t\t\t\n\t\t\t\t\t\t\t\t\t\t\t\t\t\n\t\t\t\t\t\t\t\t\n\t\t\t\n\t\t\t\t\t\t\t\t\t\t\t\t\t\t\t\t\t\t\t\t\t\t\t\t\t\t\t\t\t\t\t\t\t\t\t\n\t\n\t<div class=\"feature verticenter-ib\" data-layout=\"image-right\">\n\t\t\t\t\n\t\t<div class=\"grid\">\n\n\t\t\t\t\t\t\t\t\t\n\t\t\t\t<div class=\"grid__cell tablet__100 unit-5-12 push-7\">\n\t\t\t\t\t<figure class=\"fancy-border\">\n\t\t\t\t\t\t<img decoding=\"async\" loading=\"lazy\" src=\"https:\/\/i0.wp.com\/fkoafterschool.org\/wp-content\/uploads\/2019\/10\/Alison.png?resize=800%2C800&#038;ssl=1\" alt=\"\">\n\t\t\t\t\t<\/figure>\n\t\t\t\t<\/div>\t\n\n\t\t\t\t\t\t\t\t\t\n\t\t\t<div class=\"grid__cell tablet__100 unit-6-12 pull-5\">\n\n\t\t\t\t<div class=\"main-content\">\n\t\t\t\t\t\n\t\t\t\t\t\t\t\n\t\t\t\t\t\n\t\t\t\t\t<span class=\"pretitle\">\u0110i\u1ec1u ph\u1ed1i vi\u00ean S\u1ee9c kh\u1ecfe H\u00e0nh vi<\/span>\t\t\t\t\t\t\t\t\t\t\t\t\t\t\t\t\t\n\t\t\t\t\t\t<h3>Nh\u00e2n vi\u00ean \u0111\u01b0\u1ee3c \u0111\u00e0o t\u1ea1o v\u00e0 chuy\u00ean m\u00f4n h\u00f3a<\/h3>\n\n\t\t\t\t\t\t\n\t\t\t\t\t\t\t\t\t\t\n\t\t\t\t\t\t\t\n\t\t\t\t\t\n\t\t\t\t\t<p>C\u00e1c \u0110i\u1ec1u ph\u1ed1i vi\u00ean S\u1ee9c kh\u1ecfe H\u00e0nh vi to\u00e0n th\u1eddi gian v\u00e0 Chuy\u00ean gia H\u00f2a nh\u1eadp b\u00e1n th\u1eddi gian c\u1ee7a ch\u00fang t\u00f4i l\u00e0m vi\u1ec7c v\u1edbi tr\u1ebb em theo nh\u00f3m nh\u1ecf v\u00e0 c\u00e1 nh\u00e2n, \u0111\u1ec3 hi\u1ec3u nhu c\u1ea7u c\u1ee7a c\u00e1c em v\u00e0 t\u1ea1o ra m\u1ed9t m\u00f4i tr\u01b0\u1eddng nu\u00f4i d\u01b0\u1ee1ng. H\u1ecd cung c\u1ea5p \u0111\u00e0o t\u1ea1o v\u00e0 h\u1ed7 tr\u1ee3 cho nh\u00e2n vi\u00ean c\u1ee7a ch\u00fang t\u00f4i \u0111\u1ec3 \u0111\u1ea3m b\u1ea3o tr\u1ea3i nghi\u1ec7m t\u1ed1t nh\u1ea5t cho m\u1ed7i \u0111\u1ee9a tr\u1ebb. Quan tr\u1ecdng nh\u1ea5t, c\u00e1c chuy\u00ean gia c\u1ee7a ch\u00fang t\u00f4i h\u1ee3p t\u00e1c v\u1edbi tr\u01b0\u1eddng h\u1ecdc v\u00e0 gia \u0111\u00ecnh c\u1ee7a tr\u1ebb, \u0111\u1ec3 x\u00e2y d\u1ef1ng m\u1ed9t \u0111\u1ed9i ng\u0169 h\u1ed7 tr\u1ee3 trong su\u1ed1t cu\u1ed9c \u0111\u1eddi c\u1ee7a tr\u1ebb. <\/p>\n\n\t\t\t\t\t\t\t\t\t\t\t\n\t\t\t\t\t\t\n\t\t\t\t\t\t\t\t\t\t\t\n\t\t\t\t\t\t\n\t\t\t\t\t\n\t\t\t\t\t\t\t\n\t\t\t\t<\/div>\t\n\n\t\t\t<\/div>\t\n\n\t\t\t\n\t\t<\/div>\n\n\t<\/div>\n\n\t    \n    \n    \t\n\t\t\t\t\n\t\t\t\t\t\t\t\t\t\t\t\n\t\t\t\n\t\t\t\t\t\t\t\t\t\t\t\t\t\t\t\t\n\t\t\t\t\t\t\t\t\t\t\t\t\t\t\t\t\n\t\t\t\t\t\t\t\t\t\t\t\t\t\n\t\t\t\t\t\t\t\t\n\t\t\t\n\t\t\t\t\t\t\t\t\t\t\t\t\t\t\t\t\t\t\t\t\t\t\t\t\t\t\t\t\t\t\t\t\t\t\t\n\t\n\t<div class=\"feature verticenter-ib\" data-layout=\"image-left\">\n\t\t\t\t\n\t\t<div class=\"grid\">\n\n\t\t\t\t\t\t\t\t\t\n\t\t\t\t<div class=\"grid__cell tablet__100 unit-5-12\">\n\t\t\t\t\t<figure class=\"fancy-border\">\n\t\t\t\t\t\t<img decoding=\"async\" loading=\"lazy\" src=\"https:\/\/i0.wp.com\/fkoafterschool.org\/wp-content\/uploads\/2019\/09\/image66-1.jpg?resize=760%2C760&#038;ssl=1\" alt=\"positive behavior\">\n\t\t\t\t\t<\/figure>\n\t\t\t\t<\/div>\t\n\n\t\t\t\t\t\t\t\t\t\n\t\t\t<div class=\"grid__cell tablet__100 unit-6-12\">\n\n\t\t\t\t<div class=\"main-content\">\n\t\t\t\t\t\n\t\t\t\t\t\t\t\n\t\t\t\t\t\n\t\t\t\t\t<span class=\"pretitle\">H\u01b0\u1edbng d\u1eabn h\u00e0nh vi t\u00edch c\u1ef1c<\/span>\t\t\t\t\t\t\t\t\t\t\t\t\t\t\t\t\t\n\t\t\t\t\t\t<h3>H\u01b0\u1edbng d\u1eabn tr\u1ebb m\u1ed9t c\u00e1ch ch\u1ee7 \u0111\u1ed9ng<\/h3>\n\n\t\t\t\t\t\t\n\t\t\t\t\t\t\t\t\t\t\n\t\t\t\t\t\t\t\n\t\t\t\t\t\n\t\t\t\t\t<p>FKO s\u1eed d\u1ee5ng tri\u1ebft l\u00fd H\u01b0\u1edbng d\u1eabn H\u00e0nh vi T\u00edch c\u1ef1c (PBG) \u0111\u1ec3 t\u1ea1o ra m\u1ed9t m\u00f4i tr\u01b0\u1eddng vui v\u1ebb v\u00e0 ch\u00e0o \u0111\u00f3n, t\u1eadp trung v\u00e0o vi\u1ec7c ng\u0103n ng\u1eeba v\u00e0 gi\u1ea3m thi\u1ec3u c\u00e1c h\u00e0nh vi ti\u00eau c\u1ef1c. Ch\u00fang t\u00f4i b\u1eaft \u0111\u1ea7u b\u1eb1ng vi\u1ec7c \u0111\u1eb7t ra c\u00e1c quy t\u1eafc v\u00e0 k\u1ef3 v\u1ecdng v\u1edbi tr\u1ebb em. Trong su\u1ed1t c\u1ea3 ng\u00e0y, nh\u00e2n vi\u00ean c\u1ee7a ch\u00fang t\u00f4i \u0111\u01b0a ra s\u1ef1 c\u1ee7ng c\u1ed1 t\u00edch c\u1ef1c v\u00e0 khen ng\u1ee3i, c\u00f9ng v\u1edbi c\u00e1c h\u1eadu qu\u1ea3 h\u1ee3p l\u00fd, khi c\u1ea7n thi\u1ebft. Ch\u00fang t\u00f4i c\u0169ng k\u1ebft h\u1ee3p c\u00e1c k\u1ef9 thu\u1eadt ch\u00e1nh ni\u1ec7m nh\u01b0 suy ng\u1eabm, t\u1ec9nh th\u1ee9c v\u00e0 h\u00edt th\u1edf, \u0111\u1ec3 cung c\u1ea5p cho tr\u1ebb em c\u00e1c c\u00f4ng c\u1ee5 gi\u1ea3m b\u1edbt c\u0103ng th\u1eb3ng trong cu\u1ed9c s\u1ed1ng. <\/p>\n\n\t\t\t\t\t\t\t\t\t\t\t\n\t\t\t\t\t\t\n\t\t\t\t\t\t\t\t\t\t\t\n\t\t\t\t\t\t\n\t\t\t\t\t\n\t\t\t\t\t\t\t\n\t\t\t\t<\/div>\t\n\n\t\t\t<\/div>\t\n\n\t\t\t\n\t\t<\/div>\n\n\t<\/div>\n\n\t    \n    \n    \t\n\t\t\t\t\n\t\t\t\t\t\t\t\t\t\t\t\n\t\t\t\n\t\t\t\t\t\t\t\t\t\t\t\t\t\t\t\t\n\t\t\t\t\t\t\t\t\t\t\t\t\t\t\t\t\n\t\t\t\t\t\t\t\t\t\t\t\t\t\n\t\t\t\t\t\t\t\t\n\t\t\t\n\t\t\t\t\t\t\t\t\t\t\t\t\t\t\t\t\t\t\t\t\t\t\t\t\t\t\t\t\t\t\t\t\t\t\t\n\t\n\t<div class=\"feature verticenter-ib\" data-layout=\"image-right\">\n\t\t\t\t\n\t\t<div class=\"grid\">\n\n\t\t\t\t\t\t\t\t\t\n\t\t\t\t<div class=\"grid__cell tablet__100 unit-5-12 push-7\">\n\t\t\t\t\t<figure class=\"fancy-border\">\n\t\t\t\t\t\t<img decoding=\"async\" loading=\"lazy\" src=\"https:\/\/i0.wp.com\/fkoafterschool.org\/wp-content\/uploads\/2019\/09\/image80.jpg?resize=800%2C800&#038;ssl=1\" alt=\"work at FKO\">\n\t\t\t\t\t<\/figure>\n\t\t\t\t<\/div>\t\n\n\t\t\t\t\t\t\t\t\t\n\t\t\t<div class=\"grid__cell tablet__100 unit-6-12 pull-5\">\n\n\t\t\t\t<div class=\"main-content\">\n\t\t\t\t\t\n\t\t\t\t\t\t\t\n\t\t\t\t\t\n\t\t\t\t\t<span class=\"pretitle\">H\u1ed7 tr\u1ee3 c\u00e1 nh\u00e2n h\u00f3a<\/span>\t\t\t\t\t\t\t\t\t\t\t\t\t\t\t\t\t\n\t\t\t\t\t\t<h3>H\u1ed7 tr\u1ee3 chuy\u00ean bi\u1ec7t cho nhu c\u1ea7u \u0111\u1ed9c \u0111\u00e1o<\/h3>\n\n\t\t\t\t\t\t\n\t\t\t\t\t\t\t\t\t\t\n\t\t\t\t\t\t\t\n\t\t\t\t\t\n\t\t\t\t\t<p>\u0110i\u1ec1u ph\u1ed1i vi\u00ean S\u1ee9c kh\u1ecfe H\u00e0nh vi c\u1ee7a ch\u00fang t\u00f4i th\u01b0\u1eddng thi\u1ebft k\u1ebf K\u1ebf ho\u1ea1ch H\u1ed7 tr\u1ee3 Sau gi\u1edd h\u1ecdc (ASP) cho tr\u1ebb em c\u00f3 nhu c\u1ea7u \u0111\u1eb7c bi\u1ec7t. ASP, \u0111\u01b0\u1ee3c chia s\u1ebb v\u1edbi c\u00e1c nh\u00e0 gi\u00e1o d\u1ee5c FKO, truy\u1ec1n \u0111\u1ea1t \u0111i\u1ec3m m\u1ea1nh, th\u00e1ch th\u1ee9c v\u00e0 c\u00e1c h\u1ed7 tr\u1ee3 c\u1ea7n thi\u1ebft c\u1ee7a tr\u1ebb. M\u1ed7i \u0111\u1ecba \u0111i\u1ec3m c\u0169ng c\u00f3 m\u1ed9t b\u1ed9 D\u1ee5ng c\u1ee5 Ngh\u1ec9 ng\u01a1i do c\u00e1c chuy\u00ean gia c\u1ee7a ch\u00fang t\u00f4i thi\u1ebft k\u1ebf, v\u1edbi c\u00e1c c\u00f4ng c\u1ee5 c\u1ea3m gi\u00e1c v\u00e0 chi\u1ebfn l\u01b0\u1ee3c l\u00e0m d\u1ecbu \u0111\u1ec3 gi\u00fap nh\u1eefng \u0111\u1ee9a tr\u1ebb qu\u00e1 t\u1ea3i h\u1ecdc c\u00e1ch ki\u1ec3m so\u00e1t c\u1ea3m x\u00fac c\u1ee7a m\u00ecnh.<\/p>\n\n\t\t\t\t\t\t\t\t\t\t\t\n\t\t\t\t\t\t\n\t\t\t\t\t\t\t\t\t\t\t\n\t\t\t\t\t\t\n\t\t\t\t\t\n\t\t\t\t\t\t\t\n\t\t\t\t<\/div>\t\n\n\t\t\t<\/div>\t\n\n\t\t\t\n\t\t<\/div>\n\n\t<\/div>\n\n\t    \n    \n    \t\n\t\t\t\t\n\t\t\t\t\t\t\t\t\t\t\t\n\t\t\t\n\t\t\t\t\t\t\t\t\t\t\t\t\t\t\t\t\n\t\t\t\t\t\t\t\t\t\t\t\t\t\t\t\t\n\t\t\t\t\t\t\t\t\t\t\t\t\t\n\t\t\t\t\t\t\t\t\n\t\t\t\n\t\t\t\t\t\t\t\t\t\t\t\t\t\t\t\t\t\t\t\t\t\t\t\t\t\t\t\t\t\t\t\t\t\t\t\n\t\n\t<div class=\"feature verticenter-ib\" data-layout=\"image-left\">\n\t\t\t\t\n\t\t<div class=\"grid\">\n\n\t\t\t\t\t\t\t\t\t\n\t\t\t\t<div class=\"grid__cell tablet__100 unit-5-12\">\n\t\t\t\t\t<figure class=\"fancy-border\">\n\t\t\t\t\t\t<img decoding=\"async\" loading=\"lazy\" src=\"https:\/\/i0.wp.com\/fkoafterschool.org\/wp-content\/uploads\/2019\/09\/image68-1.jpg?resize=778%2C778&#038;ssl=1\" alt=\"family financial support\">\n\t\t\t\t\t<\/figure>\n\t\t\t\t<\/div>\t\n\n\t\t\t\t\t\t\t\t\t\n\t\t\t<div class=\"grid__cell tablet__100 unit-6-12\">\n\n\t\t\t\t<div class=\"main-content\">\n\t\t\t\t\t\n\t\t\t\t\t\t\t\n\t\t\t\t\t\n\t\t\t\t\t<span class=\"pretitle\">H\u1ed7 tr\u1ee3 t\u00e0i ch\u00ednh gia \u0111\u00ecnh<\/span>\t\t\t\t\t\t\t\t\t\t\t\t\t\t\t\t\t\n\t\t\t\t\t\t<h3>Gi\u00fap c\u00e1c gia \u0111\u00ecnh t\u00ecm hi\u1ec3u c\u00e1c l\u1ef1a ch\u1ecdn t\u00e0i tr\u1ee3<\/h3>\n\n\t\t\t\t\t\t\n\t\t\t\t\t\t\t\t\t\t\n\t\t\t\t\t\t\t\n\t\t\t\t\t\n\t\t\t\t\t<p>Ch\u00fang t\u00f4i c\u00f3 th\u1ec3 gi\u00fap b\u1ea1n t\u00ecm ki\u1ebfm c\u00e1c c\u01a1 h\u1ed9i t\u00e0i tr\u1ee3 \u0111\u1ec3 bi\u1ebfn c\u00e1c ch\u01b0\u01a1ng tr\u00ecnh FKO th\u00e0nh hi\u1ec7n th\u1ef1c cho gia \u0111\u00ecnh b\u1ea1n. \u0110\u1ed9i ng\u0169 qu\u1ea3n l\u00fd h\u1ecdc ph\u00ed v\u00e0 tuy\u1ec3n sinh c\u1ee7a ch\u00fang t\u00f4i hi\u1ec3u r\u00f5 c\u00e1c l\u1ef1a ch\u1ecdn kh\u00e1c nhau hi\u1ec7n c\u00f3 v\u00e0 c\u00f3 th\u1ec3 h\u1ed7 tr\u1ee3 b\u1ea1n trong qu\u00e1 tr\u00ecnh n\u00e0y. Ngo\u00e0i vi\u1ec7c ch\u1ea5p nh\u1eadn phi\u1ebfu mua h\u00e0ng c\u1ee7a EEC, FKO c\u00f2n cung c\u1ea5p h\u1ed7 tr\u1ee3 t\u00e0i ch\u00ednh cho c\u00e1c gia \u0111\u00ecnh.<\/p>\n\n\t\t\t\t\t\t\t\t\t\t\t\n\t\t\t\t\t\t\n\t\t\t\t\t\t\t\t\t\t\t\n\t\t\t\t\t\t\n\t\t\t\t\t\n\t\t\t\t\t\t\t\n\t\t\t\t<\/div>\t\n\n\t\t\t<\/div>\t\n\n\t\t\t\n\t\t<\/div>\n\n\t<\/div>\n\n\t    \n    \n<\/div>\n\n\n\n<div class=\"whyy feature-wrap  bright-border de-inner white-bg\">\n\n\n    \t\n\t\t\t\t\n\t\t\t\t\t\t\t\t\t\t\t\n\t\t\t\n\t\t\t\t\t\t\t\t\t\t\t\t\t\t\t\t\n\t\t\t\t\t\t\t\t\t\t\t\t\t\t\t\t\n\t\t\t\t\t\t\t\t\t\t\t\t\t\n\t\t\t\t\t\t\t\t\t\t\t\t\t\t\t\t\t\t\t\t\t\t\t\t\t\t\t\n\t\t\t\t\t\t\t\t\t\t\t\t\t\t\t\t\t\t\t\t\t\t\t\t\t\t\n\t\t\t\t\t\t\t\t\t\t\t\t\t\t\t\t\t\t\t\t\t\t\t\t\t\t\t\t\t\t\t\t\t\t\t\n\t\n\t<div class=\"feature verticenter-ib\" data-layout=\"image-right\">\n\t\t\t\t\n\t\t<div class=\"grid\">\n\n\t\t\t\t\t\t\t\t\t\n\t\t\t\t<div class=\"grid__cell tablet__100 unit-5-12 push-7\">\n\t\t\t\t\t<figure class=\"centered-horizontal centered-vertical added-padding\">\n\t\t\t\t\t\t<img decoding=\"async\" loading=\"lazy\" src=\"https:\/\/i0.wp.com\/fkoafterschool.org\/wp-content\/uploads\/2019\/09\/icon_smile.png?resize=310%2C308&#038;ssl=1\" alt=\"smile\">\n\t\t\t\t\t<\/figure>\n\t\t\t\t<\/div>\t\n\n\t\t\t\t\t\t\t\t\t\n\t\t\t<div class=\"grid__cell tablet__100 unit-6-12 pull-5\">\n\n\t\t\t\t<div class=\"main-content\">\n\t\t\t\t\t\n\t\t\t\t\t\t\t\n\t\t\t\t\t\n\t\t\t\t\t<span class=\"pretitle\">Mu\u1ed1n tr\u1edf th\u00e0nh \u0110\u1ed1i t\u00e1c?<\/span>\t\t\t\t\t\t\t\t\t\t\t\t\t\t\t\t\t\t<a href=\"http:\/\/fkoafterschool.org\/vi\/partners\/\" target=\"_blank\">\n\t\t\t\t\t\t\t\t\t\t\t\t\n\t\t\t\t\t\t<h3>Gi\u00fap ch\u00fang t\u00f4i gi\u00fap \u0111\u1ee1 tr\u1ebb em v\u00e0 c\u00e1c gia \u0111\u00ecnh<\/h3>\n\n\t\t\t\t\t\t\t\t\t\t\t\t\t<\/a>\n\t\t\t\t\t\t\n\t\t\t\t\t\t\t\t\t\t\n\t\t\t\t\t\t\t\n\t\t\t\t\t\n\t\t\t\t\t<p>C\u00f9ng nhau, ch\u00fang ta c\u00f3 th\u1ec3 l\u00e0m \u0111\u01b0\u1ee3c nhi\u1ec1u h\u01a1n n\u1eefa. Khi b\u1ea1n h\u1ee3p t\u00e1c v\u1edbi FKO, c\u00e1c kho\u1ea3n \u0111\u00f3ng g\u00f3p v\u00e0 ngu\u1ed3n l\u1ef1c c\u1ee7a b\u1ea1n s\u1ebd \u0111\u1ebfn tr\u1ef1c ti\u1ebfp v\u1edbi tr\u1ebb em v\u00e0 gia \u0111\u00ecnh trong c\u1ed9ng \u0111\u1ed3ng c\u1ee7a b\u1ea1n. H\u00e3y tham gia m\u1ea1ng l\u01b0\u1edbi \u0111\u1ed1i t\u00e1c c\u1ee7a ch\u00fang t\u00f4i, nh\u1eefng ng\u01b0\u1eddi gi\u00fap ch\u00fang t\u00f4i t\u1ea1o ra s\u1ef1 kh\u00e1c bi\u1ec7t m\u1ed7i ng\u00e0y.<\/p>\n\n\t\t\t\t\t\t\t\t\t\t\t\n\t\t\t\t\t\t\n\t\t\t\t\t\t\t\t\t\t\t\n\t\t\t\t\t\t\n\t\t\t\t\t\t\t\t\t\t\t<a class=\"button\" href=\"http:\/\/fkoafterschool.org\/vi\/partners\/\" target=\"_blank\">\u0110\u1ed1i t\u00e1c c\u1ee7a ch\u00fang t\u00f4i<\/a>\n\t\t\t\t\t\n\t\t\t\t\t\t\t\n\t\t\t\t<\/div>\t\n\n\t\t\t<\/div>\t\n\n\t\t\t\n\t\t<\/div>\n\n\t<\/div>\n\n\t    \n    \n<\/div>","protected":false},"excerpt":{"rendered":"<p>T\u1ea1i FKO, m\u1ecdi tr\u1ebb em \u0111\u1ec1u \u0111\u01b0\u1ee3c ch\u00e0o \u0111\u00f3n, h\u00f2a nh\u1eadp v\u00e0 t\u00f4n vinh. Ch\u00fang t\u00f4i t\u1ea1o ra nh\u1eefng tr\u1ea3i nghi\u1ec7m t\u00f9y ch\u1ec9nh cho m\u1ed7i tr\u1ebb c\u00f3 nhu c\u1ea7u \u0111\u1eb7c bi\u1ec7t \u0111\u1ec3 \u0111\u1ea3m b\u1ea3o t\u1ea5t c\u1ea3 tr\u1ebb em trong ch\u01b0\u01a1ng tr\u00ecnh c\u1ee7a ch\u00fang t\u00f4i \u0111\u1ec1u c\u00f3 chung c\u00e1i nh\u00ecn t\u00edch c\u1ef1c v\u00e0 \u00fd th\u1ee9c c\u1ed9ng \u0111\u1ed3ng.<\/p>","protected":false},"author":1,"featured_media":0,"parent":0,"menu_order":27,"comment_status":"closed","ping_status":"closed","template":"","meta":{"_acf_changed":false,"nf_dc_page":"","footnotes":""},"class_list":["post-19","page","type-page","status-publish","hentry"],"acf":[],"yoast_head":"<!-- This site is optimized with the Yoast SEO plugin v27.4 - https:\/\/yoast.com\/product\/yoast-seo-wordpress\/ -->\n<title>Inclusion &amp; Support - For Kids Only Afterschool<\/title>\n<meta name=\"description\" content=\"We create custom experiences for every child with unique needs to ensure all of the kids in our program share a positive outlook and sense of togetherness.\" \/>\n<meta name=\"robots\" content=\"index, follow, max-snippet:-1, max-image-preview:large, max-video-preview:-1\" \/>\n<link rel=\"canonical\" href=\"https:\/\/fkoafterschool.org\/vi\/inclusion-support\/\" \/>\n<meta property=\"og:locale\" content=\"vi_VN\" \/>\n<meta property=\"og:type\" content=\"article\" \/>\n<meta property=\"og:title\" content=\"Inclusion &amp; Support - For Kids Only Afterschool\" \/>\n<meta property=\"og:description\" content=\"We create custom experiences for every child with unique needs to ensure all of the kids in our program share a positive outlook and sense of togetherness.\" \/>\n<meta property=\"og:url\" content=\"https:\/\/fkoafterschool.org\/vi\/inclusion-support\/\" \/>\n<meta property=\"og:site_name\" content=\"For Kids Only Afterschool\" \/>\n<meta property=\"article:modified_time\" content=\"2025-03-17T19:38:13+00:00\" \/>\n<meta name=\"twitter:card\" content=\"summary_large_image\" \/>\n<script type=\"application\/ld+json\" class=\"yoast-schema-graph\">{\"@context\":\"https:\\\/\\\/schema.org\",\"@graph\":[{\"@type\":\"WebPage\",\"@id\":\"https:\\\/\\\/fkoafterschool.org\\\/inclusion-support\\\/\",\"url\":\"https:\\\/\\\/fkoafterschool.org\\\/inclusion-support\\\/\",\"name\":\"Inclusion & Support - For Kids Only Afterschool\",\"isPartOf\":{\"@id\":\"https:\\\/\\\/fkoafterschool.org\\\/#website\"},\"datePublished\":\"2019-04-24T18:34:03+00:00\",\"dateModified\":\"2025-03-17T19:38:13+00:00\",\"description\":\"We create custom experiences for every child with unique needs to ensure all of the kids in our program share a positive outlook and sense of togetherness.\",\"breadcrumb\":{\"@id\":\"https:\\\/\\\/fkoafterschool.org\\\/inclusion-support\\\/#breadcrumb\"},\"inLanguage\":\"vi\",\"potentialAction\":[{\"@type\":\"ReadAction\",\"target\":[\"https:\\\/\\\/fkoafterschool.org\\\/inclusion-support\\\/\"]}]},{\"@type\":\"BreadcrumbList\",\"@id\":\"https:\\\/\\\/fkoafterschool.org\\\/inclusion-support\\\/#breadcrumb\",\"itemListElement\":[{\"@type\":\"ListItem\",\"position\":1,\"name\":\"Home\",\"item\":\"https:\\\/\\\/fkoafterschool.org\\\/\"},{\"@type\":\"ListItem\",\"position\":2,\"name\":\"Inclusion &#038; Support\"}]},{\"@type\":\"WebSite\",\"@id\":\"https:\\\/\\\/fkoafterschool.org\\\/#website\",\"url\":\"https:\\\/\\\/fkoafterschool.org\\\/\",\"name\":\"For Kids Only Afterschool\",\"description\":\"Just another WordPress site\",\"potentialAction\":[{\"@type\":\"SearchAction\",\"target\":{\"@type\":\"EntryPoint\",\"urlTemplate\":\"https:\\\/\\\/fkoafterschool.org\\\/?s={search_term_string}\"},\"query-input\":{\"@type\":\"PropertyValueSpecification\",\"valueRequired\":true,\"valueName\":\"search_term_string\"}}],\"inLanguage\":\"vi\"}]}<\/script>\n<!-- \/ Yoast SEO plugin. -->","yoast_head_json":{"title":"Inclusion & Support - For Kids Only Afterschool","description":"We create custom experiences for every child with unique needs to ensure all of the kids in our program share a positive outlook and sense of togetherness.","robots":{"index":"index","follow":"follow","max-snippet":"max-snippet:-1","max-image-preview":"max-image-preview:large","max-video-preview":"max-video-preview:-1"},"canonical":"https:\/\/fkoafterschool.org\/vi\/inclusion-support\/","og_locale":"vi_VN","og_type":"article","og_title":"Inclusion & Support - For Kids Only Afterschool","og_description":"We create custom experiences for every child with unique needs to ensure all of the kids in our program share a positive outlook and sense of togetherness.","og_url":"https:\/\/fkoafterschool.org\/vi\/inclusion-support\/","og_site_name":"For Kids Only Afterschool","article_modified_time":"2025-03-17T19:38:13+00:00","twitter_card":"summary_large_image","schema":{"@context":"https:\/\/schema.org","@graph":[{"@type":"WebPage","@id":"https:\/\/fkoafterschool.org\/inclusion-support\/","url":"https:\/\/fkoafterschool.org\/inclusion-support\/","name":"Inclusion & Support - For Kids Only Afterschool","isPartOf":{"@id":"https:\/\/fkoafterschool.org\/#website"},"datePublished":"2019-04-24T18:34:03+00:00","dateModified":"2025-03-17T19:38:13+00:00","description":"We create custom experiences for every child with unique needs to ensure all of the kids in our program share a positive outlook and sense of togetherness.","breadcrumb":{"@id":"https:\/\/fkoafterschool.org\/inclusion-support\/#breadcrumb"},"inLanguage":"vi","potentialAction":[{"@type":"ReadAction","target":["https:\/\/fkoafterschool.org\/inclusion-support\/"]}]},{"@type":"BreadcrumbList","@id":"https:\/\/fkoafterschool.org\/inclusion-support\/#breadcrumb","itemListElement":[{"@type":"ListItem","position":1,"name":"Home","item":"https:\/\/fkoafterschool.org\/"},{"@type":"ListItem","position":2,"name":"Inclusion &#038; Support"}]},{"@type":"WebSite","@id":"https:\/\/fkoafterschool.org\/#website","url":"https:\/\/fkoafterschool.org\/","name":"Ch\u1ec9 D\u00e0nh Cho Tr\u1ebb Em Sau Gi\u1edd H\u1ecdc","description":"Just another WordPress site","potentialAction":[{"@type":"SearchAction","target":{"@type":"EntryPoint","urlTemplate":"https:\/\/fkoafterschool.org\/?s={search_term_string}"},"query-input":{"@type":"PropertyValueSpecification","valueRequired":true,"valueName":"search_term_string"}}],"inLanguage":"vi"}]}},"jetpack_sharing_enabled":true,"_links":{"self":[{"href":"https:\/\/fkoafterschool.org\/vi\/wp-json\/wp\/v2\/pages\/19","targetHints":{"allow":["GET"]}}],"collection":[{"href":"https:\/\/fkoafterschool.org\/vi\/wp-json\/wp\/v2\/pages"}],"about":[{"href":"https:\/\/fkoafterschool.org\/vi\/wp-json\/wp\/v2\/types\/page"}],"author":[{"embeddable":true,"href":"https:\/\/fkoafterschool.org\/vi\/wp-json\/wp\/v2\/users\/1"}],"replies":[{"embeddable":true,"href":"https:\/\/fkoafterschool.org\/vi\/wp-json\/wp\/v2\/comments?post=19"}],"version-history":[{"count":5,"href":"https:\/\/fkoafterschool.org\/vi\/wp-json\/wp\/v2\/pages\/19\/revisions"}],"predecessor-version":[{"id":11999,"href":"https:\/\/fkoafterschool.org\/vi\/wp-json\/wp\/v2\/pages\/19\/revisions\/11999"}],"wp:attachment":[{"href":"https:\/\/fkoafterschool.org\/vi\/wp-json\/wp\/v2\/media?parent=19"}],"curies":[{"name":"wp","href":"https:\/\/api.w.org\/{rel}","templated":true}]}}