{"id":17,"date":"2019-04-24T18:33:49","date_gmt":"2019-04-24T18:33:49","guid":{"rendered":"http:\/\/dev.local.com\/?page_id=17"},"modified":"2019-10-24T12:35:21","modified_gmt":"2019-10-24T12:35:21","slug":"mission-values","status":"publish","type":"page","link":"https:\/\/fkoafterschool.org\/vi\/mission-values\/","title":{"rendered":"S\u1ee9 m\u1ec7nh &amp; Gi\u00e1 tr\u1ecb"},"content":{"rendered":"<div class=\"de-inner hero-wrap wavey-bottom stacked\">\n\t<div class=\"hero   coverit\" style=\"background-image: url('https:\/\/i0.wp.com\/fkoafterschool.org\/wp-content\/uploads\/2019\/09\/image61.jpg?resize=1200%2C800&#038;ssl=1');\">\n\n\t\t\t\t\t\t\t\t\t<div class=\"image-wrap wavey-bottom  coverit\" style=\"background-image: url('https:\/\/i0.wp.com\/fkoafterschool.org\/wp-content\/uploads\/2019\/09\/image61.jpg?resize=1200%2C800&#038;ssl=1');\">\n\t\t\t\t\t<img decoding=\"async\" loading=\"lazy\" src=\"https:\/\/i0.wp.com\/fkoafterschool.org\/wp-content\/uploads\/2019\/09\/image61.jpg?resize=1200%2C800&#038;ssl=1\" alt=\"young boy giving the peace sign\" \/>\n\t\t\t\t<\/div>\t\n\t\t\t\t\n\t\t\t\t\n\t\t<div class=\"inner-wrap\">\n\t\t\t\t\t\t<div class=\"grid aligncenter\">\n\t\t\t\t<div class=\"grid__cell unit-8-12 tablet__100 aligncenter\">\n\t\t\t\t\t<h2 class=\"screenreader\">S\u1ee9 m\u1ec7nh &amp; Gi\u00e1 tr\u1ecb<\/h2>\t\n\t\t\t\t<\/div>\n\t\t\t\t\n\t\t\t\t<div class=\"grid__cell unit-6-12 tablet__100 desktop__75 aligncenter\">\t\n\n\t\t\t\t    \t\t\t\t\t\t\t\n\t\t\t\t\t\t\t<p class=\"subhead\">Ch\u1ec9 d\u00e0nh cho tr\u1ebb em sau gi\u1edd h\u1ecdc t\u1eadp h\u1ee3p c\u00e1c gia \u0111\u00ecnh v\u00e0 c\u1ed9ng \u0111\u1ed3ng \u0111\u1ec3 cung c\u1ea5p m\u1ed9t kh\u00f4ng gian an to\u00e0n cho m\u1ecdi tr\u1ebb em ph\u00e1t tri\u1ec3n trong nh\u1eefng gi\u1edd sau gi\u1edd h\u1ecdc. C\u00e1ch ti\u1ebfp c\u1eadn h\u1ecdc t\u1eadp to\u00e0n di\u1ec7n c\u1ee7a ch\u00fang t\u00f4i gi\u00fap tr\u1ebb y\u00eau, h\u1ecdc v\u00e0 ph\u00e1t tri\u1ec3n \u0111\u1ed3ng th\u1eddi truy\u1ec1n c\u1ea3m h\u1ee9ng cho m\u1ed7i tr\u1ebb \u0111\u1ec3 l\u1ea1i d\u1ea5u \u1ea5n \u0111\u1ed9c \u0111\u00e1o c\u1ee7a m\u00ecnh tr\u00ean th\u1ebf gi\u1edbi n\u00e0y.<\/p>\n\n\t\t\t        \t\n\t\t\t\t<\/div>\n\n\t\t\t\t\t\t\t<\/div>\t\t\n\t\t<\/div>\n\n\t<\/div>\n<\/div>\n\n\n\n<div class=\"whyy feature-wrap\">\n\n\n    \t\n\t\t\t\t\n\t\t\t\t\t\t\t\t\t\t\t\n\t\t\t\n\t\t\t\t\t\t\t\t\t\t\t\t\t\t\t\t\n\t\t\t\t\t\t\t\t\t\t\t\t\t\t\t\t\n\t\t\t\t\t\t\t\t\t\t\t\t\t\n\t\t\t\t\t\t\t\t\n\t\t\t\n\t\t\t\t\t\t\t\t\t\t\t\t\t\t\t\t\t\t\t\t\t\t\t\t\t\t\t\t\t\t\t\t\t\t\t\n\t\n\t<div class=\"feature verticenter-ib\" data-layout=\"image-left\">\n\t\t\t\t\n\t\t<div class=\"grid\">\n\n\t\t\t\t\t\t\t\t\t\n\t\t\t\t<div class=\"grid__cell tablet__100 unit-5-12\">\n\t\t\t\t\t<figure class=\"fancy-border centered-horizontal centered-vertical\">\n\t\t\t\t\t\t<img decoding=\"async\" loading=\"lazy\" src=\"https:\/\/i0.wp.com\/fkoafterschool.org\/wp-content\/uploads\/2019\/10\/Debbie-Beginning.jpeg?resize=800%2C800&#038;ssl=1\" alt=\"FKO beginning\">\n\t\t\t\t\t<\/figure>\n\t\t\t\t<\/div>\t\n\n\t\t\t\t\t\t\t\t\t\n\t\t\t<div class=\"grid__cell tablet__100 unit-6-12\">\n\n\t\t\t\t<div class=\"main-content\">\n\t\t\t\t\t\n\t\t\t\t\t\t\t\n\t\t\t\t\t\n\t\t\t\t\t<span class=\"pretitle\">Kh\u1edfi \u0111\u1ea7u c\u1ee7a ch\u00fang ta<\/span>\t\t\t\t\t\t\t\t\t\t\t\t\t\t\t\t\t\n\t\t\t\t\t\t<h3>M\u1ed9t n\u01a1i \u0111\u1ec3 ph\u00e1t tri\u1ec3n<\/h3>\n\n\t\t\t\t\t\t\n\t\t\t\t\t\t\t\t\t\t\n\t\t\t\t\t\t\t\n\t\t\t\t\t\n\t\t\t\t\t<p>For Kids Only Afterschool b\u1eaft \u0111\u1ea7u v\u1edbi m\u1ed9t gia \u0111\u00ecnh mong mu\u1ed1n nh\u1eefng \u0111i\u1ec1u t\u1ed1t \u0111\u1eb9p nh\u1ea5t cho con c\u00e1i.<\/p>\n<p>\u0110\u00f3 l\u00e0 \u0111\u1ea7u nh\u1eefng n\u0103m 1980. Hai ch\u1ecb em Debbie v\u00e0 Connie c\u00f9ng b\u01b0\u1edbc v\u00e0o l\u1ef1c l\u01b0\u1ee3ng lao \u0111\u1ed9ng v\u1edbi t\u01b0 c\u00e1ch l\u00e0 nh\u1eefng gi\u00e1o vi\u00ean. H\u1ecd nhanh ch\u00f3ng nh\u1eadn ra m\u1ed9t v\u1ea5n \u0111\u1ec1 \u2013 tr\u1ebb em ph\u1ea3i v\u1ec1 nh\u00e0 m\u1ed9t m\u00ecnh trong nh\u1eefng ng\u00f4i nh\u00e0 tr\u1ed1ng khi tr\u01b0\u1eddng tan h\u1ecdc. Debbie v\u00e0 ch\u1ecb g\u00e1i c\u1ee7a c\u00f4 mong mu\u1ed1n nhi\u1ec1u h\u01a1n cho nh\u1eefng \u0111\u1ee9a con t\u01b0\u01a1ng lai c\u1ee7a h\u1ecd \u2013 h\u1ecd mong mu\u1ed1n c\u00f3 m\u1ed9t n\u01a1i y\u00eau th\u01b0\u01a1ng, an to\u00e0n v\u00e0 l\u00e0m phong ph\u00fa th\u00eam, n\u01a1i con c\u00e1i c\u1ee7a h\u1ecd c\u00f3 th\u1ec3 ti\u1ebfp t\u1ee5c ph\u00e1t tri\u1ec3n, k\u1ebft n\u1ed1i, x\u00e2y d\u1ef1ng m\u1ed1i quan h\u1ec7 v\u00e0 mang \u00fd ngh\u0129a v\u00e0o nh\u1eefng g\u00ec ch\u00fang h\u1ecdc \u0111\u01b0\u1ee3c trong ng\u00e0y h\u1ecdc. V\u1edbi mong mu\u1ed1n t\u1ea1o ra m\u1ed9t kh\u00f4ng gian an to\u00e0n v\u00e0 nu\u00f4i d\u01b0\u1ee1ng, mang l\u1ea1i nh\u1eefng \u0111i\u1ec1u t\u1ed1t \u0111\u1eb9p nh\u1ea5t cho con c\u00e1i v\u00e0 c\u1ed9ng \u0111\u1ed3ng \u0111\u1ecba ph\u01b0\u01a1ng c\u1ee7a h\u1ecd, For Kids Only Afterschool \u0111\u00e3 ra \u0111\u1eddi. <\/p>\n\n\t\t\t\t\t\t\t\t\t\t\t\n\t\t\t\t\t\t\n\t\t\t\t\t\t\t\t\t\t\t\n\t\t\t\t\t\t\n\t\t\t\t\t\n\t\t\t\t\t\t\t\n\t\t\t\t<\/div>\t\n\n\t\t\t<\/div>\t\n\n\t\t\t\n\t\t<\/div>\n\n\t<\/div>\n\n\t    \n    \n    \t\n\t\t\t\t\n\t\t\t\t\t\t\t\t\t\t\t\n\t\t\t\n\t\t\t\t\t\t\t\t\t\t\t\t\t\t\t\t\n\t\t\t\t\t\t\t\t\t\t\t\t\t\t\t\t\n\t\t\t\t\t\t\t\t\t\t\t\t\t\n\t\t\t\t\t\t\t\t\n\t\t\t\n\t\t\t\t\t\t\t\t\t\t\t\t\t\t\t\t\t\t\t\t\t\t\t\t\t\t\t\t\t\t\t\t\t\t\t\n\t\n\t<div class=\"feature verticenter-ib\" data-layout=\"image-right\">\n\t\t\t\t\n\t\t<div class=\"grid\">\n\n\t\t\t\t\t\t\t\t\t\n\t\t\t\t<div class=\"grid__cell tablet__100 unit-5-12 push-7\">\n\t\t\t\t\t<figure class=\"fancy-border centered-horizontal centered-vertical\">\n\t\t\t\t\t\t<img decoding=\"async\" loading=\"lazy\" src=\"https:\/\/i0.wp.com\/fkoafterschool.org\/wp-content\/uploads\/2019\/10\/corevaluessocialmedia.jpeg?resize=800%2C800&#038;ssl=1\" alt=\"FKO core values\">\n\t\t\t\t\t<\/figure>\n\t\t\t\t<\/div>\t\n\n\t\t\t\t\t\t\t\t\t\n\t\t\t<div class=\"grid__cell tablet__100 unit-6-12 pull-5\">\n\n\t\t\t\t<div class=\"main-content\">\n\t\t\t\t\t\n\t\t\t\t\t\t\t\n\t\t\t\t\t\n\t\t\t\t\t<span class=\"pretitle\">Gi\u00e1 tr\u1ecb c\u1ee7a ch\u00fang t\u00f4i<\/span>\t\t\t\t\t\t\t\t\t\t\t\t\t\t\t\t\t\n\t\t\t\t\t\t<h3>M\u1ed9t m\u00f4i tr\u01b0\u1eddng cho t\u1ea5t c\u1ea3 tr\u1ebb em<\/h3>\n\n\t\t\t\t\t\t\n\t\t\t\t\t\t\t\t\t\t\n\t\t\t\t\t\t\t\n\t\t\t\t\t\n\t\t\t\t\t<p>T\u1ea1i FKO, ch\u00fang t\u00f4i bi\u1ebfn c\u00e1c gi\u00e1 tr\u1ecb c\u1ee7a m\u00ecnh th\u00e0nh hi\u1ec7n th\u1ef1c m\u1ed7i ng\u00e0y v\u1edbi m\u1ed7i \u0111\u1ee9a tr\u1ebb.<\/p>\n<p>N\u00f3 b\u1eaft \u0111\u1ea7u b\u1eb1ng vi\u1ec7c th\u1ef1c h\u00e0nh l\u00f2ng t\u1ed1t v\u00e0 s\u1ef1 t\u00f4n tr\u1ecdng s\u00e2u s\u1eafc \u0111\u1ed1i v\u1edbi ng\u01b0\u1eddi kh\u00e1c. C\u00e1c ch\u01b0\u01a1ng tr\u00ecnh c\u1ee7a ch\u00fang t\u00f4i th\u00fac \u0111\u1ea9y s\u1ef1 h\u1ee3p t\u00e1c \u0111\u1ec3 x\u00e2y d\u1ef1ng ni\u1ec1m tin gi\u1eefa ch\u00fang ta b\u1eb1ng c\u00e1ch l\u1eafng nghe, l\u00e0m vi\u1ec7c c\u00f9ng nhau v\u00e0 giao ti\u1ebfp hi\u1ec7u qu\u1ea3. B\u1eb1ng c\u00e1ch h\u1ed7 tr\u1ee3 v\u00e0 l\u00f2ng tr\u1eafc \u1ea9n, m\u1ecdi g\u00f3c nh\u00ecn v\u00e0 ho\u00e0n c\u1ea3nh \u0111\u1ec1u \u0111\u01b0\u1ee3c l\u1eafng nghe \u0111\u1ec3 t\u1ea1o ra m\u1ed9t n\u01a1i t\u00edch c\u1ef1c cho m\u1ecdi ng\u01b0\u1eddi h\u1ecdc h\u1ecfi v\u00e0 ph\u00e1t tri\u1ec3n. Trong m\u1ed7i t\u01b0\u01a1ng t\u00e1c v\u1edbi nhau, ch\u00fang ta b\u1eaft \u0111\u1ea7u t\u1eeb s\u1ef1 t\u00f4n tr\u1ecdng v\u00e0 \u0111\u00e1nh gi\u00e1 cao s\u1ef1 kh\u00e1c bi\u1ec7t c\u1ee7a m\u00ecnh.<\/p>\n<p>Nh\u1eefng gi\u00e1 tr\u1ecb n\u00e0y k\u1ebft h\u1ee3p l\u1ea1i trong m\u1ed9t ph\u01b0\u01a1ng ph\u00e1p ti\u1ebfp c\u1eadn h\u1ecdc t\u1eadp to\u00e0n di\u1ec7n, t\u1eadp trung v\u00e0o s\u1ef1 s\u00e1ng t\u1ea1o, t\u00ednh c\u00e1 nh\u00e2n v\u00e0 tr\u00ed t\u01b0\u1edfng t\u01b0\u1ee3ng.<\/p>\n\n\t\t\t\t\t\t\t\t\t\t\t\n\t\t\t\t\t\t\n\t\t\t\t\t\t\t\t\t\t\t\n\t\t\t\t\t\t\n\t\t\t\t\t\n\t\t\t\t\t\t\t\n\t\t\t\t<\/div>\t\n\n\t\t\t<\/div>\t\n\n\t\t\t\n\t\t<\/div>\n\n\t<\/div>\n\n\t    \n    \n    \t\n\t\t\t\t\n\t\t\t\t\t\t\t\t\t\t\t\n\t\t\t\n\t\t\t\t\t\t\t\t\t\t\t\t\t\t\t\t\n\t\t\t\t\t\t\t\t\t\t\t\t\t\t\t\t\n\t\t\t\t\t\t\t\t\t\t\t\t\t\n\t\t\t\t\t\t\t\t\n\t\t\t\n\t\t\t\t\t\t\t\t\t\t\t\t\t\t\t\t\t\t\t\t\t\t\t\t\t\t\t\t\t\t\t\t\t\t\t\n\t\n\t<div class=\"feature verticenter-ib\" data-layout=\"image-left\">\n\t\t\t\t\n\t\t<div class=\"grid\">\n\n\t\t\t\t\t\t\t\t\t\n\t\t\t\t<div class=\"grid__cell tablet__100 unit-5-12\">\n\t\t\t\t\t<figure class=\"fancy-border centered-horizontal centered-vertical\">\n\t\t\t\t\t\t<img decoding=\"async\" loading=\"lazy\" src=\"https:\/\/i0.wp.com\/fkoafterschool.org\/wp-content\/uploads\/2019\/10\/image94-2.jpg?resize=800%2C800&#038;ssl=1\" alt=\"heartprint\">\n\t\t\t\t\t<\/figure>\n\t\t\t\t<\/div>\t\n\n\t\t\t\t\t\t\t\t\t\n\t\t\t<div class=\"grid__cell tablet__100 unit-6-12\">\n\n\t\t\t\t<div class=\"main-content\">\n\t\t\t\t\t\n\t\t\t\t\t\t\t\n\t\t\t\t\t\n\t\t\t\t\t<span class=\"pretitle\">\u0110\u1ec3 l\u1ea1i d\u1ea5u \u1ea5n c\u1ee7a b\u1ea1n<\/span>\t\t\t\t\t\t\t\t\t\t\t\t\t\t\t\t\t\n\t\t\t\t\t\t<h3>#whatsyourheartprint<\/h3>\n\n\t\t\t\t\t\t\n\t\t\t\t\t\t\t\t\t\t\n\t\t\t\t\t\t\t\n\t\t\t\t\t\n\t\t\t\t\t<p>M\u1ed7i ng\u01b0\u1eddi ch\u00fang ta c\u00f3 m\u1ed9t th\u1ee9 g\u1ecdi l\u00e0 d\u1ea5u \u1ea5n tr\u00e1i tim. D\u1ea5u \u1ea5n tr\u00e1i tim gi\u1ed1ng nh\u01b0 d\u1ea5u v\u00e2n tay, m\u1ed9t b\u1ea3n s\u1eafc v\u00e0 khu\u00f4n m\u1eabu \u0111\u1ed9c \u0111\u00e1o cho m\u1ed7i ch\u00fang ta, ngo\u1ea1i tr\u1eeb d\u1ea5u \u1ea5n tr\u00e1i tim \u0111\u1eb9p \u0111\u1ebd v\u00e0 bi\u1ec3u c\u1ea3m h\u01a1n. \u0110\u00f3 l\u00e0 nh\u1eefng khu\u00f4n m\u1eabu tr\u00ean m\u1ed7i tr\u00e1i tim t\u1ea1o n\u00ean con ng\u01b0\u1eddi ch\u00fang ta v\u00e0 \u0111\u1ecbnh h\u01b0\u1edbng nh\u1eefng c\u1ea3m x\u00fac, suy ngh\u0129, h\u00e0nh \u0111\u1ed9ng \u0111\u1ed9c \u0111\u00e1o c\u1ee7a ch\u00fang ta. T\u1ea5t c\u1ea3 ch\u00fang ta \u0111\u1ec1u c\u00f3 m\u1ed9t d\u1ea5u \u1ea5n tr\u00e1i tim kh\u00f4ng gi\u1ed1ng ai.<\/p>\n<p>B\u1ea1n kh\u00f4ng th\u1ec3 nh\u00ecn th\u1ea5y d\u1ea5u \u1ea5n tr\u00e1i tim c\u1ee7a m\u00ecnh, nh\u01b0ng b\u1ea1n c\u00f3 th\u1ec3 c\u1ea3m nh\u1eadn n\u00f3 v\u00e0 ng\u01b0\u1eddi kh\u00e1c c\u0169ng v\u1eady, th\u00f4ng qua nh\u1eefng l\u1eddi b\u1ea1n n\u00f3i v\u00e0 nh\u1eefng vi\u1ec7c b\u1ea1n l\u00e0m.<\/p>\n\n\t\t\t\t\t\t\t\t\t\t\t\n\t\t\t\t\t\t\n\t\t\t\t\t\t\t\t\t\t\t\n\t\t\t\t\t\t\n\t\t\t\t\t\n\t\t\t\t\t\t\t\n\t\t\t\t<\/div>\t\n\n\t\t\t<\/div>\t\n\n\t\t\t\n\t\t<\/div>\n\n\t<\/div>\n\n\t    \n    \n<\/div>\n\n\n\n<div class=\"whyy feature-wrap  bright-border de-inner white-bg\">\n\n\n    \t\n\t\t\t\t\n\t\t\t\t\t\t\t\t\t\t\t\n\t\t\t\n\t\t\t\t\t\t\t\t\t\t\t\t\t\t\t\t\n\t\t\t\t\t\t\t\t\t\t\t\t\t\t\t\t\n\t\t\t\t\t\t\t\t\t\t\t\t\t\n\t\t\t\t\t\t\t\t\t\t\t\t\t\t\t\t\t\t\t\t\t\t\t\t\t\t\t\n\t\t\t\t\t\t\t\t\t\t\t\t\t\t\t\t\t\t\t\t\t\t\t\t\t\t\n\t\t\t\t\t\t\t\t\t\t\t\t\t\t\t\t\t\t\t\t\t\t\t\t\t\t\t\t\t\t\t\t\t\t\t\n\t\n\t<div class=\"feature verticenter-ib\" data-layout=\"image-right\">\n\t\t\t\t\n\t\t<div class=\"grid\">\n\n\t\t\t\t\t\t\t\t\t\n\t\t\t\t<div class=\"grid__cell tablet__100 unit-5-12 push-7\">\n\t\t\t\t\t<figure class=\"circled color-splash centered-horizontal centered-vertical added-padding\">\n\t\t\t\t\t\t<img decoding=\"async\" loading=\"lazy\" src=\"https:\/\/i0.wp.com\/fkoafterschool.org\/wp-content\/uploads\/2019\/09\/image78-2.jpg?resize=772%2C772&#038;ssl=1\" alt=\"every value in every program\">\n\t\t\t\t\t<\/figure>\n\t\t\t\t<\/div>\t\n\n\t\t\t\t\t\t\t\t\t\n\t\t\t<div class=\"grid__cell tablet__100 unit-6-12 pull-5\">\n\n\t\t\t\t<div class=\"main-content\">\n\t\t\t\t\t\n\t\t\t\t\t\t\t\n\t\t\t\t\t\n\t\t\t\t\t<span class=\"pretitle\">M\u1ecdi Gi\u00e1 tr\u1ecb trong M\u1ecdi Ch\u01b0\u01a1ng tr\u00ecnh<\/span>\t\t\t\t\t\t\t\t\t\t\t\t\t\t\t\t\t\t<a href=\"http:\/\/fkoafterschool.org\/vi\/our-programs\/\" target=\"_blank\">\n\t\t\t\t\t\t\t\t\t\t\t\t\n\t\t\t\t\t\t<h3>M\u1ed9t ph\u1ea7n c\u1ee7a m\u1ed7i t\u01b0\u01a1ng t\u00e1c<\/h3>\n\n\t\t\t\t\t\t\t\t\t\t\t\t\t<\/a>\n\t\t\t\t\t\t\n\t\t\t\t\t\t\t\t\t\t\n\t\t\t\t\t\t\t\n\t\t\t\t\t\n\t\t\t\t\t<p>C\u00e1c gi\u00e1 tr\u1ecb c\u1ee7a ch\u00fang t\u00f4i kh\u00f4ng ch\u1ec9 l\u00e0 nh\u1eefng l\u1eddi ch\u00fang t\u00f4i vi\u1ebft ra \u0111\u1ec3 treo tr\u00ean t\u01b0\u1eddng. Ch\u00fang t\u00f4i s\u1ed1ng v\u00e0 th\u1ea5m nhu\u1ea7n ch\u00fang v\u00e0o m\u1ecdi t\u01b0\u01a1ng t\u00e1c, m\u1ecdi ch\u01b0\u01a1ng tr\u00ecnh, m\u1ed7i ng\u00e0y.<\/p>\n\n\t\t\t\t\t\t\t\t\t\t\t\n\t\t\t\t\t\t\n\t\t\t\t\t\t\t\t\t\t\t\n\t\t\t\t\t\t\n\t\t\t\t\t\t\t\t\t\t\t<a class=\"button\" href=\"http:\/\/fkoafterschool.org\/vi\/our-programs\/\" target=\"_blank\">C\u00e1c ch\u01b0\u01a1ng tr\u00ecnh c\u1ee7a ch\u00fang ta<\/a>\n\t\t\t\t\t\n\t\t\t\t\t\t\t\n\t\t\t\t<\/div>\t\n\n\t\t\t<\/div>\t\n\n\t\t\t\n\t\t<\/div>\n\n\t<\/div>\n\n\t    \n    \n<\/div>","protected":false},"excerpt":{"rendered":"","protected":false},"author":1,"featured_media":0,"parent":0,"menu_order":29,"comment_status":"closed","ping_status":"closed","template":"","meta":{"_acf_changed":false,"nf_dc_page":"","footnotes":""},"class_list":["post-17","page","type-page","status-publish","hentry"],"acf":[],"yoast_head":"<!-- This site is optimized with the Yoast SEO plugin v27.4 - https:\/\/yoast.com\/product\/yoast-seo-wordpress\/ -->\n<title>Mission &amp; Values - For Kids Only Afterschool<\/title>\n<meta name=\"description\" content=\"At FKO, we practice kindness, appreciate differences, foster collaboration, embrace holistic learning, and provide support and compassion in all that we do.\" \/>\n<meta name=\"robots\" content=\"index, follow, max-snippet:-1, max-image-preview:large, max-video-preview:-1\" \/>\n<link rel=\"canonical\" href=\"https:\/\/fkoafterschool.org\/vi\/mission-values\/\" \/>\n<meta property=\"og:locale\" content=\"vi_VN\" \/>\n<meta property=\"og:type\" content=\"article\" \/>\n<meta property=\"og:title\" content=\"Mission &amp; Values - For Kids Only Afterschool\" \/>\n<meta property=\"og:description\" content=\"At FKO, we practice kindness, appreciate differences, foster collaboration, embrace holistic learning, and provide support and compassion in all that we do.\" \/>\n<meta property=\"og:url\" content=\"https:\/\/fkoafterschool.org\/vi\/mission-values\/\" \/>\n<meta property=\"og:site_name\" content=\"For Kids Only Afterschool\" \/>\n<meta property=\"article:modified_time\" content=\"2019-10-24T12:35:21+00:00\" \/>\n<meta name=\"twitter:card\" content=\"summary_large_image\" \/>\n<script type=\"application\/ld+json\" class=\"yoast-schema-graph\">{\"@context\":\"https:\\\/\\\/schema.org\",\"@graph\":[{\"@type\":\"WebPage\",\"@id\":\"https:\\\/\\\/fkoafterschool.org\\\/mission-values\\\/\",\"url\":\"https:\\\/\\\/fkoafterschool.org\\\/mission-values\\\/\",\"name\":\"Mission & Values - For Kids Only Afterschool\",\"isPartOf\":{\"@id\":\"https:\\\/\\\/fkoafterschool.org\\\/#website\"},\"datePublished\":\"2019-04-24T18:33:49+00:00\",\"dateModified\":\"2019-10-24T12:35:21+00:00\",\"description\":\"At FKO, we practice kindness, appreciate differences, foster collaboration, embrace holistic learning, and provide support and compassion in all that we do.\",\"breadcrumb\":{\"@id\":\"https:\\\/\\\/fkoafterschool.org\\\/mission-values\\\/#breadcrumb\"},\"inLanguage\":\"vi\",\"potentialAction\":[{\"@type\":\"ReadAction\",\"target\":[\"https:\\\/\\\/fkoafterschool.org\\\/mission-values\\\/\"]}]},{\"@type\":\"BreadcrumbList\",\"@id\":\"https:\\\/\\\/fkoafterschool.org\\\/mission-values\\\/#breadcrumb\",\"itemListElement\":[{\"@type\":\"ListItem\",\"position\":1,\"name\":\"Home\",\"item\":\"https:\\\/\\\/fkoafterschool.org\\\/\"},{\"@type\":\"ListItem\",\"position\":2,\"name\":\"Mission &#038; Values\"}]},{\"@type\":\"WebSite\",\"@id\":\"https:\\\/\\\/fkoafterschool.org\\\/#website\",\"url\":\"https:\\\/\\\/fkoafterschool.org\\\/\",\"name\":\"For Kids Only Afterschool\",\"description\":\"Just another WordPress site\",\"potentialAction\":[{\"@type\":\"SearchAction\",\"target\":{\"@type\":\"EntryPoint\",\"urlTemplate\":\"https:\\\/\\\/fkoafterschool.org\\\/?s={search_term_string}\"},\"query-input\":{\"@type\":\"PropertyValueSpecification\",\"valueRequired\":true,\"valueName\":\"search_term_string\"}}],\"inLanguage\":\"vi\"}]}<\/script>\n<!-- \/ Yoast SEO plugin. -->","yoast_head_json":{"title":"Mission & Values - For Kids Only Afterschool","description":"At FKO, we practice kindness, appreciate differences, foster collaboration, embrace holistic learning, and provide support and compassion in all that we do.","robots":{"index":"index","follow":"follow","max-snippet":"max-snippet:-1","max-image-preview":"max-image-preview:large","max-video-preview":"max-video-preview:-1"},"canonical":"https:\/\/fkoafterschool.org\/vi\/mission-values\/","og_locale":"vi_VN","og_type":"article","og_title":"Mission & Values - For Kids Only Afterschool","og_description":"At FKO, we practice kindness, appreciate differences, foster collaboration, embrace holistic learning, and provide support and compassion in all that we do.","og_url":"https:\/\/fkoafterschool.org\/vi\/mission-values\/","og_site_name":"For Kids Only Afterschool","article_modified_time":"2019-10-24T12:35:21+00:00","twitter_card":"summary_large_image","schema":{"@context":"https:\/\/schema.org","@graph":[{"@type":"WebPage","@id":"https:\/\/fkoafterschool.org\/mission-values\/","url":"https:\/\/fkoafterschool.org\/mission-values\/","name":"Mission & Values - For Kids Only Afterschool","isPartOf":{"@id":"https:\/\/fkoafterschool.org\/#website"},"datePublished":"2019-04-24T18:33:49+00:00","dateModified":"2019-10-24T12:35:21+00:00","description":"At FKO, we practice kindness, appreciate differences, foster collaboration, embrace holistic learning, and provide support and compassion in all that we do.","breadcrumb":{"@id":"https:\/\/fkoafterschool.org\/mission-values\/#breadcrumb"},"inLanguage":"vi","potentialAction":[{"@type":"ReadAction","target":["https:\/\/fkoafterschool.org\/mission-values\/"]}]},{"@type":"BreadcrumbList","@id":"https:\/\/fkoafterschool.org\/mission-values\/#breadcrumb","itemListElement":[{"@type":"ListItem","position":1,"name":"Home","item":"https:\/\/fkoafterschool.org\/"},{"@type":"ListItem","position":2,"name":"Mission &#038; Values"}]},{"@type":"WebSite","@id":"https:\/\/fkoafterschool.org\/#website","url":"https:\/\/fkoafterschool.org\/","name":"Ch\u1ec9 D\u00e0nh Cho Tr\u1ebb Em Sau Gi\u1edd H\u1ecdc","description":"Just another WordPress site","potentialAction":[{"@type":"SearchAction","target":{"@type":"EntryPoint","urlTemplate":"https:\/\/fkoafterschool.org\/?s={search_term_string}"},"query-input":{"@type":"PropertyValueSpecification","valueRequired":true,"valueName":"search_term_string"}}],"inLanguage":"vi"}]}},"jetpack_sharing_enabled":true,"_links":{"self":[{"href":"https:\/\/fkoafterschool.org\/vi\/wp-json\/wp\/v2\/pages\/17","targetHints":{"allow":["GET"]}}],"collection":[{"href":"https:\/\/fkoafterschool.org\/vi\/wp-json\/wp\/v2\/pages"}],"about":[{"href":"https:\/\/fkoafterschool.org\/vi\/wp-json\/wp\/v2\/types\/page"}],"author":[{"embeddable":true,"href":"https:\/\/fkoafterschool.org\/vi\/wp-json\/wp\/v2\/users\/1"}],"replies":[{"embeddable":true,"href":"https:\/\/fkoafterschool.org\/vi\/wp-json\/wp\/v2\/comments?post=17"}],"version-history":[{"count":68,"href":"https:\/\/fkoafterschool.org\/vi\/wp-json\/wp\/v2\/pages\/17\/revisions"}],"predecessor-version":[{"id":7521,"href":"https:\/\/fkoafterschool.org\/vi\/wp-json\/wp\/v2\/pages\/17\/revisions\/7521"}],"wp:attachment":[{"href":"https:\/\/fkoafterschool.org\/vi\/wp-json\/wp\/v2\/media?parent=17"}],"curies":[{"name":"wp","href":"https:\/\/api.w.org\/{rel}","templated":true}]}}