{"id":13,"date":"2019-04-24T18:31:31","date_gmt":"2019-04-24T18:31:31","guid":{"rendered":"http:\/\/dev.local.com\/?page_id=13"},"modified":"2024-04-23T17:02:47","modified_gmt":"2024-04-23T17:02:47","slug":"a-day-at-fko","status":"publish","type":"page","link":"https:\/\/fkoafterschool.org\/vi\/a-day-at-fko\/","title":{"rendered":"M\u1ed9t Ng\u00e0y t\u1ea1i FKO M\u00f9a h\u00e8"},"content":{"rendered":"<div class=\"de-inner hero-wrap wavey-bottom stacked\">\n\t<div class=\"hero  top-center coverit\" style=\"background-image: url('https:\/\/i0.wp.com\/fkoafterschool.org\/wp-content\/uploads\/2024\/04\/IMG_4701-scaled-e1712675208468.jpeg?resize=1200%2C800&#038;ssl=1');\">\n\n\t\t\t\t\t\t\t\t\t<div class=\"image-wrap wavey-bottom top-center coverit\" style=\"background-image: url('https:\/\/i0.wp.com\/fkoafterschool.org\/wp-content\/uploads\/2024\/04\/IMG_4701-scaled-e1712675208468.jpeg?resize=1200%2C800&#038;ssl=1');\">\n\t\t\t\t\t<img decoding=\"async\" loading=\"lazy\" src=\"https:\/\/i0.wp.com\/fkoafterschool.org\/wp-content\/uploads\/2024\/04\/IMG_4701-scaled-e1712675208468.jpeg?resize=1200%2C800&#038;ssl=1\" alt=\"\" \/>\n\t\t\t\t<\/div>\t\n\t\t\t\t\n\t\t\t\t\n\t\t<div class=\"inner-wrap\">\n\t\t\t\t\t\t<div class=\"grid aligncenter\">\n\t\t\t\t<div class=\"grid__cell unit-8-12 tablet__100 aligncenter\">\n\t\t\t\t\t<h2 class=\"screenreader\">M\u1ed9t Ng\u00e0y t\u1ea1i FKO M\u00f9a h\u00e8<\/h2>\t\n\t\t\t\t<\/div>\n\t\t\t\t\n\t\t\t\t<div class=\"grid__cell unit-6-12 tablet__100 desktop__75 aligncenter\">\t\n\n\t\t\t\t    \t\t\t\t\t\t\t\n\t\t\t\t\t\t\t<p class=\"subhead\">Ngay t\u1eeb khi con b\u1ea1n \u0111\u1ebfn ch\u01b0\u01a1ng tr\u00ecnh H\u00e8 c\u1ee7a ch\u00fang t\u00f4i, \u0111\u1ed9i ng\u0169 nh\u00e2n vi\u00ean s\u1ebd tham gia v\u00e0o c\u00e1c ho\u1ea1t \u0111\u1ed9ng gi\u00fap c\u1ea3 tr\u00ed \u00f3c v\u00e0 c\u01a1 th\u1ec3 c\u1ee7a tr\u1ebb lu\u00f4n n\u0103ng \u0111\u1ed9ng. Nhi\u1ec1u lo\u1ea1i h\u00ecnh ho\u1ea1t \u0111\u1ed9ng, c\u00e1c chuy\u1ebfn \u0111i d\u00e3 ngo\u1ea1i v\u00e0 s\u1ef1 ki\u1ec7n \u0111\u1eb7c bi\u1ec7t s\u1ebd gi\u1eef cho ch\u01b0\u01a1ng tr\u00ecnh lu\u00f4n t\u01b0\u01a1i m\u1edbi v\u00e0 h\u1ea5p d\u1eabn trong su\u1ed1t nh\u1eefng th\u00e1ng h\u00e8. M\u1eb7c d\u00f9 l\u1ecbch tr\u00ecnh trong ng\u00e0y c\u1ee7a ch\u00fang t\u00f4i kh\u00e1 d\u00e0y \u0111\u1eb7c, ch\u00fang t\u00f4i c\u0169ng d\u00e0nh th\u1eddi gian ngh\u1ec9 ng\u01a1i \u0111\u1ec3 tr\u1ebb c\u00f3 c\u01a1 h\u1ed9i n\u1ea1p l\u1ea1i n\u0103ng l\u01b0\u1ee3ng v\u00e0 giao l\u01b0u x\u00e3 h\u1ed9i.<\/p>\n\n\t\t\t        \t\n\t\t\t\t<\/div>\n\n\t\t\t\t\t\t\t<\/div>\t\t\n\t\t<\/div>\n\n\t<\/div>\n<\/div>\n\n\n\n<div class=\"whyy feature-wrap\">\n\n\n    \t\n\t\t\t\t\n\t\t\t\t\t\t\t\t\t\t\t\n\t\t\t\n\t\t\t\t\t\t\t\t\t\t\t\t\t\t\t\t\n\t\t\t\t\t\t\t\t\t\t\t\t\t\t\t\t\n\t\t\t\t\t\t\t\t\t\t\t\t\t\n\t\t\t\t\t\t\t\t\n\t\t\t\n\t\t\t\t\t\t\t\t\t\t\t\t\t\t\t\t\t\t\t\t\t\t\t\t\t\t\t\t\t\t\t\t\t\t\t\n\t\n\t<div class=\"feature verticenter-ib\" data-layout=\"image-left\">\n\t\t\t\t\n\t\t<div class=\"grid\">\n\n\t\t\t\t\t\t\t\t\t\n\t\t\t\t<div class=\"grid__cell tablet__100 unit-5-12\">\n\t\t\t\t\t<figure class=\"fancy-border\">\n\t\t\t\t\t\t<img decoding=\"async\" loading=\"lazy\" src=\"https:\/\/i0.wp.com\/fkoafterschool.org\/wp-content\/uploads\/2024\/04\/IMG_4675-scaled.jpeg?resize=800%2C800&#038;ssl=1\" alt=\"\">\n\t\t\t\t\t<\/figure>\n\t\t\t\t<\/div>\t\n\n\t\t\t\t\t\t\t\t\t\n\t\t\t<div class=\"grid__cell tablet__100 unit-6-12\">\n\n\t\t\t\t<div class=\"main-content\">\n\t\t\t\t\t\n\t\t\t\t\t\t\t\n\t\t\t\t\t\n\t\t\t\t\t<span class=\"pretitle\">M\u00f9a h\u00e8 t\u1ea1i FKO<\/span>\t\t\t\t\t\t\t\t\t\t\t\t\t\t\t\t\t\n\t\t\t\t\t\t<h3>L\u1ecbch H\u00e0ng Tu\u1ea7n<\/h3>\n\n\t\t\t\t\t\t\n\t\t\t\t\t\t\t\t\t\t\n\t\t\t\t\t\t\t\n\t\t\t\t\t\n\t\t\t\t\t<p>Tr\u1ebb em th\u00edch s\u1ef1 nh\u1ea5t qu\u00e1n v\u00e0 ch\u00fang ph\u00e1t tri\u1ec3n m\u1ea1nh nh\u1edd c\u1ea5u tr\u00fac. Ch\u00fang t\u00f4i tu\u00e2n theo l\u1ecbch tr\u00ecnh h\u00e0ng tu\u1ea7n v\u1edbi nhi\u1ec1u ho\u1ea1t \u0111\u1ed9ng h\u00e0ng ng\u00e0y \u2013 Trung t\u00e2m S\u1edf th\u00edch, Ho\u1ea1t n\u00e1o vi\u00ean Nh\u00f3m, Ph\u00fat Ch\u00e1nh ni\u1ec7m, L\u1ed9 tr\u00ecnh H\u1ecdc t\u1eadp theo D\u1ef1 \u00e1n, Th\u1eed th\u00e1ch Tr\u00e1i tim v\u00e0 C\u00e2u l\u1ea1c b\u1ed9 l\u00e0m phong ph\u00fa th\u00eam ki\u1ebfn th\u1ee9c. L\u1ecbch tr\u00ecnh c\u1ee7a ch\u00fang t\u00f4i thay \u0111\u1ed5i h\u00e0ng ng\u00e0y, \u0111\u1ec3 bao g\u1ed3m c\u00e1c chuy\u1ebfn \u0111i ch\u01a1i v\u00e0 l\u1ec5 k\u1ef7 ni\u1ec7m vui nh\u1ed9n. Su\u1ed1t c\u1ea3 tu\u1ea7n, b\u1ea1n c\u00f3 th\u1ec3 y\u00ean t\u00e2m r\u1eb1ng con b\u1ea1n \u0111ang \u0103n th\u1ef1c ph\u1ea9m l\u00e0nh m\u1ea1nh \u2013 b\u1eefa s\u00e1ng, b\u1eefa tr\u01b0a v\u00e0 b\u1eefa \u0103n nh\u1eb9 \u2013 th\u00f4ng qua Ch\u01b0\u01a1ng tr\u00ecnh Th\u1ef1c ph\u1ea9m M\u00f9a h\u00e8.<\/p>\n\n\t\t\t\t\t\t\t\t\t\t\t\n\t\t\t\t\t\t\n\t\t\t\t\t\t\t\t\t\t\t\n\t\t\t\t\t\t\n\t\t\t\t\t\n\t\t\t\t\t\t\t\n\t\t\t\t<\/div>\t\n\n\t\t\t<\/div>\t\n\n\t\t\t\n\t\t<\/div>\n\n\t<\/div>\n\n\t    \n    \n    \t\n\t\t\t\t\n\t\t\t\t\t\t\t\t\t\t\t\n\t\t\t\n\t\t\t\t\t\t\t\t\t\t\t\t\t\t\t\t\n\t\t\t\t\t\t\t\t\t\t\t\t\t\t\t\t\n\t\t\t\t\t\t\t\t\t\t\t\t\t\n\t\t\t\t\t\t\t\t\n\t\t\t\n\t\t\t\t\t\t\t\t\t\t\t\t\t\t\t\t\t\t\t\t\t\t\t\t\t\t\t\t\t\t\t\t\t\t\t\n\t\n\t<div class=\"feature verticenter-ib\" data-layout=\"image-right\">\n\t\t\t\t\n\t\t<div class=\"grid\">\n\n\t\t\t\t\t\t\t\t\t\n\t\t\t\t<div class=\"grid__cell tablet__100 unit-5-12 push-7\">\n\t\t\t\t\t<figure class=\"fancy-border\">\n\t\t\t\t\t\t<img decoding=\"async\" loading=\"lazy\" src=\"https:\/\/i0.wp.com\/fkoafterschool.org\/wp-content\/uploads\/2024\/04\/IMG_0812-scaled.jpeg?resize=800%2C800&#038;ssl=1\" alt=\"\">\n\t\t\t\t\t<\/figure>\n\t\t\t\t<\/div>\t\n\n\t\t\t\t\t\t\t\t\t\n\t\t\t<div class=\"grid__cell tablet__100 unit-6-12 pull-5\">\n\n\t\t\t\t<div class=\"main-content\">\n\t\t\t\t\t\n\t\t\t\t\t\t\t\n\t\t\t\t\t\n\t\t\t\t\t<span class=\"pretitle\">T\u1eadp \u0111o\u00e0n Energizer<\/span>\t\t\t\t\t\t\t\t\t\t\t\t\t\t\t\t\t\n\t\t\t\t\t\t<h3>B\u1eaft \u0111\u1ea7u ng\u00e0y m\u1edbi v\u1edbi ni\u1ec1m vui v\u00e0 g\u1eafn k\u1ebft \u0111\u1ed9i nh\u00f3m<\/h3>\n\n\t\t\t\t\t\t\n\t\t\t\t\t\t\t\t\t\t\n\t\t\t\t\t\t\t\n\t\t\t\t\t\n\t\t\t\t\t<p>Ch\u00fang t\u00f4i t\u1ee5 h\u1ecdp l\u1ea1i m\u1ed7i bu\u1ed5i s\u00e1ng, \u0111\u1ec3 b\u1eaft \u0111\u1ea7u ng\u00e0y m\u1edbi v\u1edbi ni\u1ec1m vui v\u00e0 s\u1ef1 t\u00edch c\u1ef1c. C\u00e1c ho\u1ea1t \u0111\u1ed9ng Ti\u1ebfp N\u0103ng L\u01b0\u1ee3ng Nh\u00f3m c\u1ee7a ch\u00fang t\u00f4i gi\u00fap tr\u1ebb em l\u00e0m quen v\u1edbi nhau, th\u01b0\u1eddng x\u00e2y d\u1ef1ng t\u00ecnh b\u1ea1n k\u00e9o d\u00e0i qua m\u00f9a h\u00e8 v\u00e0 nhi\u1ec1u n\u0103m sau \u0111\u00f3. Th\u00eam v\u00e0o \u0111\u00f3, ch\u00fang t\u00f4i s\u1ebd trau d\u1ed3i c\u00e1c k\u1ef9 n\u0103ng cho c\u00e1c Kh\u00f3a H\u1ecdc D\u1ef1 \u00c1n c\u1ee7a ch\u00fang t\u00f4i v\u00e0o cu\u1ed1i ng\u00e0y. <\/p>\n\n\t\t\t\t\t\t\t\t\t\t\t\n\t\t\t\t\t\t\n\t\t\t\t\t\t\t\t\t\t\t\n\t\t\t\t\t\t\n\t\t\t\t\t\n\t\t\t\t\t\t\t\n\t\t\t\t<\/div>\t\n\n\t\t\t<\/div>\t\n\n\t\t\t\n\t\t<\/div>\n\n\t<\/div>\n\n\t    \n    \n    \t\n\t\t\t\t\n\t\t\t\t\t\t\t\t\t\t\t\n\t\t\t\n\t\t\t\t\t\t\t\t\t\t\t\t\t\t\t\t\n\t\t\t\t\t\t\t\t\t\t\t\t\t\t\t\t\n\t\t\t\t\t\t\t\t\t\t\t\t\t\n\t\t\t\t\t\t\t\t\n\t\t\t\n\t\t\t\t\t\t\t\t\t\t\t\t\t\t\t\t\t\t\t\t\t\t\t\t\t\t\t\t\t\t\t\t\t\t\t\n\t\n\t<div class=\"feature verticenter-ib\" data-layout=\"image-left\">\n\t\t\t\t\n\t\t<div class=\"grid\">\n\n\t\t\t\t\t\t\t\t\t\n\t\t\t\t<div class=\"grid__cell tablet__100 unit-5-12\">\n\t\t\t\t\t<figure class=\"fancy-border\">\n\t\t\t\t\t\t<img decoding=\"async\" loading=\"lazy\" src=\"https:\/\/i0.wp.com\/fkoafterschool.org\/wp-content\/uploads\/2024\/04\/IMG_4452-scaled.jpeg?resize=800%2C800&#038;ssl=1\" alt=\"\">\n\t\t\t\t\t<\/figure>\n\t\t\t\t<\/div>\t\n\n\t\t\t\t\t\t\t\t\t\n\t\t\t<div class=\"grid__cell tablet__100 unit-6-12\">\n\n\t\t\t\t<div class=\"main-content\">\n\t\t\t\t\t\n\t\t\t\t\t\t\t\n\t\t\t\t\t\n\t\t\t\t\t<span class=\"pretitle\">B\u1eefa \u0103n v\u00e0 \u0111\u1ed3 \u0103n nh\u1eb9 b\u1ed5 d\u01b0\u1ee1ng<\/span>\t\t\t\t\t\t\t\t\t\t\t\t\t\t\t\t\t\n\t\t\t\t\t\t<h3>M\u1ed9t m\u00f9a h\u00e8 kh\u1ecfe m\u1ea1nh v\u00e0 tr\u1ecdn v\u1eb9n<\/h3>\n\n\t\t\t\t\t\t\n\t\t\t\t\t\t\t\t\t\t\n\t\t\t\t\t\t\t\n\t\t\t\t\t\n\t\t\t\t\t<p>FKO bi\u1ebfn m\u00f9a h\u00e8 th\u00e0nh m\u00f9a vun b\u1ed3i v\u00e0 vui ch\u01a1i! L\u00e0 m\u1ed9t ph\u1ea7n c\u1ee7a ch\u01b0\u01a1ng tr\u00ecnh h\u00e8, FKO cung c\u1ea5p b\u1eefa s\u00e1ng, b\u1eefa tr\u01b0a v\u00e0 b\u1eefa \u0103n nh\u1eb9 bu\u1ed5i chi\u1ec1u mi\u1ec5n ph\u00ed, b\u1ed5 d\u01b0\u1ee1ng \u0111\u1ec3 cung c\u1ea5p n\u0103ng l\u01b0\u1ee3ng cho tr\u00ed \u00f3c tr\u1ebb v\u00e0 c\u01a1 th\u1ec3 tr\u00e0n \u0111\u1ea7y s\u1ee9c s\u1ed1ng. Tr\u1ebb em th\u01b0\u1edfng th\u1ee9c nh\u1eefng b\u1eefa \u0103n ngon \u0111\u01b0\u1ee3c chu\u1ea9n b\u1ecb c\u1ea9n th\u1eadn, \u0111\u1ea3m b\u1ea3o c\u00e1c em c\u00f3 \u0111\u1ee7 dinh d\u01b0\u1ee1ng c\u1ea7n thi\u1ebft \u0111\u1ec3 ph\u00e1t tri\u1ec3n trong nh\u1eefng cu\u1ed9c phi\u00eau l\u01b0u m\u00f9a h\u00e8 c\u1ee7a m\u00ecnh. V\u1edbi FKO, m\u1ed7i gi\u1edd \u0103n l\u00e0 m\u1ed9t c\u01a1 h\u1ed9i \u0111\u1ec3 tr\u01b0\u1edfng th\u00e0nh v\u00e0 t\u1eadn h\u01b0\u1edfng, l\u00e0m cho m\u00f9a h\u00e8 kh\u00f4ng ch\u1ec9 \u0111\u00e1ng nh\u1edb m\u00e0 c\u00f2n kh\u1ecfe m\u1ea1nh v\u00e0 tr\u1ecdn v\u1eb9n.<\/p>\n\n\t\t\t\t\t\t\t\t\t\t\t\n\t\t\t\t\t\t\n\t\t\t\t\t\t\t\t\t\t\t\n\t\t\t\t\t\t\n\t\t\t\t\t\n\t\t\t\t\t\t\t\n\t\t\t\t<\/div>\t\n\n\t\t\t<\/div>\t\n\n\t\t\t\n\t\t<\/div>\n\n\t<\/div>\n\n\t    \n    \n    \t\n\t\t\t\t\n\t\t\t\t\t\t\t\t\t\t\t\n\t\t\t\n\t\t\t\t\t\t\t\t\t\t\t\t\t\t\t\t\n\t\t\t\t\t\t\t\t\t\t\t\t\t\t\t\t\n\t\t\t\t\t\t\t\t\t\t\t\t\t\n\t\t\t\t\t\t\t\t\n\t\t\t\n\t\t\t\t\t\t\t\t\t\t\t\t\t\t\t\t\t\t\t\t\t\t\t\t\t\t\t\t\t\t\t\t\t\t\t\n\t\n\t<div class=\"feature verticenter-ib\" data-layout=\"image-right\">\n\t\t\t\t\n\t\t<div class=\"grid\">\n\n\t\t\t\t\t\t\t\t\t\n\t\t\t\t<div class=\"grid__cell tablet__100 unit-5-12 push-7\">\n\t\t\t\t\t<figure class=\"fancy-border\">\n\t\t\t\t\t\t<img decoding=\"async\" loading=\"lazy\" src=\"https:\/\/i0.wp.com\/fkoafterschool.org\/wp-content\/uploads\/2024\/04\/IMG_3408-scaled.jpeg?resize=800%2C800&#038;ssl=1\" alt=\"\">\n\t\t\t\t\t<\/figure>\n\t\t\t\t<\/div>\t\n\n\t\t\t\t\t\t\t\t\t\n\t\t\t<div class=\"grid__cell tablet__100 unit-6-12 pull-5\">\n\n\t\t\t\t<div class=\"main-content\">\n\t\t\t\t\t\n\t\t\t\t\t\t\t\n\t\t\t\t\t\n\t\t\t\t\t<span class=\"pretitle\">Nh\u1eefng Ph\u00fat Ch\u00e1nh Ni\u1ec7m &amp; Th\u1eed Th\u00e1ch Tr\u00e1i Tim<\/span>\t\t\t\t\t\t\t\t\t\t\t\t\t\t\t\t\t\n\t\t\t\t\t\t<h3>Qu\u1ea3n l\u00fd c\u0103ng th\u1eb3ng v\u00e0 tr\u1edf th\u00e0nh c\u00f4ng d\u00e2n t\u1ed1t<\/h3>\n\n\t\t\t\t\t\t\n\t\t\t\t\t\t\t\t\t\t\n\t\t\t\t\t\t\t\n\t\t\t\t\t\n\t\t\t\t\t<p>Cu\u1ed9c s\u1ed1ng c\u00f3 th\u1ec3 c\u0103ng th\u1eb3ng \u2013 tr\u01b0\u1eddng h\u1ecdc, b\u1ea1n b\u00e8, s\u1ef1 tr\u01b0\u1edfng th\u00e0nh. Ch\u00fang t\u00f4i mu\u1ed1n con c\u00e1i m\u00ecnh c\u00f3 nh\u1eefng chi\u1ebfn l\u01b0\u1ee3c \u0111\u1ed1i ph\u00f3 c\u1ea7n thi\u1ebft \u0111\u1ec3 x\u1eed l\u00fd nh\u1eefng th\u0103ng tr\u1ea7m c\u1ee7a cu\u1ed9c s\u1ed1ng, c\u0169ng nh\u01b0 th\u1ec3 hi\u1ec7n l\u00f2ng tr\u1eafc \u1ea9n v\u00e0 s\u1ef1 t\u1eed t\u1ebf \u0111\u1ed1i v\u1edbi ng\u01b0\u1eddi kh\u00e1c. M\u1ed7i ng\u00e0y, ch\u00fang t\u00f4i d\u00e0nh v\u00e0i ph\u00fat \u0111\u1ec3 d\u1ea1y v\u00e0 th\u1ef1c h\u00e0nh c\u00e1c k\u1ef9 thu\u1eadt ch\u00e1nh ni\u1ec7m. B\u1ea5t c\u1ee9 khi n\u00e0o m\u1ed9t \u0111\u1ee9a tr\u1ebb c\u0103ng th\u1eb3ng ho\u1eb7c qu\u00e1 t\u1ea3i, ch\u00fang t\u00f4i gi\u00fap ch\u00fang th\u1ef1c h\u00e0nh ch\u00e1nh ni\u1ec7m trong kho\u1ea3nh kh\u1eafc \u0111\u00f3. Th\u1eed th\u00e1ch Tr\u00e1i tim c\u1ee7a ch\u00fang t\u00f4i d\u1ea1y c\u00e1c b\u00e0i h\u1ecdc v\u1ec1 l\u00f2ng tr\u1eafc \u1ea9n, s\u1ef1 t\u1eed t\u1ebf v\u00e0 x\u00e2y d\u1ef1ng c\u1ed9ng \u0111\u1ed3ng, \u0111\u1ec3 tr\u1ebb em c\u00f3 th\u1ec3 tr\u1edf th\u00e0nh phi\u00ean b\u1ea3n t\u1ed1t nh\u1ea5t c\u1ee7a ch\u00ednh m\u00ecnh. <\/p>\n\n\t\t\t\t\t\t\t\t\t\t\t\n\t\t\t\t\t\t\n\t\t\t\t\t\t\t\t\t\t\t\n\t\t\t\t\t\t\n\t\t\t\t\t\n\t\t\t\t\t\t\t\n\t\t\t\t<\/div>\t\n\n\t\t\t<\/div>\t\n\n\t\t\t\n\t\t<\/div>\n\n\t<\/div>\n\n\t    \n    \n    \t\n\t\t\t\t\n\t\t\t\t\t\t\t\t\t\t\t\n\t\t\t\n\t\t\t\t\t\t\t\t\t\t\t\t\t\t\t\t\n\t\t\t\t\t\t\t\t\t\t\t\t\t\t\t\t\n\t\t\t\t\t\t\t\t\t\t\t\t\t\n\t\t\t\t\t\t\t\t\n\t\t\t\n\t\t\t\t\t\t\t\t\t\t\t\t\t\t\t\t\t\t\t\t\t\t\t\t\t\t\t\t\t\t\t\t\t\t\t\n\t\n\t<div class=\"feature verticenter-ib\" data-layout=\"image-left\">\n\t\t\t\t\n\t\t<div class=\"grid\">\n\n\t\t\t\t\t\t\t\t\t\n\t\t\t\t<div class=\"grid__cell tablet__100 unit-5-12\">\n\t\t\t\t\t<figure class=\"fancy-border\">\n\t\t\t\t\t\t<img decoding=\"async\" loading=\"lazy\" src=\"https:\/\/i0.wp.com\/fkoafterschool.org\/wp-content\/uploads\/2024\/04\/IMG_2686-scaled.jpeg?resize=800%2C800&#038;ssl=1\" alt=\"\">\n\t\t\t\t\t<\/figure>\n\t\t\t\t<\/div>\t\n\n\t\t\t\t\t\t\t\t\t\n\t\t\t<div class=\"grid__cell tablet__100 unit-6-12\">\n\n\t\t\t\t<div class=\"main-content\">\n\t\t\t\t\t\n\t\t\t\t\t\t\t\n\t\t\t\t\t\n\t\t\t\t\t<span class=\"pretitle\">C\u00e1c c\u00e2u l\u1ea1c b\u1ed9 l\u00e0m gi\u00e0u<\/span>\t\t\t\t\t\t\t\t\t\t\t\t\t\t\t\t\t\n\t\t\t\t\t\t<h3>Kh\u00e1m ph\u00e1 v\u00e0 h\u1ecdc h\u1ecfi<\/h3>\n\n\t\t\t\t\t\t\n\t\t\t\t\t\t\t\t\t\t\n\t\t\t\t\t\t\t\n\t\t\t\t\t\n\t\t\t\t\t<p>Trong su\u1ed1t m\u00f9a h\u00e8, tr\u1ebb em c\u00f3 kh\u00f4ng gian v\u00e0 th\u1eddi gian \u0111\u1ec3 h\u1ecdc c\u00e1c k\u1ef9 n\u0103ng m\u1edbi t\u1eeb c\u00e1c chuy\u00ean gia c\u1ed9ng \u0111\u1ed3ng, nh\u01b0 s\u00e2n kh\u1ea5u, kinh doanh, ngh\u1ec7 thu\u1eadt v\u00e0 th\u1ec3 thao. B\u1eb1ng c\u00e1ch t\u1ef1 ch\u1ecdn l\u1edbp h\u1ecdc m\u1ed7i tu\u1ea7n theo s\u1edf th\u00edch c\u1ee7a m\u00ecnh, tr\u1ebb em s\u1ebd kh\u00e1m ph\u00e1 s\u1edf th\u00edch, v\u00e0 c\u00f3 th\u1ec3 t\u00ecm th\u1ea5y \u0111am m\u00ea, s\u1edf th\u00edch m\u1edbi, ho\u1eb7c th\u1eadm ch\u00ed l\u00e0 s\u1ef1 nghi\u1ec7p t\u01b0\u01a1ng lai. N\u1ebfu th\u1eddi ti\u1ebft \u0111\u1eb9p, b\u1ea1n s\u1ebd th\u1ea5y ch\u00fang t\u00f4i \u1edf ngo\u00e0i tr\u1eddi \u2013 ch\u00fang t\u00f4i c\u1ed1 g\u1eafng h\u00edt th\u1edf kh\u00f4ng kh\u00ed trong l\u00e0nh v\u00e0 t\u1eafm n\u1eafng nhi\u1ec1u nh\u1ea5t c\u00f3 th\u1ec3. <\/p>\n\n\t\t\t\t\t\t\t\t\t\t\t\n\t\t\t\t\t\t\n\t\t\t\t\t\t\t\t\t\t\t\n\t\t\t\t\t\t\n\t\t\t\t\t\n\t\t\t\t\t\t\t\n\t\t\t\t<\/div>\t\n\n\t\t\t<\/div>\t\n\n\t\t\t\n\t\t<\/div>\n\n\t<\/div>\n\n\t    \n    \n    \t\n\t\t\t\t\n\t\t\t\t\t\t\t\t\t\t\t\n\t\t\t\n\t\t\t\t\t\t\t\t\t\t\t\t\t\t\t\t\n\t\t\t\t\t\t\t\t\t\t\t\t\t\t\t\t\n\t\t\t\t\t\t\t\t\t\t\t\t\t\n\t\t\t\t\t\t\t\t\n\t\t\t\n\t\t\t\t\t\t\t\t\t\t\t\t\t\t\t\t\t\t\t\t\t\t\t\t\t\t\t\t\t\t\t\t\t\t\t\n\t\n\t<div class=\"feature verticenter-ib\" data-layout=\"image-right\">\n\t\t\t\t\n\t\t<div class=\"grid\">\n\n\t\t\t\t\t\t\t\t\t\n\t\t\t\t<div class=\"grid__cell tablet__100 unit-5-12 push-7\">\n\t\t\t\t\t<figure class=\"fancy-border\">\n\t\t\t\t\t\t<img decoding=\"async\" loading=\"lazy\" src=\"https:\/\/i0.wp.com\/fkoafterschool.org\/wp-content\/uploads\/2024\/04\/IMG_4246-scaled.jpeg?resize=800%2C800&#038;ssl=1\" alt=\"\">\n\t\t\t\t\t<\/figure>\n\t\t\t\t<\/div>\t\n\n\t\t\t\t\t\t\t\t\t\n\t\t\t<div class=\"grid__cell tablet__100 unit-6-12 pull-5\">\n\n\t\t\t\t<div class=\"main-content\">\n\t\t\t\t\t\n\t\t\t\t\t\t\t\n\t\t\t\t\t\n\t\t\t\t\t<span class=\"pretitle\">\u0110i th\u1ef1c t\u1ebf<\/span>\t\t\t\t\t\t\t\t\t\t\t\t\t\t\t\t\t\n\t\t\t\t\t\t<h3>Ti\u1ebfn v\u00e0o c\u1ed9ng \u0111\u1ed3ng \u0111\u1ec3 ch\u01a1i v\u00e0 h\u1ecdc h\u1ecfi<\/h3>\n\n\t\t\t\t\t\t\n\t\t\t\t\t\t\t\t\t\t\n\t\t\t\t\t\t\t\n\t\t\t\t\t\n\t\t\t\t\t<p>Ra m\u1eaft m\u1ed9t \u0111\u1ed9i th\u1ec3 thao cho ch\u01b0\u01a1ng tr\u00ecnh h\u1ecdc t\u1eadp d\u1ef1a tr\u00ean d\u1ef1 \u00e1n? Ch\u00fang ta s\u1ebd gh\u00e9 th\u0103m c\u00e1c \u0111\u1ecba \u0111i\u1ec3m th\u1ec3 thao \u0111\u1ecba ph\u01b0\u01a1ng \u0111\u1ec3 xem t\u1eadn m\u1eaft c\u00e1ch ch\u00fang v\u1eadn h\u00e0nh, ho\u1eb7c \u0111\u1ebfn m\u1ed9t nh\u00e0 ph\u00e2n ph\u1ed1i qu\u1ea7n \u00e1o \u0111\u1ec3 xem c\u00e1ch s\u1ea3n xu\u1ea5t \u0111\u1ed3ng ph\u1ee5c! B\u1ea1n c\u0169ng c\u00f3 th\u1ec3 th\u1ea5y c\u1ea3 nh\u00f3m s\u1ebd c\u00f3 c\u00e1c chuy\u1ebfn \u0111i th\u1ef1c t\u1ebf trong su\u1ed1t tu\u1ea7n \u2013 b\u00e3i bi\u1ec3n, b\u1ea3o t\u00e0ng, c\u00f4ng vi\u00ean v\u00e0 nhi\u1ec1u \u0111\u1ecba \u0111i\u1ec3m th\u00fa v\u1ecb kh\u00e1c \u0111\u1ec3 kh\u00e1m ph\u00e1.<\/p>\n\n\t\t\t\t\t\t\t\t\t\t\t\n\t\t\t\t\t\t\n\t\t\t\t\t\t\t\t\t\t\t\n\t\t\t\t\t\t\n\t\t\t\t\t\n\t\t\t\t\t\t\t\n\t\t\t\t<\/div>\t\n\n\t\t\t<\/div>\t\n\n\t\t\t\n\t\t<\/div>\n\n\t<\/div>\n\n\t    \n    \n<\/div>\n\n\n\n<div class=\"whyy feature-wrap  bright-border de-inner white-bg\">\n\n\n    \t\n\t\t\t\t\n\t\t\t\t\t\t\t\t\t\t\t\n\t\t\t\n\t\t\t\t\t\t\t\t\t\n\t\t\t\t\t\t\t\t\t\t\t\t\t\t\t\t\n\t\t\t\t\t\t\t\t\t\t\t\t\t\n\t\t\t\t\t\t\t\t\t\t\t\t\t\t\t\t\t\t\t\t\t\t\t\t\t\t\t\n\t\t\t\t\t\t\t\t\t\t\t\t\t\t\t\t\t\t\t\t\t\t\t\t\t\t\n\t\t\t\t\t\t\t\t\t\t\t\t\t\t\t\t\t\t\t\t\t\t\t\t\t\t\t\t\t\t\t\t\t\t\t\n\t\n\t<div class=\"feature verticenter-ib\" data-layout=\"image-right\">\n\t\t\t\t\n\t\t<div class=\"grid\">\n\n\t\t\t\t\t\t\t\t\t\n\t\t\t\t<div class=\"grid__cell tablet__100 unit-5-12 push-7\">\n\t\t\t\t\t<figure class=\"centered-horizontal centered-vertical added-padding\">\n\t\t\t\t\t\t<img decoding=\"async\" loading=\"lazy\" src=\"https:\/\/i0.wp.com\/fkoafterschool.org\/wp-content\/uploads\/2019\/09\/icon_contact.png?resize=400%2C386&#038;ssl=1\" alt=\"enrollment icon\">\n\t\t\t\t\t<\/figure>\n\t\t\t\t<\/div>\t\n\n\t\t\t\t\t\t\t\t\t\n\t\t\t<div class=\"grid__cell tablet__100 unit-6-12 pull-5\">\n\n\t\t\t\t<div class=\"main-content\">\n\t\t\t\t\t\n\t\t\t\t\t\t\t\n\t\t\t\t\t\n\t\t\t\t\t\t\t\t\t\t\t\t\t\t\t\t\t\t\t\t\t\t\t<a href=\"http:\/\/fkoafterschool.org\/vi\/registration-financial-support\/\" target=\"_blank\">\n\t\t\t\t\t\t\t\t\t\t\t\t\n\t\t\t\t\t\t<h3>Chi ti\u1ebft \u0111\u0103ng k\u00fd <\/h3>\n\n\t\t\t\t\t\t\t\t\t\t\t\t\t<\/a>\n\t\t\t\t\t\t\n\t\t\t\t\t\t\t\t\t\t\n\t\t\t\t\t\t\t\n\t\t\t\t\t\n\t\t\t\t\t<p>H\u00e3y \u0111\u0103ng k\u00fd cho con b\u1ea1n m\u1ed9t m\u00f9a h\u00e8 v\u1edbi nh\u1eefng chuy\u1ebfn d\u00e3 ngo\u1ea1i vui nh\u1ed9n, kh\u00e1m ph\u00e1 s\u00e1ng t\u1ea1o, m\u00f4i tr\u01b0\u1eddng nu\u00f4i d\u01b0\u1ee1ng v\u00e0 h\u01b0\u1edbng d\u1eabn \u0111\u01b0a ra nh\u1eefng l\u1ef1a ch\u1ecdn l\u00e0nh m\u1ea1nh. Ch\u00fang t\u00f4i c\u00f3 th\u1ec3 h\u01b0\u1edbng d\u1eabn b\u1ea1n v\u1ec1 c\u00e1c t\u00f9y ch\u1ecdn \u0111\u0103ng k\u00fd v\u00e0 t\u00e0i tr\u1ee3 c\u00f3 s\u1eb5n cho gia \u0111\u00ecnh b\u1ea1n. <\/p>\n\n\t\t\t\t\t\t\t\t\t\t\t\n\t\t\t\t\t\t\n\t\t\t\t\t\t\t\t\t\t\t\n\t\t\t\t\t\t\n\t\t\t\t\t\t\t\t\t\t\t<a class=\"button\" href=\"http:\/\/fkoafterschool.org\/vi\/registration-financial-support\/\" target=\"_blank\">T\u00ecm hi\u1ec3u th\u00eam<\/a>\n\t\t\t\t\t\n\t\t\t\t\t\t\t\n\t\t\t\t<\/div>\t\n\n\t\t\t<\/div>\t\n\n\t\t\t\n\t\t<\/div>\n\n\t<\/div>\n\n\t    \n    \n<\/div>","protected":false},"excerpt":{"rendered":"","protected":false},"author":1,"featured_media":0,"parent":0,"menu_order":32,"comment_status":"closed","ping_status":"closed","template":"","meta":{"_acf_changed":false,"nf_dc_page":"","footnotes":""},"class_list":["post-13","page","type-page","status-publish","hentry"],"acf":[],"yoast_head":"<!-- This site is optimized with the Yoast SEO plugin v27.4 - https:\/\/yoast.com\/product\/yoast-seo-wordpress\/ -->\n<title>A Day at FKO Summer - For Kids Only Afterschool<\/title>\n<meta name=\"description\" content=\"From the minute your child arrives at our Summer program, our staff engages in activities that keep both their mind and body active.\" \/>\n<meta name=\"robots\" content=\"index, follow, max-snippet:-1, max-image-preview:large, max-video-preview:-1\" \/>\n<link rel=\"canonical\" href=\"https:\/\/fkoafterschool.org\/vi\/a-day-at-fko\/\" \/>\n<meta property=\"og:locale\" content=\"vi_VN\" \/>\n<meta property=\"og:type\" content=\"article\" \/>\n<meta property=\"og:title\" content=\"A Day at FKO Summer - For Kids Only Afterschool\" \/>\n<meta property=\"og:description\" content=\"From the minute your child arrives at our Summer program, our staff engages in activities that keep both their mind and body active.\" \/>\n<meta property=\"og:url\" content=\"https:\/\/fkoafterschool.org\/vi\/a-day-at-fko\/\" \/>\n<meta property=\"og:site_name\" content=\"For Kids Only Afterschool\" \/>\n<meta property=\"article:modified_time\" content=\"2024-04-23T17:02:47+00:00\" \/>\n<meta name=\"twitter:card\" content=\"summary_large_image\" \/>\n<script type=\"application\/ld+json\" class=\"yoast-schema-graph\">{\"@context\":\"https:\\\/\\\/schema.org\",\"@graph\":[{\"@type\":\"WebPage\",\"@id\":\"https:\\\/\\\/fkoafterschool.org\\\/a-day-at-fko\\\/\",\"url\":\"https:\\\/\\\/fkoafterschool.org\\\/a-day-at-fko\\\/\",\"name\":\"A Day at FKO Summer - For Kids Only Afterschool\",\"isPartOf\":{\"@id\":\"https:\\\/\\\/fkoafterschool.org\\\/#website\"},\"datePublished\":\"2019-04-24T18:31:31+00:00\",\"dateModified\":\"2024-04-23T17:02:47+00:00\",\"description\":\"From the minute your child arrives at our Summer program, our staff engages in activities that keep both their mind and body active.\",\"breadcrumb\":{\"@id\":\"https:\\\/\\\/fkoafterschool.org\\\/a-day-at-fko\\\/#breadcrumb\"},\"inLanguage\":\"vi\",\"potentialAction\":[{\"@type\":\"ReadAction\",\"target\":[\"https:\\\/\\\/fkoafterschool.org\\\/a-day-at-fko\\\/\"]}]},{\"@type\":\"BreadcrumbList\",\"@id\":\"https:\\\/\\\/fkoafterschool.org\\\/a-day-at-fko\\\/#breadcrumb\",\"itemListElement\":[{\"@type\":\"ListItem\",\"position\":1,\"name\":\"Home\",\"item\":\"https:\\\/\\\/fkoafterschool.org\\\/\"},{\"@type\":\"ListItem\",\"position\":2,\"name\":\"A Day at FKO Summer\"}]},{\"@type\":\"WebSite\",\"@id\":\"https:\\\/\\\/fkoafterschool.org\\\/#website\",\"url\":\"https:\\\/\\\/fkoafterschool.org\\\/\",\"name\":\"For Kids Only Afterschool\",\"description\":\"Just another WordPress site\",\"potentialAction\":[{\"@type\":\"SearchAction\",\"target\":{\"@type\":\"EntryPoint\",\"urlTemplate\":\"https:\\\/\\\/fkoafterschool.org\\\/?s={search_term_string}\"},\"query-input\":{\"@type\":\"PropertyValueSpecification\",\"valueRequired\":true,\"valueName\":\"search_term_string\"}}],\"inLanguage\":\"vi\"}]}<\/script>\n<!-- \/ Yoast SEO plugin. -->","yoast_head_json":{"title":"A Day at FKO Summer - For Kids Only Afterschool","description":"From the minute your child arrives at our Summer program, our staff engages in activities that keep both their mind and body active.","robots":{"index":"index","follow":"follow","max-snippet":"max-snippet:-1","max-image-preview":"max-image-preview:large","max-video-preview":"max-video-preview:-1"},"canonical":"https:\/\/fkoafterschool.org\/vi\/a-day-at-fko\/","og_locale":"vi_VN","og_type":"article","og_title":"A Day at FKO Summer - For Kids Only Afterschool","og_description":"From the minute your child arrives at our Summer program, our staff engages in activities that keep both their mind and body active.","og_url":"https:\/\/fkoafterschool.org\/vi\/a-day-at-fko\/","og_site_name":"For Kids Only Afterschool","article_modified_time":"2024-04-23T17:02:47+00:00","twitter_card":"summary_large_image","schema":{"@context":"https:\/\/schema.org","@graph":[{"@type":"WebPage","@id":"https:\/\/fkoafterschool.org\/a-day-at-fko\/","url":"https:\/\/fkoafterschool.org\/a-day-at-fko\/","name":"A Day at FKO Summer - For Kids Only Afterschool","isPartOf":{"@id":"https:\/\/fkoafterschool.org\/#website"},"datePublished":"2019-04-24T18:31:31+00:00","dateModified":"2024-04-23T17:02:47+00:00","description":"From the minute your child arrives at our Summer program, our staff engages in activities that keep both their mind and body active.","breadcrumb":{"@id":"https:\/\/fkoafterschool.org\/a-day-at-fko\/#breadcrumb"},"inLanguage":"vi","potentialAction":[{"@type":"ReadAction","target":["https:\/\/fkoafterschool.org\/a-day-at-fko\/"]}]},{"@type":"BreadcrumbList","@id":"https:\/\/fkoafterschool.org\/a-day-at-fko\/#breadcrumb","itemListElement":[{"@type":"ListItem","position":1,"name":"Home","item":"https:\/\/fkoafterschool.org\/"},{"@type":"ListItem","position":2,"name":"A Day at FKO Summer"}]},{"@type":"WebSite","@id":"https:\/\/fkoafterschool.org\/#website","url":"https:\/\/fkoafterschool.org\/","name":"Ch\u1ec9 D\u00e0nh Cho Tr\u1ebb Em Sau Gi\u1edd H\u1ecdc","description":"Just another WordPress site","potentialAction":[{"@type":"SearchAction","target":{"@type":"EntryPoint","urlTemplate":"https:\/\/fkoafterschool.org\/?s={search_term_string}"},"query-input":{"@type":"PropertyValueSpecification","valueRequired":true,"valueName":"search_term_string"}}],"inLanguage":"vi"}]}},"jetpack_sharing_enabled":true,"_links":{"self":[{"href":"https:\/\/fkoafterschool.org\/vi\/wp-json\/wp\/v2\/pages\/13","targetHints":{"allow":["GET"]}}],"collection":[{"href":"https:\/\/fkoafterschool.org\/vi\/wp-json\/wp\/v2\/pages"}],"about":[{"href":"https:\/\/fkoafterschool.org\/vi\/wp-json\/wp\/v2\/types\/page"}],"author":[{"embeddable":true,"href":"https:\/\/fkoafterschool.org\/vi\/wp-json\/wp\/v2\/users\/1"}],"replies":[{"embeddable":true,"href":"https:\/\/fkoafterschool.org\/vi\/wp-json\/wp\/v2\/comments?post=13"}],"version-history":[{"count":4,"href":"https:\/\/fkoafterschool.org\/vi\/wp-json\/wp\/v2\/pages\/13\/revisions"}],"predecessor-version":[{"id":10603,"href":"https:\/\/fkoafterschool.org\/vi\/wp-json\/wp\/v2\/pages\/13\/revisions\/10603"}],"wp:attachment":[{"href":"https:\/\/fkoafterschool.org\/vi\/wp-json\/wp\/v2\/media?parent=13"}],"curies":[{"name":"wp","href":"https:\/\/api.w.org\/{rel}","templated":true}]}}