{"id":11,"date":"2019-04-24T18:31:17","date_gmt":"2019-04-24T18:31:17","guid":{"rendered":"http:\/\/dev.local.com\/?page_id=11"},"modified":"2020-09-03T00:29:40","modified_gmt":"2020-09-03T00:29:40","slug":"our-programs","status":"publish","type":"page","link":"https:\/\/fkoafterschool.org\/vi\/our-programs\/","title":{"rendered":"C\u00e1c ch\u01b0\u01a1ng tr\u00ecnh c\u1ee7a ch\u00fang ta"},"content":{"rendered":"<div class=\"de-inner hero-wrap wavey-bottom stacked\">\n\t<div class=\"hero   coverit\" style=\"background-image: url('https:\/\/i0.wp.com\/fkoafterschool.org\/wp-content\/uploads\/2019\/09\/image7.jpg?resize=1200%2C800&#038;ssl=1');\">\n\n\t\t\t\t\t\t\t\t\t<div class=\"image-wrap wavey-bottom  coverit\" style=\"background-image: url('https:\/\/i0.wp.com\/fkoafterschool.org\/wp-content\/uploads\/2019\/09\/image7.jpg?resize=1200%2C800&#038;ssl=1');\">\n\t\t\t\t\t<img decoding=\"async\" loading=\"lazy\" src=\"https:\/\/i0.wp.com\/fkoafterschool.org\/wp-content\/uploads\/2019\/09\/image7.jpg?resize=1200%2C800&#038;ssl=1\" alt=\"young boy playing the trumpet\" \/>\n\t\t\t\t<\/div>\t\n\t\t\t\t\n\t\t\t\t\n\t\t<div class=\"inner-wrap\">\n\t\t\t\t\t\t<div class=\"grid aligncenter\">\n\t\t\t\t<div class=\"grid__cell unit-8-12 tablet__100 aligncenter\">\n\t\t\t\t\t<h2 class=\"screenreader\">C\u00e1c ch\u01b0\u01a1ng tr\u00ecnh c\u1ee7a ch\u00fang ta<\/h2>\t\n\t\t\t\t<\/div>\n\t\t\t\t\n\t\t\t\t<div class=\"grid__cell unit-6-12 tablet__100 desktop__75 aligncenter\">\t\n\n\t\t\t\t    \t\t\t\t\t\t\t\n\t\t\t\t\t\t\t<p class=\"subhead\">Ch\u00fang t\u00f4i ph\u1ee5c v\u1ee5 c\u1ed9ng \u0111\u1ed3ng \u0111\u1ecba ph\u01b0\u01a1ng quanh n\u0103m v\u1edbi c\u00e1c ch\u01b0\u01a1ng tr\u00ecnh ngo\u00e0i gi\u1edd h\u1ecdc \u0111\u01b0\u1ee3c c\u1ea5p ph\u00e9p b\u1edfi B\u1ed9 Gi\u00e1o d\u1ee5c S\u1edbm v\u00e0 Ch\u0103m s\u00f3c Tr\u1ebb em Massachusetts (EEC).<\/p>\n\n\t\t\t        \t\n\t\t\t\t<\/div>\n\n\t\t\t\t\t\t\t<\/div>\t\t\n\t\t<\/div>\n\n\t<\/div>\n<\/div>\n\n\n\t\n\t\n\n\n\t\t\n\n\t\t\n\n\t\n\t\n\t\n\t\n\t\n\n\n<div class=\"custom-archive\">\n\n\n\t\t\t\t\n\t\t<div class=\"item-series-wrap\" data-layout=\"overlayed\">\n\t\t\t<div class=\"item-series\">\n\n\t\t\t\t<div class=\"three-columns tabs\" data-archive-layout=\"overlayed\">\n\t\t    \t\n    \t\t\t\t\n\t\n\n\n\t\t\n\t\n\t<div class=\"aligncenter\">\n\t\t<h2>Ch\u01b0\u01a1ng tr\u00ecnh c\u1ed1t l\u00f5i<\/h2>\n\t\t\t\t\t<p class=\"grey caps after-title\">C\u00f3 s\u1eb5n t\u1ea1i t\u1ea5t c\u1ea3 c\u00e1c c\u1ed9ng \u0111\u1ed3ng c\u1ee7a ch\u00fang t\u00f4i<\/p>\n\t\t\t<\/div>\t\n\n\t<div class=\"flex-grid grid\">\n\n\t\t\n\n\t\t\t\t\n\t\t\n\n\n\t\t\n\n\n\n\t\t\t\t\t\n\n\n\t\n\n\t\t\t\n\n\t\t\t<div class=\"cell grid__cell\" data-id=\"381\" data-action=\"isogrid-sort\" data-category=\"core-programs\">\n\n\t<article class=\"item\" data-mh=\"item\">\n\n\t\t\n\t\t\t\t\n\t\t\t    \t\t\t\t<a href=\"https:\/\/fkoafterschool.org\/vi\/programs\/afterschool-program\/\" target=\"\">\n\t\t\t\t\t\t        <figure class=\"\">\n\t\t\t\t\t\t\t     \t   <img decoding=\"async\" loading=\"lazy\" src=\"https:\/\/i0.wp.com\/fkoafterschool.org\/wp-content\/uploads\/2019\/06\/BV2A5181.jpg?resize=800%2C800&#038;ssl=1\" alt=\"afterschool program\" \/>\n\t\t    \t<\/figure>\n\t\t\t    \t\t\t\t<\/a>\n\t\t\t\t\t\t    \t\n\t\t\t\n\t\t\n\t\t\t<div class=\"main-content\" data-mh='mainer'>\n\n\t\t        \t\t\t\t\n\t\t\t\t\t\t\n\t\t\t\t\n\t\t\t\t\t\t\t\t\t\t\t\t\t        \t\t\t        \t\t\t\t\t\t\t<a href=\"https:\/\/fkoafterschool.org\/vi\/programs\/afterschool-program\/\" target=\"\">\n\t\t\t\t\t\t\t\t\t        \t<h3 >Sau gi\u1edd h\u1ecdc<\/h3>\n\n\t\t\t\t\t\t\n\t\t\t\t\t\t\t\t\t\t\t\t<\/a>\n\t\t\t\t\t\t\t\t\t        \t\t\t\t\t\t\t\t\t\t\t\t\t\t\t<p>C\u00e1c ch\u01b0\u01a1ng tr\u00ecnh sau gi\u1edd h\u1ecdc c\u1ee7a ch\u00fang t\u00f4i cung c\u1ea5p m\u1ed9t m\u00f4i tr\u01b0\u1eddng an to\u00e0n, k\u00edch th\u00edch v\u00e0 th\u00fa v\u1ecb t\u1eeb th\u1ee9 Hai \u0111\u1ebfn th\u1ee9 S\u00e1u, t\u1eeb khi tan tr\u01b0\u1eddng \u0111\u1ebfn 5:30 chi\u1ec1u.<\/p>\n\n\t\t\t\t\t\t\n\t\t\t\t\t\t\t\t\t\t\t\t\t\t\t\t\t\t\t\t\t\t\t\t\t\t\t\t\t\t\t\t\t\t\t\t\t\t\t\t\t\t<a class=\"caps\" href=\"https:\/\/fkoafterschool.org\/vi\/programs\/afterschool-program\/\" target=\"\">\u0110\u1ecdc th\u00eam<\/a>\n\t\t\t\t\n\t\t\t\t\n\t\t\t<\/div>\n\t\t\t\n\t\t\n\t\t\t\n\t\t\n\t\t\n\t\t\n\t<\/article>\n<\/div>\t\t\t\n\n\t\t\n\t    \t\t\n\t\t\n\n\n\t\t\n\n\n\n\t\t\t\t\t\n\n\n\t\n\n\t\t\t\n\n\t\t\t<div class=\"cell grid__cell\" data-id=\"379\" data-action=\"isogrid-sort\" data-category=\"core-programs\">\n\n\t<article class=\"item\" data-mh=\"item\">\n\n\t\t\n\t\t\t\t\n\t\t\t    \t\t\t\t<a href=\"https:\/\/fkoafterschool.org\/vi\/programs\/summer-program\/\" target=\"\">\n\t\t\t\t\t\t        <figure class=\"\">\n\t\t\t\t\t\t\t     \t   <img decoding=\"async\" loading=\"lazy\" src=\"https:\/\/i0.wp.com\/fkoafterschool.org\/wp-content\/uploads\/2019\/09\/learning-4.jpg?resize=800%2C800&#038;ssl=1\" alt=\"\" \/>\n\t\t    \t<\/figure>\n\t\t\t    \t\t\t\t<\/a>\n\t\t\t\t\t\t    \t\n\t\t\t\n\t\t\n\t\t\t<div class=\"main-content\" data-mh='mainer'>\n\n\t\t        \t\t\t\t\n\t\t\t\t\t\t\n\t\t\t\t\n\t\t\t\t\t\t\t\t\t\t\t\t\t        \t\t\t        \t\t\t\t\t\t\t<a href=\"https:\/\/fkoafterschool.org\/vi\/programs\/summer-program\/\" target=\"\">\n\t\t\t\t\t\t\t\t\t        \t<h3 >H\u00e8<\/h3>\n\n\t\t\t\t\t\t\n\t\t\t\t\t\t\t\t\t\t\t\t<\/a>\n\t\t\t\t\t\t\t\t\t        \t\t\t\t\t\t\t\t\t\t\t\t\t\t\t<p>H\u00e3y cho con b\u1ea1n k\u1ef3 ngh\u1ec9 h\u00e8 trong m\u01a1. C\u00e1c ch\u01b0\u01a1ng tr\u00ecnh h\u00e8 di\u1ec5n ra t\u1eeb 7 gi\u1edd s\u00e1ng \u0111\u1ebfn 5 gi\u1edd 30 chi\u1ec1u, Th\u1ee9 Hai \u0111\u1ebfn Th\u1ee9 S\u00e1u.<\/p>\n\n\t\t\t\t\t\t\n\t\t\t\t\t\t\t\t\t\t\t\t\t\t\t\t\t\t\t\t\t\t\t\t\t\t\t\t\t\t\t\t\t\t\t\t\t\t\t\t\t\t<a class=\"caps\" href=\"https:\/\/fkoafterschool.org\/vi\/programs\/summer-program\/\" target=\"\">\u0110\u1ecdc th\u00eam<\/a>\n\t\t\t\t\n\t\t\t\t\n\t\t\t<\/div>\n\t\t\t\n\t\t\n\t\t\t\n\t\t\n\t\t\n\t\t\n\t<\/article>\n<\/div>\t\t\t\n\n\t\t\n\t    \t\t\n\t\t\n\n\n\t\t\n\n\n\n\t\t\t\t\t\n\n\n\t\n\n\t\t\t\n\n\t\t\t<div class=\"cell grid__cell\" data-id=\"377\" data-action=\"isogrid-sort\" data-category=\"core-programs\">\n\n\t<article class=\"item\" data-mh=\"item\">\n\n\t\t\n\t\t\t\t\n\t\t\t    \t\t\t\t<a href=\"https:\/\/fkoafterschool.org\/vi\/programs\/vacation-program\/\" target=\"\">\n\t\t\t\t\t\t        <figure class=\"\">\n\t\t\t\t\t\t\t     \t   <img decoding=\"async\" loading=\"lazy\" src=\"https:\/\/i0.wp.com\/fkoafterschool.org\/wp-content\/uploads\/2019\/06\/VACATIONWEEK.jpeg?resize=800%2C800&#038;ssl=1\" alt=\"school vacation\" \/>\n\t\t    \t<\/figure>\n\t\t\t    \t\t\t\t<\/a>\n\t\t\t\t\t\t    \t\n\t\t\t\n\t\t\n\t\t\t<div class=\"main-content\" data-mh='mainer'>\n\n\t\t        \t\t\t\t\n\t\t\t\t\t\t\n\t\t\t\t\n\t\t\t\t\t\t\t\t\t\t\t\t\t        \t\t\t        \t\t\t\t\t\t\t<a href=\"https:\/\/fkoafterschool.org\/vi\/programs\/vacation-program\/\" target=\"\">\n\t\t\t\t\t\t\t\t\t        \t<h3 >Ngh\u1ec9 h\u00e8<\/h3>\n\n\t\t\t\t\t\t\n\t\t\t\t\t\t\t\t\t\t\t\t<\/a>\n\t\t\t\t\t\t\t\t\t        \t\t\t\t\t\t\t\t\t\t\t\t\t\t\t<p>V\u1edbi l\u1eadp tr\u00ecnh t\u1eeb 7 gi\u1edd s\u00e1ng \u0111\u1ebfn 5:30 chi\u1ec1u, tr\u1ebb em n\u1ea1p l\u1ea1i n\u0103ng l\u01b0\u1ee3ng v\u00e0o nh\u1eefng ng\u00e0y ngh\u1ec9 h\u1ecdc, \u0111\u1ed3ng th\u1eddi h\u1ecdc h\u1ecfi v\u00e0 ph\u00e1t tri\u1ec3n.<\/p>\n\n\t\t\t\t\t\t\n\t\t\t\t\t\t\t\t\t\t\t\t\t\t\t\t\t\t\t\t\t\t\t\t\t\t\t\t\t\t\t\t\t\t\t\t\t\t\t\t\t\t<a class=\"caps\" href=\"https:\/\/fkoafterschool.org\/vi\/programs\/vacation-program\/\" target=\"\">\u0110\u1ecdc th\u00eam<\/a>\n\t\t\t\t\n\t\t\t\t\n\t\t\t<\/div>\n\t\t\t\n\t\t\n\t\t\t\n\t\t\n\t\t\n\t\t\n\t<\/article>\n<\/div>\t\t\t\n\n\t\t\n\t    \n\n\t\n\t<\/div>\t  \n\n\t\n\t\n\n\t\t\n\t\n\t<div class=\"aligncenter\">\n\t\t<h2>Chuy\u00ean ng\u00e0nh c\u1ed9ng \u0111\u1ed3ng<\/h2>\n\t\t\t\t\t<p class=\"grey caps after-title\">C\u00f3 s\u1eb5n \u1edf m\u1ed9t s\u1ed1 c\u1ed9ng \u0111\u1ed3ng c\u1ee7a ch\u00fang t\u00f4i<\/p>\n\t\t\t<\/div>\t\n\n\t<div class=\"flex-grid grid\">\n\n\t\t\n\n\t\t\t\t\n\t\t\n\n\n\t\t\n\n\n\n\t\t\t\t\t\n\n\n\t\n\n\t\t\t\n\n\t\t\t<div class=\"cell grid__cell\" data-id=\"440\" data-action=\"isogrid-sort\" data-category=\"community-specialties\">\n\n\t<article class=\"item\" data-mh=\"item\">\n\n\t\t\n\t\t\t\t\n\t\t\t    \t\t\t\t<a href=\"https:\/\/fkoafterschool.org\/vi\/programs\/before-the-bell\/\" target=\"\">\n\t\t\t\t\t\t        <figure class=\"\">\n\t\t\t\t\t\t\t     \t   <img decoding=\"async\" loading=\"lazy\" src=\"https:\/\/i0.wp.com\/fkoafterschool.org\/wp-content\/uploads\/2019\/06\/BV2A1427-1.jpg?resize=800%2C800&#038;ssl=1\" alt=\"before the bell program\" \/>\n\t\t    \t<\/figure>\n\t\t\t    \t\t\t\t<\/a>\n\t\t\t\t\t\t    \t\n\t\t\t\n\t\t\n\t\t\t<div class=\"main-content\" data-mh='mainer'>\n\n\t\t        \t\t\t\t\n\t\t\t\t\t\t\n\t\t\t\t\n\t\t\t\t\t\t\t\t\t\t\t\t\t        \t\t\t        \t\t\t\t\t\t\t<a href=\"https:\/\/fkoafterschool.org\/vi\/programs\/before-the-bell\/\" target=\"\">\n\t\t\t\t\t\t\t\t\t        \t<h3 >Tr\u01b0\u1edbc gi\u1edd G<\/h3>\n\n\t\t\t\t\t\t\n\t\t\t\t\t\t\t\t\t\t\t\t<\/a>\n\t\t\t\t\t\t\t\t\t        \t\t\t\t\t\t\t\t\t\t\t\t\t\t\t<p>An t\u00e2m khi con b\u1ea1n \u0111\u01b0\u1ee3c ch\u0103m s\u00f3c tr\u01b0\u1edbc gi\u1edd h\u1ecdc. Ch\u1ec9 c\u00f3 t\u1ea1i Peabody t\u1eeb 7:15 s\u00e1ng \u0111\u1ebfn 9 gi\u1edd s\u00e1ng, Th\u1ee9 Hai \u0111\u1ebfn Th\u1ee9 S\u00e1u.<\/p>\n\n\t\t\t\t\t\t\n\t\t\t\t\t\t\t\t\t\t\t\t\t\t\t\t\t\t\t\t\t\t\t\t\t\t\t\t\t\t\t\t\t\t\t\t\t\t\t\t\t\t<a class=\"caps\" href=\"https:\/\/fkoafterschool.org\/vi\/programs\/before-the-bell\/\" target=\"\">\u0110\u1ecdc th\u00eam<\/a>\n\t\t\t\t\n\t\t\t\t\n\t\t\t<\/div>\n\t\t\t\n\t\t\n\t\t\t\n\t\t\n\t\t\n\t\t\n\t<\/article>\n<\/div>\t\t\t\n\n\t\t\n\t    \t\t\n\t\t\n\n\n\t\t\n\n\n\n\t\t\t\t\t\n\n\n\t\n\n\t\t\t\n\n\t\t\t<div class=\"cell grid__cell\" data-id=\"437\" data-action=\"isogrid-sort\" data-category=\"community-specialties\">\n\n\t<article class=\"item\" data-mh=\"item\">\n\n\t\t\n\t\t\t\t\n\t\t\t    \t\t\t\t<a href=\"https:\/\/fkoafterschool.org\/vi\/programs\/youth-in-motion\/\" target=\"\">\n\t\t\t\t\t\t        <figure class=\"\">\n\t\t\t\t\t\t\t     \t   <img decoding=\"async\" loading=\"lazy\" src=\"https:\/\/i0.wp.com\/fkoafterschool.org\/wp-content\/uploads\/2019\/06\/image12-2.jpg?resize=784%2C784&#038;ssl=1\" alt=\"Youth in Motion Revere MA\" \/>\n\t\t    \t<\/figure>\n\t\t\t    \t\t\t\t<\/a>\n\t\t\t\t\t\t    \t\n\t\t\t\n\t\t\n\t\t\t<div class=\"main-content\" data-mh='mainer'>\n\n\t\t        \t\t\t\t\n\t\t\t\t\t\t\n\t\t\t\t\n\t\t\t\t\t\t\t\t\t\t\t\t\t        \t\t\t        \t\t\t\t\t\t\t<a href=\"https:\/\/fkoafterschool.org\/vi\/programs\/youth-in-motion\/\" target=\"\">\n\t\t\t\t\t\t\t\t\t        \t<h3 >Thanh xu\u00e2n chuy\u1ec3n \u0111\u1ed9ng<\/h3>\n\n\t\t\t\t\t\t\n\t\t\t\t\t\t\t\t\t\t\t\t<\/a>\n\t\t\t\t\t\t\t\t\t        \t\t\t\t\t\t\t\t\t\t\t\t\t\t\t<p>Youth in Motion l\u00e0 m\u1ed9t kh\u00f4ng gian r\u1ed9ng 8.000 foot vu\u00f4ng \u1edf Revere, n\u01a1i tr\u1ebb em \u0111\u01b0\u1ee3c vui ch\u01a1i v\u1eadn \u0111\u1ed9ng v\u00e0 h\u1ecdc t\u1eadp c\u00e1 nh\u00e2n h\u00f3a v\u1edbi m\u1ee5c ti\u00eau t\u1ea1o d\u1ef1ng nh\u1eefng l\u1ef1a ch\u1ecdn l\u1ed1i s\u1ed1ng l\u00e0nh m\u1ea1nh.<\/p>\n\n\t\t\t\t\t\t\n\t\t\t\t\t\t\t\t\t\t\t\t\t\t\t\t\t\t\t\t\t\t\t\t\t\t\t\t\t\t\t\t\t\t\t\t\t\t\t\t\t\t<a class=\"caps\" href=\"https:\/\/fkoafterschool.org\/vi\/programs\/youth-in-motion\/\" target=\"\">\u0110\u1ecdc th\u00eam<\/a>\n\t\t\t\t\n\t\t\t\t\n\t\t\t<\/div>\n\t\t\t\n\t\t\n\t\t\t\n\t\t\n\t\t\n\t\t\n\t<\/article>\n<\/div>\t\t\t\n\n\t\t\n\t    \n\n\t\n\t<\/div>\t  \n\n\t\n\t\n\n    \t\t\t<\/div>\n    \t\t\t\n    \t\t<\/div>\n    \t<\/div>\t\t\t\n\n\t\t\t\n<\/div>\n\n\n\n<div class=\"blue-bg de-inner\"><\/div>\n\n\n<p><\/p>","protected":false},"excerpt":{"rendered":"<p>Ch\u00fang t\u00f4i ph\u1ee5c v\u1ee5 c\u1ed9ng \u0111\u1ed3ng \u0111\u1ecba ph\u01b0\u01a1ng quanh n\u0103m v\u1edbi c\u00e1c ch\u01b0\u01a1ng tr\u00ecnh ngo\u00e0i gi\u1edd h\u1ecdc \u0111\u01b0\u1ee3c c\u1ea5p ph\u00e9p b\u1edfi B\u1ed9 Gi\u00e1o d\u1ee5c S\u1edbm v\u00e0 Ch\u0103m s\u00f3c Tr\u1ebb em Massachusetts (EEC).<\/p>","protected":false},"author":1,"featured_media":0,"parent":0,"menu_order":33,"comment_status":"closed","ping_status":"closed","template":"","meta":{"_acf_changed":false,"nf_dc_page":"","footnotes":""},"class_list":["post-11","page","type-page","status-publish","hentry"],"acf":[],"yoast_head":"<!-- This site is optimized with the Yoast SEO plugin v27.4 - https:\/\/yoast.com\/product\/yoast-seo-wordpress\/ -->\n<title>Our Programs - For Kids Only Afterschool<\/title>\n<meta name=\"description\" content=\"We serve local communities all year round with out-of-school time programs licensed by the Department of Early Education and Care (EEC).\" \/>\n<meta name=\"robots\" content=\"index, follow, max-snippet:-1, max-image-preview:large, max-video-preview:-1\" \/>\n<link rel=\"canonical\" href=\"https:\/\/fkoafterschool.org\/vi\/our-programs\/\" \/>\n<meta property=\"og:locale\" content=\"vi_VN\" \/>\n<meta property=\"og:type\" content=\"article\" \/>\n<meta property=\"og:title\" content=\"Our Programs - For Kids Only Afterschool\" \/>\n<meta property=\"og:description\" content=\"We serve local communities all year round with out-of-school time programs licensed by the Department of Early Education and Care (EEC).\" \/>\n<meta property=\"og:url\" content=\"https:\/\/fkoafterschool.org\/vi\/our-programs\/\" \/>\n<meta property=\"og:site_name\" content=\"For Kids Only Afterschool\" \/>\n<meta property=\"article:modified_time\" content=\"2020-09-03T00:29:40+00:00\" \/>\n<meta name=\"twitter:card\" content=\"summary_large_image\" \/>\n<script type=\"application\/ld+json\" class=\"yoast-schema-graph\">{\"@context\":\"https:\\\/\\\/schema.org\",\"@graph\":[{\"@type\":\"WebPage\",\"@id\":\"https:\\\/\\\/fkoafterschool.org\\\/our-programs\\\/\",\"url\":\"https:\\\/\\\/fkoafterschool.org\\\/our-programs\\\/\",\"name\":\"Our Programs - For Kids Only Afterschool\",\"isPartOf\":{\"@id\":\"https:\\\/\\\/fkoafterschool.org\\\/#website\"},\"datePublished\":\"2019-04-24T18:31:17+00:00\",\"dateModified\":\"2020-09-03T00:29:40+00:00\",\"description\":\"We serve local communities all year round with out-of-school time programs licensed by the Department of Early Education and Care (EEC).\",\"breadcrumb\":{\"@id\":\"https:\\\/\\\/fkoafterschool.org\\\/our-programs\\\/#breadcrumb\"},\"inLanguage\":\"vi\",\"potentialAction\":[{\"@type\":\"ReadAction\",\"target\":[\"https:\\\/\\\/fkoafterschool.org\\\/our-programs\\\/\"]}]},{\"@type\":\"BreadcrumbList\",\"@id\":\"https:\\\/\\\/fkoafterschool.org\\\/our-programs\\\/#breadcrumb\",\"itemListElement\":[{\"@type\":\"ListItem\",\"position\":1,\"name\":\"Home\",\"item\":\"https:\\\/\\\/fkoafterschool.org\\\/\"},{\"@type\":\"ListItem\",\"position\":2,\"name\":\"Our Programs\"}]},{\"@type\":\"WebSite\",\"@id\":\"https:\\\/\\\/fkoafterschool.org\\\/#website\",\"url\":\"https:\\\/\\\/fkoafterschool.org\\\/\",\"name\":\"For Kids Only Afterschool\",\"description\":\"Just another WordPress site\",\"potentialAction\":[{\"@type\":\"SearchAction\",\"target\":{\"@type\":\"EntryPoint\",\"urlTemplate\":\"https:\\\/\\\/fkoafterschool.org\\\/?s={search_term_string}\"},\"query-input\":{\"@type\":\"PropertyValueSpecification\",\"valueRequired\":true,\"valueName\":\"search_term_string\"}}],\"inLanguage\":\"vi\"}]}<\/script>\n<!-- \/ Yoast SEO plugin. -->","yoast_head_json":{"title":"Our Programs - For Kids Only Afterschool","description":"We serve local communities all year round with out-of-school time programs licensed by the Department of Early Education and Care (EEC).","robots":{"index":"index","follow":"follow","max-snippet":"max-snippet:-1","max-image-preview":"max-image-preview:large","max-video-preview":"max-video-preview:-1"},"canonical":"https:\/\/fkoafterschool.org\/vi\/our-programs\/","og_locale":"vi_VN","og_type":"article","og_title":"Our Programs - For Kids Only Afterschool","og_description":"We serve local communities all year round with out-of-school time programs licensed by the Department of Early Education and Care (EEC).","og_url":"https:\/\/fkoafterschool.org\/vi\/our-programs\/","og_site_name":"For Kids Only Afterschool","article_modified_time":"2020-09-03T00:29:40+00:00","twitter_card":"summary_large_image","schema":{"@context":"https:\/\/schema.org","@graph":[{"@type":"WebPage","@id":"https:\/\/fkoafterschool.org\/our-programs\/","url":"https:\/\/fkoafterschool.org\/our-programs\/","name":"Our Programs - For Kids Only Afterschool","isPartOf":{"@id":"https:\/\/fkoafterschool.org\/#website"},"datePublished":"2019-04-24T18:31:17+00:00","dateModified":"2020-09-03T00:29:40+00:00","description":"We serve local communities all year round with out-of-school time programs licensed by the Department of Early Education and Care (EEC).","breadcrumb":{"@id":"https:\/\/fkoafterschool.org\/our-programs\/#breadcrumb"},"inLanguage":"vi","potentialAction":[{"@type":"ReadAction","target":["https:\/\/fkoafterschool.org\/our-programs\/"]}]},{"@type":"BreadcrumbList","@id":"https:\/\/fkoafterschool.org\/our-programs\/#breadcrumb","itemListElement":[{"@type":"ListItem","position":1,"name":"Home","item":"https:\/\/fkoafterschool.org\/"},{"@type":"ListItem","position":2,"name":"Our Programs"}]},{"@type":"WebSite","@id":"https:\/\/fkoafterschool.org\/#website","url":"https:\/\/fkoafterschool.org\/","name":"Ch\u1ec9 D\u00e0nh Cho Tr\u1ebb Em Sau Gi\u1edd H\u1ecdc","description":"Just another WordPress site","potentialAction":[{"@type":"SearchAction","target":{"@type":"EntryPoint","urlTemplate":"https:\/\/fkoafterschool.org\/?s={search_term_string}"},"query-input":{"@type":"PropertyValueSpecification","valueRequired":true,"valueName":"search_term_string"}}],"inLanguage":"vi"}]}},"jetpack_sharing_enabled":true,"_links":{"self":[{"href":"https:\/\/fkoafterschool.org\/vi\/wp-json\/wp\/v2\/pages\/11","targetHints":{"allow":["GET"]}}],"collection":[{"href":"https:\/\/fkoafterschool.org\/vi\/wp-json\/wp\/v2\/pages"}],"about":[{"href":"https:\/\/fkoafterschool.org\/vi\/wp-json\/wp\/v2\/types\/page"}],"author":[{"embeddable":true,"href":"https:\/\/fkoafterschool.org\/vi\/wp-json\/wp\/v2\/users\/1"}],"replies":[{"embeddable":true,"href":"https:\/\/fkoafterschool.org\/vi\/wp-json\/wp\/v2\/comments?post=11"}],"version-history":[{"count":29,"href":"https:\/\/fkoafterschool.org\/vi\/wp-json\/wp\/v2\/pages\/11\/revisions"}],"predecessor-version":[{"id":5177,"href":"https:\/\/fkoafterschool.org\/vi\/wp-json\/wp\/v2\/pages\/11\/revisions\/5177"}],"wp:attachment":[{"href":"https:\/\/fkoafterschool.org\/vi\/wp-json\/wp\/v2\/media?parent=11"}],"curies":[{"name":"wp","href":"https:\/\/api.w.org\/{rel}","templated":true}]}}