{"id":1022,"date":"2019-09-13T18:01:25","date_gmt":"2019-09-13T18:01:25","guid":{"rendered":"https:\/\/fkoafterschool.org\/?page_id=1022"},"modified":"2021-09-08T19:22:48","modified_gmt":"2021-09-08T19:22:48","slug":"a-day-at-fko-afterschool","status":"publish","type":"page","link":"https:\/\/fkoafterschool.org\/vi\/a-day-at-fko-afterschool\/","title":{"rendered":"M\u1ed9t ng\u00e0y \u1edf FKO Sau gi\u1edd h\u1ecdc"},"content":{"rendered":"<div class=\"de-inner hero-wrap wavey-bottom stacked\">\n\t<div class=\"hero   coverit\" style=\"background-image: url('https:\/\/i0.wp.com\/fkoafterschool.org\/wp-content\/uploads\/2019\/10\/BV2A7446.jpeg?resize=1200%2C800&#038;ssl=1');\">\n\n\t\t\t\t\t\t\t\t\t<div class=\"image-wrap wavey-bottom  coverit\" style=\"background-image: url('https:\/\/i0.wp.com\/fkoafterschool.org\/wp-content\/uploads\/2019\/10\/BV2A7446.jpeg?resize=1200%2C800&#038;ssl=1');\">\n\t\t\t\t\t<img decoding=\"async\" loading=\"lazy\" src=\"https:\/\/i0.wp.com\/fkoafterschool.org\/wp-content\/uploads\/2019\/10\/BV2A7446.jpeg?resize=1200%2C800&#038;ssl=1\" alt=\"FKO afterschool\" \/>\n\t\t\t\t<\/div>\t\n\t\t\t\t\n\t\t\t\t\n\t\t<div class=\"inner-wrap\">\n\t\t\t\t\t\t<div class=\"grid aligncenter\">\n\t\t\t\t<div class=\"grid__cell unit-8-12 tablet__100 aligncenter\">\n\t\t\t\t\t<h2 class=\"screenreader\">M\u1ed9t ng\u00e0y \u1edf FKO Sau gi\u1edd h\u1ecdc<\/h2>\t\n\t\t\t\t<\/div>\n\t\t\t\t\n\t\t\t\t<div class=\"grid__cell unit-6-12 tablet__100 desktop__75 aligncenter\">\t\n\n\t\t\t\t    \t\t\t\t\t\t\t\n\t\t\t\t\t\t\t<p class=\"subhead\">Con b\u1ea1n s\u1ebd c\u00f3 m\u1ed9t bu\u1ed5i chi\u1ec1u v\u1edbi s\u1ef1 k\u1ebft h\u1ee3p ho\u00e0n h\u1ea3o gi\u1eefa c\u00e1c ho\u1ea1t \u0111\u1ed9ng v\u00e0 th\u1eddi gian ngh\u1ec9 ng\u01a1i khi chuy\u1ec3n ti\u1ebfp gi\u1eefa tr\u01b0\u1eddng h\u1ecdc v\u00e0 nh\u00e0. Ch\u01b0\u01a1ng tr\u00ecnh Sau gi\u1edd h\u1ecdc c\u1ee7a ch\u00fang t\u00f4i cung c\u1ea5p c\u1ea5u tr\u00fac m\u00e0 tr\u1ebb em c\u1ea7n \u0111\u1ec3 c\u1ea3m th\u1ea5y an to\u00e0n, v\u1edbi s\u1ef1 linh ho\u1ea1t \u0111\u1ec3 con b\u1ea1n d\u00e0nh th\u1eddi gian kh\u00e1m ph\u00e1 c\u00e1c ho\u1ea1t \u0111\u1ed9ng y\u00eau th\u00edch v\u00e0 kh\u00e1m ph\u00e1 nh\u1eefng \u0111am m\u00ea m\u1edbi. \u0110\u1ed9i ng\u0169 nh\u00e2n vi\u00ean \u0111\u01b0\u1ee3c \u0111\u00e0o t\u1ea1o v\u00e0 ch\u1ee9ng nh\u1eadn c\u1ee7a ch\u00fang t\u00f4i gi\u1eef cho con b\u1ea1n an to\u00e0n, g\u1eafn b\u00f3 v\u00e0 vui v\u1ebb. <\/p>\n\n\t\t\t        \t\n\t\t\t\t<\/div>\n\n\t\t\t\t\t\t\t<\/div>\t\t\n\t\t<\/div>\n\n\t<\/div>\n<\/div>\n\n\n\n<div class=\"whyy feature-wrap\">\n\n\n    \t\n\t\t\t\t\n\t\t\t\t\t\t\t\t\t\t\t\n\t\t\t\n\t\t\t\t\t\t\t\t\t\t\t\t\t\t\t\t\n\t\t\t\t\t\t\t\t\t\t\t\t\t\t\t\t\n\t\t\t\t\t\t\t\t\t\t\t\t\t\n\t\t\t\t\t\t\t\t\n\t\t\t\n\t\t\t\t\t\t\t\t\t\t\t\t\t\t\t\t\t\t\t\t\t\t\t\t\t\t\t\t\t\t\t\t\t\t\t\n\t\n\t<div class=\"feature verticenter-ib\" data-layout=\"image-left\">\n\t\t\t\t\n\t\t<div class=\"grid\">\n\n\t\t\t\t\t\t\t\t\t\n\t\t\t\t<div class=\"grid__cell tablet__100 unit-5-12\">\n\t\t\t\t\t<figure class=\"fancy-border\">\n\t\t\t\t\t\t<img decoding=\"async\" loading=\"lazy\" src=\"https:\/\/i0.wp.com\/fkoafterschool.org\/wp-content\/uploads\/2020\/09\/calendar3.jpg?resize=800%2C800&#038;ssl=1\" alt=\"FKO calendars\">\n\t\t\t\t\t<\/figure>\n\t\t\t\t<\/div>\t\n\n\t\t\t\t\t\t\t\t\t\n\t\t\t<div class=\"grid__cell tablet__100 unit-6-12\">\n\n\t\t\t\t<div class=\"main-content\">\n\t\t\t\t\t\n\t\t\t\t\t\t\t\n\t\t\t\t\t\n\t\t\t\t\t<span class=\"pretitle\">L\u1ecbch tr\u00ecnh h\u00e0ng ng\u00e0y<\/span>\t\t\t\t\t\t\t\t\t\t\t\t\t\t\t\t\t\n\t\t\t\t\t\t<h3>M\u1ed9t bu\u1ed5i chi\u1ec1u vui v\u1ebb v\u00e0 h\u1ecdc h\u1ecfi<\/h3>\n\n\t\t\t\t\t\t\n\t\t\t\t\t\t\t\t\t\t\n\t\t\t\t\t\t\t\n\t\t\t\t\t\n\t\t\t\t\t<p>L\u1ecbch tr\u00ecnh m\u1eabu (l\u1ecbch tr\u00ecnh ch\u01b0\u01a1ng tr\u00ecnh c\u00f3 th\u1ec3 thay \u0111\u1ed5i t\u00f9y thu\u1ed9c v\u00e0o th\u1eddi gian tan h\u1ecdc c\u1ee7a tr\u01b0\u1eddng v\u00e0 nhu c\u1ea7u c\u1ed9ng \u0111\u1ed3ng)<\/p>\n<p>2:15 \u0111\u1ebfn 3:00: \u0110\u1ebfn n\u01a1i, \u0102n nh\u1eb9, V\u00f2ng k\u1ebft n\u1ed1i<br \/>3:00 \u0111\u1ebfn 4:00: C\u00e1c l\u1edbp h\u1ecdc theo d\u1ef1 \u00e1n<br \/> 16:00 \u0111\u1ebfn 16:45: C\u00e1c l\u1edbp h\u1ecdc l\u00e0m gi\u00e0u<br \/> 4:45 \u0111\u1ebfn 5:30: H\u1ed7 tr\u1ee3 b\u00e0i t\u1eadp v\u1ec1 nh\u00e0, C\u00e1c g\u00f3c quan t\u00e2m v\u00e0 \u0110\u00f3n tr\u1ebb<\/p>\n\n\t\t\t\t\t\t\t\t\t\t\t\n\t\t\t\t\t\t\n\t\t\t\t\t\t\t\t\t\t\t\n\t\t\t\t\t\t\n\t\t\t\t\t\n\t\t\t\t\t\t\t\n\t\t\t\t<\/div>\t\n\n\t\t\t<\/div>\t\n\n\t\t\t\n\t\t<\/div>\n\n\t<\/div>\n\n\t    \n    \n    \t\n\t\t\t\t\n\t\t\t\t\t\t\t\t\t\t\t\n\t\t\t\n\t\t\t\t\t\t\t\t\t\t\t\t\t\t\t\t\n\t\t\t\t\t\t\t\t\t\t\t\t\t\t\t\t\n\t\t\t\t\t\t\t\t\t\t\t\t\t\n\t\t\t\t\t\t\t\t\n\t\t\t\n\t\t\t\t\t\t\t\t\t\t\t\t\t\t\t\t\t\t\t\t\t\t\t\t\t\t\t\t\t\t\t\t\t\t\t\n\t\n\t<div class=\"feature verticenter-ib\" data-layout=\"image-right\">\n\t\t\t\t\n\t\t<div class=\"grid\">\n\n\t\t\t\t\t\t\t\t\t\n\t\t\t\t<div class=\"grid__cell tablet__100 unit-5-12 push-7\">\n\t\t\t\t\t<figure class=\"fancy-border\">\n\t\t\t\t\t\t<img decoding=\"async\" loading=\"lazy\" src=\"https:\/\/i0.wp.com\/fkoafterschool.org\/wp-content\/uploads\/2019\/09\/image45-2.jpg?resize=747%2C747&#038;ssl=1\" alt=\"interest centers at FKO\">\n\t\t\t\t\t<\/figure>\n\t\t\t\t<\/div>\t\n\n\t\t\t\t\t\t\t\t\t\n\t\t\t<div class=\"grid__cell tablet__100 unit-6-12 pull-5\">\n\n\t\t\t\t<div class=\"main-content\">\n\t\t\t\t\t\n\t\t\t\t\t\t\t\n\t\t\t\t\t\n\t\t\t\t\t<span class=\"pretitle\">Trung t\u00e2m L\u1ee3i \u00edch<\/span>\t\t\t\t\t\t\t\t\t\t\t\t\t\t\t\t\t\n\t\t\t\t\t\t<h3>Th\u1eddi gian, ngu\u1ed3n l\u1ef1c v\u00e0 kh\u00f4ng gian \u0111\u1ec3 kh\u00e1m ph\u00e1<\/h3>\n\n\t\t\t\t\t\t\n\t\t\t\t\t\t\t\t\t\t\n\t\t\t\t\t\t\t\n\t\t\t\t\t\n\t\t\t\t\t<p>M\u1ed7i ng\u00e0y, con b\u1ea1n s\u1ebd th\u01b0 gi\u00e3n sau gi\u1edd h\u1ecdc v\u1edbi m\u1ed9t b\u1eefa \u0103n nh\u1eb9 l\u00e0nh m\u1ea1nh v\u00e0 th\u1eddi gian \u0111\u1ec3 kh\u00e1m ph\u00e1 s\u1edf th\u00edch c\u1ee7a m\u00ecnh. M\u1ed9t ng\u00e0y, con c\u00f3 th\u1ec3 d\u00e0nh th\u1eddi gian v\u1ebd trong khu v\u1ef1c ngh\u1ec7 thu\u1eadt, trong khi m\u1ed9t ng\u00e0y kh\u00e1c, con c\u00f3 th\u1ec3 mu\u1ed1n \u0111\u1ecdc s\u00e1ch ho\u1eb7c t\u1ea1p ch\u00ed. Ho\u1eb7c c\u00f3 l\u1ebd con b\u1ea1n \u0111ang c\u00f3 t\u00e2m tr\u1ea1ng cho k\u1ecbch ngh\u1ec7 v\u00e0 mu\u1ed1n m\u1eb7c trang ph\u1ee5c. N\u1ebfu x\u00e2y d\u1ef1ng l\u00e0 phong c\u00e1ch c\u1ee7a con h\u01a1n, con c\u00f3 th\u1ec3 t\u1ea1o ra m\u1ed9t ng\u00f4i nh\u00e0 Lego, m\u1ed9t th\u00e0nh ph\u1ed1 b\u1eb1ng kh\u1ed1i g\u1ed7 hay b\u1ea5t c\u1ee9 th\u1ee9 g\u00ec kh\u00e1c t\u1eeb tr\u00ed t\u01b0\u1edfng t\u01b0\u1ee3ng c\u1ee7a m\u00ecnh. <\/p>\n\n\t\t\t\t\t\t\t\t\t\t\t\n\t\t\t\t\t\t\n\t\t\t\t\t\t\t\t\t\t\t\n\t\t\t\t\t\t\n\t\t\t\t\t\n\t\t\t\t\t\t\t\n\t\t\t\t<\/div>\t\n\n\t\t\t<\/div>\t\n\n\t\t\t\n\t\t<\/div>\n\n\t<\/div>\n\n\t    \n    \n    \t\n\t\t\t\t\n\t\t\t\t\t\t\t\t\t\t\t\n\t\t\t\n\t\t\t\t\t\t\t\t\t\t\t\t\t\t\t\t\n\t\t\t\t\t\t\t\t\t\t\t\t\t\t\t\t\n\t\t\t\t\t\t\t\t\t\t\t\t\t\n\t\t\t\t\t\t\t\t\n\t\t\t\n\t\t\t\t\t\t\t\t\t\t\t\t\t\t\t\t\t\t\t\t\t\t\t\t\t\t\t\t\t\t\t\t\t\t\t\n\t\n\t<div class=\"feature verticenter-ib\" data-layout=\"image-left\">\n\t\t\t\t\n\t\t<div class=\"grid\">\n\n\t\t\t\t\t\t\t\t\t\n\t\t\t\t<div class=\"grid__cell tablet__100 unit-5-12\">\n\t\t\t\t\t<figure class=\"fancy-border\">\n\t\t\t\t\t\t<img decoding=\"async\" loading=\"lazy\" src=\"https:\/\/i0.wp.com\/fkoafterschool.org\/wp-content\/uploads\/2019\/10\/IceCreamShop.jpg?resize=800%2C800&#038;ssl=1\" alt=\"ice cream shop\">\n\t\t\t\t\t<\/figure>\n\t\t\t\t<\/div>\t\n\n\t\t\t\t\t\t\t\t\t\n\t\t\t<div class=\"grid__cell tablet__100 unit-6-12\">\n\n\t\t\t\t<div class=\"main-content\">\n\t\t\t\t\t\n\t\t\t\t\t\t\t\n\t\t\t\t\t\n\t\t\t\t\t<span class=\"pretitle\">C\u00e1c L\u1ed9 tr\u00ecnh H\u1ecdc t\u1eadp theo D\u1ef1 \u00e1n<\/span>\t\t\t\t\t\t\t\t\t\t\t\t\t\t\t\t\t\n\t\t\t\t\t\t<h3>H\u1ecdc t\u1eadp qua tr\u1ea3i nghi\u1ec7m th\u1ef1c t\u1ebf vui nh\u1ed9n<\/h3>\n\n\t\t\t\t\t\t\n\t\t\t\t\t\t\t\t\t\t\n\t\t\t\t\t\t\t\n\t\t\t\t\t\n\t\t\t\t\t<p>Tr\u1ebb em h\u1ecdc h\u1ecfi \u0111\u01b0\u1ee3c nhi\u1ec1u nh\u1ea5t \u2013 v\u00e0 vui v\u1ebb nh\u1ea5t \u2013 khi l\u00e0m vi\u1ec7c trong m\u1ed9t d\u1ef1 \u00e1n, h\u1ee3p t\u00e1c c\u00f9ng b\u1ea1n b\u00e8. Con b\u1ea1n s\u1ebd ch\u1ecdn m\u1ed9t d\u1ef1 \u00e1n \u0111\u1ec3 th\u1ef1c hi\u1ec7n trong 10 tu\u1ea7n v\u00e0 ho\u00e0n th\u00e0nh n\u00f3. V\u00ed d\u1ee5, c\u00e1c con ch\u00fang t\u00f4i \u0111\u00e3 t\u1ef1 m\u00ecnh t\u1ea1o ra v\u00e0 m\u1edf m\u1ed9t c\u1eeda h\u00e0ng kem \u2013 t\u1eeb kh\u00e2u l\u00ean k\u1ebf ho\u1ea1ch, tuy\u1ec3n d\u1ee5ng, mua s\u1eafm v\u1eadt t\u01b0 cho \u0111\u1ebfn thi\u1ebft k\u1ebf kh\u00f4ng gian. Sau \u0111\u00f3, ch\u00fang t\u00f4i m\u1eddi gia \u0111\u00ecnh \u0111\u1ebfn th\u01b0\u1edfng th\u1ee9c m\u1ed9t ly (ho\u1eb7c ba ly) kem t\u1ea1i qu\u00e1n c\u1ee7a ch\u00fang t\u00f4i!<\/p>\n\n\t\t\t\t\t\t\t\t\t\t\t\n\t\t\t\t\t\t\n\t\t\t\t\t\t\t\t\t\t\t\n\t\t\t\t\t\t\n\t\t\t\t\t\n\t\t\t\t\t\t\t\n\t\t\t\t<\/div>\t\n\n\t\t\t<\/div>\t\n\n\t\t\t\n\t\t<\/div>\n\n\t<\/div>\n\n\t    \n    \n    \t\n\t\t\t\t\n\t\t\t\t\t\t\t\t\t\t\t\n\t\t\t\n\t\t\t\t\t\t\t\t\t\t\t\t\t\t\t\t\n\t\t\t\t\t\t\t\t\t\t\t\t\t\t\t\t\n\t\t\t\t\t\t\t\t\t\t\t\t\t\n\t\t\t\t\t\t\t\t\n\t\t\t\n\t\t\t\t\t\t\t\t\t\t\t\t\t\t\t\t\t\t\t\t\t\t\t\t\t\t\t\t\t\t\t\t\t\t\t\n\t\n\t<div class=\"feature verticenter-ib\" data-layout=\"image-right\">\n\t\t\t\t\n\t\t<div class=\"grid\">\n\n\t\t\t\t\t\t\t\t\t\n\t\t\t\t<div class=\"grid__cell tablet__100 unit-5-12 push-7\">\n\t\t\t\t\t<figure class=\"fancy-border\">\n\t\t\t\t\t\t<img decoding=\"async\" loading=\"lazy\" src=\"https:\/\/i0.wp.com\/fkoafterschool.org\/wp-content\/uploads\/2019\/09\/image47-2.jpg?resize=733%2C732&#038;ssl=1\" alt=\"enrichment classes\">\n\t\t\t\t\t<\/figure>\n\t\t\t\t<\/div>\t\n\n\t\t\t\t\t\t\t\t\t\n\t\t\t<div class=\"grid__cell tablet__100 unit-6-12 pull-5\">\n\n\t\t\t\t<div class=\"main-content\">\n\t\t\t\t\t\n\t\t\t\t\t\t\t\n\t\t\t\t\t\n\t\t\t\t\t<span class=\"pretitle\">L\u1edbp h\u1ecdc n\u00e2ng cao<\/span>\t\t\t\t\t\t\t\t\t\t\t\t\t\t\t\t\t\n\t\t\t\t\t\t<h3>Kh\u00e1m ph\u00e1 v\u00e0 h\u1ecdc h\u1ecfi<\/h3>\n\n\t\t\t\t\t\t\n\t\t\t\t\t\t\t\t\t\t\n\t\t\t\t\t\t\t\n\t\t\t\t\t\n\t\t\t\t\t<p>Trong su\u1ed1t n\u0103m h\u1ecdc, ch\u00fang t\u00f4i cung c\u1ea5p c\u00e1c l\u1edbp h\u1ecdc ngo\u1ea1i kh\u00f3a k\u00e9o d\u00e0i 10 tu\u1ea7n do c\u00e1c chuy\u00ean gia c\u1ed9ng \u0111\u1ed3ng gi\u1ea3ng d\u1ea1y, bao g\u1ed3m k\u1ecbch, n\u1ea5u \u0103n, ngh\u1ec7 thu\u1eadt, STEM v\u00e0 th\u1ec3 thao. T\u1ef1 l\u1ef1a ch\u1ecdn c\u00e1c l\u1edbp h\u1ecdc theo s\u1edf th\u00edch c\u1ee7a m\u00ecnh, tr\u1ebb em kh\u00e1m ph\u00e1 s\u1edf th\u00edch v\u00e0 c\u00f3 th\u1ec3 t\u00ecm th\u1ea5y ni\u1ec1m \u0111am m\u00ea, s\u1edf th\u00edch ho\u1eb7c th\u1eadm ch\u00ed l\u00e0 s\u1ef1 nghi\u1ec7p t\u01b0\u01a1ng lai c\u1ee7a m\u00ecnh. <\/p>\n\n\t\t\t\t\t\t\t\t\t\t\t\n\t\t\t\t\t\t\n\t\t\t\t\t\t\t\t\t\t\t\n\t\t\t\t\t\t\n\t\t\t\t\t\n\t\t\t\t\t\t\t\n\t\t\t\t<\/div>\t\n\n\t\t\t<\/div>\t\n\n\t\t\t\n\t\t<\/div>\n\n\t<\/div>\n\n\t    \n    \n    \t\n\t\t\t\t\n\t\t\t\t\t\t\t\t\t\t\t\n\t\t\t\n\t\t\t\t\t\t\t\t\t\t\t\t\t\t\t\t\n\t\t\t\t\t\t\t\t\t\t\t\t\t\t\t\t\n\t\t\t\t\t\t\t\t\t\t\t\t\t\n\t\t\t\t\t\t\t\t\n\t\t\t\n\t\t\t\t\t\t\t\t\t\t\t\t\t\t\t\t\t\t\t\t\t\t\t\t\t\t\t\t\t\t\t\t\t\t\t\n\t\n\t<div class=\"feature verticenter-ib\" data-layout=\"image-left\">\n\t\t\t\t\n\t\t<div class=\"grid\">\n\n\t\t\t\t\t\t\t\t\t\n\t\t\t\t<div class=\"grid__cell tablet__100 unit-5-12\">\n\t\t\t\t\t<figure class=\"fancy-border\">\n\t\t\t\t\t\t<img decoding=\"async\" loading=\"lazy\" src=\"https:\/\/i0.wp.com\/fkoafterschool.org\/wp-content\/uploads\/2019\/09\/image88-2.jpg?resize=800%2C800&#038;ssl=1\" alt=\"social emotional learning\">\n\t\t\t\t\t<\/figure>\n\t\t\t\t<\/div>\t\n\n\t\t\t\t\t\t\t\t\t\n\t\t\t<div class=\"grid__cell tablet__100 unit-6-12\">\n\n\t\t\t\t<div class=\"main-content\">\n\t\t\t\t\t\n\t\t\t\t\t\t\t\n\t\t\t\t\t\n\t\t\t\t\t<span class=\"pretitle\">H\u1ecdc t\u1eadp X\u00e3 h\u1ed9i v\u00e0 C\u1ea3m x\u00fac<\/span>\t\t\t\t\t\t\t\t\t\t\t\t\t\t\t\t\t\n\t\t\t\t\t\t<h3>X\u00e2y d\u1ef1ng nh\u00e2n c\u00e1ch cho h\u00f4m nay v\u00e0 ng\u00e0y mai<\/h3>\n\n\t\t\t\t\t\t\n\t\t\t\t\t\t\t\t\t\t\n\t\t\t\t\t\t\t\n\t\t\t\t\t\n\t\t\t\t\t<p>Ch\u00fang t\u00f4i bi\u1ebft b\u1ea1n mu\u1ed1n con m\u00ecnh th\u00e0nh c\u00f4ng trong c\u00e1c nh\u00f3m, \u0111\u1ed9i, tr\u01b0\u1eddng h\u1ecdc v\u00e0 trong cu\u1ed9c s\u1ed1ng. Nh\u01b0ng \u0111\u1ec3 \u0111\u1ea1t \u0111\u01b0\u1ee3c \u0111i\u1ec1u n\u00e0y c\u1ea7n nhi\u1ec1u h\u01a1n l\u00e0 ch\u1ec9 c\u00f3 k\u1ef9 n\u0103ng th\u1ec3 ch\u1ea5t v\u00e0 nh\u1eadn th\u1ee9c. Nghi\u00ean c\u1ee9u cho th\u1ea5y \u2013 c\u0169ng nh\u01b0 kinh nghi\u1ec7m th\u1ef1c t\u1ebf 35 n\u0103m c\u1ee7a ch\u00fang t\u00f4i \u2013 r\u1eb1ng nh\u1eefng \u0111\u1ee9a tr\u1ebb v\u00e0 ng\u01b0\u1eddi l\u1edbn th\u00e0nh c\u00f4ng c\u1ea7n c\u00f3 c\u00e1c k\u1ef9 n\u0103ng x\u00e3 h\u1ed9i-c\u1ea3m x\u00fac, ch\u1eb3ng h\u1ea1n nh\u01b0 t\u1ef1 nh\u1eadn th\u1ee9c, t\u1ef1 qu\u1ea3n l\u00fd, nh\u1eadn th\u1ee9c x\u00e3 h\u1ed9i, x\u00e2y d\u1ef1ng m\u1ed1i quan h\u1ec7 t\u00edch c\u1ef1c v\u00e0 \u0111\u01b0a ra quy\u1ebft \u0111\u1ecbnh t\u1ed1t. Trong su\u1ed1t bu\u1ed5i chi\u1ec1u, con b\u1ea1n s\u1ebd tham gia v\u00e0o c\u00e1c ho\u1ea1t \u0111\u1ed9ng vui nh\u1ed9n v\u00e0 th\u1ef1c h\u00e0nh, gi\u00fap con tr\u1edf th\u00e0nh phi\u00ean b\u1ea3n t\u1ed1t nh\u1ea5t c\u1ee7a ch\u00ednh m\u00ecnh.<\/p>\n\n\t\t\t\t\t\t\t\t\t\t\t\n\t\t\t\t\t\t\n\t\t\t\t\t\t\t\t\t\t\t\n\t\t\t\t\t\t\n\t\t\t\t\t\n\t\t\t\t\t\t\t\n\t\t\t\t<\/div>\t\n\n\t\t\t<\/div>\t\n\n\t\t\t\n\t\t<\/div>\n\n\t<\/div>\n\n\t    \n    \n    \t\n\t\t\t\t\n\t\t\t\t\t\t\t\t\t\t\t\n\t\t\t\n\t\t\t\t\t\t\t\t\t\t\t\t\t\t\t\t\n\t\t\t\t\t\t\t\t\t\t\t\t\t\t\t\t\n\t\t\t\t\t\t\t\t\t\t\t\t\t\n\t\t\t\t\t\t\t\t\n\t\t\t\n\t\t\t\t\t\t\t\t\t\t\t\t\t\t\t\t\t\t\t\t\t\t\t\t\t\t\t\t\t\t\t\t\t\t\t\n\t\n\t<div class=\"feature verticenter-ib\" data-layout=\"image-right\">\n\t\t\t\t\n\t\t<div class=\"grid\">\n\n\t\t\t\t\t\t\t\t\t\n\t\t\t\t<div class=\"grid__cell tablet__100 unit-5-12 push-7\">\n\t\t\t\t\t<figure class=\"fancy-border\">\n\t\t\t\t\t\t<img decoding=\"async\" loading=\"lazy\" src=\"https:\/\/i0.wp.com\/fkoafterschool.org\/wp-content\/uploads\/2019\/09\/image89-2.jpg?resize=800%2C800&#038;ssl=1\" alt=\"mindfulness and wellness\">\n\t\t\t\t\t<\/figure>\n\t\t\t\t<\/div>\t\n\n\t\t\t\t\t\t\t\t\t\n\t\t\t<div class=\"grid__cell tablet__100 unit-6-12 pull-5\">\n\n\t\t\t\t<div class=\"main-content\">\n\t\t\t\t\t\n\t\t\t\t\t\t\t\n\t\t\t\t\t\n\t\t\t\t\t<span class=\"pretitle\">Ch\u00e1nh ni\u1ec7m v\u00e0 S\u1ee9c kh\u1ecfe<\/span>\t\t\t\t\t\t\t\t\t\t\t\t\t\t\t\t\t\n\t\t\t\t\t\t<h3>B\u1eaft \u0111\u1ea7u th\u00f3i quen l\u00e0nh m\u1ea1nh cho c\u1ea3 \u0111\u1eddi<\/h3>\n\n\t\t\t\t\t\t\n\t\t\t\t\t\t\t\t\t\t\n\t\t\t\t\t\t\t\n\t\t\t\t\t\n\t\t\t\t\t<p>M\u1ecdi \u0111i\u1ec1u ch\u00fang t\u00f4i l\u00e0m \u0111\u1ec1u \u0111\u1eb7t s\u1ee9c kh\u1ecfe v\u00e0 s\u1ef1 ph\u00e1t tri\u1ec3n t\u01b0\u01a1ng lai c\u1ee7a con b\u1ea1n l\u00e0m tr\u1ecdng t\u00e2m \u2013 \u0111\u1ed3 \u0103n nh\u1eb9 l\u00e0nh m\u1ea1nh, c\u00e1c b\u00e0i t\u1eadp ch\u00e1nh ni\u1ec7m, th\u1ea3o lu\u1eadn v\u1ec1 l\u1ef1a ch\u1ecdn l\u00e0nh m\u1ea1nh v\u00e0 t\u1eadp th\u1ec3 d\u1ee5c. Nhi\u1ec1u l\u1edbp h\u1ecdc b\u1ed5 tr\u1ee3 c\u1ee7a ch\u00fang t\u00f4i t\u1eadp trung v\u00e0o s\u1ee9c kh\u1ecfe v\u00e0 th\u1ec3 ch\u1ea5t \u2013 n\u1ea5u c\u00e1c b\u1eefa \u0103n l\u00e0nh m\u1ea1nh, ch\u01a1i m\u1ed9t m\u00f4n th\u1ec3 thao m\u1edbi ho\u1eb7c h\u1ecdc c\u00e1c b\u01b0\u1edbc nh\u1ea3y. B\u1edfi v\u00ec ch\u00fang t\u00f4i bi\u1ebft con b\u1ea1n \u0111\u00e3 ng\u1ed3i y\u00ean c\u1ea3 ng\u00e0y, ch\u00fang t\u00f4i b\u1eaft \u0111\u1ea7u v\u00e0 k\u1ebft th\u00fac c\u00e1c ch\u01b0\u01a1ng tr\u00ecnh c\u1ee7a m\u00ecnh b\u1eb1ng c\u01a1 h\u1ed9i \u0111\u1ec3 v\u1eadn \u0111\u1ed9ng v\u00e0 ch\u01a1i \u0111\u00f9a.<\/p>\n\n\t\t\t\t\t\t\t\t\t\t\t\n\t\t\t\t\t\t\n\t\t\t\t\t\t\t\t\t\t\t\n\t\t\t\t\t\t\n\t\t\t\t\t\n\t\t\t\t\t\t\t\n\t\t\t\t<\/div>\t\n\n\t\t\t<\/div>\t\n\n\t\t\t\n\t\t<\/div>\n\n\t<\/div>\n\n\t    \n    \n<\/div>\n\n\n\n<div class=\"whyy feature-wrap  bright-border de-inner white-bg\">\n\n\n    \t\n\t\t\t\t\n\t\t\t\t\t\t\t\t\t\t\t\n\t\t\t\n\t\t\t\t\t\t\t\t\t\n\t\t\t\t\t\t\t\t\t\t\t\t\t\t\t\t\n\t\t\t\t\t\t\t\t\t\t\t\t\t\n\t\t\t\t\t\t\t\t\t\t\t\t\t\t\t\t\t\t\t\t\t\t\t\t\t\t\t\n\t\t\t\t\t\t\t\t\t\t\t\t\t\t\t\t\t\t\t\t\t\t\t\t\t\t\n\t\t\t\t\t\t\t\t\t\t\t\t\t\t\t\t\t\t\t\t\t\t\t\t\t\t\t\t\t\t\t\t\t\t\t\n\t\n\t<div class=\"feature verticenter-ib\" data-layout=\"image-right\">\n\t\t\t\t\n\t\t<div class=\"grid\">\n\n\t\t\t\t\t\t\t\t\t\n\t\t\t\t<div class=\"grid__cell tablet__100 unit-5-12 push-7\">\n\t\t\t\t\t<figure class=\"centered-horizontal centered-vertical added-padding\">\n\t\t\t\t\t\t<img decoding=\"async\" loading=\"lazy\" src=\"https:\/\/i0.wp.com\/fkoafterschool.org\/wp-content\/uploads\/2019\/09\/icon_contact.png?resize=400%2C386&#038;ssl=1\" alt=\"enrollment icon\">\n\t\t\t\t\t<\/figure>\n\t\t\t\t<\/div>\t\n\n\t\t\t\t\t\t\t\t\t\n\t\t\t<div class=\"grid__cell tablet__100 unit-6-12 pull-5\">\n\n\t\t\t\t<div class=\"main-content\">\n\t\t\t\t\t\n\t\t\t\t\t\t\t\n\t\t\t\t\t\n\t\t\t\t\t\t\t\t\t\t\t\t\t\t\t\t\t\t\t\t\t\t\t<a href=\"http:\/\/fkoafterschool.org\/vi\/registration-financial-support\/\" target=\"_blank\">\n\t\t\t\t\t\t\t\t\t\t\t\t\n\t\t\t\t\t\t<h3>Chi ti\u1ebft \u0111\u0103ng k\u00fd <\/h3>\n\n\t\t\t\t\t\t\t\t\t\t\t\t\t<\/a>\n\t\t\t\t\t\t\n\t\t\t\t\t\t\t\t\t\t\n\t\t\t\t\t\t\t\n\t\t\t\t\t\n\t\t\t\t\t<p>H\u00e3y \u0111\u0103ng k\u00fd cho con b\u1ea1n tham gia m\u1ed9t n\u0103m kh\u00e1m ph\u00e1 s\u00e1ng t\u1ea1o, m\u00f4i tr\u01b0\u1eddng nu\u00f4i d\u01b0\u1ee1ng v\u00e0 h\u01b0\u1edbng d\u1eabn v\u1ec1 vi\u1ec7c \u0111\u01b0a ra l\u1ef1a ch\u1ecdn l\u00e0nh m\u1ea1nh. Ch\u00fang t\u00f4i c\u00f3 th\u1ec3 h\u01b0\u1edbng d\u1eabn qu\u00fd v\u1ecb ho\u00e0n t\u1ea5t th\u1ee7 t\u1ee5c \u0111\u0103ng k\u00fd v\u00e0 c\u00e1c l\u1ef1a ch\u1ecdn t\u00e0i tr\u1ee3 d\u00e0nh cho gia \u0111\u00ecnh m\u00ecnh.<\/p>\n\n\t\t\t\t\t\t\t\t\t\t\t\n\t\t\t\t\t\t\n\t\t\t\t\t\t\t\t\t\t\t\n\t\t\t\t\t\t\n\t\t\t\t\t\t\t\t\t\t\t<a class=\"button\" href=\"http:\/\/fkoafterschool.org\/vi\/registration-financial-support\/\" target=\"_blank\">T\u00ecm hi\u1ec3u th\u00eam<\/a>\n\t\t\t\t\t\n\t\t\t\t\t\t\t\n\t\t\t\t<\/div>\t\n\n\t\t\t<\/div>\t\n\n\t\t\t\n\t\t<\/div>\n\n\t<\/div>\n\n\t    \n    \n<\/div>","protected":false},"excerpt":{"rendered":"","protected":false},"author":7,"featured_media":0,"parent":0,"menu_order":10,"comment_status":"closed","ping_status":"closed","template":"","meta":{"_acf_changed":false,"nf_dc_page":"","footnotes":""},"class_list":["post-1022","page","type-page","status-publish","hentry"],"acf":[],"yoast_head":"<!-- This site is optimized with the Yoast SEO plugin v27.4 - https:\/\/yoast.com\/product\/yoast-seo-wordpress\/ -->\n<title>A Day at FKO Afterschool - For Kids Only Afterschool<\/title>\n<meta name=\"description\" content=\"FKO Afterschool offers the structure that kids need to feel secure, with the flexibility to spend their time exploring favorite activities and new passions.\" \/>\n<meta name=\"robots\" content=\"index, follow, max-snippet:-1, max-image-preview:large, max-video-preview:-1\" \/>\n<link rel=\"canonical\" href=\"https:\/\/fkoafterschool.org\/vi\/a-day-at-fko-afterschool\/\" \/>\n<meta property=\"og:locale\" content=\"vi_VN\" \/>\n<meta property=\"og:type\" content=\"article\" \/>\n<meta property=\"og:title\" content=\"A Day at FKO Afterschool - For Kids Only Afterschool\" \/>\n<meta property=\"og:description\" content=\"FKO Afterschool offers the structure that kids need to feel secure, with the flexibility to spend their time exploring favorite activities and new passions.\" \/>\n<meta property=\"og:url\" content=\"https:\/\/fkoafterschool.org\/vi\/a-day-at-fko-afterschool\/\" \/>\n<meta property=\"og:site_name\" content=\"For Kids Only Afterschool\" \/>\n<meta property=\"article:modified_time\" content=\"2021-09-08T19:22:48+00:00\" \/>\n<meta name=\"twitter:card\" content=\"summary_large_image\" \/>\n<script type=\"application\/ld+json\" class=\"yoast-schema-graph\">{\"@context\":\"https:\\\/\\\/schema.org\",\"@graph\":[{\"@type\":\"WebPage\",\"@id\":\"https:\\\/\\\/fkoafterschool.org\\\/a-day-at-fko-afterschool\\\/\",\"url\":\"https:\\\/\\\/fkoafterschool.org\\\/a-day-at-fko-afterschool\\\/\",\"name\":\"A Day at FKO Afterschool - For Kids Only Afterschool\",\"isPartOf\":{\"@id\":\"https:\\\/\\\/fkoafterschool.org\\\/#website\"},\"datePublished\":\"2019-09-13T18:01:25+00:00\",\"dateModified\":\"2021-09-08T19:22:48+00:00\",\"description\":\"FKO Afterschool offers the structure that kids need to feel secure, with the flexibility to spend their time exploring favorite activities and new passions.\",\"breadcrumb\":{\"@id\":\"https:\\\/\\\/fkoafterschool.org\\\/a-day-at-fko-afterschool\\\/#breadcrumb\"},\"inLanguage\":\"vi\",\"potentialAction\":[{\"@type\":\"ReadAction\",\"target\":[\"https:\\\/\\\/fkoafterschool.org\\\/a-day-at-fko-afterschool\\\/\"]}]},{\"@type\":\"BreadcrumbList\",\"@id\":\"https:\\\/\\\/fkoafterschool.org\\\/a-day-at-fko-afterschool\\\/#breadcrumb\",\"itemListElement\":[{\"@type\":\"ListItem\",\"position\":1,\"name\":\"Home\",\"item\":\"https:\\\/\\\/fkoafterschool.org\\\/\"},{\"@type\":\"ListItem\",\"position\":2,\"name\":\"A Day at FKO Afterschool\"}]},{\"@type\":\"WebSite\",\"@id\":\"https:\\\/\\\/fkoafterschool.org\\\/#website\",\"url\":\"https:\\\/\\\/fkoafterschool.org\\\/\",\"name\":\"For Kids Only Afterschool\",\"description\":\"Just another WordPress site\",\"potentialAction\":[{\"@type\":\"SearchAction\",\"target\":{\"@type\":\"EntryPoint\",\"urlTemplate\":\"https:\\\/\\\/fkoafterschool.org\\\/?s={search_term_string}\"},\"query-input\":{\"@type\":\"PropertyValueSpecification\",\"valueRequired\":true,\"valueName\":\"search_term_string\"}}],\"inLanguage\":\"vi\"}]}<\/script>\n<!-- \/ Yoast SEO plugin. -->","yoast_head_json":{"title":"A Day at FKO Afterschool - For Kids Only Afterschool","description":"FKO Afterschool offers the structure that kids need to feel secure, with the flexibility to spend their time exploring favorite activities and new passions.","robots":{"index":"index","follow":"follow","max-snippet":"max-snippet:-1","max-image-preview":"max-image-preview:large","max-video-preview":"max-video-preview:-1"},"canonical":"https:\/\/fkoafterschool.org\/vi\/a-day-at-fko-afterschool\/","og_locale":"vi_VN","og_type":"article","og_title":"A Day at FKO Afterschool - For Kids Only Afterschool","og_description":"FKO Afterschool offers the structure that kids need to feel secure, with the flexibility to spend their time exploring favorite activities and new passions.","og_url":"https:\/\/fkoafterschool.org\/vi\/a-day-at-fko-afterschool\/","og_site_name":"For Kids Only Afterschool","article_modified_time":"2021-09-08T19:22:48+00:00","twitter_card":"summary_large_image","schema":{"@context":"https:\/\/schema.org","@graph":[{"@type":"WebPage","@id":"https:\/\/fkoafterschool.org\/a-day-at-fko-afterschool\/","url":"https:\/\/fkoafterschool.org\/a-day-at-fko-afterschool\/","name":"A Day at FKO Afterschool - For Kids Only Afterschool","isPartOf":{"@id":"https:\/\/fkoafterschool.org\/#website"},"datePublished":"2019-09-13T18:01:25+00:00","dateModified":"2021-09-08T19:22:48+00:00","description":"FKO Afterschool offers the structure that kids need to feel secure, with the flexibility to spend their time exploring favorite activities and new passions.","breadcrumb":{"@id":"https:\/\/fkoafterschool.org\/a-day-at-fko-afterschool\/#breadcrumb"},"inLanguage":"vi","potentialAction":[{"@type":"ReadAction","target":["https:\/\/fkoafterschool.org\/a-day-at-fko-afterschool\/"]}]},{"@type":"BreadcrumbList","@id":"https:\/\/fkoafterschool.org\/a-day-at-fko-afterschool\/#breadcrumb","itemListElement":[{"@type":"ListItem","position":1,"name":"Home","item":"https:\/\/fkoafterschool.org\/"},{"@type":"ListItem","position":2,"name":"A Day at FKO Afterschool"}]},{"@type":"WebSite","@id":"https:\/\/fkoafterschool.org\/#website","url":"https:\/\/fkoafterschool.org\/","name":"Ch\u1ec9 D\u00e0nh Cho Tr\u1ebb Em Sau Gi\u1edd H\u1ecdc","description":"Just another WordPress site","potentialAction":[{"@type":"SearchAction","target":{"@type":"EntryPoint","urlTemplate":"https:\/\/fkoafterschool.org\/?s={search_term_string}"},"query-input":{"@type":"PropertyValueSpecification","valueRequired":true,"valueName":"search_term_string"}}],"inLanguage":"vi"}]}},"jetpack_sharing_enabled":true,"_links":{"self":[{"href":"https:\/\/fkoafterschool.org\/vi\/wp-json\/wp\/v2\/pages\/1022","targetHints":{"allow":["GET"]}}],"collection":[{"href":"https:\/\/fkoafterschool.org\/vi\/wp-json\/wp\/v2\/pages"}],"about":[{"href":"https:\/\/fkoafterschool.org\/vi\/wp-json\/wp\/v2\/types\/page"}],"author":[{"embeddable":true,"href":"https:\/\/fkoafterschool.org\/vi\/wp-json\/wp\/v2\/users\/7"}],"replies":[{"embeddable":true,"href":"https:\/\/fkoafterschool.org\/vi\/wp-json\/wp\/v2\/comments?post=1022"}],"version-history":[{"count":32,"href":"https:\/\/fkoafterschool.org\/vi\/wp-json\/wp\/v2\/pages\/1022\/revisions"}],"predecessor-version":[{"id":8683,"href":"https:\/\/fkoafterschool.org\/vi\/wp-json\/wp\/v2\/pages\/1022\/revisions\/8683"}],"wp:attachment":[{"href":"https:\/\/fkoafterschool.org\/vi\/wp-json\/wp\/v2\/media?parent=1022"}],"curies":[{"name":"wp","href":"https:\/\/api.w.org\/{rel}","templated":true}]}}