{"id":4361,"date":"2022-02-15T14:11:17","date_gmt":"2022-02-15T14:11:17","guid":{"rendered":"https:\/\/fkoafterschool.org\/?page_id=4361"},"modified":"2023-03-17T13:47:09","modified_gmt":"2023-03-17T13:47:09","slug":"social-and-emotional-learning-page","status":"publish","type":"page","link":"https:\/\/fkoafterschool.org\/pt_br\/social-and-emotional-learning-page\/","title":{"rendered":"Aprendizagem Socioemocional"},"content":{"rendered":"<div class=\"de-inner hero-wrap wavey-bottom stacked\">\n\t<div class=\"hero  top-center coverit\" style=\"background-image: url('https:\/\/i0.wp.com\/fkoafterschool.org\/wp-content\/uploads\/2023\/03\/333947928_772680010878251_8157982123089853358_n-scaled.jpg?resize=1200%2C800&#038;ssl=1');\">\n\n\t\t\t\t\t\t\t\t\t<div class=\"image-wrap wavey-bottom top-center coverit\" style=\"background-image: url('https:\/\/i0.wp.com\/fkoafterschool.org\/wp-content\/uploads\/2023\/03\/333947928_772680010878251_8157982123089853358_n-scaled.jpg?resize=1200%2C800&#038;ssl=1');\">\n\t\t\t\t\t<img decoding=\"async\" loading=\"lazy\" src=\"https:\/\/i0.wp.com\/fkoafterschool.org\/wp-content\/uploads\/2023\/03\/333947928_772680010878251_8157982123089853358_n-scaled.jpg?resize=1200%2C800&#038;ssl=1\" alt=\"\" \/>\n\t\t\t\t<\/div>\t\n\t\t\t\t\n\t\t\t\t\n\t\t<div class=\"inner-wrap\">\n\t\t\t\t\t\t<div class=\"grid aligncenter\">\n\t\t\t\t<div class=\"grid__cell unit-8-12 tablet__100 aligncenter\">\n\t\t\t\t\t<h2 >Aprendizagem Socioemocional<\/h2>\t\n\t\t\t\t<\/div>\n\t\t\t\t\n\t\t\t\t<div class=\"grid__cell unit-6-12 tablet__100 desktop__75 aligncenter\">\t\n\n\t\t\t\t    \t\t\t\t\t\t\t\n\t\t\t\t\t\t\t<p class=\"subhead\">O prop\u00f3sito de nossa filosofia de Atendimento Social, Emocional e de Aten\u00e7\u00e3o Plena \u00e9 fornecer ao FKO uma estrutura para integrar habilidades de aprendizagem socioemocional (SEL) na programa\u00e7\u00e3o, para que crian\u00e7as e funcion\u00e1rios aprendam, pratiquem e modelem habilidades essenciais para a vida que se desenvolver\u00e3o em tra\u00e7os de car\u00e1ter positivos e saud\u00e1veis. <\/p>\n\n\t\t\t        \t\n\t\t\t\t<\/div>\n\n\t\t\t\t\t\t\t<\/div>\t\t\n\t\t<\/div>\n\n\t<\/div>\n<\/div>\n\n\n\n<div class=\"whyy feature-wrap  bright-border de-inner white-bg\">\n\n\n<\/div>\n\n\n<p><\/p>\n\n\n\n\n<div class=\"whyy feature-wrap\">\n\n\n    \t\n\t\t\t\t\n\t\t\t\t\t\t\t\t\t\t\t\n\t\t\t\n\t\t\t\t\t\t\t\t\t\t\t\t\t\t\t\t\n\t\t\t\t\t\t\t\t\t\t\t\t\t\t\t\t\n\t\t\t\t\t\t\t\t\t\t\t\t\t\n\t\t\t\t\t\t\t\t\n\t\t\t\n\t\t\t\t\t\t\t\t\t\t\t\t\t\t\t\t\t\t\t\t\t\t\t\t\t\t\t\t\t\t\t\t\t\t\t\n\t\n\t<div class=\"feature verticenter-ib\" data-layout=\"image-left\">\n\t\t\t\t\n\t\t<div class=\"grid\">\n\n\t\t\t\t\t\t\t\t\t\n\t\t\t\t<div class=\"grid__cell tablet__100 unit-5-12\">\n\t\t\t\t\t<figure class=\"fancy-border\">\n\t\t\t\t\t\t<img decoding=\"async\" loading=\"lazy\" src=\"https:\/\/i0.wp.com\/fkoafterschool.org\/wp-content\/uploads\/2022\/09\/7D8A1512-scaled.jpg?resize=800%2C800&#038;ssl=1\" alt=\"\">\n\t\t\t\t\t<\/figure>\n\t\t\t\t<\/div>\t\n\n\t\t\t\t\t\t\t\t\t\n\t\t\t<div class=\"grid__cell tablet__100 unit-6-12\">\n\n\t\t\t\t<div class=\"main-content\">\n\t\t\t\t\t\n\t\t\t\t\t\t\t\n\t\t\t\t\t\n\t\t\t\t\t<span class=\"pretitle\">O que \u00e9 SEL?<\/span>\t\t\t\t\t\t\t\t\t\t\t\t\t\t\t\t\t\n\t\t\t\t\t\t<h3>Aprendizagem Socioemocional<\/h3>\n\n\t\t\t\t\t\t\n\t\t\t\t\t\t\t\t\t\t\n\t\t\t\t\t\t\t\n\t\t\t\t\t\n\t\t\t\t\t<p>Aprendizagem socioemocional (ASE) \u00e9 o processo pelo qual crian\u00e7as e adultos adquirem e aplicam efetivamente os conhecimentos, atitudes e habilidades necess\u00e1rios para entender e gerenciar emo\u00e7\u00f5es, definir e alcan\u00e7ar objetivos positivos, sentir e demonstrar empatia pelos outros, estabelecer e manter relacionamentos positivos e tomar decis\u00f5es respons\u00e1veis. <\/p>\n\n\t\t\t\t\t\t\t\t\t\t\t\n\t\t\t\t\t\t\n\t\t\t\t\t\t\t\t\t\t\t\n\t\t\t\t\t\t\n\t\t\t\t\t\n\t\t\t\t\t\t\t\n\t\t\t\t<\/div>\t\n\n\t\t\t<\/div>\t\n\n\t\t\t\n\t\t<\/div>\n\n\t<\/div>\n\n\t    \n    \n    \t\n\t\t\t\t\n\t\t\t\t\t\t\t\t\t\t\t\n\t\t\t\n\t\t\t\t\t\t\t\t\t\t\t\t\t\t\t\t\n\t\t\t\t\t\t\t\t\t\t\t\t\t\t\t\t\n\t\t\t\t\t\t\t\t\t\t\t\t\t\n\t\t\t\t\t\t\t\t\t\t\t\t\t\t\t\t\t\t\t\t\t\t\t\t\t\t\t\n\t\t\t\t\t\t\t\t\t\t\t\t\t\t\t\t\t\t\t\t\t\t\t\t\t\t\n\t\t\t\t\t\t\t\t\t\t\t\t\t\t\t\t\t\t\t\t\t\t\t\t\t\t\t\t\t\t\t\t\t\t\t\n\t\n\t<div class=\"feature verticenter-ib\" data-layout=\"image-right\">\n\t\t\t\t\n\t\t<div class=\"grid\">\n\n\t\t\t\t\t\t\t\t\t\n\t\t\t\t<div class=\"grid__cell tablet__100 unit-5-12 push-7\">\n\t\t\t\t\t<figure class=\"fancy-border\">\n\t\t\t\t\t\t<img decoding=\"async\" loading=\"lazy\" src=\"https:\/\/i0.wp.com\/fkoafterschool.org\/wp-content\/uploads\/2023\/03\/333719265_2009449099446837_177976296725243935_n-scaled-e1701880683998.jpg?resize=800%2C800&#038;ssl=1\" alt=\"\">\n\t\t\t\t\t<\/figure>\n\t\t\t\t<\/div>\t\n\n\t\t\t\t\t\t\t\t\t\n\t\t\t<div class=\"grid__cell tablet__100 unit-6-12 pull-5\">\n\n\t\t\t\t<div class=\"main-content\">\n\t\t\t\t\t\n\t\t\t\t\t\t\t\n\t\t\t\t\t\n\t\t\t\t\t<span class=\"pretitle\">Compet\u00eancias CASEL<\/span>\t\t\t\t\t\t\t\t\t\t\t\t\t\t\t\t\t\t<a href=\"https:\/\/youtu.be\/ouXhi_CfBVg\" target=\"\">\n\t\t\t\t\t\t\t\t\t\t\t\t\n\t\t\t\t\t\t<h3>Um quadro sist\u00eamico<\/h3>\n\n\t\t\t\t\t\t\t\t\t\t\t\t\t<\/a>\n\t\t\t\t\t\t\n\t\t\t\t\t\t\t\t\t\t\n\t\t\t\t\t\t\t\n\t\t\t\t\t\n\t\t\t\t\t<p>Na FKO, integramos oportunidades para SEL em todas as nossas atividades e nos baseamos nas cinco \u00e1reas de compet\u00eancia do Collaborative for Academic, Social, and Emotional Learning (CASEL), reconhecido nacionalmente. Isso inclui autoconsci\u00eancia, autogerenciamento, consci\u00eancia social, habilidades de relacionamento e tomada de decis\u00e3o respons\u00e1vel.<\/p>\n\n\t\t\t\t\t\t\t\t\t\t\t\n\t\t\t\t\t\t\n\t\t\t\t\t\t\t\t\t\t\t\n\t\t\t\t\t\t\n\t\t\t\t\t\t\t\t\t\t\t<a class=\"button\" href=\"https:\/\/youtu.be\/ouXhi_CfBVg\" target=\"\">Clique Aqui Para Saber Mais sobre CASEL<\/a>\n\t\t\t\t\t\n\t\t\t\t\t\t\t\n\t\t\t\t<\/div>\t\n\n\t\t\t<\/div>\t\n\n\t\t\t\n\t\t<\/div>\n\n\t<\/div>\n\n\t    \n    \n    \t\n\t\t\t\t\n\t\t\t\t\t\t\t\t\t\t\t\n\t\t\t\n\t\t\t\t\t\t\t\t\t\t\t\t\t\t\t\t\n\t\t\t\t\t\t\t\t\t\t\t\t\t\t\t\t\n\t\t\t\t\t\t\t\t\t\t\t\t\t\n\t\t\t\t\t\t\t\t\n\t\t\t\n\t\t\t\t\t\t\t\t\t\t\t\t\t\t\t\t\t\t\t\t\t\t\t\t\t\t\t\t\t\t\t\t\t\t\t\n\t\n\t<div class=\"feature verticenter-ib\" data-layout=\"image-left\">\n\t\t\t\t\n\t\t<div class=\"grid\">\n\n\t\t\t\t\t\t\t\t\t\n\t\t\t\t<div class=\"grid__cell tablet__100 unit-5-12\">\n\t\t\t\t\t<figure class=\"fancy-border\">\n\t\t\t\t\t\t<img decoding=\"async\" loading=\"lazy\" src=\"https:\/\/i0.wp.com\/fkoafterschool.org\/wp-content\/uploads\/2022\/08\/PA-1-scaled-e1701880908496.jpg?resize=800%2C800&#038;ssl=1\" alt=\"\">\n\t\t\t\t\t<\/figure>\n\t\t\t\t<\/div>\t\n\n\t\t\t\t\t\t\t\t\t\n\t\t\t<div class=\"grid__cell tablet__100 unit-6-12\">\n\n\t\t\t\t<div class=\"main-content\">\n\t\t\t\t\t\n\t\t\t\t\t\t\t\n\t\t\t\t\t\n\t\t\t\t\t<span class=\"pretitle\">Orienta\u00e7\u00e3o de Comportamento Positivo<\/span>\t\t\t\t\t\t\t\t\t\t\t\t\t\t\t\t\t\n\t\t\t\t\t\t<h3>Guiando crian\u00e7as proativamente<\/h3>\n\n\t\t\t\t\t\t\n\t\t\t\t\t\t\t\t\t\t\n\t\t\t\t\t\t\t\n\t\t\t\t\t\n\t\t\t\t\t<p>A FKO utiliza a filosofia de Orienta\u00e7\u00e3o Positiva de Comportamento para gerar um ambiente divertido e acolhedor, focado na preven\u00e7\u00e3o e redu\u00e7\u00e3o de comportamentos negativos. Nossa equipe discute as expectativas com as crian\u00e7as e, ao longo do dia, oferece refor\u00e7o positivo e elogios, juntamente com pr\u00e1ticas de reflex\u00e3o, medita\u00e7\u00e3o e respira\u00e7\u00e3o.<\/p>\n\n\t\t\t\t\t\t\t\t\t\t\t\n\t\t\t\t\t\t\n\t\t\t\t\t\t\t\t\t\t\t\n\t\t\t\t\t\t\n\t\t\t\t\t\n\t\t\t\t\t\t\t\n\t\t\t\t<\/div>\t\n\n\t\t\t<\/div>\t\n\n\t\t\t\n\t\t<\/div>\n\n\t<\/div>\n\n\t    \n    \n    \t\n\t\t\t\t\n\t\t\t\t\t\t\t\t\t\t\t\n\t\t\t\n\t\t\t\t\t\t\t\t\t\t\t\t\t\t\t\t\n\t\t\t\t\t\t\t\t\t\t\t\t\t\t\t\t\n\t\t\t\t\t\t\t\t\t\t\t\t\t\n\t\t\t\t\t\t\t\t\n\t\t\t\n\t\t\t\t\t\t\t\t\t\t\t\t\t\t\t\t\t\t\t\t\t\t\t\t\t\t\t\t\t\t\t\t\t\t\t\n\t\n\t<div class=\"feature verticenter-ib\" data-layout=\"image-right\">\n\t\t\t\t\n\t\t<div class=\"grid\">\n\n\t\t\t\t\t\t\t\t\t\n\t\t\t\t<div class=\"grid__cell tablet__100 unit-5-12 push-7\">\n\t\t\t\t\t<figure class=\"fancy-border\">\n\t\t\t\t\t\t<img decoding=\"async\" loading=\"lazy\" src=\"https:\/\/i0.wp.com\/fkoafterschool.org\/wp-content\/uploads\/2022\/09\/kidslaughing2.jpg?resize=800%2C800&#038;ssl=1\" alt=\"\">\n\t\t\t\t\t<\/figure>\n\t\t\t\t<\/div>\t\n\n\t\t\t\t\t\t\t\t\t\n\t\t\t<div class=\"grid__cell tablet__100 unit-6-12 pull-5\">\n\n\t\t\t\t<div class=\"main-content\">\n\t\t\t\t\t\n\t\t\t\t\t\t\t\n\t\t\t\t\t\n\t\t\t\t\t<span class=\"pretitle\">A Vis\u00e3o<\/span>\t\t\t\t\t\t\t\t\t\t\t\t\t\t\t\t\t\n\t\t\t\t\t\t<h3>Desenvolvendo habilidades saud\u00e1veis<\/h3>\n\n\t\t\t\t\t\t\n\t\t\t\t\t\t\t\t\t\t\n\t\t\t\t\t\t\t\n\t\t\t\t\t\n\t\t\t\t\t<p>Nossa vis\u00e3o de SEL \u00e9 que todas as crian\u00e7as da FKO desenvolver\u00e3o habilidades sociais e emocionais saud\u00e1veis \u200b\u200bque elas precisam para serem bem-sucedidas no dia a dia. Nossa miss\u00e3o \u00e9 ensinar habilidades de SEL \u00e0s crian\u00e7as para ajud\u00e1-las na autodescoberta, na resolu\u00e7\u00e3o pac\u00edfica de conflitos e em estrat\u00e9gias de enfrentamento. Conceitos de mindfulness tamb\u00e9m s\u00e3o introduzidos para ajudar a aumentar a capacidade das crian\u00e7as para autoconsci\u00eancia, autorregula\u00e7\u00e3o e redu\u00e7\u00e3o de estresse. <\/p>\n\n\t\t\t\t\t\t\t\t\t\t\t\n\t\t\t\t\t\t\n\t\t\t\t\t\t\t\t\t\t\t\n\t\t\t\t\t\t\n\t\t\t\t\t\n\t\t\t\t\t\t\t\n\t\t\t\t<\/div>\t\n\n\t\t\t<\/div>\t\n\n\t\t\t\n\t\t<\/div>\n\n\t<\/div>\n\n\t    \n    \n<\/div>","protected":false},"excerpt":{"rendered":"<p>The purpose of our Social, Emotional and Mindfulness philosophy is to provide FKO with a framework for integrating social emotional learning (SEL) skills into programming so that children and staff will learn, practice and model essential life skills that will develop into positive, healthy character traits.<\/p>","protected":false},"author":6,"featured_media":8215,"parent":0,"menu_order":31,"comment_status":"closed","ping_status":"closed","template":"","meta":{"_acf_changed":false,"nf_dc_page":"","footnotes":""},"class_list":["post-4361","page","type-page","status-publish","has-post-thumbnail","hentry"],"acf":[],"yoast_head":"<!-- This site is optimized with the Yoast SEO plugin v27.4 - https:\/\/yoast.com\/product\/yoast-seo-wordpress\/ -->\n<title>Social and Emotional Learning - For Kids Only Afterschool<\/title>\n<meta name=\"description\" content=\"From the minute your child arrives at our Summer program, our staff engages in activities that keep both their mind and body active.\" \/>\n<meta name=\"robots\" content=\"index, follow, max-snippet:-1, max-image-preview:large, max-video-preview:-1\" \/>\n<link rel=\"canonical\" href=\"https:\/\/fkoafterschool.org\/pt_br\/social-and-emotional-learning-page\/\" \/>\n<meta property=\"og:locale\" content=\"pt_BR\" \/>\n<meta property=\"og:type\" content=\"article\" \/>\n<meta property=\"og:title\" content=\"Social and Emotional Learning - For Kids Only Afterschool\" \/>\n<meta property=\"og:description\" content=\"From the minute your child arrives at our Summer program, our staff engages in activities that keep both their mind and body active.\" \/>\n<meta property=\"og:url\" content=\"https:\/\/fkoafterschool.org\/pt_br\/social-and-emotional-learning-page\/\" \/>\n<meta property=\"og:site_name\" content=\"For Kids Only Afterschool\" \/>\n<meta property=\"article:modified_time\" content=\"2023-03-17T13:47:09+00:00\" \/>\n<meta property=\"og:image\" content=\"https:\/\/fkoafterschool.org\/wp-content\/uploads\/2023\/03\/333992125_3507815449452441_5452745485040219067_n-scaled.jpg\" \/>\n\t<meta property=\"og:image:width\" content=\"1600\" \/>\n\t<meta property=\"og:image:height\" content=\"1280\" \/>\n\t<meta property=\"og:image:type\" content=\"image\/jpeg\" \/>\n<meta name=\"twitter:card\" content=\"summary_large_image\" \/>\n<script type=\"application\/ld+json\" class=\"yoast-schema-graph\">{\"@context\":\"https:\\\/\\\/schema.org\",\"@graph\":[{\"@type\":\"WebPage\",\"@id\":\"https:\\\/\\\/fkoafterschool.org\\\/social-and-emotional-learning-page\\\/\",\"url\":\"https:\\\/\\\/fkoafterschool.org\\\/social-and-emotional-learning-page\\\/\",\"name\":\"Social and Emotional Learning - For Kids Only Afterschool\",\"isPartOf\":{\"@id\":\"https:\\\/\\\/fkoafterschool.org\\\/#website\"},\"primaryImageOfPage\":{\"@id\":\"https:\\\/\\\/fkoafterschool.org\\\/social-and-emotional-learning-page\\\/#primaryimage\"},\"image\":{\"@id\":\"https:\\\/\\\/fkoafterschool.org\\\/social-and-emotional-learning-page\\\/#primaryimage\"},\"thumbnailUrl\":\"https:\\\/\\\/i0.wp.com\\\/fkoafterschool.org\\\/wp-content\\\/uploads\\\/2023\\\/03\\\/333992125_3507815449452441_5452745485040219067_n-scaled.jpg?fit=1600%2C1280&ssl=1\",\"datePublished\":\"2022-02-15T14:11:17+00:00\",\"dateModified\":\"2023-03-17T13:47:09+00:00\",\"description\":\"From the minute your child arrives at our Summer program, our staff engages in activities that keep both their mind and body active.\",\"breadcrumb\":{\"@id\":\"https:\\\/\\\/fkoafterschool.org\\\/social-and-emotional-learning-page\\\/#breadcrumb\"},\"inLanguage\":\"pt-BR\",\"potentialAction\":[{\"@type\":\"ReadAction\",\"target\":[\"https:\\\/\\\/fkoafterschool.org\\\/social-and-emotional-learning-page\\\/\"]}]},{\"@type\":\"ImageObject\",\"inLanguage\":\"pt-BR\",\"@id\":\"https:\\\/\\\/fkoafterschool.org\\\/social-and-emotional-learning-page\\\/#primaryimage\",\"url\":\"https:\\\/\\\/i0.wp.com\\\/fkoafterschool.org\\\/wp-content\\\/uploads\\\/2023\\\/03\\\/333992125_3507815449452441_5452745485040219067_n-scaled.jpg?fit=1600%2C1280&ssl=1\",\"contentUrl\":\"https:\\\/\\\/i0.wp.com\\\/fkoafterschool.org\\\/wp-content\\\/uploads\\\/2023\\\/03\\\/333992125_3507815449452441_5452745485040219067_n-scaled.jpg?fit=1600%2C1280&ssl=1\",\"width\":1600,\"height\":1280},{\"@type\":\"BreadcrumbList\",\"@id\":\"https:\\\/\\\/fkoafterschool.org\\\/social-and-emotional-learning-page\\\/#breadcrumb\",\"itemListElement\":[{\"@type\":\"ListItem\",\"position\":1,\"name\":\"Home\",\"item\":\"https:\\\/\\\/fkoafterschool.org\\\/\"},{\"@type\":\"ListItem\",\"position\":2,\"name\":\"Social and Emotional Learning\"}]},{\"@type\":\"WebSite\",\"@id\":\"https:\\\/\\\/fkoafterschool.org\\\/#website\",\"url\":\"https:\\\/\\\/fkoafterschool.org\\\/\",\"name\":\"For Kids Only Afterschool\",\"description\":\"Just another WordPress site\",\"potentialAction\":[{\"@type\":\"SearchAction\",\"target\":{\"@type\":\"EntryPoint\",\"urlTemplate\":\"https:\\\/\\\/fkoafterschool.org\\\/?s={search_term_string}\"},\"query-input\":{\"@type\":\"PropertyValueSpecification\",\"valueRequired\":true,\"valueName\":\"search_term_string\"}}],\"inLanguage\":\"pt-BR\"}]}<\/script>\n<!-- \/ Yoast SEO plugin. -->","yoast_head_json":{"title":"Social and Emotional Learning - For Kids Only Afterschool","description":"From the minute your child arrives at our Summer program, our staff engages in activities that keep both their mind and body active.","robots":{"index":"index","follow":"follow","max-snippet":"max-snippet:-1","max-image-preview":"max-image-preview:large","max-video-preview":"max-video-preview:-1"},"canonical":"https:\/\/fkoafterschool.org\/pt_br\/social-and-emotional-learning-page\/","og_locale":"pt_BR","og_type":"article","og_title":"Social and Emotional Learning - For Kids Only Afterschool","og_description":"From the minute your child arrives at our Summer program, our staff engages in activities that keep both their mind and body active.","og_url":"https:\/\/fkoafterschool.org\/pt_br\/social-and-emotional-learning-page\/","og_site_name":"For Kids Only Afterschool","article_modified_time":"2023-03-17T13:47:09+00:00","og_image":[{"width":1600,"height":1280,"url":"https:\/\/fkoafterschool.org\/wp-content\/uploads\/2023\/03\/333992125_3507815449452441_5452745485040219067_n-scaled.jpg","type":"image\/jpeg"}],"twitter_card":"summary_large_image","schema":{"@context":"https:\/\/schema.org","@graph":[{"@type":"WebPage","@id":"https:\/\/fkoafterschool.org\/social-and-emotional-learning-page\/","url":"https:\/\/fkoafterschool.org\/social-and-emotional-learning-page\/","name":"Social and Emotional Learning - For Kids Only Afterschool","isPartOf":{"@id":"https:\/\/fkoafterschool.org\/#website"},"primaryImageOfPage":{"@id":"https:\/\/fkoafterschool.org\/social-and-emotional-learning-page\/#primaryimage"},"image":{"@id":"https:\/\/fkoafterschool.org\/social-and-emotional-learning-page\/#primaryimage"},"thumbnailUrl":"https:\/\/i0.wp.com\/fkoafterschool.org\/wp-content\/uploads\/2023\/03\/333992125_3507815449452441_5452745485040219067_n-scaled.jpg?fit=1600%2C1280&ssl=1","datePublished":"2022-02-15T14:11:17+00:00","dateModified":"2023-03-17T13:47:09+00:00","description":"From the minute your child arrives at our Summer program, our staff engages in activities that keep both their mind and body active.","breadcrumb":{"@id":"https:\/\/fkoafterschool.org\/social-and-emotional-learning-page\/#breadcrumb"},"inLanguage":"pt-BR","potentialAction":[{"@type":"ReadAction","target":["https:\/\/fkoafterschool.org\/social-and-emotional-learning-page\/"]}]},{"@type":"ImageObject","inLanguage":"pt-BR","@id":"https:\/\/fkoafterschool.org\/social-and-emotional-learning-page\/#primaryimage","url":"https:\/\/i0.wp.com\/fkoafterschool.org\/wp-content\/uploads\/2023\/03\/333992125_3507815449452441_5452745485040219067_n-scaled.jpg?fit=1600%2C1280&ssl=1","contentUrl":"https:\/\/i0.wp.com\/fkoafterschool.org\/wp-content\/uploads\/2023\/03\/333992125_3507815449452441_5452745485040219067_n-scaled.jpg?fit=1600%2C1280&ssl=1","width":1600,"height":1280},{"@type":"BreadcrumbList","@id":"https:\/\/fkoafterschool.org\/social-and-emotional-learning-page\/#breadcrumb","itemListElement":[{"@type":"ListItem","position":1,"name":"Home","item":"https:\/\/fkoafterschool.org\/"},{"@type":"ListItem","position":2,"name":"Social and Emotional Learning"}]},{"@type":"WebSite","@id":"https:\/\/fkoafterschool.org\/#website","url":"https:\/\/fkoafterschool.org\/","name":"Somente para Crian\u00e7as Ap\u00f3s a Escola","description":"Just another WordPress site","potentialAction":[{"@type":"SearchAction","target":{"@type":"EntryPoint","urlTemplate":"https:\/\/fkoafterschool.org\/?s={search_term_string}"},"query-input":{"@type":"PropertyValueSpecification","valueRequired":true,"valueName":"search_term_string"}}],"inLanguage":"pt-BR"}]}},"jetpack_sharing_enabled":true,"_links":{"self":[{"href":"https:\/\/fkoafterschool.org\/pt_br\/wp-json\/wp\/v2\/pages\/4361","targetHints":{"allow":["GET"]}}],"collection":[{"href":"https:\/\/fkoafterschool.org\/pt_br\/wp-json\/wp\/v2\/pages"}],"about":[{"href":"https:\/\/fkoafterschool.org\/pt_br\/wp-json\/wp\/v2\/types\/page"}],"author":[{"embeddable":true,"href":"https:\/\/fkoafterschool.org\/pt_br\/wp-json\/wp\/v2\/users\/6"}],"replies":[{"embeddable":true,"href":"https:\/\/fkoafterschool.org\/pt_br\/wp-json\/wp\/v2\/comments?post=4361"}],"version-history":[{"count":4,"href":"https:\/\/fkoafterschool.org\/pt_br\/wp-json\/wp\/v2\/pages\/4361\/revisions"}],"predecessor-version":[{"id":8397,"href":"https:\/\/fkoafterschool.org\/pt_br\/wp-json\/wp\/v2\/pages\/4361\/revisions\/8397"}],"wp:featuredmedia":[{"embeddable":true,"href":"https:\/\/fkoafterschool.org\/pt_br\/wp-json\/wp\/v2\/media\/8215"}],"wp:attachment":[{"href":"https:\/\/fkoafterschool.org\/pt_br\/wp-json\/wp\/v2\/media?parent=4361"}],"curies":[{"name":"wp","href":"https:\/\/api.w.org\/{rel}","templated":true}]}}