{"id":11,"date":"2019-04-24T18:31:17","date_gmt":"2019-04-24T18:31:17","guid":{"rendered":"http:\/\/dev.local.com\/?page_id=11"},"modified":"2020-09-03T00:29:40","modified_gmt":"2020-09-03T00:29:40","slug":"our-programs","status":"publish","type":"page","link":"https:\/\/fkoafterschool.org\/pt_br\/our-programs\/","title":{"rendered":"Nossos Programas"},"content":{"rendered":"<div class=\"de-inner hero-wrap wavey-bottom stacked\">\n\t<div class=\"hero   coverit\" style=\"background-image: url('https:\/\/i0.wp.com\/fkoafterschool.org\/wp-content\/uploads\/2019\/09\/image7.jpg?resize=1200%2C800&#038;ssl=1');\">\n\n\t\t\t\t\t\t\t\t\t<div class=\"image-wrap wavey-bottom  coverit\" style=\"background-image: url('https:\/\/i0.wp.com\/fkoafterschool.org\/wp-content\/uploads\/2019\/09\/image7.jpg?resize=1200%2C800&#038;ssl=1');\">\n\t\t\t\t\t<img decoding=\"async\" loading=\"lazy\" src=\"https:\/\/i0.wp.com\/fkoafterschool.org\/wp-content\/uploads\/2019\/09\/image7.jpg?resize=1200%2C800&#038;ssl=1\" alt=\"young boy playing the trumpet\" \/>\n\t\t\t\t<\/div>\t\n\t\t\t\t\n\t\t\t\t\n\t\t<div class=\"inner-wrap\">\n\t\t\t\t\t\t<div class=\"grid aligncenter\">\n\t\t\t\t<div class=\"grid__cell unit-8-12 tablet__100 aligncenter\">\n\t\t\t\t\t<h2 class=\"screenreader\">Nossos Programas<\/h2>\t\n\t\t\t\t<\/div>\n\t\t\t\t\n\t\t\t\t<div class=\"grid__cell unit-6-12 tablet__100 desktop__75 aligncenter\">\t\n\n\t\t\t\t    \t\t\t\t\t\t\t\n\t\t\t\t\t\t\t<p class=\"subhead\">N\u00f3s atendemos comunidades locais o ano todo com programas de tempo extraclasse licenciados pelo Departamento de Educa\u00e7\u00e3o Infantil e Cuidados do Massachusetts (EEC).<\/p>\n\n\t\t\t        \t\n\t\t\t\t<\/div>\n\n\t\t\t\t\t\t\t<\/div>\t\t\n\t\t<\/div>\n\n\t<\/div>\n<\/div>\n\n\n\t\n\t\n\n\n\t\t\n\n\t\t\n\n\t\n\t\n\t\n\t\n\t\n\n\n<div class=\"custom-archive\">\n\n\n\t\t\t\t\n\t\t<div class=\"item-series-wrap\" data-layout=\"overlayed\">\n\t\t\t<div class=\"item-series\">\n\n\t\t\t\t<div class=\"three-columns tabs\" data-archive-layout=\"overlayed\">\n\t\t    \t\n    \t\t\t\t\n\t\n\n\n\t\t\n\t\n\t<div class=\"aligncenter\">\n\t\t<h2>Programas Principais<\/h2>\n\t\t\t\t\t<p class=\"grey caps after-title\">Oferecido em todas as nossas comunidades<\/p>\n\t\t\t<\/div>\t\n\n\t<div class=\"flex-grid grid\">\n\n\t\t\n\n\t\t\t\t\n\t\t\n\n\n\t\t\n\n\n\n\t\t\t\t\t\n\n\n\t\n\n\t\t\t\n\n\t\t\t<div class=\"cell grid__cell\" data-id=\"381\" data-action=\"isogrid-sort\" data-category=\"core-programs\">\n\n\t<article class=\"item\" data-mh=\"item\">\n\n\t\t\n\t\t\t\t\n\t\t\t    \t\t\t\t<a href=\"https:\/\/fkoafterschool.org\/pt_br\/programs\/afterschool-program\/\" target=\"\">\n\t\t\t\t\t\t        <figure class=\"\">\n\t\t\t\t\t\t\t     \t   <img decoding=\"async\" loading=\"lazy\" src=\"https:\/\/i0.wp.com\/fkoafterschool.org\/wp-content\/uploads\/2019\/06\/BV2A5181.jpg?resize=800%2C800&#038;ssl=1\" alt=\"afterschool program\" \/>\n\t\t    \t<\/figure>\n\t\t\t    \t\t\t\t<\/a>\n\t\t\t\t\t\t    \t\n\t\t\t\n\t\t\n\t\t\t<div class=\"main-content\" data-mh='mainer'>\n\n\t\t        \t\t\t\t\n\t\t\t\t\t\t\n\t\t\t\t\n\t\t\t\t\t\t\t\t\t\t\t\t\t        \t\t\t        \t\t\t\t\t\t\t<a href=\"https:\/\/fkoafterschool.org\/pt_br\/programs\/afterschool-program\/\" target=\"\">\n\t\t\t\t\t\t\t\t\t        \t<h3 >Atividade extracurricular<\/h3>\n\n\t\t\t\t\t\t\n\t\t\t\t\t\t\t\t\t\t\t\t<\/a>\n\t\t\t\t\t\t\t\t\t        \t\t\t\t\t\t\t\t\t\t\t\t\t\t\t<p>Nossos programas extracurriculares oferecem um ambiente seguro, estimulante e divertido de segunda a sexta-feira, do hor\u00e1rio de sa\u00edda da escola at\u00e9 as 17h30.<\/p>\n\n\t\t\t\t\t\t\n\t\t\t\t\t\t\t\t\t\t\t\t\t\t\t\t\t\t\t\t\t\t\t\t\t\t\t\t\t\t\t\t\t\t\t\t\t\t\t\t\t\t<a class=\"caps\" href=\"https:\/\/fkoafterschool.org\/pt_br\/programs\/afterschool-program\/\" target=\"\">Leia mais<\/a>\n\t\t\t\t\n\t\t\t\t\n\t\t\t<\/div>\n\t\t\t\n\t\t\n\t\t\t\n\t\t\n\t\t\n\t\t\n\t<\/article>\n<\/div>\t\t\t\n\n\t\t\n\t    \t\t\n\t\t\n\n\n\t\t\n\n\n\n\t\t\t\t\t\n\n\n\t\n\n\t\t\t\n\n\t\t\t<div class=\"cell grid__cell\" data-id=\"379\" data-action=\"isogrid-sort\" data-category=\"core-programs\">\n\n\t<article class=\"item\" data-mh=\"item\">\n\n\t\t\n\t\t\t\t\n\t\t\t    \t\t\t\t<a href=\"https:\/\/fkoafterschool.org\/pt_br\/programs\/summer-program\/\" target=\"\">\n\t\t\t\t\t\t        <figure class=\"\">\n\t\t\t\t\t\t\t     \t   <img decoding=\"async\" loading=\"lazy\" src=\"https:\/\/i0.wp.com\/fkoafterschool.org\/wp-content\/uploads\/2019\/09\/learning-4.jpg?resize=800%2C800&#038;ssl=1\" alt=\"\" \/>\n\t\t    \t<\/figure>\n\t\t\t    \t\t\t\t<\/a>\n\t\t\t\t\t\t    \t\n\t\t\t\n\t\t\n\t\t\t<div class=\"main-content\" data-mh='mainer'>\n\n\t\t        \t\t\t\t\n\t\t\t\t\t\t\n\t\t\t\t\n\t\t\t\t\t\t\t\t\t\t\t\t\t        \t\t\t        \t\t\t\t\t\t\t<a href=\"https:\/\/fkoafterschool.org\/pt_br\/programs\/summer-program\/\" target=\"\">\n\t\t\t\t\t\t\t\t\t        \t<h3 >Ver\u00e3o<\/h3>\n\n\t\t\t\t\t\t\n\t\t\t\t\t\t\t\t\t\t\t\t<\/a>\n\t\t\t\t\t\t\t\t\t        \t\t\t\t\t\t\t\t\t\t\t\t\t\t\t<p>D\u00ea ao seu filho as f\u00e9rias de ver\u00e3o dos sonhos dele. Os programas de ver\u00e3o funcionam de segunda a sexta-feira, das 7h \u00e0s 17h30.<\/p>\n\n\t\t\t\t\t\t\n\t\t\t\t\t\t\t\t\t\t\t\t\t\t\t\t\t\t\t\t\t\t\t\t\t\t\t\t\t\t\t\t\t\t\t\t\t\t\t\t\t\t<a class=\"caps\" href=\"https:\/\/fkoafterschool.org\/pt_br\/programs\/summer-program\/\" target=\"\">Leia mais<\/a>\n\t\t\t\t\n\t\t\t\t\n\t\t\t<\/div>\n\t\t\t\n\t\t\n\t\t\t\n\t\t\n\t\t\n\t\t\n\t<\/article>\n<\/div>\t\t\t\n\n\t\t\n\t    \t\t\n\t\t\n\n\n\t\t\n\n\n\n\t\t\t\t\t\n\n\n\t\n\n\t\t\t\n\n\t\t\t<div class=\"cell grid__cell\" data-id=\"377\" data-action=\"isogrid-sort\" data-category=\"core-programs\">\n\n\t<article class=\"item\" data-mh=\"item\">\n\n\t\t\n\t\t\t\t\n\t\t\t    \t\t\t\t<a href=\"https:\/\/fkoafterschool.org\/pt_br\/programs\/vacation-program\/\" target=\"\">\n\t\t\t\t\t\t        <figure class=\"\">\n\t\t\t\t\t\t\t     \t   <img decoding=\"async\" loading=\"lazy\" src=\"https:\/\/i0.wp.com\/fkoafterschool.org\/wp-content\/uploads\/2019\/06\/VACATIONWEEK.jpeg?resize=800%2C800&#038;ssl=1\" alt=\"school vacation\" \/>\n\t\t    \t<\/figure>\n\t\t\t    \t\t\t\t<\/a>\n\t\t\t\t\t\t    \t\n\t\t\t\n\t\t\n\t\t\t<div class=\"main-content\" data-mh='mainer'>\n\n\t\t        \t\t\t\t\n\t\t\t\t\t\t\n\t\t\t\t\n\t\t\t\t\t\t\t\t\t\t\t\t\t        \t\t\t        \t\t\t\t\t\t\t<a href=\"https:\/\/fkoafterschool.org\/pt_br\/programs\/vacation-program\/\" target=\"\">\n\t\t\t\t\t\t\t\t\t        \t<h3 >F\u00e9rias escolares<\/h3>\n\n\t\t\t\t\t\t\n\t\t\t\t\t\t\t\t\t\t\t\t<\/a>\n\t\t\t\t\t\t\t\t\t        \t\t\t\t\t\t\t\t\t\t\t\t\t\t\t<p>Com programa\u00e7\u00e3o das 7h \u00e0s 17h30, as crian\u00e7as recarregam as energias em seus dias de folga da escola enquanto aprendem e crescem ao mesmo tempo.<\/p>\n\n\t\t\t\t\t\t\n\t\t\t\t\t\t\t\t\t\t\t\t\t\t\t\t\t\t\t\t\t\t\t\t\t\t\t\t\t\t\t\t\t\t\t\t\t\t\t\t\t\t<a class=\"caps\" href=\"https:\/\/fkoafterschool.org\/pt_br\/programs\/vacation-program\/\" target=\"\">Leia mais<\/a>\n\t\t\t\t\n\t\t\t\t\n\t\t\t<\/div>\n\t\t\t\n\t\t\n\t\t\t\n\t\t\n\t\t\n\t\t\n\t<\/article>\n<\/div>\t\t\t\n\n\t\t\n\t    \n\n\t\n\t<\/div>\t  \n\n\t\n\t\n\n\t\t\n\t\n\t<div class=\"aligncenter\">\n\t\t<h2>Especialidades da Comunidade<\/h2>\n\t\t\t\t\t<p class=\"grey caps after-title\">Oferecido em algumas de nossas comunidades<\/p>\n\t\t\t<\/div>\t\n\n\t<div class=\"flex-grid grid\">\n\n\t\t\n\n\t\t\t\t\n\t\t\n\n\n\t\t\n\n\n\n\t\t\t\t\t\n\n\n\t\n\n\t\t\t\n\n\t\t\t<div class=\"cell grid__cell\" data-id=\"440\" data-action=\"isogrid-sort\" data-category=\"community-specialties\">\n\n\t<article class=\"item\" data-mh=\"item\">\n\n\t\t\n\t\t\t\t\n\t\t\t    \t\t\t\t<a href=\"https:\/\/fkoafterschool.org\/pt_br\/programs\/before-the-bell\/\" target=\"\">\n\t\t\t\t\t\t        <figure class=\"\">\n\t\t\t\t\t\t\t     \t   <img decoding=\"async\" loading=\"lazy\" src=\"https:\/\/i0.wp.com\/fkoafterschool.org\/wp-content\/uploads\/2019\/06\/BV2A1427-1.jpg?resize=800%2C800&#038;ssl=1\" alt=\"before the bell program\" \/>\n\t\t    \t<\/figure>\n\t\t\t    \t\t\t\t<\/a>\n\t\t\t\t\t\t    \t\n\t\t\t\n\t\t\n\t\t\t<div class=\"main-content\" data-mh='mainer'>\n\n\t\t        \t\t\t\t\n\t\t\t\t\t\t\n\t\t\t\t\n\t\t\t\t\t\t\t\t\t\t\t\t\t        \t\t\t        \t\t\t\t\t\t\t<a href=\"https:\/\/fkoafterschool.org\/pt_br\/programs\/before-the-bell\/\" target=\"\">\n\t\t\t\t\t\t\t\t\t        \t<h3 >Antes do Sino<\/h3>\n\n\t\t\t\t\t\t\n\t\t\t\t\t\t\t\t\t\t\t\t<\/a>\n\t\t\t\t\t\t\t\t\t        \t\t\t\t\t\t\t\t\t\t\t\t\t\t\t<p>Fique tranquilo sabendo que seu filho ser\u00e1 cuidado antes da escola. Oferecido somente em Peabody, das 7h15 \u00e0s 9h, de segunda a sexta-feira.<\/p>\n\n\t\t\t\t\t\t\n\t\t\t\t\t\t\t\t\t\t\t\t\t\t\t\t\t\t\t\t\t\t\t\t\t\t\t\t\t\t\t\t\t\t\t\t\t\t\t\t\t\t<a class=\"caps\" href=\"https:\/\/fkoafterschool.org\/pt_br\/programs\/before-the-bell\/\" target=\"\">Leia mais<\/a>\n\t\t\t\t\n\t\t\t\t\n\t\t\t<\/div>\n\t\t\t\n\t\t\n\t\t\t\n\t\t\n\t\t\n\t\t\n\t<\/article>\n<\/div>\t\t\t\n\n\t\t\n\t    \t\t\n\t\t\n\n\n\t\t\n\n\n\n\t\t\t\t\t\n\n\n\t\n\n\t\t\t\n\n\t\t\t<div class=\"cell grid__cell\" data-id=\"437\" data-action=\"isogrid-sort\" data-category=\"community-specialties\">\n\n\t<article class=\"item\" data-mh=\"item\">\n\n\t\t\n\t\t\t\t\n\t\t\t    \t\t\t\t<a href=\"https:\/\/fkoafterschool.org\/pt_br\/programs\/youth-in-motion\/\" target=\"\">\n\t\t\t\t\t\t        <figure class=\"\">\n\t\t\t\t\t\t\t     \t   <img decoding=\"async\" loading=\"lazy\" src=\"https:\/\/i0.wp.com\/fkoafterschool.org\/wp-content\/uploads\/2019\/06\/image12-2.jpg?resize=784%2C784&#038;ssl=1\" alt=\"Youth in Motion Revere MA\" \/>\n\t\t    \t<\/figure>\n\t\t\t    \t\t\t\t<\/a>\n\t\t\t\t\t\t    \t\n\t\t\t\n\t\t\n\t\t\t<div class=\"main-content\" data-mh='mainer'>\n\n\t\t        \t\t\t\t\n\t\t\t\t\t\t\n\t\t\t\t\n\t\t\t\t\t\t\t\t\t\t\t\t\t        \t\t\t        \t\t\t\t\t\t\t<a href=\"https:\/\/fkoafterschool.org\/pt_br\/programs\/youth-in-motion\/\" target=\"\">\n\t\t\t\t\t\t\t\t\t        \t<h3 >Juventude em Movimento<\/h3>\n\n\t\t\t\t\t\t\n\t\t\t\t\t\t\t\t\t\t\t\t<\/a>\n\t\t\t\t\t\t\t\t\t        \t\t\t\t\t\t\t\t\t\t\t\t\t\t\t<p>Youth in Motion \u00e9 um espa\u00e7o de 743 metros quadrados em Revere onde as crian\u00e7as desfrutam de brincadeiras ativas e aprendizado personalizado com o objetivo de criar escolhas de estilo de vida saud\u00e1veis.<\/p>\n\n\t\t\t\t\t\t\n\t\t\t\t\t\t\t\t\t\t\t\t\t\t\t\t\t\t\t\t\t\t\t\t\t\t\t\t\t\t\t\t\t\t\t\t\t\t\t\t\t\t<a class=\"caps\" href=\"https:\/\/fkoafterschool.org\/pt_br\/programs\/youth-in-motion\/\" target=\"\">Leia mais<\/a>\n\t\t\t\t\n\t\t\t\t\n\t\t\t<\/div>\n\t\t\t\n\t\t\n\t\t\t\n\t\t\n\t\t\n\t\t\n\t<\/article>\n<\/div>\t\t\t\n\n\t\t\n\t    \n\n\t\n\t<\/div>\t  \n\n\t\n\t\n\n    \t\t\t<\/div>\n    \t\t\t\n    \t\t<\/div>\n    \t<\/div>\t\t\t\n\n\t\t\t\n<\/div>\n\n\n\n<div class=\"blue-bg de-inner\"><\/div>\n\n\n<p><\/p>","protected":false},"excerpt":{"rendered":"<p>N\u00f3s atendemos comunidades locais o ano todo com programas de tempo extraclasse licenciados pelo Departamento de Educa\u00e7\u00e3o Infantil e Cuidados do Massachusetts (EEC).<\/p>","protected":false},"author":1,"featured_media":0,"parent":0,"menu_order":33,"comment_status":"closed","ping_status":"closed","template":"","meta":{"_acf_changed":false,"nf_dc_page":"","footnotes":""},"class_list":["post-11","page","type-page","status-publish","hentry"],"acf":[],"yoast_head":"<!-- This site is optimized with the Yoast SEO plugin v27.4 - https:\/\/yoast.com\/product\/yoast-seo-wordpress\/ -->\n<title>Our Programs - For Kids Only Afterschool<\/title>\n<meta name=\"description\" content=\"We serve local communities all year round with out-of-school time programs licensed by the Department of Early Education and Care (EEC).\" \/>\n<meta name=\"robots\" content=\"index, follow, max-snippet:-1, max-image-preview:large, max-video-preview:-1\" \/>\n<link rel=\"canonical\" href=\"https:\/\/fkoafterschool.org\/pt_br\/our-programs\/\" \/>\n<meta property=\"og:locale\" content=\"pt_BR\" \/>\n<meta property=\"og:type\" content=\"article\" \/>\n<meta property=\"og:title\" content=\"Our Programs - For Kids Only Afterschool\" \/>\n<meta property=\"og:description\" content=\"We serve local communities all year round with out-of-school time programs licensed by the Department of Early Education and Care (EEC).\" \/>\n<meta property=\"og:url\" content=\"https:\/\/fkoafterschool.org\/pt_br\/our-programs\/\" \/>\n<meta property=\"og:site_name\" content=\"For Kids Only Afterschool\" \/>\n<meta property=\"article:modified_time\" content=\"2020-09-03T00:29:40+00:00\" \/>\n<meta name=\"twitter:card\" content=\"summary_large_image\" \/>\n<script type=\"application\/ld+json\" class=\"yoast-schema-graph\">{\"@context\":\"https:\\\/\\\/schema.org\",\"@graph\":[{\"@type\":\"WebPage\",\"@id\":\"https:\\\/\\\/fkoafterschool.org\\\/our-programs\\\/\",\"url\":\"https:\\\/\\\/fkoafterschool.org\\\/our-programs\\\/\",\"name\":\"Our Programs - For Kids Only Afterschool\",\"isPartOf\":{\"@id\":\"https:\\\/\\\/fkoafterschool.org\\\/#website\"},\"datePublished\":\"2019-04-24T18:31:17+00:00\",\"dateModified\":\"2020-09-03T00:29:40+00:00\",\"description\":\"We serve local communities all year round with out-of-school time programs licensed by the Department of Early Education and Care (EEC).\",\"breadcrumb\":{\"@id\":\"https:\\\/\\\/fkoafterschool.org\\\/our-programs\\\/#breadcrumb\"},\"inLanguage\":\"pt-BR\",\"potentialAction\":[{\"@type\":\"ReadAction\",\"target\":[\"https:\\\/\\\/fkoafterschool.org\\\/our-programs\\\/\"]}]},{\"@type\":\"BreadcrumbList\",\"@id\":\"https:\\\/\\\/fkoafterschool.org\\\/our-programs\\\/#breadcrumb\",\"itemListElement\":[{\"@type\":\"ListItem\",\"position\":1,\"name\":\"Home\",\"item\":\"https:\\\/\\\/fkoafterschool.org\\\/\"},{\"@type\":\"ListItem\",\"position\":2,\"name\":\"Our Programs\"}]},{\"@type\":\"WebSite\",\"@id\":\"https:\\\/\\\/fkoafterschool.org\\\/#website\",\"url\":\"https:\\\/\\\/fkoafterschool.org\\\/\",\"name\":\"For Kids Only Afterschool\",\"description\":\"Just another WordPress site\",\"potentialAction\":[{\"@type\":\"SearchAction\",\"target\":{\"@type\":\"EntryPoint\",\"urlTemplate\":\"https:\\\/\\\/fkoafterschool.org\\\/?s={search_term_string}\"},\"query-input\":{\"@type\":\"PropertyValueSpecification\",\"valueRequired\":true,\"valueName\":\"search_term_string\"}}],\"inLanguage\":\"pt-BR\"}]}<\/script>\n<!-- \/ Yoast SEO plugin. -->","yoast_head_json":{"title":"Our Programs - For Kids Only Afterschool","description":"We serve local communities all year round with out-of-school time programs licensed by the Department of Early Education and Care (EEC).","robots":{"index":"index","follow":"follow","max-snippet":"max-snippet:-1","max-image-preview":"max-image-preview:large","max-video-preview":"max-video-preview:-1"},"canonical":"https:\/\/fkoafterschool.org\/pt_br\/our-programs\/","og_locale":"pt_BR","og_type":"article","og_title":"Our Programs - For Kids Only Afterschool","og_description":"We serve local communities all year round with out-of-school time programs licensed by the Department of Early Education and Care (EEC).","og_url":"https:\/\/fkoafterschool.org\/pt_br\/our-programs\/","og_site_name":"For Kids Only Afterschool","article_modified_time":"2020-09-03T00:29:40+00:00","twitter_card":"summary_large_image","schema":{"@context":"https:\/\/schema.org","@graph":[{"@type":"WebPage","@id":"https:\/\/fkoafterschool.org\/our-programs\/","url":"https:\/\/fkoafterschool.org\/our-programs\/","name":"Our Programs - For Kids Only Afterschool","isPartOf":{"@id":"https:\/\/fkoafterschool.org\/#website"},"datePublished":"2019-04-24T18:31:17+00:00","dateModified":"2020-09-03T00:29:40+00:00","description":"We serve local communities all year round with out-of-school time programs licensed by the Department of Early Education and Care (EEC).","breadcrumb":{"@id":"https:\/\/fkoafterschool.org\/our-programs\/#breadcrumb"},"inLanguage":"pt-BR","potentialAction":[{"@type":"ReadAction","target":["https:\/\/fkoafterschool.org\/our-programs\/"]}]},{"@type":"BreadcrumbList","@id":"https:\/\/fkoafterschool.org\/our-programs\/#breadcrumb","itemListElement":[{"@type":"ListItem","position":1,"name":"Home","item":"https:\/\/fkoafterschool.org\/"},{"@type":"ListItem","position":2,"name":"Our Programs"}]},{"@type":"WebSite","@id":"https:\/\/fkoafterschool.org\/#website","url":"https:\/\/fkoafterschool.org\/","name":"Somente para Crian\u00e7as Ap\u00f3s a Escola","description":"Just another WordPress site","potentialAction":[{"@type":"SearchAction","target":{"@type":"EntryPoint","urlTemplate":"https:\/\/fkoafterschool.org\/?s={search_term_string}"},"query-input":{"@type":"PropertyValueSpecification","valueRequired":true,"valueName":"search_term_string"}}],"inLanguage":"pt-BR"}]}},"jetpack_sharing_enabled":true,"_links":{"self":[{"href":"https:\/\/fkoafterschool.org\/pt_br\/wp-json\/wp\/v2\/pages\/11","targetHints":{"allow":["GET"]}}],"collection":[{"href":"https:\/\/fkoafterschool.org\/pt_br\/wp-json\/wp\/v2\/pages"}],"about":[{"href":"https:\/\/fkoafterschool.org\/pt_br\/wp-json\/wp\/v2\/types\/page"}],"author":[{"embeddable":true,"href":"https:\/\/fkoafterschool.org\/pt_br\/wp-json\/wp\/v2\/users\/1"}],"replies":[{"embeddable":true,"href":"https:\/\/fkoafterschool.org\/pt_br\/wp-json\/wp\/v2\/comments?post=11"}],"version-history":[{"count":29,"href":"https:\/\/fkoafterschool.org\/pt_br\/wp-json\/wp\/v2\/pages\/11\/revisions"}],"predecessor-version":[{"id":5177,"href":"https:\/\/fkoafterschool.org\/pt_br\/wp-json\/wp\/v2\/pages\/11\/revisions\/5177"}],"wp:attachment":[{"href":"https:\/\/fkoafterschool.org\/pt_br\/wp-json\/wp\/v2\/media?parent=11"}],"curies":[{"name":"wp","href":"https:\/\/api.w.org\/{rel}","templated":true}]}}