{"id":9214,"date":"2023-09-20T13:56:33","date_gmt":"2023-09-20T13:56:33","guid":{"rendered":"https:\/\/fkoafterschool.org\/?page_id=9214"},"modified":"2026-04-02T16:10:38","modified_gmt":"2026-04-02T16:10:38","slug":"rise-and-shine","status":"publish","type":"page","link":"https:\/\/fkoafterschool.org\/ht\/rise-and-shine\/","title":{"rendered":"Rise &amp; Shine Gwoup Jw\u00e8t"},"content":{"rendered":"<div class=\"de-inner hero-wrap wavey-bottom default\">\n\t<div class=\"hero   coverit\" style=\"background-image: url('https:\/\/i0.wp.com\/fkoafterschool.org\/wp-content\/uploads\/2023\/09\/Community-playgroup-scaled.jpg?resize=1200%2C800&#038;ssl=1');\">\n\n\t\t\t\t\t\t\t\t\t<div class=\"image-wrap wavey-bottom  coverit\" style=\"background-image: url('https:\/\/i0.wp.com\/fkoafterschool.org\/wp-content\/uploads\/2023\/09\/Community-playgroup-scaled.jpg?resize=1200%2C800&#038;ssl=1');\">\n\t\t\t\t\t<img decoding=\"async\" loading=\"lazy\" src=\"https:\/\/i0.wp.com\/fkoafterschool.org\/wp-content\/uploads\/2023\/09\/Community-playgroup-scaled.jpg?resize=1200%2C800&#038;ssl=1\" alt=\"\" \/>\n\t\t\t\t<\/div>\t\n\t\t\t\t\n\t\t\t\t\n\t\t<div class=\"inner-wrap\">\n\t\t\t\t\t\t<div class=\"grid\">\n\t\t\t\t<div class=\"grid__cell unit-8-12 tablet__100\">\n\t\t\t\t\t<h2 class=\"screenreader\">Rise &amp; Shine Gwoup Jw\u00e8t<\/h2>\t\n\t\t\t\t<\/div>\n\t\t\t\t\n\t\t\t\t<div class=\"grid__cell unit-6-12 tablet__100 desktop__75\">\t\n\n\t\t\t\t    \t\t\t\t\t\t\t\n\t\t\t\t\t\t\t<p class=\"subhead\"><\/p>\n\n\t\t\t        \t\n\t\t\t\t<\/div>\n\n\t\t\t\t\t\t\t<\/div>\t\t\n\t\t<\/div>\n\n\t<\/div>\n<\/div>\n\n<div class=\"wp-block-image\">\n<figure class=\"aligncenter size-full is-resized\"><img data-recalc-dims=\"1\" decoding=\"async\" width=\"863\" height=\"671\" loading=\"lazy\" src=\"https:\/\/i0.wp.com\/fkoafterschool.org\/wp-content\/uploads\/2024\/05\/RiseShine-PNG-Transparent-1.png?resize=863%2C671&#038;ssl=1\" alt=\"\" class=\"wp-image-10865\" style=\"width:516px;height:auto\" srcset=\"https:\/\/i0.wp.com\/fkoafterschool.org\/wp-content\/uploads\/2024\/05\/RiseShine-PNG-Transparent-1.png?w=863&amp;ssl=1 863w, https:\/\/i0.wp.com\/fkoafterschool.org\/wp-content\/uploads\/2024\/05\/RiseShine-PNG-Transparent-1.png?resize=300%2C233&amp;ssl=1 300w, https:\/\/i0.wp.com\/fkoafterschool.org\/wp-content\/uploads\/2024\/05\/RiseShine-PNG-Transparent-1.png?resize=768%2C597&amp;ssl=1 768w\" sizes=\"auto, (max-width: 863px) 100vw, 863px\" \/><\/figure>\n<\/div>\n\n\n<div class=\"wp-block-group alignfull\"><div class=\"wp-block-group__inner-container is-layout-flow wp-block-group-is-layout-flow\">\n<p class=\"has-text-align-center\" style=\"font-size:16px\">Atrav\u00e8 gwoup jw\u00e8t ouv\u00e8 sa a, ou menm ak pitit ou ap kapab patisipe nan yon anviw\u00f2nman sosyal ak ent\u00e8aktif ki f\u00e8t pou sip\u00f2te tibebe ak timoun piti. Patisipan yo ap gen aks\u00e8 a sal klas natir\u00e8l dey\u00f2 nou an, sal klas milti-itilizasyon an, ak espas jimnazy\u00f2m nan, tout ekipe ak matery\u00e8l ak aktivite ki ankouraje eksplorasyon, kreyativite, ak devlopman kognitif nan yon anviw\u00f2nman amizan ak sip\u00f2tif, pandan y ap bay yon op\u00f2tinite ki vr\u00e8man neses\u00e8 pou sosyalizasyon ant timoun yo ak moun k ap okipe yo.<\/p>\n<\/div><\/div>\n\n\n\n\n<div class=\"whyy feature-wrap\">\n\n\n    \t\n\t\t\t\t\n\t\t\t\t\t\t\t\t\t\t\t\n\t\t\t\n\t\t\t\t\t\t\t\t\t\t\t\t\t\t\t\t\n\t\t\t\t\t\t\t\t\t\t\t\t\t\t\t\t\n\t\t\t\t\t\t\t\t\t\t\t\t\t\n\t\t\t\t\t\t\t\t\t\t\t\t\t\t\t\t\t\t\t\t\t\t\t\t\t\t\t\n\t\t\t\t\t\t\t\t\t\t\t\t\t\t\t\t\t\t\t\t\t\t\t\t\t\t\n\t\t\t\t\t\t\t\t\t\t\t\t\t\t\t\t\t\t\t\t\t\t\t\t\t\t\t\t\t\t\t\t\t\t\t\n\t\n\t<div class=\"feature verticenter-ib\" data-layout=\"image-left\">\n\t\t\t\t\n\t\t<div class=\"grid\">\n\n\t\t\t\t\t\t\t\t\t\n\t\t\t\t<div class=\"grid__cell tablet__100 unit-5-12\">\n\t\t\t\t\t<figure class=\"fancy-border\">\n\t\t\t\t\t\t<img decoding=\"async\" loading=\"lazy\" src=\"https:\/\/i0.wp.com\/fkoafterschool.org\/wp-content\/uploads\/2023\/09\/Community-playgroup1.jpg?resize=800%2C800&#038;ssl=1\" alt=\"\">\n\t\t\t\t\t<\/figure>\n\t\t\t\t<\/div>\t\n\n\t\t\t\t\t\t\t\t\t\n\t\t\t<div class=\"grid__cell tablet__100 unit-6-12\">\n\n\t\t\t\t<div class=\"main-content\">\n\t\t\t\t\t\n\t\t\t\t\t\t\t\n\t\t\t\t\t\n\t\t\t\t\t<span class=\"pretitle\">Kalandriye mansy\u00e8l<\/span>\t\t\t\t\t\t\t\t\t\t\t\t\t\t\t\t\t\t<a href=\"https:\/\/fkoafterschool.org\/wp-content\/uploads\/2026\/04\/April-2026-rise-Shine-scaled.png\" target=\"\">\n\t\t\t\t\t\t\t\t\t\t\t\t\n\t\t\t\t\t\t<h3>Vini patisipe nan plezi a!<\/h3>\n\n\t\t\t\t\t\t\t\t\t\t\t\t\t<\/a>\n\t\t\t\t\t\t\n\t\t\t\t\t\t\t\t\t\t\n\t\t\t\t\t\t\t\n\t\t\t\t\t\n\t\t\t\t\t<p>Community Playgroup ap ofri yon varyete aktivite espesyalize, tankou Mizik ak Mouvman, Atizay Sansory\u00e8l ak Jw\u00e8t, rankont pou nouvo paran, ak anpil tan pou eksplorasyon p\u00e8son\u00e8l ak jw\u00e8t!<\/p>\n\n\t\t\t\t\t\t\t\t\t\t\t\n\t\t\t\t\t\t\n\t\t\t\t\t\t\t\t\t\t\t\n\t\t\t\t\t\t\n\t\t\t\t\t\t\t\t\t\t\t<a class=\"button\" href=\"https:\/\/fkoafterschool.org\/wp-content\/uploads\/2026\/04\/April-2026-rise-Shine-scaled.png\" target=\"\">Avril 2026<\/a>\n\t\t\t\t\t\n\t\t\t\t\t\t\t\n\t\t\t\t<\/div>\t\n\n\t\t\t<\/div>\t\n\n\t\t\t\n\t\t<\/div>\n\n\t<\/div>\n\n\t    \n    \n    \t\n\t\t\t\t\n\t\t\t\t\t\t\t\t\t\t\t\n\t\t\t\n\t\t\t\t\t\t\t\t\t\t\t\t\t\t\t\t\n\t\t\t\t\t\t\t\t\t\t\t\t\t\t\t\t\n\t\t\t\t\t\t\t\t\t\t\t\t\t\n\t\t\t\t\t\t\t\t\t\t\t\t\t\t\t\t\t\t\t\t\t\t\t\t\t\t\t\n\t\t\t\t\t\t\t\t\t\t\t\t\t\t\t\t\t\t\t\t\t\t\t\t\t\t\n\t\t\t\t\t\t\t\t\t\t\t\t\t\t\t\t\t\t\t\t\t\t\t\t\t\t\t\t\t\t\t\t\t\t\t\n\t\n\t<div class=\"feature verticenter-ib\" data-layout=\"image-right\">\n\t\t\t\t\n\t\t<div class=\"grid\">\n\n\t\t\t\t\t\t\t\t\t\n\t\t\t\t<div class=\"grid__cell tablet__100 unit-5-12 push-7\">\n\t\t\t\t\t<figure class=\"fancy-border\">\n\t\t\t\t\t\t<img decoding=\"async\" loading=\"lazy\" src=\"https:\/\/i0.wp.com\/fkoafterschool.org\/wp-content\/uploads\/2023\/09\/Community-playgroup2-scaled.jpg?resize=800%2C800&#038;ssl=1\" alt=\"\">\n\t\t\t\t\t<\/figure>\n\t\t\t\t<\/div>\t\n\n\t\t\t\t\t\t\t\t\t\n\t\t\t<div class=\"grid__cell tablet__100 unit-6-12 pull-5\">\n\n\t\t\t\t<div class=\"main-content\">\n\t\t\t\t\t\n\t\t\t\t\t\t\t\n\t\t\t\t\t\n\t\t\t\t\t<span class=\"pretitle\">Enskri<\/span>\t\t\t\t\t\t\t\t\t\t\t\t\t\t\t\t\t\t<a href=\"https:\/\/fkoplaygroup.as.me\/schedule.php\" target=\"\">\n\t\t\t\t\t\t\t\t\t\t\t\t\n\t\t\t\t\t\t<h3>Ekonomize tan. Enskri davans!<\/h3>\n\n\t\t\t\t\t\t\t\t\t\t\t\t\t<\/a>\n\t\t\t\t\t\t\n\t\t\t\t\t\t\t\t\t\t\n\t\t\t\t\t\t\t\n\t\t\t\t\t\n\t\t\t\t\t<p>Open Play ouv\u00e8 pou tout timoun ki gen laj 0-5 an pou yon fr\u00e8 drop-in $5 pa jou pa fanmi oswa yon ab\u00f2nman fanmi chak mwa pou $30. Or\u00e8 gwoup jw\u00e8t la se Lendi pou Gym Ouv\u00e8 soti 10:30 pou rive 11:30 nan maten, epi Madi, Jedi, ak Vandredi pou Jw\u00e8t Ouv\u00e8 soti 9:30 pou rive 11:30 nan maten. Li sitiye nan 233 Winthrop Street, Winthrop, MA. Gwoup jw\u00e8t la ap swiv kalandriye Lek\u00f2l Piblik Winthrop la, e li pap f\u00e8t pandan demi-jou, jou lek\u00f2l ki pa gen klas, ak sem\u00e8n vakans.<\/p>\n\n\t\t\t\t\t\t\t\t\t\t\t\n\t\t\t\t\t\t\n\t\t\t\t\t\t\t\t\t\t\t\n\t\t\t\t\t\t\n\t\t\t\t\t\t\t\t\t\t\t<a class=\"button\" href=\"https:\/\/fkoplaygroup.as.me\/schedule.php\" target=\"\">Enskri!<\/a>\n\t\t\t\t\t\n\t\t\t\t\t\t\t\n\t\t\t\t<\/div>\t\n\n\t\t\t<\/div>\t\n\n\t\t\t\n\t\t<\/div>\n\n\t<\/div>\n\n\t    \n    \n    \t\n\t\t\t\t\n\t\t\t\t\t\t\t\t\t\t\t\n\t\t\t\n\t\t\t\t\t\t\t\t\t\t\t\t\t\t\t\t\n\t\t\t\t\t\t\t\t\t\t\t\t\t\t\t\t\n\t\t\t\t\t\t\t\t\t\t\t\t\t\n\t\t\t\t\t\t\t\t\t\t\t\t\t\t\t\t\t\t\t\t\t\t\t\t\t\t\t\n\t\t\t\t\t\t\t\t\t\t\t\t\t\t\t\t\t\t\t\t\t\t\t\t\t\t\n\t\t\t\t\t\t\t\t\t\t\t\t\t\t\t\t\t\t\t\t\t\t\t\t\t\t\t\t\t\t\t\t\t\t\t\n\t\n\t<div class=\"feature verticenter-ib\" data-layout=\"image-left\">\n\t\t\t\t\n\t\t<div class=\"grid\">\n\n\t\t\t\t\t\t\t\t\t\n\t\t\t\t<div class=\"grid__cell tablet__100 unit-5-12\">\n\t\t\t\t\t<figure class=\"fancy-border\">\n\t\t\t\t\t\t<img decoding=\"async\" loading=\"lazy\" src=\"https:\/\/i0.wp.com\/fkoafterschool.org\/wp-content\/uploads\/2023\/09\/Community-playgroup3-scaled.jpg?resize=800%2C800&#038;ssl=1\" alt=\"\">\n\t\t\t\t\t<\/figure>\n\t\t\t\t<\/div>\t\n\n\t\t\t\t\t\t\t\t\t\n\t\t\t<div class=\"grid__cell tablet__100 unit-6-12\">\n\n\t\t\t\t<div class=\"main-content\">\n\t\t\t\t\t\n\t\t\t\t\t\t\t\n\t\t\t\t\t\n\t\t\t\t\t<span class=\"pretitle\">Sa mande tout vilaj la<\/span>\t\t\t\t\t\t\t\t\t\t\t\t\t\t\t\t\t\t<a href=\"https:\/\/fkoafterschool.org\/ht\/team-members\/ashley-asquith\/\" target=\"\">\n\t\t\t\t\t\t\t\t\t\t\t\t\n\t\t\t\t\t\t<h3>Kolaborasyon ak Kominote Lokal la<\/h3>\n\n\t\t\t\t\t\t\t\t\t\t\t\t\t<\/a>\n\t\t\t\t\t\t\n\t\t\t\t\t\t\t\t\t\t\n\t\t\t\t\t\t\t\n\t\t\t\t\t\n\t\t\t\t\t<p>We value the impact of collaboration and working with others within the local community. If you or your organization is interested in hosting a specialized activity or supporting the Community Playgroup initiative, please contact Ashley Asquith at &#x61;&#x61;&#115;&#113;ui&#x74;&#x68;&#x40;&#102;ko&#x61;&#x66;&#x74;&#101;&#114;s&#x63;&#x68;&#x6f;&#111;&#108;&#46;&#x6f;&#x72;&#x67;. <\/p>\n\n\t\t\t\t\t\t\t\t\t\t\t\n\t\t\t\t\t\t\n\t\t\t\t\t\t\t\t\t\t\t\n\t\t\t\t\t\t\n\t\t\t\t\t\t\t\t\t\t\t<a class=\"button\" href=\"https:\/\/fkoafterschool.org\/ht\/team-members\/ashley-asquith\/\" target=\"\">Kontakte Ashley!<\/a>\n\t\t\t\t\t\n\t\t\t\t\t\t\t\n\t\t\t\t<\/div>\t\n\n\t\t\t<\/div>\t\n\n\t\t\t\n\t\t<\/div>\n\n\t<\/div>\n\n\t    \n    \n<\/div>\n\n\n<p class=\"\"><\/p>\n\n\n\n\n<div class=\"whyy feature-wrap  bright-border de-inner white-bg\">\n\n\n    \t\n\t\t\t\t\n\t\t\t\t\t\t\t\t\t\t\t\n\t\t\t\n\t\t\t\t\t\t\t\t\t\n\t\t\t\t\t\t\t\t\t\t\t\t\t\t\t\t\n\t\t\t\t\t\t\t\t\t\t\t\t\t\n\t\t\t\t\t\t\t\t\t\t\t\t\t\t\t\t\t\t\t\t\t\t\t\t\t\t\t\n\t\t\t\t\t\t\t\t\t\t\t\t\t\t\t\t\t\t\t\t\t\t\t\t\t\t\n\t\t\t\t\t\t\t\t\t\t\t\t\t\t\t\t\t\t\t\t\t\t\t\t\t\t\t\t\t\t\t\t\t\t\t\n\t\n\t<div class=\"feature verticenter-ib\" data-layout=\"image-right\">\n\t\t\t\t\n\t\t<div class=\"grid\">\n\n\t\t\t\t\t\t\t\t\t\n\t\t\t\t<div class=\"grid__cell tablet__100 unit-5-12 push-7\">\n\t\t\t\t\t<figure class=\"centered-horizontal centered-vertical added-padding\">\n\t\t\t\t\t\t<img decoding=\"async\" loading=\"lazy\" src=\"https:\/\/i0.wp.com\/fkoafterschool.org\/wp-content\/uploads\/2019\/09\/icon_contact.png?resize=400%2C386&#038;ssl=1\" alt=\"enrollment icon\">\n\t\t\t\t\t<\/figure>\n\t\t\t\t<\/div>\t\n\n\t\t\t\t\t\t\t\t\t\n\t\t\t<div class=\"grid__cell tablet__100 unit-6-12 pull-5\">\n\n\t\t\t\t<div class=\"main-content\">\n\t\t\t\t\t\n\t\t\t\t\t\t\t\n\t\t\t\t\t\n\t\t\t\t\t\t\t\t\t\t\t\t\t\t\t\t\t\t\t\t\t\t\t<a href=\"http:\/\/fkoafterschool.org\/ht\/registration-financial-support\/\" target=\"_blank\">\n\t\t\t\t\t\t\t\t\t\t\t\t\n\t\t\t\t\t\t<h3>Detay Enskripsyon <\/h3>\n\n\t\t\t\t\t\t\t\t\t\t\t\t\t<\/a>\n\t\t\t\t\t\t\n\t\t\t\t\t\t\t\t\t\t\n\t\t\t\t\t\t\t\n\t\t\t\t\t\n\t\t\t\t\t<p>Enskri pitit ou pou yon ane eksplorasyon kreyatif, yon anviw\u00f2nman ki nouri epi kons\u00e8y pou pran desizyon ki bon pou sante. Nou ka gide ou nan pwosesis enskripsyon an ak opsyon finansman ki disponib pou fanmi ou.<\/p>\n\n\t\t\t\t\t\t\t\t\t\t\t\n\t\t\t\t\t\t\n\t\t\t\t\t\t\t\t\t\t\t\n\t\t\t\t\t\t\n\t\t\t\t\t\t\t\t\t\t\t<a class=\"button\" href=\"http:\/\/fkoafterschool.org\/ht\/registration-financial-support\/\" target=\"_blank\">Aprann plis<\/a>\n\t\t\t\t\t\n\t\t\t\t\t\t\t\n\t\t\t\t<\/div>\t\n\n\t\t\t<\/div>\t\n\n\t\t\t\n\t\t<\/div>\n\n\t<\/div>\n\n\t    \n    \n<\/div>","protected":false},"excerpt":{"rendered":"<p>Through this drop-in playgroup, you and your child will be able to engage in a social and interactive environment created to support infants and toddlers. Participants will have access to our outdoor nature classroom, multipurpose classroom, and gymnasium space, all equipped with materials and activities promote exploration, creativity, and cognitive development in a fun and [&hellip;]<\/p>\n","protected":false},"author":7,"featured_media":0,"parent":0,"menu_order":9,"comment_status":"closed","ping_status":"closed","template":"","meta":{"_acf_changed":false,"nf_dc_page":"","footnotes":""},"class_list":["post-9214","page","type-page","status-publish","hentry"],"acf":[],"yoast_head":"<!-- This site is optimized with the Yoast SEO plugin v27.4 - https:\/\/yoast.com\/product\/yoast-seo-wordpress\/ -->\n<title>Rise &amp; Shine Playgroup - For Kids Only Afterschool<\/title>\n<meta name=\"description\" content=\"FKO Afterschool offers the structure that kids need to feel secure, with the flexibility to spend their time exploring favorite activities and new passions.\" \/>\n<meta name=\"robots\" content=\"index, follow, max-snippet:-1, max-image-preview:large, max-video-preview:-1\" \/>\n<link rel=\"canonical\" href=\"https:\/\/fkoafterschool.org\/ht\/rise-and-shine\/\" \/>\n<meta property=\"og:locale\" content=\"ht_HT\" \/>\n<meta property=\"og:type\" content=\"article\" \/>\n<meta property=\"og:title\" content=\"Rise &amp; Shine Playgroup - For Kids Only Afterschool\" \/>\n<meta property=\"og:description\" content=\"FKO Afterschool offers the structure that kids need to feel secure, with the flexibility to spend their time exploring favorite activities and new passions.\" \/>\n<meta property=\"og:url\" content=\"https:\/\/fkoafterschool.org\/ht\/rise-and-shine\/\" \/>\n<meta property=\"og:site_name\" content=\"For Kids Only Afterschool\" \/>\n<meta property=\"article:modified_time\" content=\"2026-04-02T16:10:38+00:00\" \/>\n<meta property=\"og:image\" content=\"https:\/\/fkoafterschool.org\/wp-content\/uploads\/2024\/05\/RiseShine-PNG-Transparent-1.png\" \/>\n<meta name=\"twitter:card\" content=\"summary_large_image\" \/>\n<meta name=\"twitter:label1\" content=\"Est. reading time\" \/>\n\t<meta name=\"twitter:data1\" content=\"1 minute\" \/>\n<script type=\"application\/ld+json\" class=\"yoast-schema-graph\">{\"@context\":\"https:\\\/\\\/schema.org\",\"@graph\":[{\"@type\":\"WebPage\",\"@id\":\"https:\\\/\\\/fkoafterschool.org\\\/rise-and-shine\\\/\",\"url\":\"https:\\\/\\\/fkoafterschool.org\\\/rise-and-shine\\\/\",\"name\":\"Rise &amp; Shine Playgroup - For Kids Only Afterschool\",\"isPartOf\":{\"@id\":\"https:\\\/\\\/fkoafterschool.org\\\/#website\"},\"primaryImageOfPage\":{\"@id\":\"https:\\\/\\\/fkoafterschool.org\\\/rise-and-shine\\\/#primaryimage\"},\"image\":{\"@id\":\"https:\\\/\\\/fkoafterschool.org\\\/rise-and-shine\\\/#primaryimage\"},\"thumbnailUrl\":\"https:\\\/\\\/fkoafterschool.org\\\/wp-content\\\/uploads\\\/2024\\\/05\\\/RiseShine-PNG-Transparent-1.png\",\"datePublished\":\"2023-09-20T13:56:33+00:00\",\"dateModified\":\"2026-04-02T16:10:38+00:00\",\"description\":\"FKO Afterschool offers the structure that kids need to feel secure, with the flexibility to spend their time exploring favorite activities and new passions.\",\"breadcrumb\":{\"@id\":\"https:\\\/\\\/fkoafterschool.org\\\/rise-and-shine\\\/#breadcrumb\"},\"inLanguage\":\"ht\",\"potentialAction\":[{\"@type\":\"ReadAction\",\"target\":[\"https:\\\/\\\/fkoafterschool.org\\\/rise-and-shine\\\/\"]}]},{\"@type\":\"ImageObject\",\"inLanguage\":\"ht\",\"@id\":\"https:\\\/\\\/fkoafterschool.org\\\/rise-and-shine\\\/#primaryimage\",\"url\":\"https:\\\/\\\/fkoafterschool.org\\\/wp-content\\\/uploads\\\/2024\\\/05\\\/RiseShine-PNG-Transparent-1.png\",\"contentUrl\":\"https:\\\/\\\/fkoafterschool.org\\\/wp-content\\\/uploads\\\/2024\\\/05\\\/RiseShine-PNG-Transparent-1.png\"},{\"@type\":\"BreadcrumbList\",\"@id\":\"https:\\\/\\\/fkoafterschool.org\\\/rise-and-shine\\\/#breadcrumb\",\"itemListElement\":[{\"@type\":\"ListItem\",\"position\":1,\"name\":\"Home\",\"item\":\"https:\\\/\\\/fkoafterschool.org\\\/\"},{\"@type\":\"ListItem\",\"position\":2,\"name\":\"Rise &amp; Shine Playgroup\"}]},{\"@type\":\"WebSite\",\"@id\":\"https:\\\/\\\/fkoafterschool.org\\\/#website\",\"url\":\"https:\\\/\\\/fkoafterschool.org\\\/\",\"name\":\"For Kids Only Afterschool\",\"description\":\"Just another WordPress site\",\"potentialAction\":[{\"@type\":\"SearchAction\",\"target\":{\"@type\":\"EntryPoint\",\"urlTemplate\":\"https:\\\/\\\/fkoafterschool.org\\\/?s={search_term_string}\"},\"query-input\":{\"@type\":\"PropertyValueSpecification\",\"valueRequired\":true,\"valueName\":\"search_term_string\"}}],\"inLanguage\":\"ht\"}]}<\/script>\n<!-- \/ Yoast SEO plugin. -->","yoast_head_json":{"title":"Rise &amp; Shine Playgroup - For Kids Only Afterschool","description":"FKO Afterschool offers the structure that kids need to feel secure, with the flexibility to spend their time exploring favorite activities and new passions.","robots":{"index":"index","follow":"follow","max-snippet":"max-snippet:-1","max-image-preview":"max-image-preview:large","max-video-preview":"max-video-preview:-1"},"canonical":"https:\/\/fkoafterschool.org\/ht\/rise-and-shine\/","og_locale":"ht_HT","og_type":"article","og_title":"Rise &amp; Shine Playgroup - For Kids Only Afterschool","og_description":"FKO Afterschool offers the structure that kids need to feel secure, with the flexibility to spend their time exploring favorite activities and new passions.","og_url":"https:\/\/fkoafterschool.org\/ht\/rise-and-shine\/","og_site_name":"For Kids Only Afterschool","article_modified_time":"2026-04-02T16:10:38+00:00","og_image":[{"url":"https:\/\/fkoafterschool.org\/wp-content\/uploads\/2024\/05\/RiseShine-PNG-Transparent-1.png","type":"","width":"","height":""}],"twitter_card":"summary_large_image","twitter_misc":{"Est. reading time":"1 minute"},"schema":{"@context":"https:\/\/schema.org","@graph":[{"@type":"WebPage","@id":"https:\/\/fkoafterschool.org\/rise-and-shine\/","url":"https:\/\/fkoafterschool.org\/rise-and-shine\/","name":"Rise &amp; Shine Playgroup - For Kids Only Afterschool","isPartOf":{"@id":"https:\/\/fkoafterschool.org\/#website"},"primaryImageOfPage":{"@id":"https:\/\/fkoafterschool.org\/rise-and-shine\/#primaryimage"},"image":{"@id":"https:\/\/fkoafterschool.org\/rise-and-shine\/#primaryimage"},"thumbnailUrl":"https:\/\/fkoafterschool.org\/wp-content\/uploads\/2024\/05\/RiseShine-PNG-Transparent-1.png","datePublished":"2023-09-20T13:56:33+00:00","dateModified":"2026-04-02T16:10:38+00:00","description":"FKO Afterschool offers the structure that kids need to feel secure, with the flexibility to spend their time exploring favorite activities and new passions.","breadcrumb":{"@id":"https:\/\/fkoafterschool.org\/rise-and-shine\/#breadcrumb"},"inLanguage":"ht","potentialAction":[{"@type":"ReadAction","target":["https:\/\/fkoafterschool.org\/rise-and-shine\/"]}]},{"@type":"ImageObject","inLanguage":"ht","@id":"https:\/\/fkoafterschool.org\/rise-and-shine\/#primaryimage","url":"https:\/\/fkoafterschool.org\/wp-content\/uploads\/2024\/05\/RiseShine-PNG-Transparent-1.png","contentUrl":"https:\/\/fkoafterschool.org\/wp-content\/uploads\/2024\/05\/RiseShine-PNG-Transparent-1.png"},{"@type":"BreadcrumbList","@id":"https:\/\/fkoafterschool.org\/rise-and-shine\/#breadcrumb","itemListElement":[{"@type":"ListItem","position":1,"name":"Home","item":"https:\/\/fkoafterschool.org\/"},{"@type":"ListItem","position":2,"name":"Rise &amp; Shine Playgroup"}]},{"@type":"WebSite","@id":"https:\/\/fkoafterschool.org\/#website","url":"https:\/\/fkoafterschool.org\/","name":"S\u00e8lman pou Timoun Apre Lek\u00f2l","description":"Just another WordPress site","potentialAction":[{"@type":"SearchAction","target":{"@type":"EntryPoint","urlTemplate":"https:\/\/fkoafterschool.org\/?s={search_term_string}"},"query-input":{"@type":"PropertyValueSpecification","valueRequired":true,"valueName":"search_term_string"}}],"inLanguage":"ht"}]}},"jetpack_sharing_enabled":true,"_links":{"self":[{"href":"https:\/\/fkoafterschool.org\/ht\/wp-json\/wp\/v2\/pages\/9214","targetHints":{"allow":["GET"]}}],"collection":[{"href":"https:\/\/fkoafterschool.org\/ht\/wp-json\/wp\/v2\/pages"}],"about":[{"href":"https:\/\/fkoafterschool.org\/ht\/wp-json\/wp\/v2\/types\/page"}],"author":[{"embeddable":true,"href":"https:\/\/fkoafterschool.org\/ht\/wp-json\/wp\/v2\/users\/7"}],"replies":[{"embeddable":true,"href":"https:\/\/fkoafterschool.org\/ht\/wp-json\/wp\/v2\/comments?post=9214"}],"version-history":[{"count":5,"href":"https:\/\/fkoafterschool.org\/ht\/wp-json\/wp\/v2\/pages\/9214\/revisions"}],"predecessor-version":[{"id":12899,"href":"https:\/\/fkoafterschool.org\/ht\/wp-json\/wp\/v2\/pages\/9214\/revisions\/12899"}],"wp:attachment":[{"href":"https:\/\/fkoafterschool.org\/ht\/wp-json\/wp\/v2\/media?parent=9214"}],"curies":[{"name":"wp","href":"https:\/\/api.w.org\/{rel}","templated":true}]}}