{"id":4361,"date":"2022-02-15T14:11:17","date_gmt":"2022-02-15T14:11:17","guid":{"rendered":"https:\/\/fkoafterschool.org\/?page_id=4361"},"modified":"2023-03-17T13:47:09","modified_gmt":"2023-03-17T13:47:09","slug":"social-and-emotional-learning-page","status":"publish","type":"page","link":"https:\/\/fkoafterschool.org\/ht\/social-and-emotional-learning-page\/","title":{"rendered":"Aprantisaj Sosyal ak Emosyon\u00e8l"},"content":{"rendered":"<div class=\"de-inner hero-wrap wavey-bottom stacked\">\n\t<div class=\"hero  top-center coverit\" style=\"background-image: url('https:\/\/i0.wp.com\/fkoafterschool.org\/wp-content\/uploads\/2023\/03\/333947928_772680010878251_8157982123089853358_n-scaled.jpg?resize=1200%2C800&#038;ssl=1');\">\n\n\t\t\t\t\t\t\t\t\t<div class=\"image-wrap wavey-bottom top-center coverit\" style=\"background-image: url('https:\/\/i0.wp.com\/fkoafterschool.org\/wp-content\/uploads\/2023\/03\/333947928_772680010878251_8157982123089853358_n-scaled.jpg?resize=1200%2C800&#038;ssl=1');\">\n\t\t\t\t\t<img decoding=\"async\" loading=\"lazy\" src=\"https:\/\/i0.wp.com\/fkoafterschool.org\/wp-content\/uploads\/2023\/03\/333947928_772680010878251_8157982123089853358_n-scaled.jpg?resize=1200%2C800&#038;ssl=1\" alt=\"\" \/>\n\t\t\t\t<\/div>\t\n\t\t\t\t\n\t\t\t\t\n\t\t<div class=\"inner-wrap\">\n\t\t\t\t\t\t<div class=\"grid aligncenter\">\n\t\t\t\t<div class=\"grid__cell unit-8-12 tablet__100 aligncenter\">\n\t\t\t\t\t<h2 >Aprantisaj Sosyal ak Emosyon\u00e8l<\/h2>\t\n\t\t\t\t<\/div>\n\t\t\t\t\n\t\t\t\t<div class=\"grid__cell unit-6-12 tablet__100 desktop__75 aligncenter\">\t\n\n\t\t\t\t    \t\t\t\t\t\t\t\n\t\t\t\t\t\t\t<p class=\"subhead\">Objektif filozofi sosyal, emosyon\u00e8l ak konsyans nou an se bay FKO yon kad pou entegre konpetans aprantisaj sosyal-emosyon\u00e8l (SEL) nan pwogram yo, konsa timoun ak anplwaye yo ap aprann, pratike epi s\u00e8vi k\u00f2m mod\u00e8l pou konpetans lavi esansy\u00e8l ki pral devlope an tr\u00e8 karakter pozitif ak an sante. <\/p>\n\n\t\t\t        \t\n\t\t\t\t<\/div>\n\n\t\t\t\t\t\t\t<\/div>\t\t\n\t\t<\/div>\n\n\t<\/div>\n<\/div>\n\n\n\n<div class=\"whyy feature-wrap  bright-border de-inner white-bg\">\n\n\n<\/div>\n\n\n<p><\/p>\n\n\n\n\n<div class=\"whyy feature-wrap\">\n\n\n    \t\n\t\t\t\t\n\t\t\t\t\t\t\t\t\t\t\t\n\t\t\t\n\t\t\t\t\t\t\t\t\t\t\t\t\t\t\t\t\n\t\t\t\t\t\t\t\t\t\t\t\t\t\t\t\t\n\t\t\t\t\t\t\t\t\t\t\t\t\t\n\t\t\t\t\t\t\t\t\n\t\t\t\n\t\t\t\t\t\t\t\t\t\t\t\t\t\t\t\t\t\t\t\t\t\t\t\t\t\t\t\t\t\t\t\t\t\t\t\n\t\n\t<div class=\"feature verticenter-ib\" data-layout=\"image-left\">\n\t\t\t\t\n\t\t<div class=\"grid\">\n\n\t\t\t\t\t\t\t\t\t\n\t\t\t\t<div class=\"grid__cell tablet__100 unit-5-12\">\n\t\t\t\t\t<figure class=\"fancy-border\">\n\t\t\t\t\t\t<img decoding=\"async\" loading=\"lazy\" src=\"https:\/\/i0.wp.com\/fkoafterschool.org\/wp-content\/uploads\/2022\/09\/7D8A1512-scaled.jpg?resize=800%2C800&#038;ssl=1\" alt=\"\">\n\t\t\t\t\t<\/figure>\n\t\t\t\t<\/div>\t\n\n\t\t\t\t\t\t\t\t\t\n\t\t\t<div class=\"grid__cell tablet__100 unit-6-12\">\n\n\t\t\t\t<div class=\"main-content\">\n\t\t\t\t\t\n\t\t\t\t\t\t\t\n\t\t\t\t\t\n\t\t\t\t\t<span class=\"pretitle\">Ki sa SEL ye?<\/span>\t\t\t\t\t\t\t\t\t\t\t\t\t\t\t\t\t\n\t\t\t\t\t\t<h3>Aprantisaj Sosyal ak Emosyon\u00e8l<\/h3>\n\n\t\t\t\t\t\t\n\t\t\t\t\t\t\t\t\t\t\n\t\t\t\t\t\t\t\n\t\t\t\t\t\n\t\t\t\t\t<p>Aprantisaj sosyal ak emosyon\u00e8l (SEL) se pwosesis kote timoun ak granmoun jwenn epi aplike av\u00e8k efikasite konesans, atitid, ak konpetans ki neses\u00e8 pou konprann ak jere emosyon, fikse epi reyalize objektif pozitif, santi epi montre anpati pou l\u00f2t moun, etabli epi kenbe relasyon pozitif, epi pran desizyon ki responsab. <\/p>\n\n\t\t\t\t\t\t\t\t\t\t\t\n\t\t\t\t\t\t\n\t\t\t\t\t\t\t\t\t\t\t\n\t\t\t\t\t\t\n\t\t\t\t\t\n\t\t\t\t\t\t\t\n\t\t\t\t<\/div>\t\n\n\t\t\t<\/div>\t\n\n\t\t\t\n\t\t<\/div>\n\n\t<\/div>\n\n\t    \n    \n    \t\n\t\t\t\t\n\t\t\t\t\t\t\t\t\t\t\t\n\t\t\t\n\t\t\t\t\t\t\t\t\t\t\t\t\t\t\t\t\n\t\t\t\t\t\t\t\t\t\t\t\t\t\t\t\t\n\t\t\t\t\t\t\t\t\t\t\t\t\t\n\t\t\t\t\t\t\t\t\t\t\t\t\t\t\t\t\t\t\t\t\t\t\t\t\t\t\t\n\t\t\t\t\t\t\t\t\t\t\t\t\t\t\t\t\t\t\t\t\t\t\t\t\t\t\n\t\t\t\t\t\t\t\t\t\t\t\t\t\t\t\t\t\t\t\t\t\t\t\t\t\t\t\t\t\t\t\t\t\t\t\n\t\n\t<div class=\"feature verticenter-ib\" data-layout=\"image-right\">\n\t\t\t\t\n\t\t<div class=\"grid\">\n\n\t\t\t\t\t\t\t\t\t\n\t\t\t\t<div class=\"grid__cell tablet__100 unit-5-12 push-7\">\n\t\t\t\t\t<figure class=\"fancy-border\">\n\t\t\t\t\t\t<img decoding=\"async\" loading=\"lazy\" src=\"https:\/\/i0.wp.com\/fkoafterschool.org\/wp-content\/uploads\/2023\/03\/333719265_2009449099446837_177976296725243935_n-scaled-e1701880683998.jpg?resize=800%2C800&#038;ssl=1\" alt=\"\">\n\t\t\t\t\t<\/figure>\n\t\t\t\t<\/div>\t\n\n\t\t\t\t\t\t\t\t\t\n\t\t\t<div class=\"grid__cell tablet__100 unit-6-12 pull-5\">\n\n\t\t\t\t<div class=\"main-content\">\n\t\t\t\t\t\n\t\t\t\t\t\t\t\n\t\t\t\t\t\n\t\t\t\t\t<span class=\"pretitle\">Konpetans CASEL<\/span>\t\t\t\t\t\t\t\t\t\t\t\t\t\t\t\t\t\t<a href=\"https:\/\/youtu.be\/ouXhi_CfBVg\" target=\"\">\n\t\t\t\t\t\t\t\t\t\t\t\t\n\t\t\t\t\t\t<h3>Yon kad sistemik<\/h3>\n\n\t\t\t\t\t\t\t\t\t\t\t\t\t<\/a>\n\t\t\t\t\t\t\n\t\t\t\t\t\t\t\t\t\t\n\t\t\t\t\t\t\t\n\t\t\t\t\t\n\t\t\t\t\t<p>Nan FKO, nou entegre op\u00f2tinite pou aprantisaj sosyal ak emosyon\u00e8l (SEL) nan tout aktivite nou yo, epi nou bati sou senk z\u00f2n konpetans ki rekon\u00e8t nasyonalman pa Collaborative for Academic, Social, and Emotional Learning (CASEL). Sa gen ladan konsyans de t\u00e8t, jesyon t\u00e8t, konsyans sosyal, konpetans nan relasyon, ak pran desizyon responsab.<\/p>\n\n\t\t\t\t\t\t\t\t\t\t\t\n\t\t\t\t\t\t\n\t\t\t\t\t\t\t\t\t\t\t\n\t\t\t\t\t\t\n\t\t\t\t\t\t\t\t\t\t\t<a class=\"button\" href=\"https:\/\/youtu.be\/ouXhi_CfBVg\" target=\"\">Klike la a pou aprann plis sou CASEL<\/a>\n\t\t\t\t\t\n\t\t\t\t\t\t\t\n\t\t\t\t<\/div>\t\n\n\t\t\t<\/div>\t\n\n\t\t\t\n\t\t<\/div>\n\n\t<\/div>\n\n\t    \n    \n    \t\n\t\t\t\t\n\t\t\t\t\t\t\t\t\t\t\t\n\t\t\t\n\t\t\t\t\t\t\t\t\t\t\t\t\t\t\t\t\n\t\t\t\t\t\t\t\t\t\t\t\t\t\t\t\t\n\t\t\t\t\t\t\t\t\t\t\t\t\t\n\t\t\t\t\t\t\t\t\n\t\t\t\n\t\t\t\t\t\t\t\t\t\t\t\t\t\t\t\t\t\t\t\t\t\t\t\t\t\t\t\t\t\t\t\t\t\t\t\n\t\n\t<div class=\"feature verticenter-ib\" data-layout=\"image-left\">\n\t\t\t\t\n\t\t<div class=\"grid\">\n\n\t\t\t\t\t\t\t\t\t\n\t\t\t\t<div class=\"grid__cell tablet__100 unit-5-12\">\n\t\t\t\t\t<figure class=\"fancy-border\">\n\t\t\t\t\t\t<img decoding=\"async\" loading=\"lazy\" src=\"https:\/\/i0.wp.com\/fkoafterschool.org\/wp-content\/uploads\/2022\/08\/PA-1-scaled-e1701880908496.jpg?resize=800%2C800&#038;ssl=1\" alt=\"\">\n\t\t\t\t\t<\/figure>\n\t\t\t\t<\/div>\t\n\n\t\t\t\t\t\t\t\t\t\n\t\t\t<div class=\"grid__cell tablet__100 unit-6-12\">\n\n\t\t\t\t<div class=\"main-content\">\n\t\t\t\t\t\n\t\t\t\t\t\t\t\n\t\t\t\t\t\n\t\t\t\t\t<span class=\"pretitle\">Gid Pozitif sou Konp\u00f2tman<\/span>\t\t\t\t\t\t\t\t\t\t\t\t\t\t\t\t\t\n\t\t\t\t\t\t<h3>Gide timoun yo yon fason pwoaktif<\/h3>\n\n\t\t\t\t\t\t\n\t\t\t\t\t\t\t\t\t\t\n\t\t\t\t\t\t\t\n\t\t\t\t\t\n\t\t\t\t\t<p>FKO itilize yon filozofi Gid Pozitif Konp\u00f2tman pou kreye yon anviw\u00f2nman amizan ak akeyan, ki konsantre sou prevansyon ak rediksyon konp\u00f2tman negatif. Anplwaye nou yo diskite sou sa nou atann ak timoun yo, epi pandan tout jounen an, yo bay ranf\u00f2sman pozitif ak lwanj, ansanm ak pratike refleksyon, meditasyon, ak respirasyon.<\/p>\n\n\t\t\t\t\t\t\t\t\t\t\t\n\t\t\t\t\t\t\n\t\t\t\t\t\t\t\t\t\t\t\n\t\t\t\t\t\t\n\t\t\t\t\t\n\t\t\t\t\t\t\t\n\t\t\t\t<\/div>\t\n\n\t\t\t<\/div>\t\n\n\t\t\t\n\t\t<\/div>\n\n\t<\/div>\n\n\t    \n    \n    \t\n\t\t\t\t\n\t\t\t\t\t\t\t\t\t\t\t\n\t\t\t\n\t\t\t\t\t\t\t\t\t\t\t\t\t\t\t\t\n\t\t\t\t\t\t\t\t\t\t\t\t\t\t\t\t\n\t\t\t\t\t\t\t\t\t\t\t\t\t\n\t\t\t\t\t\t\t\t\n\t\t\t\n\t\t\t\t\t\t\t\t\t\t\t\t\t\t\t\t\t\t\t\t\t\t\t\t\t\t\t\t\t\t\t\t\t\t\t\n\t\n\t<div class=\"feature verticenter-ib\" data-layout=\"image-right\">\n\t\t\t\t\n\t\t<div class=\"grid\">\n\n\t\t\t\t\t\t\t\t\t\n\t\t\t\t<div class=\"grid__cell tablet__100 unit-5-12 push-7\">\n\t\t\t\t\t<figure class=\"fancy-border\">\n\t\t\t\t\t\t<img decoding=\"async\" loading=\"lazy\" src=\"https:\/\/i0.wp.com\/fkoafterschool.org\/wp-content\/uploads\/2022\/09\/kidslaughing2.jpg?resize=800%2C800&#038;ssl=1\" alt=\"\">\n\t\t\t\t\t<\/figure>\n\t\t\t\t<\/div>\t\n\n\t\t\t\t\t\t\t\t\t\n\t\t\t<div class=\"grid__cell tablet__100 unit-6-12 pull-5\">\n\n\t\t\t\t<div class=\"main-content\">\n\t\t\t\t\t\n\t\t\t\t\t\t\t\n\t\t\t\t\t\n\t\t\t\t\t<span class=\"pretitle\">Vizyon an<\/span>\t\t\t\t\t\t\t\t\t\t\t\t\t\t\t\t\t\n\t\t\t\t\t\t<h3>Devlope konpetans ki bon pou sante<\/h3>\n\n\t\t\t\t\t\t\n\t\t\t\t\t\t\t\t\t\t\n\t\t\t\t\t\t\t\n\t\t\t\t\t\n\t\t\t\t\t<p>Vizyon nou pou SEL se pou tout timoun FKO devlope konpetans sosyal ak emosyon\u00e8l ki an sante, ki neses\u00e8 pou yo reyisi nan lavi chak jou. Misyon nou se anseye timoun yo konpetans SEL pou ede gide yo nan dekouv\u00e8t t\u00e8t yo, nan kreyasyon lap\u00e8, ak nan estrateji pou jere difikilte. Yo entwodui tou kons\u00e8p konsyans prezan pou ede ogmante kapasite timoun yo pou yo vin okouran de t\u00e8t yo, pou yo kontwole t\u00e8t yo, epi pou yo diminye str\u00e8s. <\/p>\n\n\t\t\t\t\t\t\t\t\t\t\t\n\t\t\t\t\t\t\n\t\t\t\t\t\t\t\t\t\t\t\n\t\t\t\t\t\t\n\t\t\t\t\t\n\t\t\t\t\t\t\t\n\t\t\t\t<\/div>\t\n\n\t\t\t<\/div>\t\n\n\t\t\t\n\t\t<\/div>\n\n\t<\/div>\n\n\t    \n    \n<\/div>","protected":false},"excerpt":{"rendered":"<p>The purpose of our Social, Emotional and Mindfulness philosophy is to provide FKO with a framework for integrating social emotional learning (SEL) skills into programming so that children and staff will learn, practice and model essential life skills that will develop into positive, healthy character traits.<\/p>","protected":false},"author":6,"featured_media":8215,"parent":0,"menu_order":31,"comment_status":"closed","ping_status":"closed","template":"","meta":{"_acf_changed":false,"nf_dc_page":"","footnotes":""},"class_list":["post-4361","page","type-page","status-publish","has-post-thumbnail","hentry"],"acf":[],"yoast_head":"<!-- This site is optimized with the Yoast SEO plugin v27.4 - https:\/\/yoast.com\/product\/yoast-seo-wordpress\/ -->\n<title>Social and Emotional Learning - For Kids Only Afterschool<\/title>\n<meta name=\"description\" content=\"From the minute your child arrives at our Summer program, our staff engages in activities that keep both their mind and body active.\" \/>\n<meta name=\"robots\" content=\"index, follow, max-snippet:-1, max-image-preview:large, max-video-preview:-1\" \/>\n<link rel=\"canonical\" href=\"https:\/\/fkoafterschool.org\/ht\/social-and-emotional-learning-page\/\" \/>\n<meta property=\"og:locale\" content=\"ht_HT\" \/>\n<meta property=\"og:type\" content=\"article\" \/>\n<meta property=\"og:title\" content=\"Social and Emotional Learning - For Kids Only Afterschool\" \/>\n<meta property=\"og:description\" content=\"From the minute your child arrives at our Summer program, our staff engages in activities that keep both their mind and body active.\" \/>\n<meta property=\"og:url\" content=\"https:\/\/fkoafterschool.org\/ht\/social-and-emotional-learning-page\/\" \/>\n<meta property=\"og:site_name\" content=\"For Kids Only Afterschool\" \/>\n<meta property=\"article:modified_time\" content=\"2023-03-17T13:47:09+00:00\" \/>\n<meta property=\"og:image\" content=\"https:\/\/fkoafterschool.org\/wp-content\/uploads\/2023\/03\/333992125_3507815449452441_5452745485040219067_n-scaled.jpg\" \/>\n\t<meta property=\"og:image:width\" content=\"1600\" \/>\n\t<meta property=\"og:image:height\" content=\"1280\" \/>\n\t<meta property=\"og:image:type\" content=\"image\/jpeg\" \/>\n<meta name=\"twitter:card\" content=\"summary_large_image\" \/>\n<script type=\"application\/ld+json\" class=\"yoast-schema-graph\">{\"@context\":\"https:\\\/\\\/schema.org\",\"@graph\":[{\"@type\":\"WebPage\",\"@id\":\"https:\\\/\\\/fkoafterschool.org\\\/social-and-emotional-learning-page\\\/\",\"url\":\"https:\\\/\\\/fkoafterschool.org\\\/social-and-emotional-learning-page\\\/\",\"name\":\"Social and Emotional Learning - For Kids Only Afterschool\",\"isPartOf\":{\"@id\":\"https:\\\/\\\/fkoafterschool.org\\\/#website\"},\"primaryImageOfPage\":{\"@id\":\"https:\\\/\\\/fkoafterschool.org\\\/social-and-emotional-learning-page\\\/#primaryimage\"},\"image\":{\"@id\":\"https:\\\/\\\/fkoafterschool.org\\\/social-and-emotional-learning-page\\\/#primaryimage\"},\"thumbnailUrl\":\"https:\\\/\\\/i0.wp.com\\\/fkoafterschool.org\\\/wp-content\\\/uploads\\\/2023\\\/03\\\/333992125_3507815449452441_5452745485040219067_n-scaled.jpg?fit=1600%2C1280&ssl=1\",\"datePublished\":\"2022-02-15T14:11:17+00:00\",\"dateModified\":\"2023-03-17T13:47:09+00:00\",\"description\":\"From the minute your child arrives at our Summer program, our staff engages in activities that keep both their mind and body active.\",\"breadcrumb\":{\"@id\":\"https:\\\/\\\/fkoafterschool.org\\\/social-and-emotional-learning-page\\\/#breadcrumb\"},\"inLanguage\":\"ht\",\"potentialAction\":[{\"@type\":\"ReadAction\",\"target\":[\"https:\\\/\\\/fkoafterschool.org\\\/social-and-emotional-learning-page\\\/\"]}]},{\"@type\":\"ImageObject\",\"inLanguage\":\"ht\",\"@id\":\"https:\\\/\\\/fkoafterschool.org\\\/social-and-emotional-learning-page\\\/#primaryimage\",\"url\":\"https:\\\/\\\/i0.wp.com\\\/fkoafterschool.org\\\/wp-content\\\/uploads\\\/2023\\\/03\\\/333992125_3507815449452441_5452745485040219067_n-scaled.jpg?fit=1600%2C1280&ssl=1\",\"contentUrl\":\"https:\\\/\\\/i0.wp.com\\\/fkoafterschool.org\\\/wp-content\\\/uploads\\\/2023\\\/03\\\/333992125_3507815449452441_5452745485040219067_n-scaled.jpg?fit=1600%2C1280&ssl=1\",\"width\":1600,\"height\":1280},{\"@type\":\"BreadcrumbList\",\"@id\":\"https:\\\/\\\/fkoafterschool.org\\\/social-and-emotional-learning-page\\\/#breadcrumb\",\"itemListElement\":[{\"@type\":\"ListItem\",\"position\":1,\"name\":\"Home\",\"item\":\"https:\\\/\\\/fkoafterschool.org\\\/\"},{\"@type\":\"ListItem\",\"position\":2,\"name\":\"Social and Emotional Learning\"}]},{\"@type\":\"WebSite\",\"@id\":\"https:\\\/\\\/fkoafterschool.org\\\/#website\",\"url\":\"https:\\\/\\\/fkoafterschool.org\\\/\",\"name\":\"For Kids Only Afterschool\",\"description\":\"Just another WordPress site\",\"potentialAction\":[{\"@type\":\"SearchAction\",\"target\":{\"@type\":\"EntryPoint\",\"urlTemplate\":\"https:\\\/\\\/fkoafterschool.org\\\/?s={search_term_string}\"},\"query-input\":{\"@type\":\"PropertyValueSpecification\",\"valueRequired\":true,\"valueName\":\"search_term_string\"}}],\"inLanguage\":\"ht\"}]}<\/script>\n<!-- \/ Yoast SEO plugin. -->","yoast_head_json":{"title":"Social and Emotional Learning - For Kids Only Afterschool","description":"From the minute your child arrives at our Summer program, our staff engages in activities that keep both their mind and body active.","robots":{"index":"index","follow":"follow","max-snippet":"max-snippet:-1","max-image-preview":"max-image-preview:large","max-video-preview":"max-video-preview:-1"},"canonical":"https:\/\/fkoafterschool.org\/ht\/social-and-emotional-learning-page\/","og_locale":"ht_HT","og_type":"article","og_title":"Social and Emotional Learning - For Kids Only Afterschool","og_description":"From the minute your child arrives at our Summer program, our staff engages in activities that keep both their mind and body active.","og_url":"https:\/\/fkoafterschool.org\/ht\/social-and-emotional-learning-page\/","og_site_name":"For Kids Only Afterschool","article_modified_time":"2023-03-17T13:47:09+00:00","og_image":[{"width":1600,"height":1280,"url":"https:\/\/fkoafterschool.org\/wp-content\/uploads\/2023\/03\/333992125_3507815449452441_5452745485040219067_n-scaled.jpg","type":"image\/jpeg"}],"twitter_card":"summary_large_image","schema":{"@context":"https:\/\/schema.org","@graph":[{"@type":"WebPage","@id":"https:\/\/fkoafterschool.org\/social-and-emotional-learning-page\/","url":"https:\/\/fkoafterschool.org\/social-and-emotional-learning-page\/","name":"Social and Emotional Learning - For Kids Only Afterschool","isPartOf":{"@id":"https:\/\/fkoafterschool.org\/#website"},"primaryImageOfPage":{"@id":"https:\/\/fkoafterschool.org\/social-and-emotional-learning-page\/#primaryimage"},"image":{"@id":"https:\/\/fkoafterschool.org\/social-and-emotional-learning-page\/#primaryimage"},"thumbnailUrl":"https:\/\/i0.wp.com\/fkoafterschool.org\/wp-content\/uploads\/2023\/03\/333992125_3507815449452441_5452745485040219067_n-scaled.jpg?fit=1600%2C1280&ssl=1","datePublished":"2022-02-15T14:11:17+00:00","dateModified":"2023-03-17T13:47:09+00:00","description":"From the minute your child arrives at our Summer program, our staff engages in activities that keep both their mind and body active.","breadcrumb":{"@id":"https:\/\/fkoafterschool.org\/social-and-emotional-learning-page\/#breadcrumb"},"inLanguage":"ht","potentialAction":[{"@type":"ReadAction","target":["https:\/\/fkoafterschool.org\/social-and-emotional-learning-page\/"]}]},{"@type":"ImageObject","inLanguage":"ht","@id":"https:\/\/fkoafterschool.org\/social-and-emotional-learning-page\/#primaryimage","url":"https:\/\/i0.wp.com\/fkoafterschool.org\/wp-content\/uploads\/2023\/03\/333992125_3507815449452441_5452745485040219067_n-scaled.jpg?fit=1600%2C1280&ssl=1","contentUrl":"https:\/\/i0.wp.com\/fkoafterschool.org\/wp-content\/uploads\/2023\/03\/333992125_3507815449452441_5452745485040219067_n-scaled.jpg?fit=1600%2C1280&ssl=1","width":1600,"height":1280},{"@type":"BreadcrumbList","@id":"https:\/\/fkoafterschool.org\/social-and-emotional-learning-page\/#breadcrumb","itemListElement":[{"@type":"ListItem","position":1,"name":"Home","item":"https:\/\/fkoafterschool.org\/"},{"@type":"ListItem","position":2,"name":"Social and Emotional Learning"}]},{"@type":"WebSite","@id":"https:\/\/fkoafterschool.org\/#website","url":"https:\/\/fkoafterschool.org\/","name":"S\u00e8lman pou Timoun Apre Lek\u00f2l","description":"Just another WordPress site","potentialAction":[{"@type":"SearchAction","target":{"@type":"EntryPoint","urlTemplate":"https:\/\/fkoafterschool.org\/?s={search_term_string}"},"query-input":{"@type":"PropertyValueSpecification","valueRequired":true,"valueName":"search_term_string"}}],"inLanguage":"ht"}]}},"jetpack_sharing_enabled":true,"_links":{"self":[{"href":"https:\/\/fkoafterschool.org\/ht\/wp-json\/wp\/v2\/pages\/4361","targetHints":{"allow":["GET"]}}],"collection":[{"href":"https:\/\/fkoafterschool.org\/ht\/wp-json\/wp\/v2\/pages"}],"about":[{"href":"https:\/\/fkoafterschool.org\/ht\/wp-json\/wp\/v2\/types\/page"}],"author":[{"embeddable":true,"href":"https:\/\/fkoafterschool.org\/ht\/wp-json\/wp\/v2\/users\/6"}],"replies":[{"embeddable":true,"href":"https:\/\/fkoafterschool.org\/ht\/wp-json\/wp\/v2\/comments?post=4361"}],"version-history":[{"count":4,"href":"https:\/\/fkoafterschool.org\/ht\/wp-json\/wp\/v2\/pages\/4361\/revisions"}],"predecessor-version":[{"id":8397,"href":"https:\/\/fkoafterschool.org\/ht\/wp-json\/wp\/v2\/pages\/4361\/revisions\/8397"}],"wp:featuredmedia":[{"embeddable":true,"href":"https:\/\/fkoafterschool.org\/ht\/wp-json\/wp\/v2\/media\/8215"}],"wp:attachment":[{"href":"https:\/\/fkoafterschool.org\/ht\/wp-json\/wp\/v2\/media?parent=4361"}],"curies":[{"name":"wp","href":"https:\/\/api.w.org\/{rel}","templated":true}]}}