{"id":40,"date":"2019-04-24T18:37:40","date_gmt":"2019-04-24T18:37:40","guid":{"rendered":"http:\/\/dev.local.com\/?page_id=40"},"modified":"2025-12-10T20:09:35","modified_gmt":"2025-12-10T20:09:35","slug":"donate","status":"publish","type":"page","link":"https:\/\/fkoafterschool.org\/fr\/donate\/","title":{"rendered":"Faire un don"},"content":{"rendered":"<p class=\"\">Votre don est tr\u00e8s appr\u00e9ci\u00e9<\/p>\n\n\n\n\n\n\t\t\t\n\t\t\n\t\t\n\n\t\t\n\n<div class=\"de-inner hero-wrap wavey-bottom stacked\">\n\t<div class=\"hero   coverit\" style=\"background-image: url('https:\/\/i0.wp.com\/fkoafterschool.org\/wp-content\/uploads\/2023\/11\/IMG_2723-scaled-e1701099886645.jpeg?resize=1200%2C720&#038;ssl=1');\">\n\n\t\t\t\t\t\t\t\t\t<div class=\"image-wrap wavey-bottom  coverit\" style=\"background-image: url('https:\/\/i0.wp.com\/fkoafterschool.org\/wp-content\/uploads\/2023\/11\/IMG_2723-scaled-e1701099886645.jpeg?resize=1200%2C720&#038;ssl=1');\">\n\t\t\t\t\t<img decoding=\"async\" loading=\"lazy\" src=\"https:\/\/i0.wp.com\/fkoafterschool.org\/wp-content\/uploads\/2023\/11\/IMG_2723-scaled-e1701099886645.jpeg?resize=1200%2C720&#038;ssl=1\" alt=\"\" \/>\n\t\t\t\t<\/div>\t\n\t\t\t\t\n\t\t\t\t\n\t\t<div class=\"inner-wrap\">\n\t\t\t\t\t\t<div class=\"grid aligncenter\">\n\t\t\t\t<div class=\"grid__cell unit-8-12 tablet__100 aligncenter\">\n\t\t\t\t\t<h2 >Votre don est tr\u00e8s appr\u00e9ci\u00e9<\/h2>\t\n\t\t\t\t<\/div>\n\t\t\t\t\n\t\t\t\t<div class=\"grid__cell unit-6-12 tablet__100 desktop__75 aligncenter\">\t\n\n\t\t\t\t    \t\t\t\t\t\t\t\n\t\t\t\t\t\t\t<p class=\"subhead\">Votre don va directement \u00e0 notre Fonds d'aide aux familles. Chaque centime et chaque dollar sont consacr\u00e9s \u00e0 des bourses pour les familles dans le besoin. Les dons, petits et grands, s'additionnent pour nous aider \u00e0 offrir un lieu s\u00fbr o\u00f9 les enfants peuvent apprendre et grandir \u2013 corps, esprit et c\u0153ur.<\/p>\n\n\t\t\t        \t\n\t\t\t\t\t\t\t<a target=\"_blank\" href=\"https:\/\/www.paypal.com\/donate\/?hosted_button_id=MYU37GAMYKXLJ\" class=\"button\">Faire un don ici<\/a>\n\t\t\t\t\t\t\t\n\t\t\t\t        \t\n\t\t\t\t<\/div>\n\n\t\t\t\t\t\t\t<\/div>\t\t\n\t\t<\/div>\n\n\t<\/div>\n<\/div>\n\n\n<div class=\"item-series-wrap  white-bg\" data-layout=\"simple\">\n\n<div class=\"aligncenter\"> \n\t<span class=\"pretitle\"><\/span>\n\t<h2 ><\/h2>\n<\/div>\n\n<div class=\"item-series four-columns\">\n\n\n\t\t<div class=\"flex-grid row-wrap\">\n\t\t\n\t\t\t\n\t\t\t\t\t\t\t\t        \t\n\t\t        \t<div class=\"cell grid__cell\" data-id=\"40\" data-action=\"isogrid-sort\" data-category=\"\">\n\n\t<article class=\"item\" data-mh=\"item\">\n\n\t\t\n\t\t\t\t\n\t\t\t    \t\t\t\t<a href=\"https:\/\/www.paypal.com\/donate\/?hosted_button_id=TJ3MTTFE2MRD2\" target=\"\">\n\t\t\t\t\t\t        <figure class=\"\">\n\t\t\t\t\t\t\t     \t   <img decoding=\"async\" loading=\"lazy\" src=\"https:\/\/i0.wp.com\/fkoafterschool.org\/wp-content\/uploads\/2025\/11\/150.png?resize=800%2C400&#038;ssl=1\" alt=\"\" \/>\n\t\t    \t<\/figure>\n\t\t\t    \t\t\t\t<\/a>\n\t\t\t\t\t\t    \t\n\t\t\t\n\t\t\n\t\t\t<div class=\"main-content\" data-mh='mainer'>\n\n\t\t        \t\t\t\t\n\t\t\t\t\t\t\n\t\t\t\t\n\t\t\t\t\t\t\t\t\t\t\t\t\t        \t\t\t        \t\t\t\t\t\t\t<a href=\"https:\/\/www.paypal.com\/donate\/?hosted_button_id=TJ3MTTFE2MRD2\" target=\"\">\n\t\t\t\t\t\t\t\t\t        \t<h3 data-mh=\"item-headers\">Parrainer une semaine<\/h3>\n\n\t\t\t\t\t\t\n\t\t\t\t\t\t\t\t\t\t\t\t<\/a>\n\t\t\t\t\t\t\t\t\t        \t\t\t\t\t\t\t\t\t\t\t\t\t\t\t\n\t\t\t\t\t\t\n\t\t\t\t\t\t\t\t\t\t\t\t\t\t\t\t\t\t\t\t\t\t\t\t\t\t\t\t\t\t\t\t\t\t\t\t<a href=\"https:\/\/www.paypal.com\/donate\/?hosted_button_id=TJ3MTTFE2MRD2\" target=\"\"> <\/a>\n\t\t\t\t\t\t\t\t\t\t\t\t\t\t\t\t\t\t\t\t\t\t\t\t\t\t\t\t\t\n\t\t\t\t\n\t\t\t<\/div>\n\t\t\t\n\t\t\n\t\t\t\n\t\t\n\t\t\n\t\t\n\t<\/article>\n<\/div>\t\t\n\t\t\t\t\t\n\t\t\t\t\t\t\t\t        \t\n\t\t        \t<div class=\"cell grid__cell\" data-id=\"40\" data-action=\"isogrid-sort\" data-category=\"\">\n\n\t<article class=\"item\" data-mh=\"item\">\n\n\t\t\n\t\t\t\t\n\t\t\t    \t\t\t\t<a href=\"https:\/\/www.paypal.com\/donate\/?hosted_button_id=TJ3MTTFE2MRD2\" target=\"\">\n\t\t\t\t\t\t        <figure class=\"\">\n\t\t\t\t\t\t\t     \t   <img decoding=\"async\" loading=\"lazy\" src=\"https:\/\/i0.wp.com\/fkoafterschool.org\/wp-content\/uploads\/2025\/11\/600.png?resize=800%2C400&#038;ssl=1\" alt=\"\" \/>\n\t\t    \t<\/figure>\n\t\t\t    \t\t\t\t<\/a>\n\t\t\t\t\t\t    \t\n\t\t\t\n\t\t\n\t\t\t<div class=\"main-content\" data-mh='mainer'>\n\n\t\t        \t\t\t\t\n\t\t\t\t\t\t\n\t\t\t\t\n\t\t\t\t\t\t\t\t\t\t\t\t\t        \t\t\t        \t\t\t\t\t\t\t<a href=\"https:\/\/www.paypal.com\/donate\/?hosted_button_id=TJ3MTTFE2MRD2\" target=\"\">\n\t\t\t\t\t\t\t\t\t        \t<h3 data-mh=\"item-headers\">Sponsoriser un mois<\/h3>\n\n\t\t\t\t\t\t\n\t\t\t\t\t\t\t\t\t\t\t\t<\/a>\n\t\t\t\t\t\t\t\t\t        \t\t\t\t\t\t\t\t\t\t\t\t\t\t\t\n\t\t\t\t\t\t\n\t\t\t\t\t\t\t\t\t\t\t\t\t\t\t\t\t\t\t\t\t\t\t\t\t\t\t\t\t\t\t\t\t\t\t\t<a href=\"https:\/\/www.paypal.com\/donate\/?hosted_button_id=TJ3MTTFE2MRD2\" target=\"\"> <\/a>\n\t\t\t\t\t\t\t\t\t\t\t\t\t\t\t\t\t\t\t\t\t\t\t\t\t\t\t\t\t\n\t\t\t\t\n\t\t\t<\/div>\n\t\t\t\n\t\t\n\t\t\t\n\t\t\n\t\t\n\t\t\n\t<\/article>\n<\/div>\t\t\n\t\t\t\t\t\n\t\t\t\t\t\t\t\t        \t\n\t\t        \t<div class=\"cell grid__cell\" data-id=\"40\" data-action=\"isogrid-sort\" data-category=\"\">\n\n\t<article class=\"item\" data-mh=\"item\">\n\n\t\t\n\t\t\t\t\n\t\t\t    \t\t\t\t<a href=\"https:\/\/www.paypal.com\/donate\/?hosted_button_id=TJ3MTTFE2MRD2\" target=\"\">\n\t\t\t\t\t\t        <figure class=\"\">\n\t\t\t\t\t\t\t     \t   <img decoding=\"async\" loading=\"lazy\" src=\"https:\/\/i0.wp.com\/fkoafterschool.org\/wp-content\/uploads\/2025\/11\/1800.png?resize=800%2C400&#038;ssl=1\" alt=\"\" \/>\n\t\t    \t<\/figure>\n\t\t\t    \t\t\t\t<\/a>\n\t\t\t\t\t\t    \t\n\t\t\t\n\t\t\n\t\t\t<div class=\"main-content\" data-mh='mainer'>\n\n\t\t        \t\t\t\t\n\t\t\t\t\t\t\n\t\t\t\t\n\t\t\t\t\t\t\t\t\t\t\t\t\t        \t\t\t        \t\t\t\t\t\t\t<a href=\"https:\/\/www.paypal.com\/donate\/?hosted_button_id=TJ3MTTFE2MRD2\" target=\"\">\n\t\t\t\t\t\t\t\t\t        \t<h3 data-mh=\"item-headers\">Sponsoriser une saison<\/h3>\n\n\t\t\t\t\t\t\n\t\t\t\t\t\t\t\t\t\t\t\t<\/a>\n\t\t\t\t\t\t\t\t\t        \t\t\t\t\t\t\t\t\t\t\t\t\t\t\t\n\t\t\t\t\t\t\n\t\t\t\t\t\t\t\t\t\t\t\t\t\t\t\t\t\t\t\t\t\t\t\t\t\t\t\t\t\t\t\t\t\t\t\t<a href=\"https:\/\/www.paypal.com\/donate\/?hosted_button_id=TJ3MTTFE2MRD2\" target=\"\"> <\/a>\n\t\t\t\t\t\t\t\t\t\t\t\t\t\t\t\t\t\t\t\t\t\t\t\t\t\t\t\t\t\n\t\t\t\t\n\t\t\t<\/div>\n\t\t\t\n\t\t\n\t\t\t\n\t\t\n\t\t\n\t\t\n\t<\/article>\n<\/div>\t\t\n\t\t\t\t\t\n\t\t\t\t\t\t\t\t        \t\n\t\t        \t<div class=\"cell grid__cell\" data-id=\"40\" data-action=\"isogrid-sort\" data-category=\"\">\n\n\t<article class=\"item\" data-mh=\"item\">\n\n\t\t\n\t\t\t<div class=\"main-content\" data-mh='mainer'>\n\n\t\t        \t\t\t\t\n\t\t\t\t\t\t\n\t\t\t\t\n\t\t\t\t\t\t\t\t\t\t\t\t\t        \t\t\t        \t\t\t\t\t\t\t<a href=\"https:\/\/www.paypal.com\/donate\/?hosted_button_id=TJ3MTTFE2MRD2\" target=\"\">\n\t\t\t\t\t\t\t\t\t        \t<h3 data-mh=\"item-headers\">Sponsoriser une ann\u00e9e<\/h3>\n\n\t\t\t\t\t\t\n\t\t\t\t\t\t\t\t\t\t\t\t<\/a>\n\t\t\t\t\t\t\t\t\t        \t\t\t\t\t\t\t\t\t\t\t\t\t\t\t\n\t\t\t\t\t\t\n\t\t\t\t\t\t\t\t\t\t\t\t\t\t\t\t\t\t\t\t\t\t\t\t\t\t\t\t\t\t\t\t\t\t\t\t<a href=\"https:\/\/www.paypal.com\/donate\/?hosted_button_id=TJ3MTTFE2MRD2\" target=\"\">En savoir plus<\/a>\n\t\t\t\t\t\t\t\t\t\t\t\t\t\t\t\t\t\t\t\t\t\t\t\t\t\t\t\t\t\n\t\t\t\t\n\t\t\t<\/div>\n\t\t\t\n\t\t\n\t\t\n\t\t\n\t<\/article>\n<\/div>\t\t\n\t\t\t\t\t\n\t\t<\/div>\n\n\t\t\n\n\n\n<\/div>\n\n<\/div>","protected":false},"excerpt":{"rendered":"<p>Votre don est tr\u00e8s appr\u00e9ci\u00e9<\/p>","protected":false},"author":1,"featured_media":0,"parent":0,"menu_order":23,"comment_status":"closed","ping_status":"closed","template":"","meta":{"_acf_changed":false,"nf_dc_page":"","footnotes":""},"class_list":["post-40","page","type-page","status-publish","hentry"],"acf":[],"yoast_head":"<!-- This site is optimized with the Yoast SEO plugin v27.4 - https:\/\/yoast.com\/product\/yoast-seo-wordpress\/ -->\n<title>Donate - For Kids Only Afterschool<\/title>\n<meta name=\"description\" content=\"Help FKO help kids! Both small and big donations add up to help us provide a safe place for kids to learn and grow \u2013 mind, body and heart.\" \/>\n<meta name=\"robots\" content=\"index, follow, max-snippet:-1, max-image-preview:large, max-video-preview:-1\" \/>\n<link rel=\"canonical\" href=\"https:\/\/fkoafterschool.org\/fr\/donate\/\" \/>\n<meta property=\"og:locale\" content=\"fr_FR\" \/>\n<meta property=\"og:type\" content=\"article\" \/>\n<meta property=\"og:title\" content=\"Donate - For Kids Only Afterschool\" \/>\n<meta property=\"og:description\" content=\"Help FKO help kids! Both small and big donations add up to help us provide a safe place for kids to learn and grow \u2013 mind, body and heart.\" \/>\n<meta property=\"og:url\" content=\"https:\/\/fkoafterschool.org\/fr\/donate\/\" \/>\n<meta property=\"og:site_name\" content=\"For Kids Only Afterschool\" \/>\n<meta property=\"article:modified_time\" content=\"2025-12-10T20:09:35+00:00\" \/>\n<meta name=\"twitter:card\" content=\"summary_large_image\" \/>\n<meta name=\"twitter:label1\" content=\"Dur\u00e9e de lecture estim\u00e9e\" \/>\n\t<meta name=\"twitter:data1\" content=\"1 minute\" \/>\n<script type=\"application\/ld+json\" class=\"yoast-schema-graph\">{\"@context\":\"https:\\\/\\\/schema.org\",\"@graph\":[{\"@type\":\"WebPage\",\"@id\":\"https:\\\/\\\/fkoafterschool.org\\\/donate\\\/\",\"url\":\"https:\\\/\\\/fkoafterschool.org\\\/donate\\\/\",\"name\":\"Donate - For Kids Only Afterschool\",\"isPartOf\":{\"@id\":\"https:\\\/\\\/fkoafterschool.org\\\/#website\"},\"datePublished\":\"2019-04-24T18:37:40+00:00\",\"dateModified\":\"2025-12-10T20:09:35+00:00\",\"description\":\"Help FKO help kids! Both small and big donations add up to help us provide a safe place for kids to learn and grow \u2013 mind, body and heart.\",\"breadcrumb\":{\"@id\":\"https:\\\/\\\/fkoafterschool.org\\\/donate\\\/#breadcrumb\"},\"inLanguage\":\"fr-FR\",\"potentialAction\":[{\"@type\":\"ReadAction\",\"target\":[\"https:\\\/\\\/fkoafterschool.org\\\/donate\\\/\"]}]},{\"@type\":\"BreadcrumbList\",\"@id\":\"https:\\\/\\\/fkoafterschool.org\\\/donate\\\/#breadcrumb\",\"itemListElement\":[{\"@type\":\"ListItem\",\"position\":1,\"name\":\"Home\",\"item\":\"https:\\\/\\\/fkoafterschool.org\\\/\"},{\"@type\":\"ListItem\",\"position\":2,\"name\":\"Donate\"}]},{\"@type\":\"WebSite\",\"@id\":\"https:\\\/\\\/fkoafterschool.org\\\/#website\",\"url\":\"https:\\\/\\\/fkoafterschool.org\\\/\",\"name\":\"For Kids Only Afterschool\",\"description\":\"Just another WordPress site\",\"potentialAction\":[{\"@type\":\"SearchAction\",\"target\":{\"@type\":\"EntryPoint\",\"urlTemplate\":\"https:\\\/\\\/fkoafterschool.org\\\/?s={search_term_string}\"},\"query-input\":{\"@type\":\"PropertyValueSpecification\",\"valueRequired\":true,\"valueName\":\"search_term_string\"}}],\"inLanguage\":\"fr-FR\"}]}<\/script>\n<!-- \/ Yoast SEO plugin. -->","yoast_head_json":{"title":"Donate - For Kids Only Afterschool","description":"Help FKO help kids! Both small and big donations add up to help us provide a safe place for kids to learn and grow \u2013 mind, body and heart.","robots":{"index":"index","follow":"follow","max-snippet":"max-snippet:-1","max-image-preview":"max-image-preview:large","max-video-preview":"max-video-preview:-1"},"canonical":"https:\/\/fkoafterschool.org\/fr\/donate\/","og_locale":"fr_FR","og_type":"article","og_title":"Donate - For Kids Only Afterschool","og_description":"Help FKO help kids! Both small and big donations add up to help us provide a safe place for kids to learn and grow \u2013 mind, body and heart.","og_url":"https:\/\/fkoafterschool.org\/fr\/donate\/","og_site_name":"For Kids Only Afterschool","article_modified_time":"2025-12-10T20:09:35+00:00","twitter_card":"summary_large_image","twitter_misc":{"Dur\u00e9e de lecture estim\u00e9e":"1 minute"},"schema":{"@context":"https:\/\/schema.org","@graph":[{"@type":"WebPage","@id":"https:\/\/fkoafterschool.org\/donate\/","url":"https:\/\/fkoafterschool.org\/donate\/","name":"Donate - For Kids Only Afterschool","isPartOf":{"@id":"https:\/\/fkoafterschool.org\/#website"},"datePublished":"2019-04-24T18:37:40+00:00","dateModified":"2025-12-10T20:09:35+00:00","description":"Help FKO help kids! Both small and big donations add up to help us provide a safe place for kids to learn and grow \u2013 mind, body and heart.","breadcrumb":{"@id":"https:\/\/fkoafterschool.org\/donate\/#breadcrumb"},"inLanguage":"fr-FR","potentialAction":[{"@type":"ReadAction","target":["https:\/\/fkoafterschool.org\/donate\/"]}]},{"@type":"BreadcrumbList","@id":"https:\/\/fkoafterschool.org\/donate\/#breadcrumb","itemListElement":[{"@type":"ListItem","position":1,"name":"Home","item":"https:\/\/fkoafterschool.org\/"},{"@type":"ListItem","position":2,"name":"Donate"}]},{"@type":"WebSite","@id":"https:\/\/fkoafterschool.org\/#website","url":"https:\/\/fkoafterschool.org\/","name":"R\u00e9serv\u00e9 aux enfants apr\u00e8s l'\u00e9cole","description":"Just another WordPress site","potentialAction":[{"@type":"SearchAction","target":{"@type":"EntryPoint","urlTemplate":"https:\/\/fkoafterschool.org\/?s={search_term_string}"},"query-input":{"@type":"PropertyValueSpecification","valueRequired":true,"valueName":"search_term_string"}}],"inLanguage":"fr-FR"}]}},"jetpack_sharing_enabled":true,"_links":{"self":[{"href":"https:\/\/fkoafterschool.org\/fr\/wp-json\/wp\/v2\/pages\/40","targetHints":{"allow":["GET"]}}],"collection":[{"href":"https:\/\/fkoafterschool.org\/fr\/wp-json\/wp\/v2\/pages"}],"about":[{"href":"https:\/\/fkoafterschool.org\/fr\/wp-json\/wp\/v2\/types\/page"}],"author":[{"embeddable":true,"href":"https:\/\/fkoafterschool.org\/fr\/wp-json\/wp\/v2\/users\/1"}],"replies":[{"embeddable":true,"href":"https:\/\/fkoafterschool.org\/fr\/wp-json\/wp\/v2\/comments?post=40"}],"version-history":[{"count":4,"href":"https:\/\/fkoafterschool.org\/fr\/wp-json\/wp\/v2\/pages\/40\/revisions"}],"predecessor-version":[{"id":12801,"href":"https:\/\/fkoafterschool.org\/fr\/wp-json\/wp\/v2\/pages\/40\/revisions\/12801"}],"wp:attachment":[{"href":"https:\/\/fkoafterschool.org\/fr\/wp-json\/wp\/v2\/media?parent=40"}],"curies":[{"name":"wp","href":"https:\/\/api.w.org\/{rel}","templated":true}]}}