{"id":23,"date":"2019-04-24T18:34:32","date_gmt":"2019-04-24T18:34:32","guid":{"rendered":"http:\/\/dev.local.com\/?page_id=23"},"modified":"2026-03-26T17:05:43","modified_gmt":"2026-03-26T17:05:43","slug":"volunteer","status":"publish","type":"page","link":"https:\/\/fkoafterschool.org\/fr\/volunteer\/","title":{"rendered":"B\u00e9n\u00e9vole"},"content":{"rendered":"<div class=\"de-inner hero-wrap wavey-bottom stacked\">\n\t<div class=\"hero  top-center coverit\" style=\"background-image: url('https:\/\/i0.wp.com\/fkoafterschool.org\/wp-content\/uploads\/2019\/10\/AF7A9883.jpg?resize=1200%2C800&#038;ssl=1');\">\n\n\t\t\t\t\t\t\t\t\t<div class=\"image-wrap wavey-bottom top-center coverit\" style=\"background-image: url('https:\/\/i0.wp.com\/fkoafterschool.org\/wp-content\/uploads\/2019\/10\/AF7A9883.jpg?resize=1200%2C800&#038;ssl=1');\">\n\t\t\t\t\t<img decoding=\"async\" loading=\"lazy\" src=\"https:\/\/i0.wp.com\/fkoafterschool.org\/wp-content\/uploads\/2019\/10\/AF7A9883.jpg?resize=1200%2C800&#038;ssl=1\" alt=\"volunteering\" \/>\n\t\t\t\t<\/div>\t\n\t\t\t\t\n\t\t\t\t\n\t\t<div class=\"inner-wrap\">\n\t\t\t\t\t\t<div class=\"grid aligncenter\">\n\t\t\t\t<div class=\"grid__cell unit-8-12 tablet__100 aligncenter\">\n\t\t\t\t\t<h2 class=\"screenreader\">B\u00e9n\u00e9vole<\/h2>\t\n\t\t\t\t<\/div>\n\t\t\t\t\n\t\t\t\t<div class=\"grid__cell unit-6-12 tablet__100 desktop__75 aligncenter\">\t\n\n\t\t\t\t    \t\t\t\t\t\t\t\n\t\t\t\t\t\t\t<p class=\"subhead\">Faire une diff\u00e9rence demande une communaut\u00e9 \u2013 \u00e9coles, parents et tuteurs, \u00e9ducateurs et b\u00e9n\u00e9voles. Nous avons besoin de votre exp\u00e9rience, de vos talents et de votre passion pour aider les enfants \u00e0 grandir \u2013 corps, esprit et c\u0153ur. Plus important encore, les enfants de notre communaut\u00e9 ont besoin de vous.<\/p>\n\n\t\t\t        \t\n\t\t\t\t\t\t\t<a target=\"\" href=\"#volunteer-survey\" class=\"button\">Remplir le formulaire de b\u00e9n\u00e9volat<\/a>\n\t\t\t\t\t\t\t\n\t\t\t\t        \t\n\t\t\t\t<\/div>\n\n\t\t\t\t\t\t\t<\/div>\t\t\n\t\t<\/div>\n\n\t<\/div>\n<\/div>\n\n\n\n<div class=\"whyy feature-wrap\">\n\n\n    \t\n\t\t\t\t\n\t\t\t\t\t\t\t\t\t\t\t\n\t\t\t\n\t\t\t\t\t\t\t\t\t\t\t\t\t\t\t\t\n\t\t\t\t\t\t\t\t\t\t\t\t\t\t\t\t\n\t\t\t\t\t\t\t\t\t\t\t\t\t\n\t\t\t\t\t\t\t\t\t\t\t\t\t\t\t\t\t\t\t\t\t\t\t\t\t\t\t\n\t\t\t\t\t\t\t\t\t\t\t\t\t\t\t\t\t\t\t\t\t\t\t\t\t\t\n\t\t\t\t\t\t\t\t\t\t\t\t\t\t\t\t\t\t\t\t\t\t\t\t\t\t\t\t\t\t\t\t\t\t\t\n\t\n\t<div class=\"feature verticenter-ib\" data-layout=\"image-left\">\n\t\t\t\t\n\t\t<div class=\"grid\">\n\n\t\t\t\t\t\t\t\t\t\n\t\t\t\t<div class=\"grid__cell tablet__100 unit-5-12\">\n\t\t\t\t\t<figure class=\"fancy-border\">\n\t\t\t\t\t\t<img decoding=\"async\" loading=\"lazy\" src=\"https:\/\/i0.wp.com\/fkoafterschool.org\/wp-content\/uploads\/2019\/10\/board-directors.jpg?resize=800%2C800&#038;ssl=1\" alt=\"board of directors\">\n\t\t\t\t\t<\/figure>\n\t\t\t\t<\/div>\t\n\n\t\t\t\t\t\t\t\t\t\n\t\t\t<div class=\"grid__cell tablet__100 unit-6-12\">\n\n\t\t\t\t<div class=\"main-content\">\n\t\t\t\t\t\n\t\t\t\t\t\t\t\n\t\t\t\t\t\n\t\t\t\t\t<span class=\"pretitle\">Conseil d'administration<\/span>\t\t\t\t\t\t\t\t\t\t\t\t\t\t\t\t\t\t<a href=\"http:\/\/fkoafterschool.org\/fr\/leadership-experience\/board-of-directors\/\" target=\"\">\n\t\t\t\t\t\t\t\t\t\t\t\t\n\t\t\t\t\t\t<h3>Faites-vous des amis, \u00e9largissez votre r\u00e9seau et aidez un enfant<\/h3>\n\n\t\t\t\t\t\t\t\t\t\t\t\t\t<\/a>\n\t\t\t\t\t\t\n\t\t\t\t\t\t\t\t\t\t\n\t\t\t\t\t\t\t\n\t\t\t\t\t\n\t\t\t\t\t<p>Nous recherchons de nouveaux membres b\u00e9n\u00e9voles pour notre conseil d'administration afin qu'ils partagent leurs connaissances et nous aident \u00e0 accro\u00eetre la visibilit\u00e9 de notre organisation. Si vous \u00eates passionn\u00e9 par le fait d'avoir un impact positif sur la vie d'un enfant, rejoignez-nous !<\/p>\n\n\t\t\t\t\t\t\t\t\t\t\t\n\t\t\t\t\t\t\n\t\t\t\t\t\t\t\t\t\t\t\n\t\t\t\t\t\t\n\t\t\t\t\t\t\t\t\t\t\t<a class=\"button\" href=\"http:\/\/fkoafterschool.org\/fr\/leadership-experience\/board-of-directors\/\" target=\"\">Rencontrez notre conseil<\/a>\n\t\t\t\t\t\n\t\t\t\t\t\t\t\n\t\t\t\t<\/div>\t\n\n\t\t\t<\/div>\t\n\n\t\t\t\n\t\t<\/div>\n\n\t<\/div>\n\n\t    \n    \n    \t\n\t\t\t\t\n\t\t\t\t\t\t\t\t\t\t\t\n\t\t\t\n\t\t\t\t\t\t\t\t\t\t\t\t\t\t\t\t\n\t\t\t\t\t\t\t\t\t\t\t\t\t\t\t\t\n\t\t\t\t\t\t\t\t\t\t\t\t\t\n\t\t\t\t\t\t\t\t\n\t\t\t\n\t\t\t\t\t\t\t\t\t\t\t\t\t\t\t\t\t\t\t\t\t\t\t\t\t\t\t\t\t\t\t\t\t\t\t\n\t\n\t<div class=\"feature verticenter-ib\" data-layout=\"image-right\">\n\t\t\t\t\n\t\t<div class=\"grid\">\n\n\t\t\t\t\t\t\t\t\t\n\t\t\t\t<div class=\"grid__cell tablet__100 unit-5-12 push-7\">\n\t\t\t\t\t<figure class=\"fancy-border\">\n\t\t\t\t\t\t<img decoding=\"async\" loading=\"lazy\" src=\"https:\/\/i0.wp.com\/fkoafterschool.org\/wp-content\/uploads\/2021\/03\/3326-scaled.jpg?resize=800%2C800&#038;ssl=1\" alt=\"\">\n\t\t\t\t\t<\/figure>\n\t\t\t\t<\/div>\t\n\n\t\t\t\t\t\t\t\t\t\n\t\t\t<div class=\"grid__cell tablet__100 unit-6-12 pull-5\">\n\n\t\t\t\t<div class=\"main-content\">\n\t\t\t\t\t\n\t\t\t\t\t\t\t\n\t\t\t\t\t\n\t\t\t\t\t<span class=\"pretitle\">Mentorat individuel<\/span>\t\t\t\t\t\t\t\t\t\t\t\t\t\t\t\t\t\n\t\t\t\t\t\t<h3>Donnez une heure par semaine pour changer la vie d'un enfant<\/h3>\n\n\t\t\t\t\t\t\n\t\t\t\t\t\t\t\t\t\t\n\t\t\t\t\t\t\t\n\t\t\t\t\t\n\t\t\t\t\t<p>En tant que mentor, vous travaillez individuellement avec un enfant qui a besoin d'une relation adulte suppl\u00e9mentaire et coh\u00e9rente \u2013 vous l'aidez \u00e0 faire ses devoirs, \u00e0 r\u00e9soudre des conflits, \u00e0 faire de l'exercice, \u00e0 partager un repas sain, \u00e0 parler de sa journ\u00e9e, \u00e0 faire des activit\u00e9s amusantes ensemble, afin de renforcer sa confiance en soi et sa connaissance de soi. En travaillant avec le personnel et la famille de l'enfant, vous apprenez la meilleure fa\u00e7on d'aider l'enfant \u00e0 grandir pour devenir la meilleure version de lui-m\u00eame. Nous vous offrons une formation et un soutien tout au long de l'ann\u00e9e ; tout ce que vous avez \u00e0 faire est d'ouvrir votre c\u0153ur et de tendre une oreille attentive. Et \u00e0 la fin de l'ann\u00e9e scolaire, nos mentors constatent qu'ils retirent autant de cette exp\u00e9rience que l'enfant qu'ils ont aid\u00e9. <\/p>\n\n\t\t\t\t\t\t\t\t\t\t\t\n\t\t\t\t\t\t\n\t\t\t\t\t\t\t\t\t\t\t\n\t\t\t\t\t\t\n\t\t\t\t\t\n\t\t\t\t\t\t\t\n\t\t\t\t<\/div>\t\n\n\t\t\t<\/div>\t\n\n\t\t\t\n\t\t<\/div>\n\n\t<\/div>\n\n\t    \n    \n    \t\n\t\t\t\t\n\t\t\t\t\t\t\t\t\t\t\t\n\t\t\t\n\t\t\t\t\t\t\t\t\t\t\t\t\t\t\t\t\n\t\t\t\t\t\t\t\t\t\t\t\t\t\t\t\t\n\t\t\t\t\t\t\t\t\t\t\t\t\t\n\t\t\t\t\t\t\t\t\n\t\t\t\n\t\t\t\t\t\t\t\t\t\t\t\t\t\t\t\t\t\t\t\t\t\t\t\t\t\t\t\t\t\t\t\t\t\t\t\n\t\n\t<div class=\"feature verticenter-ib\" data-layout=\"image-left\">\n\t\t\t\t\n\t\t<div class=\"grid\">\n\n\t\t\t\t\t\t\t\t\t\n\t\t\t\t<div class=\"grid__cell tablet__100 unit-5-12\">\n\t\t\t\t\t<figure class=\"fancy-border\">\n\t\t\t\t\t\t<img decoding=\"async\" loading=\"lazy\" src=\"https:\/\/i0.wp.com\/fkoafterschool.org\/wp-content\/uploads\/2019\/09\/image77-2.jpg?resize=800%2C800&#038;ssl=1\" alt=\"college high school internships\">\n\t\t\t\t\t<\/figure>\n\t\t\t\t<\/div>\t\n\n\t\t\t\t\t\t\t\t\t\n\t\t\t<div class=\"grid__cell tablet__100 unit-6-12\">\n\n\t\t\t\t<div class=\"main-content\">\n\t\t\t\t\t\n\t\t\t\t\t\t\t\n\t\t\t\t\t\n\t\t\t\t\t<span class=\"pretitle\">Stages universitaires<\/span>\t\t\t\t\t\t\t\t\t\t\t\t\t\t\t\t\t\n\t\t\t\t\t\t<h3>Aidez les enfants tout en gagnant des cr\u00e9dits universitaires<\/h3>\n\n\t\t\t\t\t\t\n\t\t\t\t\t\t\t\t\t\t\n\t\t\t\t\t\t\t\n\t\t\t\t\t\n\t\t\t\t\t<p>Les enfants ont besoin de notre aide et de notre soutien pour acqu\u00e9rir les comp\u00e9tences et l'exp\u00e9rience n\u00e9cessaires pour l'universit\u00e9 et le monde du travail. Et nous avons besoin de pratiquer pour devenir les enseignants, les travailleurs sociaux ou les leaders que nous aspirons \u00e0 \u00eatre ! Terminer votre programme de stage \u00e0 FKO est un excellent moyen d'acqu\u00e9rir de l'exp\u00e9rience et de partager vos connaissances et votre passion avec les enfants.<\/p>\n<p>Nous cherchons \u00e9galement constamment des partenariats avec des universit\u00e9s locales int\u00e9ress\u00e9es \u00e0 offrir un programme de stage \u00e0 FKO. Ensemble, nous formerons les futurs leaders ! <\/p>\n\n\t\t\t\t\t\t\t\t\t\t\t\n\t\t\t\t\t\t\n\t\t\t\t\t\t\t\t\t\t\t\n\t\t\t\t\t\t\n\t\t\t\t\t\n\t\t\t\t\t\t\t\n\t\t\t\t<\/div>\t\n\n\t\t\t<\/div>\t\n\n\t\t\t\n\t\t<\/div>\n\n\t<\/div>\n\n\t    \n    \n    \t\n\t\t\t\t\n\t\t\t\t\t\t\t\t\t\t\t\n\t\t\t\n\t\t\t\t\t\t\t\t\t\t\t\t\t\t\t\t\n\t\t\t\t\t\t\t\t\t\t\t\t\t\t\t\t\n\t\t\t\t\t\t\t\t\t\t\t\t\t\n\t\t\t\t\t\t\t\t\n\t\t\t\n\t\t\t\t\t\t\t\t\t\t\t\t\t\t\t\t\t\t\t\t\t\t\t\t\t\t\t\t\t\t\t\t\t\t\t\n\t\n\t<div class=\"feature verticenter-ib\" data-layout=\"image-right\">\n\t\t\t\t\n\t\t<div class=\"grid\">\n\n\t\t\t\t\t\t\t\t\t\n\t\t\t\t<div class=\"grid__cell tablet__100 unit-5-12 push-7\">\n\t\t\t\t\t<figure class=\"fancy-border\">\n\t\t\t\t\t\t<img decoding=\"async\" loading=\"lazy\" src=\"https:\/\/i0.wp.com\/fkoafterschool.org\/wp-content\/uploads\/2019\/10\/KidAtHeart-54.jpg?resize=800%2C800&#038;ssl=1\" alt=\"corporate giving\">\n\t\t\t\t\t<\/figure>\n\t\t\t\t<\/div>\t\n\n\t\t\t\t\t\t\t\t\t\n\t\t\t<div class=\"grid__cell tablet__100 unit-6-12 pull-5\">\n\n\t\t\t\t<div class=\"main-content\">\n\t\t\t\t\t\n\t\t\t\t\t\t\t\n\t\t\t\t\t\n\t\t\t\t\t<span class=\"pretitle\">Journ\u00e9e du don d'entreprise<\/span>\t\t\t\t\t\t\t\t\t\t\t\t\t\t\t\t\t\n\t\t\t\t\t\t<h3>Team building qui fait une diff\u00e9rence<\/h3>\n\n\t\t\t\t\t\t\n\t\t\t\t\t\t\t\t\t\t\n\t\t\t\t\t\t\t\n\t\t\t\t\t\n\t\t\t\t\t<p>Vous cherchez une activit\u00e9 de team building qui permet \u00e9galement de redonner \u00e0 votre communaut\u00e9 locale ? En participant \u00e0 une Journ\u00e9e de dons d'entreprise FKO, votre entreprise ou votre d\u00e9partement fait du b\u00e9n\u00e9volat ensemble pendant une journ\u00e9e enti\u00e8re ou quelques heures. Vous pourriez aider \u00e0 l'am\u00e9nagement paysager ou au nettoyage sur l'un de nos sites. Votre \u00e9quipe pourrait proposer un cours d'enrichissement pour les enfants en \u00e9quipe. Ou votre \u00e9quipe pourrait parrainer une journ\u00e9e d'actes de gentillesse al\u00e9atoires en \u00e9t\u00e9. Travaillons ensemble pour concevoir un projet qui r\u00e9pond aux besoins de votre \u00e9quipe.<\/p>\n\n\t\t\t\t\t\t\t\t\t\t\t\n\t\t\t\t\t\t\n\t\t\t\t\t\t\t\t\t\t\t\n\t\t\t\t\t\t\n\t\t\t\t\t\n\t\t\t\t\t\t\t\n\t\t\t\t<\/div>\t\n\n\t\t\t<\/div>\t\n\n\t\t\t\n\t\t<\/div>\n\n\t<\/div>\n\n\t    \n    \n<\/div>\n\n\n<p id=\"volunteer-survey\" class=\"\"><\/p>\n\n\n\n\n<div class=\"whyy feature-wrap  bright-border de-inner white-bg\">\n\n\n    \t\n\t\t\t\t\n\t\t\t\t\t\t\t\t\t\t\t\n\t\t\t\n\t\t\t\t\t\t\t\t\t\t\t\t\t\t\t\t\n\t\t\t\t\t\t\t\t\t\t\t\t\t\t\t\t\n\t\t\t\t\t\t\t\t\t\t\t\t\t\n\t\t\t\t\t\t\t\t\n\t\t\t\n\t\t\t\t\t\t\t\t\t\t\t\t\t\t\t\t\t\t\t\t\t\t\t\t\t\t\t\t\t\t\t\t\t\t\t\n\t\n\t<div class=\"feature verticenter-ib\" data-layout=\"image-right\">\n\t\t\t\t\n\t\t<div class=\"grid\">\n\n\t\t\t\t\t\t\t\t\t\n\t\t\t\t<div class=\"grid__cell tablet__100 unit-5-12 push-7\">\n\t\t\t\t\t<figure class=\"centered-horizontal centered-vertical added-padding\">\n\t\t\t\t\t\t<img decoding=\"async\" loading=\"lazy\" src=\"https:\/\/i0.wp.com\/fkoafterschool.org\/wp-content\/uploads\/2023\/03\/332890892_1747558562307269_7662976622781112158_n-scaled.jpg?resize=800%2C800&#038;ssl=1\" alt=\"\">\n\t\t\t\t\t<\/figure>\n\t\t\t\t<\/div>\t\n\n\t\t\t\t\t\t\t\t\t\n\t\t\t<div class=\"grid__cell tablet__100 unit-6-12 pull-5\">\n\n\t\t\t\t<div class=\"main-content\">\n\t\t\t\t\t\n\t\t\t\t\t\t\t\n\t\t\t\t\t\n\t\t\t\t\t<span class=\"pretitle\">Pr\u00eat \u00e0 faire du b\u00e9n\u00e9volat ?<\/span>\t\t\t\t\t\t\t\t\t\t\t\t\t\t\t\t\t\n\t\t\t\t\t\t<h3>Faisons une diff\u00e9rence ensemble<\/h3>\n\n\t\t\t\t\t\t\n\t\t\t\t\t\t\t\t\t\t\n\t\t\t\t\t\t\t\n\t\t\t\t\t\n\t\t\t\t\t\n<div class=\"wpcf7 no-js\" id=\"wpcf7-f12877-o1\" lang=\"en-US\" dir=\"ltr\" data-wpcf7-id=\"12877\">\n<div class=\"screen-reader-response\"><p role=\"status\" aria-live=\"polite\" aria-atomic=\"true\"><\/p> <ul><\/ul><\/div>\n<form action=\"\/fr\/wp-json\/wp\/v2\/pages\/23#wpcf7-f12877-o1\" method=\"post\" class=\"wpcf7-form init\" aria-label=\"Contact form\" novalidate=\"novalidate\" data-status=\"init\" data-trp-original-action=\"\/fr\/wp-json\/wp\/v2\/pages\/23#wpcf7-f12877-o1\">\n<fieldset class=\"hidden-fields-container\"><input type=\"hidden\" name=\"_wpcf7\" value=\"12877\" \/><input type=\"hidden\" name=\"_wpcf7_version\" value=\"6.1.5\" \/><input type=\"hidden\" name=\"_wpcf7_locale\" value=\"en_US\" \/><input type=\"hidden\" name=\"_wpcf7_unit_tag\" value=\"wpcf7-f12877-o1\" \/><input type=\"hidden\" name=\"_wpcf7_container_post\" value=\"0\" \/><input type=\"hidden\" name=\"_wpcf7_posted_data_hash\" value=\"\" \/>\n<\/fieldset>\n<div class=\"flex-grid row-wrap\" style=\"transform: translate(-20px);\">\n\t<div class=\"cell\">\n\t\t<div class=\"row\">\n\t\t\t<p><span class=\"wpcf7-form-control-wrap\" data-name=\"your-name\"><input size=\"40\" maxlength=\"400\" class=\"wpcf7-form-control wpcf7-text wpcf7-validates-as-required\" aria-required=\"true\" aria-invalid=\"false\" placeholder=\"Nom complet\" value=\"\" type=\"text\" name=\"your-name\" \/><\/span>\n\t\t\t<\/p>\n\t\t<\/div>\n\t\t<div class=\"row\">\n\t\t\t<p><span class=\"wpcf7-form-control-wrap\" data-name=\"your-email\"><input size=\"40\" maxlength=\"400\" class=\"wpcf7-form-control wpcf7-email wpcf7-validates-as-required wpcf7-text wpcf7-validates-as-email\" aria-required=\"true\" aria-invalid=\"false\" placeholder=\"Courriel\" value=\"\" type=\"email\" name=\"your-email\" \/><\/span>\n\t\t\t<\/p>\n\t\t<\/div>\n\t\t<div class=\"row\">\n\t\t\t<p><span class=\"wpcf7-form-control-wrap\" data-name=\"your-phone\"><input size=\"40\" maxlength=\"400\" class=\"wpcf7-form-control wpcf7-tel wpcf7-validates-as-required wpcf7-text wpcf7-validates-as-tel\" aria-required=\"true\" aria-invalid=\"false\" placeholder=\"Num\u00e9ro de t\u00e9l\u00e9phone\" value=\"\" type=\"tel\" name=\"your-phone\" \/><\/span>\n\t\t\t<\/p>\n\t\t<\/div>\n\t\t<p>Domaines d'int\u00e9r\u00eat pour le b\u00e9n\u00e9volat :\n\t\t<\/p>\n\t\t<div >\n\t\t\t<p><span class=\"wpcf7-form-control-wrap\" data-name=\"checkbox-542\"><span class=\"wpcf7-form-control wpcf7-checkbox\"><span class=\"wpcf7-list-item first\"><label><input type=\"checkbox\" name=\"checkbox-542[]\" value=\"Administration\" \/><span class=\"wpcf7-list-item-label\">Administration<\/span><\/label><\/span><span class=\"wpcf7-list-item\"><label><input type=\"checkbox\" name=\"checkbox-542[]\" value=\"Supporting with Enrichments (Arts and Crafts, Athletics, Cooking etc.)\" \/><span class=\"wpcf7-list-item-label\">Soutien avec des enrichissements (Arts et artisanat, Athl\u00e9tisme, Cuisine, etc.)<\/span><\/label><\/span><span class=\"wpcf7-list-item\"><label><input type=\"checkbox\" name=\"checkbox-542[]\" value=\"Providing Continued Learning Support (ie Tutoring, Educational Classes)\" \/><span class=\"wpcf7-list-item-label\">Fournir un soutien \u00e0 l'apprentissage continu (c'est-\u00e0-dire tutorat, cours \u00e9ducatifs)<\/span><\/label><\/span><span class=\"wpcf7-list-item\"><label><input type=\"checkbox\" name=\"checkbox-542[]\" value=\"Coaching or Training for Staff\" \/><span class=\"wpcf7-list-item-label\">Coaching ou Formation pour le personnel<\/span><\/label><\/span><span class=\"wpcf7-list-item last\"><label><input type=\"checkbox\" name=\"checkbox-542[]\" value=\"Other\" \/><span class=\"wpcf7-list-item-label\">Autre<\/span><\/label><\/span><\/span><\/span>\n\t\t\t<\/p>\n\t\t<\/div>\n\t\t<div class=\"row\">\n\t\t\t<p><span class=\"wpcf7-form-control-wrap\" data-name=\"Message\"><textarea cols=\"40\" rows=\"10\" maxlength=\"2000\" class=\"wpcf7-form-control wpcf7-textarea\" aria-invalid=\"false\" placeholder=\"Si vous le souhaitez, parlez-nous un peu de vous et de vos motivations !\" name=\"Message\"><\/textarea><\/span>\n\t\t\t<\/p>\n\t\t<\/div>\n\t\t<div class=\"row\">\n\t\t\t<p><div id=\"cf7sr-69ea44a06f50f\" class=\"cf7sr-g-hcaptcha\" data-theme=\"light\" data-size=\"normal\" data-sitekey=\"69ccf1c4-8f7c-47e0-89a6-a26cae4e9f84\"><\/div><span class=\"wpcf7-form-control-wrap cf7sr-hcaptcha\" data-name=\"cf7sr-hcaptcha\"><input type=\"hidden\" name=\"cf7sr-hcaptcha\" value=\"\" class=\"wpcf7-form-control\"><\/span><input class=\"wpcf7-form-control wpcf7-submit has-spinner button\" type=\"submit\" value=\"Soumettre\" \/>\n\t\t\t<\/p>\n\t\t<\/div>\n\t<\/div>\n<\/div><div class=\"wpcf7-response-output\" aria-hidden=\"true\"><\/div>\n<input type=\"hidden\" name=\"trp-form-language\" value=\"fr\"\/><\/form>\n<\/div>\n\n\n\t\t\t\t\t\t\t\t\t\t\t\n\t\t\t\t\t\t\n\t\t\t\t\t\t\t\t\t\t\t\n\t\t\t\t\t\t\n\t\t\t\t\t\n\t\t\t\t\t\t\t\n\t\t\t\t<\/div>\t\n\n\t\t\t<\/div>\t\n\n\t\t\t\n\t\t<\/div>\n\n\t<\/div>\n\n\t    \n    \n<\/div>","protected":false},"excerpt":{"rendered":"<p>Faire une diff\u00e9rence demande une communaut\u00e9 \u2013 \u00e9coles, parents et tuteurs, \u00e9ducateurs et b\u00e9n\u00e9voles. Nous avons besoin de votre exp\u00e9rience, de vos talents et de votre passion pour aider les enfants \u00e0 grandir \u2013 corps, esprit et c\u0153ur. Plus important encore, les enfants de notre communaut\u00e9 ont besoin de vous.<\/p>","protected":false},"author":1,"featured_media":0,"parent":0,"menu_order":25,"comment_status":"closed","ping_status":"closed","template":"","meta":{"_acf_changed":false,"nf_dc_page":"","footnotes":""},"class_list":["post-23","page","type-page","status-publish","hentry"],"acf":[],"yoast_head":"<!-- This site is optimized with the Yoast SEO plugin v27.4 - https:\/\/yoast.com\/product\/yoast-seo-wordpress\/ -->\n<title>Volunteer - For Kids Only Afterschool<\/title>\n<meta name=\"description\" content=\"Making a difference takes a community \u2013 schools, parents and guardians, educators and volunteers. We need your experience and passion to help kids grow.\" \/>\n<meta name=\"robots\" content=\"index, follow, max-snippet:-1, max-image-preview:large, max-video-preview:-1\" \/>\n<link rel=\"canonical\" href=\"https:\/\/fkoafterschool.org\/fr\/volunteer\/\" \/>\n<meta property=\"og:locale\" content=\"fr_FR\" \/>\n<meta property=\"og:type\" content=\"article\" \/>\n<meta property=\"og:title\" content=\"Volunteer - For Kids Only Afterschool\" \/>\n<meta property=\"og:description\" content=\"Making a difference takes a community \u2013 schools, parents and guardians, educators and volunteers. We need your experience and passion to help kids grow.\" \/>\n<meta property=\"og:url\" content=\"https:\/\/fkoafterschool.org\/fr\/volunteer\/\" \/>\n<meta property=\"og:site_name\" content=\"For Kids Only Afterschool\" \/>\n<meta property=\"article:modified_time\" content=\"2026-03-26T17:05:43+00:00\" \/>\n<meta name=\"twitter:card\" content=\"summary_large_image\" \/>\n<script type=\"application\/ld+json\" class=\"yoast-schema-graph\">{\"@context\":\"https:\\\/\\\/schema.org\",\"@graph\":[{\"@type\":\"WebPage\",\"@id\":\"https:\\\/\\\/fkoafterschool.org\\\/volunteer\\\/\",\"url\":\"https:\\\/\\\/fkoafterschool.org\\\/volunteer\\\/\",\"name\":\"Volunteer - For Kids Only Afterschool\",\"isPartOf\":{\"@id\":\"https:\\\/\\\/fkoafterschool.org\\\/#website\"},\"datePublished\":\"2019-04-24T18:34:32+00:00\",\"dateModified\":\"2026-03-26T17:05:43+00:00\",\"description\":\"Making a difference takes a community \u2013 schools, parents and guardians, educators and volunteers. We need your experience and passion to help kids grow.\",\"breadcrumb\":{\"@id\":\"https:\\\/\\\/fkoafterschool.org\\\/volunteer\\\/#breadcrumb\"},\"inLanguage\":\"fr-FR\",\"potentialAction\":[{\"@type\":\"ReadAction\",\"target\":[\"https:\\\/\\\/fkoafterschool.org\\\/volunteer\\\/\"]}]},{\"@type\":\"BreadcrumbList\",\"@id\":\"https:\\\/\\\/fkoafterschool.org\\\/volunteer\\\/#breadcrumb\",\"itemListElement\":[{\"@type\":\"ListItem\",\"position\":1,\"name\":\"Home\",\"item\":\"https:\\\/\\\/fkoafterschool.org\\\/\"},{\"@type\":\"ListItem\",\"position\":2,\"name\":\"Volunteer\"}]},{\"@type\":\"WebSite\",\"@id\":\"https:\\\/\\\/fkoafterschool.org\\\/#website\",\"url\":\"https:\\\/\\\/fkoafterschool.org\\\/\",\"name\":\"For Kids Only Afterschool\",\"description\":\"Just another WordPress site\",\"potentialAction\":[{\"@type\":\"SearchAction\",\"target\":{\"@type\":\"EntryPoint\",\"urlTemplate\":\"https:\\\/\\\/fkoafterschool.org\\\/?s={search_term_string}\"},\"query-input\":{\"@type\":\"PropertyValueSpecification\",\"valueRequired\":true,\"valueName\":\"search_term_string\"}}],\"inLanguage\":\"fr-FR\"}]}<\/script>\n<!-- \/ Yoast SEO plugin. -->","yoast_head_json":{"title":"Volunteer - For Kids Only Afterschool","description":"Making a difference takes a community \u2013 schools, parents and guardians, educators and volunteers. We need your experience and passion to help kids grow.","robots":{"index":"index","follow":"follow","max-snippet":"max-snippet:-1","max-image-preview":"max-image-preview:large","max-video-preview":"max-video-preview:-1"},"canonical":"https:\/\/fkoafterschool.org\/fr\/volunteer\/","og_locale":"fr_FR","og_type":"article","og_title":"Volunteer - For Kids Only Afterschool","og_description":"Making a difference takes a community \u2013 schools, parents and guardians, educators and volunteers. We need your experience and passion to help kids grow.","og_url":"https:\/\/fkoafterschool.org\/fr\/volunteer\/","og_site_name":"For Kids Only Afterschool","article_modified_time":"2026-03-26T17:05:43+00:00","twitter_card":"summary_large_image","schema":{"@context":"https:\/\/schema.org","@graph":[{"@type":"WebPage","@id":"https:\/\/fkoafterschool.org\/volunteer\/","url":"https:\/\/fkoafterschool.org\/volunteer\/","name":"Volunteer - For Kids Only Afterschool","isPartOf":{"@id":"https:\/\/fkoafterschool.org\/#website"},"datePublished":"2019-04-24T18:34:32+00:00","dateModified":"2026-03-26T17:05:43+00:00","description":"Making a difference takes a community \u2013 schools, parents and guardians, educators and volunteers. We need your experience and passion to help kids grow.","breadcrumb":{"@id":"https:\/\/fkoafterschool.org\/volunteer\/#breadcrumb"},"inLanguage":"fr-FR","potentialAction":[{"@type":"ReadAction","target":["https:\/\/fkoafterschool.org\/volunteer\/"]}]},{"@type":"BreadcrumbList","@id":"https:\/\/fkoafterschool.org\/volunteer\/#breadcrumb","itemListElement":[{"@type":"ListItem","position":1,"name":"Home","item":"https:\/\/fkoafterschool.org\/"},{"@type":"ListItem","position":2,"name":"Volunteer"}]},{"@type":"WebSite","@id":"https:\/\/fkoafterschool.org\/#website","url":"https:\/\/fkoafterschool.org\/","name":"R\u00e9serv\u00e9 aux enfants apr\u00e8s l'\u00e9cole","description":"Just another WordPress site","potentialAction":[{"@type":"SearchAction","target":{"@type":"EntryPoint","urlTemplate":"https:\/\/fkoafterschool.org\/?s={search_term_string}"},"query-input":{"@type":"PropertyValueSpecification","valueRequired":true,"valueName":"search_term_string"}}],"inLanguage":"fr-FR"}]}},"jetpack_sharing_enabled":true,"_links":{"self":[{"href":"https:\/\/fkoafterschool.org\/fr\/wp-json\/wp\/v2\/pages\/23","targetHints":{"allow":["GET"]}}],"collection":[{"href":"https:\/\/fkoafterschool.org\/fr\/wp-json\/wp\/v2\/pages"}],"about":[{"href":"https:\/\/fkoafterschool.org\/fr\/wp-json\/wp\/v2\/types\/page"}],"author":[{"embeddable":true,"href":"https:\/\/fkoafterschool.org\/fr\/wp-json\/wp\/v2\/users\/1"}],"replies":[{"embeddable":true,"href":"https:\/\/fkoafterschool.org\/fr\/wp-json\/wp\/v2\/comments?post=23"}],"version-history":[{"count":4,"href":"https:\/\/fkoafterschool.org\/fr\/wp-json\/wp\/v2\/pages\/23\/revisions"}],"predecessor-version":[{"id":12887,"href":"https:\/\/fkoafterschool.org\/fr\/wp-json\/wp\/v2\/pages\/23\/revisions\/12887"}],"wp:attachment":[{"href":"https:\/\/fkoafterschool.org\/fr\/wp-json\/wp\/v2\/media?parent=23"}],"curies":[{"name":"wp","href":"https:\/\/api.w.org\/{rel}","templated":true}]}}