{"id":11,"date":"2019-04-24T18:31:17","date_gmt":"2019-04-24T18:31:17","guid":{"rendered":"http:\/\/dev.local.com\/?page_id=11"},"modified":"2020-09-03T00:29:40","modified_gmt":"2020-09-03T00:29:40","slug":"our-programs","status":"publish","type":"page","link":"https:\/\/fkoafterschool.org\/es\/our-programs\/","title":{"rendered":"Nuestros Programas"},"content":{"rendered":"<div class=\"de-inner hero-wrap wavey-bottom stacked\">\n\t<div class=\"hero   coverit\" style=\"background-image: url('https:\/\/i0.wp.com\/fkoafterschool.org\/wp-content\/uploads\/2019\/09\/image7.jpg?resize=1200%2C800&#038;ssl=1');\">\n\n\t\t\t\t\t\t\t\t\t<div class=\"image-wrap wavey-bottom  coverit\" style=\"background-image: url('https:\/\/i0.wp.com\/fkoafterschool.org\/wp-content\/uploads\/2019\/09\/image7.jpg?resize=1200%2C800&#038;ssl=1');\">\n\t\t\t\t\t<img decoding=\"async\" loading=\"lazy\" src=\"https:\/\/i0.wp.com\/fkoafterschool.org\/wp-content\/uploads\/2019\/09\/image7.jpg?resize=1200%2C800&#038;ssl=1\" alt=\"young boy playing the trumpet\" \/>\n\t\t\t\t<\/div>\t\n\t\t\t\t\n\t\t\t\t\n\t\t<div class=\"inner-wrap\">\n\t\t\t\t\t\t<div class=\"grid aligncenter\">\n\t\t\t\t<div class=\"grid__cell unit-8-12 tablet__100 aligncenter\">\n\t\t\t\t\t<h2 class=\"screenreader\">Nuestros Programas<\/h2>\t\n\t\t\t\t<\/div>\n\t\t\t\t\n\t\t\t\t<div class=\"grid__cell unit-6-12 tablet__100 desktop__75 aligncenter\">\t\n\n\t\t\t\t    \t\t\t\t\t\t\t\n\t\t\t\t\t\t\t<p class=\"subhead\">Brindamos servicios a comunidades locales durante todo el a\u00f1o con programas extraescolares autorizados por el Departamento de Educaci\u00f3n Temprana y Cuidado de Massachusetts (EEC).<\/p>\n\n\t\t\t        \t\n\t\t\t\t<\/div>\n\n\t\t\t\t\t\t\t<\/div>\t\t\n\t\t<\/div>\n\n\t<\/div>\n<\/div>\n\n\n\t\n\t\n\n\n\t\t\n\n\t\t\n\n\t\n\t\n\t\n\t\n\t\n\n\n<div class=\"custom-archive\">\n\n\n\t\t\t\t\n\t\t<div class=\"item-series-wrap\" data-layout=\"overlayed\">\n\t\t\t<div class=\"item-series\">\n\n\t\t\t\t<div class=\"three-columns tabs\" data-archive-layout=\"overlayed\">\n\t\t    \t\n    \t\t\t\t\n\t\n\n\n\t\t\n\t\n\t<div class=\"aligncenter\">\n\t\t<h2>Programas Clave<\/h2>\n\t\t\t\t\t<p class=\"grey caps after-title\">Ofrecido en todas nuestras comunidades<\/p>\n\t\t\t<\/div>\t\n\n\t<div class=\"flex-grid grid\">\n\n\t\t\n\n\t\t\t\t\n\t\t\n\n\n\t\t\n\n\n\n\t\t\t\t\t\n\n\n\t\n\n\t\t\t\n\n\t\t\t<div class=\"cell grid__cell\" data-id=\"381\" data-action=\"isogrid-sort\" data-category=\"core-programs\">\n\n\t<article class=\"item\" data-mh=\"item\">\n\n\t\t\n\t\t\t\t\n\t\t\t    \t\t\t\t<a href=\"https:\/\/fkoafterschool.org\/es\/programs\/afterschool-program\/\" target=\"\">\n\t\t\t\t\t\t        <figure class=\"\">\n\t\t\t\t\t\t\t     \t   <img decoding=\"async\" loading=\"lazy\" src=\"https:\/\/i0.wp.com\/fkoafterschool.org\/wp-content\/uploads\/2019\/06\/BV2A5181.jpg?resize=800%2C800&#038;ssl=1\" alt=\"afterschool program\" \/>\n\t\t    \t<\/figure>\n\t\t\t    \t\t\t\t<\/a>\n\t\t\t\t\t\t    \t\n\t\t\t\n\t\t\n\t\t\t<div class=\"main-content\" data-mh='mainer'>\n\n\t\t        \t\t\t\t\n\t\t\t\t\t\t\n\t\t\t\t\n\t\t\t\t\t\t\t\t\t\t\t\t\t        \t\t\t        \t\t\t\t\t\t\t<a href=\"https:\/\/fkoafterschool.org\/es\/programs\/afterschool-program\/\" target=\"\">\n\t\t\t\t\t\t\t\t\t        \t<h3 >Despu\u00e9s de la escuela<\/h3>\n\n\t\t\t\t\t\t\n\t\t\t\t\t\t\t\t\t\t\t\t<\/a>\n\t\t\t\t\t\t\t\t\t        \t\t\t\t\t\t\t\t\t\t\t\t\t\t\t<p>Nuestros programas extraescolares ofrecen un ambiente seguro, estimulante y divertido de lunes a viernes desde la salida de la escuela hasta las 5:30 p. m.<\/p>\n\n\t\t\t\t\t\t\n\t\t\t\t\t\t\t\t\t\t\t\t\t\t\t\t\t\t\t\t\t\t\t\t\t\t\t\t\t\t\t\t\t\t\t\t\t\t\t\t\t\t<a class=\"caps\" href=\"https:\/\/fkoafterschool.org\/es\/programs\/afterschool-program\/\" target=\"\">Leer m\u00e1s<\/a>\n\t\t\t\t\n\t\t\t\t\n\t\t\t<\/div>\n\t\t\t\n\t\t\n\t\t\t\n\t\t\n\t\t\n\t\t\n\t<\/article>\n<\/div>\t\t\t\n\n\t\t\n\t    \t\t\n\t\t\n\n\n\t\t\n\n\n\n\t\t\t\t\t\n\n\n\t\n\n\t\t\t\n\n\t\t\t<div class=\"cell grid__cell\" data-id=\"379\" data-action=\"isogrid-sort\" data-category=\"core-programs\">\n\n\t<article class=\"item\" data-mh=\"item\">\n\n\t\t\n\t\t\t\t\n\t\t\t    \t\t\t\t<a href=\"https:\/\/fkoafterschool.org\/es\/programs\/summer-program\/\" target=\"\">\n\t\t\t\t\t\t        <figure class=\"\">\n\t\t\t\t\t\t\t     \t   <img decoding=\"async\" loading=\"lazy\" src=\"https:\/\/i0.wp.com\/fkoafterschool.org\/wp-content\/uploads\/2019\/09\/learning-4.jpg?resize=800%2C800&#038;ssl=1\" alt=\"\" \/>\n\t\t    \t<\/figure>\n\t\t\t    \t\t\t\t<\/a>\n\t\t\t\t\t\t    \t\n\t\t\t\n\t\t\n\t\t\t<div class=\"main-content\" data-mh='mainer'>\n\n\t\t        \t\t\t\t\n\t\t\t\t\t\t\n\t\t\t\t\n\t\t\t\t\t\t\t\t\t\t\t\t\t        \t\t\t        \t\t\t\t\t\t\t<a href=\"https:\/\/fkoafterschool.org\/es\/programs\/summer-program\/\" target=\"\">\n\t\t\t\t\t\t\t\t\t        \t<h3 >Verano<\/h3>\n\n\t\t\t\t\t\t\n\t\t\t\t\t\t\t\t\t\t\t\t<\/a>\n\t\t\t\t\t\t\t\t\t        \t\t\t\t\t\t\t\t\t\t\t\t\t\t\t<p>Dale a tu hijo las vacaciones de verano de sus sue\u00f1os. Los programas de verano son de lunes a viernes de 7 a. m. a 5:30 p. m.<\/p>\n\n\t\t\t\t\t\t\n\t\t\t\t\t\t\t\t\t\t\t\t\t\t\t\t\t\t\t\t\t\t\t\t\t\t\t\t\t\t\t\t\t\t\t\t\t\t\t\t\t\t<a class=\"caps\" href=\"https:\/\/fkoafterschool.org\/es\/programs\/summer-program\/\" target=\"\">Leer m\u00e1s<\/a>\n\t\t\t\t\n\t\t\t\t\n\t\t\t<\/div>\n\t\t\t\n\t\t\n\t\t\t\n\t\t\n\t\t\n\t\t\n\t<\/article>\n<\/div>\t\t\t\n\n\t\t\n\t    \t\t\n\t\t\n\n\n\t\t\n\n\n\n\t\t\t\t\t\n\n\n\t\n\n\t\t\t\n\n\t\t\t<div class=\"cell grid__cell\" data-id=\"377\" data-action=\"isogrid-sort\" data-category=\"core-programs\">\n\n\t<article class=\"item\" data-mh=\"item\">\n\n\t\t\n\t\t\t\t\n\t\t\t    \t\t\t\t<a href=\"https:\/\/fkoafterschool.org\/es\/programs\/vacation-program\/\" target=\"\">\n\t\t\t\t\t\t        <figure class=\"\">\n\t\t\t\t\t\t\t     \t   <img decoding=\"async\" loading=\"lazy\" src=\"https:\/\/i0.wp.com\/fkoafterschool.org\/wp-content\/uploads\/2019\/06\/VACATIONWEEK.jpeg?resize=800%2C800&#038;ssl=1\" alt=\"school vacation\" \/>\n\t\t    \t<\/figure>\n\t\t\t    \t\t\t\t<\/a>\n\t\t\t\t\t\t    \t\n\t\t\t\n\t\t\n\t\t\t<div class=\"main-content\" data-mh='mainer'>\n\n\t\t        \t\t\t\t\n\t\t\t\t\t\t\n\t\t\t\t\n\t\t\t\t\t\t\t\t\t\t\t\t\t        \t\t\t        \t\t\t\t\t\t\t<a href=\"https:\/\/fkoafterschool.org\/es\/programs\/vacation-program\/\" target=\"\">\n\t\t\t\t\t\t\t\t\t        \t<h3 >Vacaciones escolares<\/h3>\n\n\t\t\t\t\t\t\n\t\t\t\t\t\t\t\t\t\t\t\t<\/a>\n\t\t\t\t\t\t\t\t\t        \t\t\t\t\t\t\t\t\t\t\t\t\t\t\t<p>Con programaci\u00f3n de 7 a. m. a 5:30 p. m., los ni\u00f1os se recargan en sus d\u00edas libres de la escuela mientras aprenden y crecen al mismo tiempo.<\/p>\n\n\t\t\t\t\t\t\n\t\t\t\t\t\t\t\t\t\t\t\t\t\t\t\t\t\t\t\t\t\t\t\t\t\t\t\t\t\t\t\t\t\t\t\t\t\t\t\t\t\t<a class=\"caps\" href=\"https:\/\/fkoafterschool.org\/es\/programs\/vacation-program\/\" target=\"\">Leer m\u00e1s<\/a>\n\t\t\t\t\n\t\t\t\t\n\t\t\t<\/div>\n\t\t\t\n\t\t\n\t\t\t\n\t\t\n\t\t\n\t\t\n\t<\/article>\n<\/div>\t\t\t\n\n\t\t\n\t    \n\n\t\n\t<\/div>\t  \n\n\t\n\t\n\n\t\t\n\t\n\t<div class=\"aligncenter\">\n\t\t<h2>Especialidades de la comunidad<\/h2>\n\t\t\t\t\t<p class=\"grey caps after-title\">Ofrecido en algunas de nuestras comunidades<\/p>\n\t\t\t<\/div>\t\n\n\t<div class=\"flex-grid grid\">\n\n\t\t\n\n\t\t\t\t\n\t\t\n\n\n\t\t\n\n\n\n\t\t\t\t\t\n\n\n\t\n\n\t\t\t\n\n\t\t\t<div class=\"cell grid__cell\" data-id=\"440\" data-action=\"isogrid-sort\" data-category=\"community-specialties\">\n\n\t<article class=\"item\" data-mh=\"item\">\n\n\t\t\n\t\t\t\t\n\t\t\t    \t\t\t\t<a href=\"https:\/\/fkoafterschool.org\/es\/programs\/before-the-bell\/\" target=\"\">\n\t\t\t\t\t\t        <figure class=\"\">\n\t\t\t\t\t\t\t     \t   <img decoding=\"async\" loading=\"lazy\" src=\"https:\/\/i0.wp.com\/fkoafterschool.org\/wp-content\/uploads\/2019\/06\/BV2A1427-1.jpg?resize=800%2C800&#038;ssl=1\" alt=\"before the bell program\" \/>\n\t\t    \t<\/figure>\n\t\t\t    \t\t\t\t<\/a>\n\t\t\t\t\t\t    \t\n\t\t\t\n\t\t\n\t\t\t<div class=\"main-content\" data-mh='mainer'>\n\n\t\t        \t\t\t\t\n\t\t\t\t\t\t\n\t\t\t\t\n\t\t\t\t\t\t\t\t\t\t\t\t\t        \t\t\t        \t\t\t\t\t\t\t<a href=\"https:\/\/fkoafterschool.org\/es\/programs\/before-the-bell\/\" target=\"\">\n\t\t\t\t\t\t\t\t\t        \t<h3 >Antes de la campana<\/h3>\n\n\t\t\t\t\t\t\n\t\t\t\t\t\t\t\t\t\t\t\t<\/a>\n\t\t\t\t\t\t\t\t\t        \t\t\t\t\t\t\t\t\t\t\t\t\t\t\t<p>Tenga la tranquilidad de que su hijo est\u00e1 bien cuidado antes de la escuela. Solo se ofrece en Peabody de 7:15 a.m. a 9 a.m. de lunes a viernes.<\/p>\n\n\t\t\t\t\t\t\n\t\t\t\t\t\t\t\t\t\t\t\t\t\t\t\t\t\t\t\t\t\t\t\t\t\t\t\t\t\t\t\t\t\t\t\t\t\t\t\t\t\t<a class=\"caps\" href=\"https:\/\/fkoafterschool.org\/es\/programs\/before-the-bell\/\" target=\"\">Leer m\u00e1s<\/a>\n\t\t\t\t\n\t\t\t\t\n\t\t\t<\/div>\n\t\t\t\n\t\t\n\t\t\t\n\t\t\n\t\t\n\t\t\n\t<\/article>\n<\/div>\t\t\t\n\n\t\t\n\t    \t\t\n\t\t\n\n\n\t\t\n\n\n\n\t\t\t\t\t\n\n\n\t\n\n\t\t\t\n\n\t\t\t<div class=\"cell grid__cell\" data-id=\"437\" data-action=\"isogrid-sort\" data-category=\"community-specialties\">\n\n\t<article class=\"item\" data-mh=\"item\">\n\n\t\t\n\t\t\t\t\n\t\t\t    \t\t\t\t<a href=\"https:\/\/fkoafterschool.org\/es\/programs\/youth-in-motion\/\" target=\"\">\n\t\t\t\t\t\t        <figure class=\"\">\n\t\t\t\t\t\t\t     \t   <img decoding=\"async\" loading=\"lazy\" src=\"https:\/\/i0.wp.com\/fkoafterschool.org\/wp-content\/uploads\/2019\/06\/image12-2.jpg?resize=784%2C784&#038;ssl=1\" alt=\"Youth in Motion Revere MA\" \/>\n\t\t    \t<\/figure>\n\t\t\t    \t\t\t\t<\/a>\n\t\t\t\t\t\t    \t\n\t\t\t\n\t\t\n\t\t\t<div class=\"main-content\" data-mh='mainer'>\n\n\t\t        \t\t\t\t\n\t\t\t\t\t\t\n\t\t\t\t\n\t\t\t\t\t\t\t\t\t\t\t\t\t        \t\t\t        \t\t\t\t\t\t\t<a href=\"https:\/\/fkoafterschool.org\/es\/programs\/youth-in-motion\/\" target=\"\">\n\t\t\t\t\t\t\t\t\t        \t<h3 >Juventud en Movimiento<\/h3>\n\n\t\t\t\t\t\t\n\t\t\t\t\t\t\t\t\t\t\t\t<\/a>\n\t\t\t\t\t\t\t\t\t        \t\t\t\t\t\t\t\t\t\t\t\t\t\t\t<p>Youth in Motion es un espacio de 743 metros cuadrados en Revere donde los ni\u00f1os disfrutan del juego activo y el aprendizaje personalizado con el objetivo de crear h\u00e1bitos de vida saludables.<\/p>\n\n\t\t\t\t\t\t\n\t\t\t\t\t\t\t\t\t\t\t\t\t\t\t\t\t\t\t\t\t\t\t\t\t\t\t\t\t\t\t\t\t\t\t\t\t\t\t\t\t\t<a class=\"caps\" href=\"https:\/\/fkoafterschool.org\/es\/programs\/youth-in-motion\/\" target=\"\">Leer m\u00e1s<\/a>\n\t\t\t\t\n\t\t\t\t\n\t\t\t<\/div>\n\t\t\t\n\t\t\n\t\t\t\n\t\t\n\t\t\n\t\t\n\t<\/article>\n<\/div>\t\t\t\n\n\t\t\n\t    \n\n\t\n\t<\/div>\t  \n\n\t\n\t\n\n    \t\t\t<\/div>\n    \t\t\t\n    \t\t<\/div>\n    \t<\/div>\t\t\t\n\n\t\t\t\n<\/div>\n\n\n\n<div class=\"blue-bg de-inner\"><\/div>\n\n\n<p><\/p>","protected":false},"excerpt":{"rendered":"<p>Brindamos servicios a comunidades locales durante todo el a\u00f1o con programas extraescolares autorizados por el Departamento de Educaci\u00f3n Temprana y Cuidado de Massachusetts (EEC).<\/p>","protected":false},"author":1,"featured_media":0,"parent":0,"menu_order":33,"comment_status":"closed","ping_status":"closed","template":"","meta":{"_acf_changed":false,"nf_dc_page":"","footnotes":""},"class_list":["post-11","page","type-page","status-publish","hentry"],"acf":[],"yoast_head":"<!-- This site is optimized with the Yoast SEO plugin v27.4 - https:\/\/yoast.com\/product\/yoast-seo-wordpress\/ -->\n<title>Our Programs - For Kids Only Afterschool<\/title>\n<meta name=\"description\" content=\"We serve local communities all year round with out-of-school time programs licensed by the Department of Early Education and Care (EEC).\" \/>\n<meta name=\"robots\" content=\"index, follow, max-snippet:-1, max-image-preview:large, max-video-preview:-1\" \/>\n<link rel=\"canonical\" href=\"https:\/\/fkoafterschool.org\/es\/our-programs\/\" \/>\n<meta property=\"og:locale\" content=\"es_MX\" \/>\n<meta property=\"og:type\" content=\"article\" \/>\n<meta property=\"og:title\" content=\"Our Programs - For Kids Only Afterschool\" \/>\n<meta property=\"og:description\" content=\"We serve local communities all year round with out-of-school time programs licensed by the Department of Early Education and Care (EEC).\" \/>\n<meta property=\"og:url\" content=\"https:\/\/fkoafterschool.org\/es\/our-programs\/\" \/>\n<meta property=\"og:site_name\" content=\"For Kids Only Afterschool\" \/>\n<meta property=\"article:modified_time\" content=\"2020-09-03T00:29:40+00:00\" \/>\n<meta name=\"twitter:card\" content=\"summary_large_image\" \/>\n<script type=\"application\/ld+json\" class=\"yoast-schema-graph\">{\"@context\":\"https:\\\/\\\/schema.org\",\"@graph\":[{\"@type\":\"WebPage\",\"@id\":\"https:\\\/\\\/fkoafterschool.org\\\/our-programs\\\/\",\"url\":\"https:\\\/\\\/fkoafterschool.org\\\/our-programs\\\/\",\"name\":\"Our Programs - For Kids Only Afterschool\",\"isPartOf\":{\"@id\":\"https:\\\/\\\/fkoafterschool.org\\\/#website\"},\"datePublished\":\"2019-04-24T18:31:17+00:00\",\"dateModified\":\"2020-09-03T00:29:40+00:00\",\"description\":\"We serve local communities all year round with out-of-school time programs licensed by the Department of Early Education and Care (EEC).\",\"breadcrumb\":{\"@id\":\"https:\\\/\\\/fkoafterschool.org\\\/our-programs\\\/#breadcrumb\"},\"inLanguage\":\"es\",\"potentialAction\":[{\"@type\":\"ReadAction\",\"target\":[\"https:\\\/\\\/fkoafterschool.org\\\/our-programs\\\/\"]}]},{\"@type\":\"BreadcrumbList\",\"@id\":\"https:\\\/\\\/fkoafterschool.org\\\/our-programs\\\/#breadcrumb\",\"itemListElement\":[{\"@type\":\"ListItem\",\"position\":1,\"name\":\"Home\",\"item\":\"https:\\\/\\\/fkoafterschool.org\\\/\"},{\"@type\":\"ListItem\",\"position\":2,\"name\":\"Our Programs\"}]},{\"@type\":\"WebSite\",\"@id\":\"https:\\\/\\\/fkoafterschool.org\\\/#website\",\"url\":\"https:\\\/\\\/fkoafterschool.org\\\/\",\"name\":\"For Kids Only Afterschool\",\"description\":\"Just another WordPress site\",\"potentialAction\":[{\"@type\":\"SearchAction\",\"target\":{\"@type\":\"EntryPoint\",\"urlTemplate\":\"https:\\\/\\\/fkoafterschool.org\\\/?s={search_term_string}\"},\"query-input\":{\"@type\":\"PropertyValueSpecification\",\"valueRequired\":true,\"valueName\":\"search_term_string\"}}],\"inLanguage\":\"es\"}]}<\/script>\n<!-- \/ Yoast SEO plugin. -->","yoast_head_json":{"title":"Our Programs - For Kids Only Afterschool","description":"We serve local communities all year round with out-of-school time programs licensed by the Department of Early Education and Care (EEC).","robots":{"index":"index","follow":"follow","max-snippet":"max-snippet:-1","max-image-preview":"max-image-preview:large","max-video-preview":"max-video-preview:-1"},"canonical":"https:\/\/fkoafterschool.org\/es\/our-programs\/","og_locale":"es_MX","og_type":"article","og_title":"Our Programs - For Kids Only Afterschool","og_description":"We serve local communities all year round with out-of-school time programs licensed by the Department of Early Education and Care (EEC).","og_url":"https:\/\/fkoafterschool.org\/es\/our-programs\/","og_site_name":"For Kids Only Afterschool","article_modified_time":"2020-09-03T00:29:40+00:00","twitter_card":"summary_large_image","schema":{"@context":"https:\/\/schema.org","@graph":[{"@type":"WebPage","@id":"https:\/\/fkoafterschool.org\/our-programs\/","url":"https:\/\/fkoafterschool.org\/our-programs\/","name":"Our Programs - For Kids Only Afterschool","isPartOf":{"@id":"https:\/\/fkoafterschool.org\/#website"},"datePublished":"2019-04-24T18:31:17+00:00","dateModified":"2020-09-03T00:29:40+00:00","description":"We serve local communities all year round with out-of-school time programs licensed by the Department of Early Education and Care (EEC).","breadcrumb":{"@id":"https:\/\/fkoafterschool.org\/our-programs\/#breadcrumb"},"inLanguage":"es","potentialAction":[{"@type":"ReadAction","target":["https:\/\/fkoafterschool.org\/our-programs\/"]}]},{"@type":"BreadcrumbList","@id":"https:\/\/fkoafterschool.org\/our-programs\/#breadcrumb","itemListElement":[{"@type":"ListItem","position":1,"name":"Home","item":"https:\/\/fkoafterschool.org\/"},{"@type":"ListItem","position":2,"name":"Our Programs"}]},{"@type":"WebSite","@id":"https:\/\/fkoafterschool.org\/#website","url":"https:\/\/fkoafterschool.org\/","name":"Solo para Ni\u00f1os Despu\u00e9s de la Escuela","description":"Just another WordPress site","potentialAction":[{"@type":"SearchAction","target":{"@type":"EntryPoint","urlTemplate":"https:\/\/fkoafterschool.org\/?s={search_term_string}"},"query-input":{"@type":"PropertyValueSpecification","valueRequired":true,"valueName":"search_term_string"}}],"inLanguage":"es"}]}},"jetpack_sharing_enabled":true,"_links":{"self":[{"href":"https:\/\/fkoafterschool.org\/es\/wp-json\/wp\/v2\/pages\/11","targetHints":{"allow":["GET"]}}],"collection":[{"href":"https:\/\/fkoafterschool.org\/es\/wp-json\/wp\/v2\/pages"}],"about":[{"href":"https:\/\/fkoafterschool.org\/es\/wp-json\/wp\/v2\/types\/page"}],"author":[{"embeddable":true,"href":"https:\/\/fkoafterschool.org\/es\/wp-json\/wp\/v2\/users\/1"}],"replies":[{"embeddable":true,"href":"https:\/\/fkoafterschool.org\/es\/wp-json\/wp\/v2\/comments?post=11"}],"version-history":[{"count":29,"href":"https:\/\/fkoafterschool.org\/es\/wp-json\/wp\/v2\/pages\/11\/revisions"}],"predecessor-version":[{"id":5177,"href":"https:\/\/fkoafterschool.org\/es\/wp-json\/wp\/v2\/pages\/11\/revisions\/5177"}],"wp:attachment":[{"href":"https:\/\/fkoafterschool.org\/es\/wp-json\/wp\/v2\/media?parent=11"}],"curies":[{"name":"wp","href":"https:\/\/api.w.org\/{rel}","templated":true}]}}